{"id":11097,"date":"2023-02-14T18:09:14","date_gmt":"2023-02-14T16:09:14","guid":{"rendered":"https:\/\/www.mobeye.com\/?page_id=11097"},"modified":"2023-02-14T18:10:33","modified_gmt":"2023-02-14T16:10:33","slug":"tech-terminologie","status":"publish","type":"page","link":"https:\/\/www.mobeye.com\/de\/tech-terminologie","title":{"rendered":"Tech-Terminologie"},"content":{"rendered":"\n<section class=\"wp-block-uagb-columns uagb-columns__wrap uagb-columns__background-image uagb-columns__stack-mobile uagb-columns__valign-undefined uagb-columns__gap-10 alignundefined uagb-block-2bbcc01c\"><div class=\"uagb-columns__overlay\"><\/div><div class=\"uagb-columns__inner-wrap uagb-columns__columns-2\">\n<div class=\"wp-block-uagb-column uagb-column__wrap uagb-column__background-undefined uagb-block-5081028e\"><div class=\"uagb-column__overlay\"><\/div><div class=\"uagb-column__inner-wrap\">\n<div class=\"wp-block-uagb-advanced-heading uagb-block-8554e414 text-shadow\"><h2 class=\"uagb-heading-text\"><\/h2><p class=\"uagb-desc-text\"><\/p><\/div>\n<\/div><\/div>\n\n\n\n<div class=\"wp-block-uagb-column uagb-column__wrap uagb-column__background-undefined uagb-block-2eabe081\"><div class=\"uagb-column__overlay\"><\/div><div class=\"uagb-column__inner-wrap\"><\/div><\/div>\n<\/div><div class=\"uagb-columns__shape uagb-columns__shape-bottom\" data-negative=\"false\"><svg xmlns=\"http:\/\/www.w3.org\/2000\/svg\" viewBox=\"0 0 1000 100\" preserveAspectRatio=\"none\"><path class=\"uagb-columns__shape-fill\" d=\"M1000,4.3V0H0v4.3C0.9,23.1,126.7,99.2,500,100S1000,22.7,1000,4.3z\"><\/path><\/svg><\/div><\/section>\n\n\n<div class=\"wp-bootstrap-blocks-row row\">\n\t\n\n<div class=\"col-12\">\n\t\t\t\t<\/div>\n\n<\/div>\n\n\n\n<section class=\"wp-block-uagb-columns uagb-columns__wrap uagb-columns__background-undefined uagb-columns__stack-mobile uagb-columns__valign-undefined uagb-columns__gap-10 alignundefined uagb-block-c1446cb1\"><div class=\"uagb-columns__overlay\"><\/div><div class=\"uagb-columns__inner-wrap uagb-columns__columns-1\">\n<div class=\"wp-block-uagb-column uagb-column__wrap uagb-column__background-undefined uagb-block-70784c3d\"><div class=\"uagb-column__overlay\"><\/div><div class=\"uagb-column__inner-wrap\">\n<h2 class=\"wp-block-heading\"><strong>Mobeye Tech-Terminologie<\/strong><\/h2>\n\n\n\n<p><\/p>\n\n\n\n<p style=\"font-size:15px\">Unser Ziel ist es, Technologie als Hilfe in Situationen bereitzustellen, in denen eine \u00dcberwachung erforderlich ist. Dar\u00fcber hinaus hoffen wir, dass unsere Produkte gerne verwendet werden und der Benutzer das Produkt erwirbt. Deshalb halten wir unsere Produkte auch bedienerfreundlich und die Dokumentation immer zug\u00e4nglich. Dennoch k\u00f6nnen wir nicht ganz verhindern, dass wir Begriffe auf der Website, in den Datenbl\u00e4ttern und in den Handb\u00fcchern verwenden, die m\u00f6glicherweise nicht f\u00fcr alle sofort klar sind. Zum Lernen und zur Unterhaltung erkl\u00e4ren wir eine Reihe von &#8222;Fachbegriffen&#8220; im Zusammenhang mit Mobeye Produkten.<\/p>\n<\/div><\/div>\n<\/div><\/section>\n\n\n\n<section class=\"wp-block-uagb-columns uagb-columns__wrap uagb-columns__background-undefined uagb-columns__stack-mobile uagb-columns__valign-undefined uagb-columns__gap-10 alignundefined uagb-block-d68e1ec8\"><div class=\"uagb-columns__overlay\"><\/div><div class=\"uagb-columns__inner-wrap uagb-columns__columns-1\">\n<div class=\"wp-block-uagb-column uagb-column__wrap uagb-column__background-undefined uagb-block-05f54c87\"><div class=\"uagb-column__overlay\"><\/div><div class=\"uagb-column__inner-wrap\">\n<section class=\"wp-block-uagb-columns uagb-columns__wrap uagb-columns__background-none uagb-columns__stack-mobile uagb-columns__valign-undefined uagb-columns__gap-10 alignundefined uagb-block-f81c5d4f mkb-intro-2\"><div class=\"uagb-columns__overlay\"><\/div><div class=\"uagb-columns__inner-wrap uagb-columns__columns-1\">\n<div class=\"wp-block-uagb-column uagb-column__wrap uagb-column__background-color uagb-block-827cee5c\"><div class=\"uagb-column__overlay\"><\/div><div class=\"uagb-column__inner-wrap\">\n<figure class=\"wp-block-image size-full is-resized\"><img loading=\"lazy\" decoding=\"async\" src=\"https:\/\/www.mobeye.com\/files\/alarm-product.png\" alt=\"\" class=\"wp-image-2675\" width=\"65\" height=\"65\" srcset=\"https:\/\/www.mobeye.com\/files\/alarm-product.png 294w, https:\/\/www.mobeye.com\/files\/alarm-product-150x150.png 150w\" sizes=\"(max-width: 65px) 100vw, 65px\" \/><\/figure>\n\n\n\n<div class=\"wp-block-uagb-advanced-heading uagb-block-f769cc12\"><h3 class=\"uagb-heading-text\">GSM \/ 2G \/ UMTS \/ 3G \/ 4G \/ NBIOT \/ LTE-M \/ CAT-1 \/ CAT-12 \/ 5G<\/h3><p class=\"uagb-desc-text\"><\/p><\/div>\n<\/div><\/div>\n<\/div><\/section>\n\n\n\n<section class=\"wp-block-uagb-columns uagb-columns__wrap uagb-columns__background-undefined uagb-columns__stack-mobile uagb-columns__valign-undefined uagb-columns__gap-10 alignundefined uagb-block-9df23da2\"><div class=\"uagb-columns__overlay\"><\/div><div class=\"uagb-columns__inner-wrap uagb-columns__columns-1\">\n<div class=\"wp-block-uagb-column uagb-column__wrap uagb-column__background-undefined uagb-block-fd06f9ed\"><div class=\"uagb-column__overlay\"><\/div><div class=\"uagb-column__inner-wrap\">\n<p>Es gibt verschiedene Techniken f\u00fcr die mobile Kommunikation. Bei den ersten Mobiltelefonen war die Landschaft noch klar; es gab GSM, auch bekannt als 2G. Dieses Netzwerk wird noch heute genutzt. Dann kam UMTS hinzu, auch bekannt als 3G. Diese Technik hat kein langes Leben gehabt. Dann kam 4G mit verschiedenen Bandbreiten. L\u00e4nder und Anbieter w\u00e4hlen ihren eigenen Zeitplan f\u00fcr die Einf\u00fchrung der verschiedenen \u201eSchichten\u201c in 4G. In mehreren L\u00e4ndern ist auch die Einf\u00fchrung von 5G in vollem Gange.<br>Mobeye stellt mit dem richtigen Kommunikationsmodul sicher, dass seine Produkte immer f\u00fcr das Einsatzland geeignet sind. Die neuste Serie beinhaltet ein 4G LTE-M Kommunikationsmodul mit Fallback auf 2G. LTE-M steht f\u00fcr Long Term Evolution Mobile. Es wurde f\u00fcr Machine-to-Machine-Anwendungen entwickelt, bei denen die Datennutzung relativ gering ist. Die Abdeckung von LTE M ist viel besser als 2G und 4G &#8222;Streaming-B\u00e4nder&#8220;, es hat eine viel tiefere Durchdringungsrate in Geb\u00e4uden. Au\u00dferdem kann es deutlich energieeffizienter eingesetzt werden. Wenn LTE-M nicht verf\u00fcgbar ist, verbinden sich Mobeye Ger\u00e4te mit 2G; dadurch sind sie in ganz Europa und den meisten L\u00e4ndern weltweit einsetzbar.<\/p>\n\n\n\n<p><br>Mehrere L\u00e4nder k\u00fcndigten den Ausstieg aus 2G an; In der Praxis sehen wir, dass es noch l\u00e4nger bleibt, um die Maschinenkommunikation zu unterst\u00fctzen. Wenn der Punkt in Ihrem Land jedoch erreicht ist und ein 2G Mobeye Ger\u00e4t nicht mehr funktioniert, empfehlen wir Ihnen, sich f\u00fcr eine L\u00f6sung an uns zu wenden.<\/p>\n<\/div><\/div>\n<\/div><\/section>\n\n\n\n<section class=\"wp-block-uagb-columns uagb-columns__wrap uagb-columns__background-none uagb-columns__stack-mobile uagb-columns__valign-undefined uagb-columns__gap-10 alignundefined uagb-block-d4f298c0 mkb-intro-2\"><div class=\"uagb-columns__overlay\"><\/div><div class=\"uagb-columns__inner-wrap uagb-columns__columns-1\">\n<div class=\"wp-block-uagb-column uagb-column__wrap uagb-column__background-color uagb-block-85755ba2\"><div class=\"uagb-column__overlay\"><\/div><div class=\"uagb-column__inner-wrap\">\n<figure class=\"wp-block-image size-full is-resized\"><img loading=\"lazy\" decoding=\"async\" src=\"https:\/\/www.mobeye.com\/files\/Beams.png\" alt=\"\" class=\"wp-image-10971\" width=\"45\" height=\"45\"\/><\/figure>\n\n\n\n<div class=\"wp-block-uagb-advanced-heading uagb-block-0de312b4\"><h3 class=\"uagb-heading-text\">Passives Infrarot (PIR)<\/h3><p class=\"uagb-desc-text\"><\/p><\/div>\n<\/div><\/div>\n<\/div><\/section>\n\n\n\n<section class=\"wp-block-uagb-columns uagb-columns__wrap uagb-columns__background-undefined uagb-columns__stack-mobile uagb-columns__valign-undefined uagb-columns__gap-10 alignundefined uagb-block-f359e072\"><div class=\"uagb-columns__overlay\"><\/div><div class=\"uagb-columns__inner-wrap uagb-columns__columns-1\">\n<div class=\"wp-block-uagb-column uagb-column__wrap uagb-column__background-undefined uagb-block-836ae71f\"><div class=\"uagb-column__overlay\"><\/div><div class=\"uagb-column__inner-wrap\">\n<p>Ein PIR, wie er im Mobeye i110, Argos oder Au\u00dfenmelder verwendet wird, erkennt eine sich bewegende W\u00e4rmequelle. Die (Fresnellinse) besteht aus verschiedenen Teilen. Sobald sich das W\u00e4rmebild (Infrarotstrahlung) \u00e4ndert, reagiert der Detektor. Es werden Menschen, gro\u00dfe Tiere (keine Insekten und Spinnen), aber auch Zugluft und direktes Sonnenlicht auf die Linse festgestellt. Vermeiden Sie Zugluft und direktes Sonnenlicht. Sollte ein unn\u00f6tiger Alarm aufgetreten sein, \u00e4ndern Sie die Position des Alarmsystems oder stellen Sie die Sensorempfindlichkeit auf &#8222;niedrig&#8220;.<\/p>\n<\/div><\/div>\n<\/div><\/section>\n\n\n\n<section class=\"wp-block-uagb-columns uagb-columns__wrap uagb-columns__background-color uagb-columns__stack-mobile uagb-columns__valign-undefined uagb-columns__gap-10 alignundefined uagb-block-fa983f94 mkb-intro-2\"><div class=\"uagb-columns__overlay\"><\/div><div class=\"uagb-columns__inner-wrap uagb-columns__columns-1\">\n<div class=\"wp-block-uagb-column uagb-column__wrap uagb-column__background-color uagb-block-1bff2412\"><div class=\"uagb-column__overlay\"><\/div><div class=\"uagb-column__inner-wrap\">\n<figure class=\"wp-block-image size-full is-resized\"><img loading=\"lazy\" decoding=\"async\" src=\"https:\/\/www.mobeye.com\/files\/alarm-product.png\" alt=\"\" class=\"wp-image-2675\" width=\"65\" height=\"65\" srcset=\"https:\/\/www.mobeye.com\/files\/alarm-product.png 294w, https:\/\/www.mobeye.com\/files\/alarm-product-150x150.png 150w\" sizes=\"(max-width: 65px) 100vw, 65px\" \/><\/figure>\n\n\n\n<div class=\"wp-block-uagb-advanced-heading uagb-block-a8d5d2f9\"><h3 class=\"uagb-heading-text\">Was ist Jammen?<\/h3><p class=\"uagb-desc-text\"><\/p><\/div>\n<\/div><\/div>\n<\/div><\/section>\n\n\n\n<section class=\"wp-block-uagb-columns uagb-columns__wrap uagb-columns__background-undefined uagb-columns__stack-mobile uagb-columns__valign-undefined uagb-columns__gap-10 alignundefined uagb-block-7e396bf3\"><div class=\"uagb-columns__overlay\"><\/div><div class=\"uagb-columns__inner-wrap uagb-columns__columns-1\">\n<div class=\"wp-block-uagb-column uagb-column__wrap uagb-column__background-undefined uagb-block-4582691d\"><div class=\"uagb-column__overlay\"><\/div><div class=\"uagb-column__inner-wrap\">\n<p>Jamming ist die Unterdr\u00fcckung von Funksignalen durch Senden eines St\u00f6rsignals auf derselben Wellenl\u00e4nge. GSM-St\u00f6rsender werden nur von einer kleinen Gruppe sehr professioneller Einbrecher verwendet. Sie verursachen jedoch St\u00f6rungen beim Senden von Benachrichtigungen, wenn sie in der N\u00e4he des Ger\u00e4ts benutzt werden. Mobeye Produkte bemerken das. Wenn ein Einbrecher versucht, ein Alarmsystem zu st\u00f6ren, signalisiert das Mobeye Alarmsystem dies. Sobald die Lage wieder gekl\u00e4rt ist, meldet das Alarmsystem den Alarm so schnell wie m\u00f6glich mit der Meldung, dass er sich verz\u00f6gert hat.<\/p>\n<\/div><\/div>\n<\/div><\/section>\n\n\n\n<section class=\"wp-block-uagb-columns uagb-columns__wrap uagb-columns__background-color uagb-columns__stack-mobile uagb-columns__valign-undefined uagb-columns__gap-10 alignundefined uagb-block-c64c161c mkb-intro-2\"><div class=\"uagb-columns__overlay\"><\/div><div class=\"uagb-columns__inner-wrap uagb-columns__columns-1\">\n<div class=\"wp-block-uagb-column uagb-column__wrap uagb-column__background-color uagb-block-a02980c2\"><div class=\"uagb-column__overlay\"><\/div><div class=\"uagb-column__inner-wrap\">\n<figure class=\"wp-block-image size-full is-resized\"><img loading=\"lazy\" decoding=\"async\" src=\"https:\/\/www.mobeye.com\/files\/IconCt-analogue.png\" alt=\"\" class=\"wp-image-3419\" width=\"80\" height=\"100\"\/><\/figure>\n\n\n\n<div class=\"wp-block-uagb-advanced-heading uagb-block-79657ac5\"><h3 class=\"uagb-heading-text\">Was ist der Unterschied zwischen NO\/NC und analogen Eing\u00e4ngen?<\/h3><p class=\"uagb-desc-text\"><\/p><\/div>\n<\/div><\/div>\n<\/div><\/section>\n\n\n\n<section class=\"wp-block-uagb-columns uagb-columns__wrap uagb-columns__background-undefined uagb-columns__stack-mobile uagb-columns__valign-undefined uagb-columns__gap-10 alignundefined uagb-block-dd911a85\"><div class=\"uagb-columns__overlay\"><\/div><div class=\"uagb-columns__inner-wrap uagb-columns__columns-1\">\n<div class=\"wp-block-uagb-column uagb-column__wrap uagb-column__background-undefined uagb-block-20367d58\"><div class=\"uagb-column__overlay\"><\/div><div class=\"uagb-column__inner-wrap\">\n<p>Wenn wir \u00fcber die Eing\u00e4nge der Mobeye Ger\u00e4te sprechen, ist die Art des Eingangs wichtig. Dieser bestimmt schlie\u00dflich den Sensortyp bzw. das Ausgangssignal des Sensors, der angeschlossen werden kann. Hier versuchen wir den Unterschied zwischen Eing\u00e4ngen f\u00fcr potentialfreie, digitale und analoge Kontakte in einfachen Worten zu erkl\u00e4ren. Wir konzentrieren uns auf das Ausgangssignal des Sensors, der mit dem Mobeye Eingang verbunden ist.<\/p>\n\n\n\n<p><strong>NO\/NC Alarmeing\u00e4nge<\/strong><br>Ein potentialfreier oder spannungsfreier Kontakt kann an &#8222;normalerweise offene&#8220; und &#8222;normalerweise geschlossene&#8220; Eing\u00e4nge angeschlossen werden. Einfach ausgedr\u00fcckt, der Kontakt schaltet den Eingang \u201eoffen\u201c oder \u201egeschlossen\u201c. F\u00fcr den angeschlossenen Sensor ist es daher wichtig zu wissen, ob er einen spannungsfreien Ausgang hat. Ein Magnetkontakt ist ein reiner spannungsfreier Schalter. Ein abgegriffenes Signal von einer St\u00f6rungslampe \u00fcbertr\u00e4gt eine Spannung. Die Mobeye NO\/NC Eing\u00e4nge k\u00f6nnen eine begrenzte Spannung immer noch als potentialfrei erkennen. Siehe die <a href=\"https:\/\/www.mobeye.com\/de\/faq\/support-cm\">FAQs<\/a>.<\/p>\n\n\n\n<p><strong>Analoge Eing\u00e4nge<\/strong><br>Ein Analogeingang erwartet eine (begrenzte) Eingangsspannung, die die Mobeye Platine liest. Der Spannungswert sagt etwas \u00fcber den zu lesenden Sensor aus. Zum Beispiel gibt die Spannung der Batteriespannung einen direkten Einblick in den Zustand. Bei anderen analogen Sensoren berechnet das Mobeye Ger\u00e4t die Spannung auf andere Werte wie Druck, Luftfeuchtigkeit oder Ammoniakgehalt.<\/p>\n\n\n\n<p><strong>Digitale (uniwire) Eing\u00e4nge<\/strong><br>Ein digitaler (uniwire) Eingang empf\u00e4ngt Signale in Nullen und Einsen. Der Sensor, der diese Signale sendet, hat intern einen Messwert in ein digitales Signal umgewandelt. Bei der \u00dcbertragung des digitalen Signals treten nur wenige St\u00f6rungen auf. Nach dem Empfang wird das Signal wieder in einen logischen Wert umgewandelt. Die digitalen Mobeye Eing\u00e4nge legen auch eine Spannung an den Sensor an, die zum Lesen erforderlich ist.<\/p>\n<\/div><\/div>\n<\/div><\/section>\n\n\n\n<section class=\"wp-block-uagb-columns uagb-columns__wrap uagb-columns__background-color uagb-columns__stack-mobile uagb-columns__valign-undefined uagb-columns__gap-10 alignundefined uagb-block-8d0c0885 mkb-intro-2\"><div class=\"uagb-columns__overlay\"><\/div><div class=\"uagb-columns__inner-wrap uagb-columns__columns-1\">\n<div class=\"wp-block-uagb-column uagb-column__wrap uagb-column__background-color uagb-block-ebf9b80d\"><div class=\"uagb-column__overlay\"><\/div><div class=\"uagb-column__inner-wrap\">\n<figure class=\"wp-block-image size-full is-resized\"><img loading=\"lazy\" decoding=\"async\" src=\"https:\/\/www.mobeye.com\/files\/IconCt-analogue.png\" alt=\"\" class=\"wp-image-3419\" width=\"80\" height=\"100\"\/><\/figure>\n\n\n\n<div class=\"wp-block-uagb-advanced-heading uagb-block-725164f9\"><h3 class=\"uagb-heading-text\">Der Unterschied des Ausgangs zwischen einem Open Collector und Relais<\/h3><p class=\"uagb-desc-text\"><\/p><\/div>\n<\/div><\/div>\n<\/div><\/section>\n\n\n\n<section class=\"wp-block-uagb-columns uagb-columns__wrap uagb-columns__background-undefined uagb-columns__stack-mobile uagb-columns__valign-undefined uagb-columns__gap-10 alignundefined uagb-block-289dc3a0\"><div class=\"uagb-columns__overlay\"><\/div><div class=\"uagb-columns__inner-wrap uagb-columns__columns-1\">\n<div class=\"wp-block-uagb-column uagb-column__wrap uagb-column__background-undefined uagb-block-c92d8f6f\"><div class=\"uagb-column__overlay\"><\/div><div class=\"uagb-column__inner-wrap\">\n<p>Einige der Mobeye Ger\u00e4te haben einen Ausgang, mit dem etwas gesteuert werden kann. Der Ausgang wird auch als Aktuator bezeichnet. Einige Ger\u00e4te haben einen Open Collector Ausgang, andere ein Relais.<\/p>\n\n\n\n<p><strong>Relaisausgang<\/strong><br>Ein Relais ist eine Art Schalter. Es ist auf der Leiterplatte montiert, bildet jedoch eine eigene (galvanisch getrennte) Schaltung. Intern hat es eine Spule, einen Elektromagneten und einen Stromkreis. Die Schaltung hat zwei Zust\u00e4nde, &#8222;offen&#8220; und &#8222;geschlossen&#8220;. Das Mobeye Ger\u00e4t kann eine Spannung an das Relais anlegen, beispielsweise nach einem Alarm oder einem eingehenden Kommando. Die Spule erzeugt dann ein Magnetfeld, das bewirkt, dass die Schaltung ihren Zustand \u00e4ndert. Ein an das Relais angeschlossenes externes Ger\u00e4t verwendet diesen Status \u201eoffen\u201c oder \u201egeschlossen\u201c. Dadurch kann es aktiviert oder deaktiviert werden. Vom Relais kommt keine Spannung (&#8222;Potentialfreier Stromkreis&#8220;).<\/p>\n\n\n\n<p><strong>Open Collector Ausgang<\/strong><br>Ein Open Collector Ausgang ist eine Art Schalter. Er ist auf der Platine montiert und liefert eine Ausgangsspannung. Durch Variation eines Widerstandswertes kann der Status dieses Ausgangs beeinflusst werden. Der Status ist entweder &#8222;geerdet&#8220; oder &#8222;schwebend&#8220; (offene Kette, getrennt). Bei einem hohen Widerstand flie\u00dft kein Strom durch den Stromkreis. Die Mobeye Software kann den Widerstand beispielsweise nach einem Alarm oder einem eingehenden Kommando auf Null senken. Dadurch wird der Ausgang ge\u00f6ffnet. Am Ausgang liegt immer eine Ausgangsspannung an, die der externen Stromversorgung des Mobeye Ger\u00e4ts (12 V) entspricht. Ein externes Ger\u00e4t, das an den Open Collector Ausgang angeschlossen ist, kann diese 12 V Spannung als Eingangsspannung (max. 200 mA) verwenden. F\u00fcr ein Ger\u00e4t mit h\u00f6herer Spannung ben\u00f6tigt man ein externes Relais. Der Open Collector Ausgang wird dann zur Steuerung des Relais verwendet. Der Ausgang funktioniert nicht mit einem batteriebetriebenen 6 V Mobeye Ger\u00e4t.<\/p>\n<\/div><\/div>\n<\/div><\/section>\n<\/div><\/div>\n<\/div><\/section>\n","protected":false},"excerpt":{"rendered":"","protected":false},"author":6,"featured_media":0,"parent":0,"menu_order":0,"comment_status":"closed","ping_status":"closed","template":"template-full-width.php","meta":{"footnotes":""},"class_list":["post-11097","page","type-page","status-publish","hentry"],"yoast_head":"<!-- This site is optimized with the Yoast SEO plugin v25.6 - https:\/\/yoast.com\/wordpress\/plugins\/seo\/ -->\n<title>Tech-Terminologie - Mobeye<\/title>\n<meta name=\"robots\" content=\"index, follow, max-snippet:-1, max-image-preview:large, max-video-preview:-1\" \/>\n<link rel=\"canonical\" href=\"https:\/\/www.mobeye.com\/de\/tech-terminologie\" \/>\n<meta property=\"og:locale\" content=\"de_DE\" \/>\n<meta property=\"og:type\" content=\"article\" \/>\n<meta property=\"og:title\" content=\"Tech-Terminologie - Mobeye\" \/>\n<meta property=\"og:url\" content=\"https:\/\/www.mobeye.com\/de\/tech-terminologie\" \/>\n<meta property=\"og:site_name\" content=\"Mobeye\" \/>\n<meta property=\"article:modified_time\" content=\"2023-02-14T16:10:33+00:00\" \/>\n<meta property=\"og:image\" content=\"https:\/\/www.mobeye.com\/files\/alarm-product.png\" \/>\n<meta name=\"twitter:card\" content=\"summary_large_image\" \/>\n<meta name=\"twitter:site\" content=\"@mobeye\" \/>\n<meta name=\"twitter:label1\" content=\"Gesch\u00e4tzte Lesezeit\" \/>\n\t<meta name=\"twitter:data1\" content=\"7\u00a0Minuten\" \/>\n<script type=\"application\/ld+json\" class=\"yoast-schema-graph\">{\"@context\":\"https:\/\/schema.org\",\"@graph\":[{\"@type\":\"WebPage\",\"@id\":\"https:\/\/www.mobeye.com\/de\/tech-terminologie\",\"url\":\"https:\/\/www.mobeye.com\/de\/tech-terminologie\",\"name\":\"Tech-Terminologie - Mobeye\",\"isPartOf\":{\"@id\":\"https:\/\/www.mobeye.com\/de#website\"},\"primaryImageOfPage\":{\"@id\":\"https:\/\/www.mobeye.com\/de\/tech-terminologie#primaryimage\"},\"image\":{\"@id\":\"https:\/\/www.mobeye.com\/de\/tech-terminologie#primaryimage\"},\"thumbnailUrl\":\"https:\/\/www.mobeye.com\/files\/alarm-product.png\",\"datePublished\":\"2023-02-14T16:09:14+00:00\",\"dateModified\":\"2023-02-14T16:10:33+00:00\",\"breadcrumb\":{\"@id\":\"https:\/\/www.mobeye.com\/de\/tech-terminologie#breadcrumb\"},\"inLanguage\":\"de\",\"potentialAction\":[{\"@type\":\"ReadAction\",\"target\":[\"https:\/\/www.mobeye.com\/de\/tech-terminologie\"]}]},{\"@type\":\"ImageObject\",\"inLanguage\":\"de\",\"@id\":\"https:\/\/www.mobeye.com\/de\/tech-terminologie#primaryimage\",\"url\":\"https:\/\/www.mobeye.com\/files\/alarm-product.png\",\"contentUrl\":\"https:\/\/www.mobeye.com\/files\/alarm-product.png\"},{\"@type\":\"BreadcrumbList\",\"@id\":\"https:\/\/www.mobeye.com\/de\/tech-terminologie#breadcrumb\",\"itemListElement\":[{\"@type\":\"ListItem\",\"position\":1,\"name\":\"Home\",\"item\":\"https:\/\/www.mobeye.com\/de\"},{\"@type\":\"ListItem\",\"position\":2,\"name\":\"Tech-Terminologie\"}]},{\"@type\":\"WebSite\",\"@id\":\"https:\/\/www.mobeye.com\/de#website\",\"url\":\"https:\/\/www.mobeye.com\/de\",\"name\":\"Mobeye\",\"description\":\"Mobeye alarm and monitoring products\",\"publisher\":{\"@id\":\"https:\/\/www.mobeye.com\/de#organization\"},\"potentialAction\":[{\"@type\":\"SearchAction\",\"target\":{\"@type\":\"EntryPoint\",\"urlTemplate\":\"https:\/\/www.mobeye.com\/de?s={search_term_string}\"},\"query-input\":{\"@type\":\"PropertyValueSpecification\",\"valueRequired\":true,\"valueName\":\"search_term_string\"}}],\"inLanguage\":\"de\"},{\"@type\":\"Organization\",\"@id\":\"https:\/\/www.mobeye.com\/de#organization\",\"name\":\"Mobeye\",\"url\":\"https:\/\/www.mobeye.com\/de\",\"logo\":{\"@type\":\"ImageObject\",\"inLanguage\":\"de\",\"@id\":\"https:\/\/www.mobeye.com\/de#\/schema\/logo\/image\/\",\"url\":\"https:\/\/www.mobeye.com\/files\/Mobeye-logo-600px.jpg\",\"contentUrl\":\"https:\/\/www.mobeye.com\/files\/Mobeye-logo-600px.jpg\",\"width\":675,\"height\":600,\"caption\":\"Mobeye\"},\"image\":{\"@id\":\"https:\/\/www.mobeye.com\/de#\/schema\/logo\/image\/\"},\"sameAs\":[\"https:\/\/x.com\/mobeye\",\"https:\/\/www.linkedin.com\/company\/mobeye\/\",\"https:\/\/nl.pinterest.com\/mobeye\/\",\"https:\/\/www.youtube.com\/user\/MobeyeBV\/\"]}]}<\/script>\n<!-- \/ Yoast SEO plugin. -->","yoast_head_json":{"title":"Tech-Terminologie - Mobeye","robots":{"index":"index","follow":"follow","max-snippet":"max-snippet:-1","max-image-preview":"max-image-preview:large","max-video-preview":"max-video-preview:-1"},"canonical":"https:\/\/www.mobeye.com\/de\/tech-terminologie","og_locale":"de_DE","og_type":"article","og_title":"Tech-Terminologie - Mobeye","og_url":"https:\/\/www.mobeye.com\/de\/tech-terminologie","og_site_name":"Mobeye","article_modified_time":"2023-02-14T16:10:33+00:00","og_image":[{"url":"https:\/\/www.mobeye.com\/files\/alarm-product.png","type":"","width":"","height":""}],"twitter_card":"summary_large_image","twitter_site":"@mobeye","twitter_misc":{"Gesch\u00e4tzte Lesezeit":"7\u00a0Minuten"},"schema":{"@context":"https:\/\/schema.org","@graph":[{"@type":"WebPage","@id":"https:\/\/www.mobeye.com\/de\/tech-terminologie","url":"https:\/\/www.mobeye.com\/de\/tech-terminologie","name":"Tech-Terminologie - Mobeye","isPartOf":{"@id":"https:\/\/www.mobeye.com\/de#website"},"primaryImageOfPage":{"@id":"https:\/\/www.mobeye.com\/de\/tech-terminologie#primaryimage"},"image":{"@id":"https:\/\/www.mobeye.com\/de\/tech-terminologie#primaryimage"},"thumbnailUrl":"https:\/\/www.mobeye.com\/files\/alarm-product.png","datePublished":"2023-02-14T16:09:14+00:00","dateModified":"2023-02-14T16:10:33+00:00","breadcrumb":{"@id":"https:\/\/www.mobeye.com\/de\/tech-terminologie#breadcrumb"},"inLanguage":"de","potentialAction":[{"@type":"ReadAction","target":["https:\/\/www.mobeye.com\/de\/tech-terminologie"]}]},{"@type":"ImageObject","inLanguage":"de","@id":"https:\/\/www.mobeye.com\/de\/tech-terminologie#primaryimage","url":"https:\/\/www.mobeye.com\/files\/alarm-product.png","contentUrl":"https:\/\/www.mobeye.com\/files\/alarm-product.png"},{"@type":"BreadcrumbList","@id":"https:\/\/www.mobeye.com\/de\/tech-terminologie#breadcrumb","itemListElement":[{"@type":"ListItem","position":1,"name":"Home","item":"https:\/\/www.mobeye.com\/de"},{"@type":"ListItem","position":2,"name":"Tech-Terminologie"}]},{"@type":"WebSite","@id":"https:\/\/www.mobeye.com\/de#website","url":"https:\/\/www.mobeye.com\/de","name":"Mobeye","description":"Mobeye alarm and monitoring products","publisher":{"@id":"https:\/\/www.mobeye.com\/de#organization"},"potentialAction":[{"@type":"SearchAction","target":{"@type":"EntryPoint","urlTemplate":"https:\/\/www.mobeye.com\/de?s={search_term_string}"},"query-input":{"@type":"PropertyValueSpecification","valueRequired":true,"valueName":"search_term_string"}}],"inLanguage":"de"},{"@type":"Organization","@id":"https:\/\/www.mobeye.com\/de#organization","name":"Mobeye","url":"https:\/\/www.mobeye.com\/de","logo":{"@type":"ImageObject","inLanguage":"de","@id":"https:\/\/www.mobeye.com\/de#\/schema\/logo\/image\/","url":"https:\/\/www.mobeye.com\/files\/Mobeye-logo-600px.jpg","contentUrl":"https:\/\/www.mobeye.com\/files\/Mobeye-logo-600px.jpg","width":675,"height":600,"caption":"Mobeye"},"image":{"@id":"https:\/\/www.mobeye.com\/de#\/schema\/logo\/image\/"},"sameAs":["https:\/\/x.com\/mobeye","https:\/\/www.linkedin.com\/company\/mobeye\/","https:\/\/nl.pinterest.com\/mobeye\/","https:\/\/www.youtube.com\/user\/MobeyeBV\/"]}]}},"uagb_featured_image_src":{"full":false,"thumbnail":false,"medium":false,"medium_large":false,"large":false,"1536x1536":false,"2048x2048":false},"uagb_author_info":{"display_name":"Martine","author_link":"https:\/\/www.mobeye.com\/de\/author\/martine"},"uagb_comment_info":0,"uagb_excerpt":null,"_links":{"self":[{"href":"https:\/\/www.mobeye.com\/de\/wp-json\/wp\/v2\/pages\/11097"}],"collection":[{"href":"https:\/\/www.mobeye.com\/de\/wp-json\/wp\/v2\/pages"}],"about":[{"href":"https:\/\/www.mobeye.com\/de\/wp-json\/wp\/v2\/types\/page"}],"author":[{"embeddable":true,"href":"https:\/\/www.mobeye.com\/de\/wp-json\/wp\/v2\/users\/6"}],"replies":[{"embeddable":true,"href":"https:\/\/www.mobeye.com\/de\/wp-json\/wp\/v2\/comments?post=11097"}],"version-history":[{"count":2,"href":"https:\/\/www.mobeye.com\/de\/wp-json\/wp\/v2\/pages\/11097\/revisions"}],"predecessor-version":[{"id":11102,"href":"https:\/\/www.mobeye.com\/de\/wp-json\/wp\/v2\/pages\/11097\/revisions\/11102"}],"wp:attachment":[{"href":"https:\/\/www.mobeye.com\/de\/wp-json\/wp\/v2\/media?parent=11097"}],"curies":[{"name":"wp","href":"https:\/\/api.w.org\/{rel}","templated":true}]}}