{"id":11150,"date":"2023-02-16T16:05:39","date_gmt":"2023-02-16T14:05:39","guid":{"rendered":"https:\/\/www.mobeye.com\/?page_id=11150"},"modified":"2023-02-16T16:10:06","modified_gmt":"2023-02-16T14:10:06","slug":"faqs","status":"publish","type":"page","link":"https:\/\/www.mobeye.com\/de\/faqs","title":{"rendered":"FAQs"},"content":{"rendered":"\n<section class=\"wp-block-uagb-columns uagb-columns__wrap uagb-columns__background-color uagb-columns__stack-mobile uagb-columns__valign-undefined uagb-columns__gap-10 alignundefined uagb-block-5813c5da\"><div class=\"uagb-columns__overlay\"><\/div><div class=\"uagb-columns__inner-wrap uagb-columns__columns-2\">\n<div class=\"wp-block-uagb-column uagb-column__wrap uagb-column__background-undefined uagb-block-4877ff78\"><div class=\"uagb-column__overlay\"><\/div><div class=\"uagb-column__inner-wrap\">\n<div class=\"wp-block-uagb-advanced-heading uagb-block-4e4f1d45 text-shadow\"><h2 class=\"uagb-heading-text\"><\/h2><p class=\"uagb-desc-text\"><\/p><\/div>\n<\/div><\/div>\n\n\n\n<div class=\"wp-block-uagb-column uagb-column__wrap uagb-column__background-undefined uagb-block-36549fd5\"><div class=\"uagb-column__overlay\"><\/div><div class=\"uagb-column__inner-wrap\"><\/div><\/div>\n<\/div><div class=\"uagb-columns__shape uagb-columns__shape-bottom\" data-negative=\"false\"><svg xmlns=\"http:\/\/www.w3.org\/2000\/svg\" viewBox=\"0 0 1000 100\" preserveAspectRatio=\"none\"><path class=\"uagb-columns__shape-fill\" d=\"M1000,4.3V0H0v4.3C0.9,23.1,126.7,99.2,500,100S1000,22.7,1000,4.3z\"><\/path><\/svg><\/div><\/section>\n\n\n<div class=\"wp-bootstrap-blocks-row row\">\n\t\n\n<div class=\"col-12\">\n\t\t\t\t<\/div>\n\n<\/div>\n\n\n\n<section class=\"wp-block-uagb-columns uagb-columns__wrap uagb-columns__background-undefined uagb-columns__stack-mobile uagb-columns__valign-undefined uagb-columns__gap-10 alignundefined uagb-block-6a3989ca\"><div class=\"uagb-columns__overlay\"><\/div><div class=\"uagb-columns__inner-wrap uagb-columns__columns-1\">\n<div class=\"wp-block-uagb-column uagb-column__wrap uagb-column__background-undefined uagb-block-25310e11\"><div class=\"uagb-column__overlay\"><\/div><div class=\"uagb-column__inner-wrap\">\n<h2 class=\"wp-block-heading\"><strong>Mobeye FAQs<\/strong><\/h2>\n\n\n\n<p><\/p>\n\n\n\n<p style=\"font-size:15px\">Auf den Service- und Supportseiten finden Sie zus\u00e4tzliche Informationen zu den Mobeye Produkten. Neben den Benutzertipps auch verschiedene zus\u00e4tzliche Optionen f\u00fcr den fortgeschrittenen Benutzer; wenn Ihre Frage nicht beantwortet wird, kontaktieren Sie uns bitte.<\/p>\n<\/div><\/div>\n<\/div><\/section>\n\n\n\n<section class=\"wp-block-uagb-columns uagb-columns__wrap uagb-columns__background-undefined uagb-columns__stack-mobile uagb-columns__valign-undefined uagb-columns__gap-10 alignundefined uagb-block-d6f83e9e\"><div class=\"uagb-columns__overlay\"><\/div><div class=\"uagb-columns__inner-wrap uagb-columns__columns-1\">\n<div class=\"wp-block-uagb-column uagb-column__wrap uagb-column__background-undefined uagb-block-4af7cae7\"><div class=\"uagb-column__overlay\"><\/div><div class=\"uagb-column__inner-wrap\">\n<div class=\"wp-block-columns is-layout-flex wp-container-core-columns-is-layout-1 wp-block-columns-is-layout-flex\">\n<div class=\"wp-block-column is-layout-flow wp-block-column-is-layout-flow\">\n<div class=\"wp-block-media-text alignwide has-background has-very-light-gray-background-color\" style=\"grid-template-columns:24% auto\"><figure class=\"wp-block-media-text__media\"><img loading=\"lazy\" decoding=\"async\" width=\"820\" height=\"568\" src=\"https:\/\/www.mobeye.com\/files\/CM4000_Web.png\" alt=\"\" class=\"wp-image-7325 size-full\" srcset=\"https:\/\/www.mobeye.com\/files\/CM4000_Web.png 820w, https:\/\/www.mobeye.com\/files\/CM4000_Web-300x208.png 300w, https:\/\/www.mobeye.com\/files\/CM4000_Web-768x532.png 768w\" sizes=\"(max-width: 820px) 100vw, 820px\" \/><\/figure><div class=\"wp-block-media-text__content\">\n<div style=\"height:20px\" aria-hidden=\"true\" class=\"wp-block-spacer\"><\/div>\n\n\n\n<h6 class=\"wp-block-heading\" id=\"underline\"><strong>Gehen Sie zu &#8230;<\/strong><\/h6>\n\n\n\n<p class=\"has-blue-color has-text-color has-medium-font-size\"><a href=\"https:\/\/www.mobeye.com\/de\/faqs\/support-cm\">Unterst\u00fctzung f\u00fcr &#8222;CM4&#8220;-produkte<\/a><\/p>\n\n\n\n<div style=\"height:20px\" aria-hidden=\"true\" class=\"wp-block-spacer\"><\/div>\n<\/div><\/div>\n<\/div>\n\n\n\n<div class=\"wp-block-column is-layout-flow wp-block-column-is-layout-flow\">\n<div class=\"wp-block-media-text alignwide has-background has-very-light-gray-background-color\" style=\"grid-template-columns:24% auto\"><figure class=\"wp-block-media-text__media\"><img loading=\"lazy\" decoding=\"async\" width=\"820\" height=\"568\" src=\"https:\/\/www.mobeye.com\/files\/icm41-MiniPir-900.png\" alt=\"\" class=\"wp-image-10317 size-full\" srcset=\"https:\/\/www.mobeye.com\/files\/icm41-MiniPir-900.png 820w, https:\/\/www.mobeye.com\/files\/icm41-MiniPir-900-300x208.png 300w, https:\/\/www.mobeye.com\/files\/icm41-MiniPir-900-768x532.png 768w\" sizes=\"(max-width: 820px) 100vw, 820px\" \/><\/figure><div class=\"wp-block-media-text__content\">\n<div style=\"height:20px\" aria-hidden=\"true\" class=\"wp-block-spacer\"><\/div>\n\n\n\n<h6 class=\"wp-block-heading\"><strong><strong>Gehen Sie zu &#8230;<\/strong><\/strong><\/h6>\n\n\n\n<p class=\"has-very-dark-gray-color has-text-color has-medium-font-size\"><a href=\"https:\/\/www.mobeye.com\/faqs\/support-inbraak\"><\/a><a href=\"https:\/\/www.mobeye.com\/de\/faqs\/support-einbruch\">Unterst\u00fctzung f\u00fcr<br>Einbruchprodukte<\/a><\/p>\n\n\n\n<div style=\"height:20px\" aria-hidden=\"true\" class=\"wp-block-spacer\"><\/div>\n<\/div><\/div>\n<\/div>\n<\/div>\n\n\n\n<div class=\"wp-block-columns is-layout-flex wp-container-core-columns-is-layout-2 wp-block-columns-is-layout-flex\">\n<div class=\"wp-block-column is-layout-flow wp-block-column-is-layout-flow\">\n<div class=\"wp-block-media-text alignwide has-background has-very-light-gray-background-color\" style=\"grid-template-columns:24% auto\"><figure class=\"wp-block-media-text__media\"><img loading=\"lazy\" decoding=\"async\" width=\"120\" height=\"120\" src=\"https:\/\/www.mobeye.com\/files\/IPA-MS100.png\" alt=\"\" class=\"wp-image-5486 size-full\"\/><\/figure><div class=\"wp-block-media-text__content\">\n<div style=\"height:20px\" aria-hidden=\"true\" class=\"wp-block-spacer\"><\/div>\n\n\n\n<h6 class=\"wp-block-heading\" id=\"underline\"><strong><strong>Gehen Sie zu &#8230;<\/strong><\/strong><\/h6>\n\n\n\n<p class=\"has-very-dark-gray-color has-text-color has-medium-font-size\"><a href=\"https:\/\/www.mobeye.com\/de\/faqs\/support-ms-serien\">Unterst\u00fctzung f\u00fcr<br>&#8222;MS&#8220; Telemetrieprodukte<\/a><\/p>\n\n\n\n<div style=\"height:20px\" aria-hidden=\"true\" class=\"wp-block-spacer\"><\/div>\n<\/div><\/div>\n<\/div>\n\n\n\n<div class=\"wp-block-column is-layout-flow wp-block-column-is-layout-flow\">\n<div class=\"wp-block-media-text alignwide has-background has-very-light-gray-background-color\" style=\"grid-template-columns:24% auto\"><figure class=\"wp-block-media-text__media\"><img loading=\"lazy\" decoding=\"async\" width=\"579\" height=\"504\" src=\"https:\/\/www.mobeye.com\/files\/Mobeye-Call-Key.png\" alt=\"\" class=\"wp-image-10996 size-full\" srcset=\"https:\/\/www.mobeye.com\/files\/Mobeye-Call-Key.png 579w, https:\/\/www.mobeye.com\/files\/Mobeye-Call-Key-300x261.png 300w\" sizes=\"(max-width: 579px) 100vw, 579px\" \/><\/figure><div class=\"wp-block-media-text__content\">\n<div style=\"height:20px\" aria-hidden=\"true\" class=\"wp-block-spacer\"><\/div>\n\n\n\n<h6 class=\"wp-block-heading\"><strong><strong>Gehen Sie zu &#8230;<\/strong><\/strong><\/h6>\n\n\n\n<p class=\"has-very-dark-gray-color has-text-color has-medium-font-size\"><a href=\"https:\/\/www.mobeye.com\/faqs\/support-mck100\"><\/a><a href=\"https:\/\/www.mobeye.com\/faqs\/support-mck100\">Unterst\u00fctzung f\u00fcr<br>Call-Key-GSM-\u00d6ffner<\/a><\/p>\n\n\n\n<div style=\"height:20px\" aria-hidden=\"true\" class=\"wp-block-spacer\"><\/div>\n<\/div><\/div>\n<\/div>\n<\/div>\n\n\n\n<div class=\"wp-block-columns is-layout-flex wp-container-core-columns-is-layout-3 wp-block-columns-is-layout-flex\">\n<div class=\"wp-block-column is-layout-flow wp-block-column-is-layout-flow\">\n<div class=\"wp-block-media-text alignwide has-background has-very-light-gray-background-color\" style=\"grid-template-columns:24% auto\"><figure class=\"wp-block-media-text__media\"><img loading=\"lazy\" decoding=\"async\" width=\"150\" height=\"150\" src=\"https:\/\/www.mobeye.com\/files\/IPA-SIM.png\" alt=\"\" class=\"wp-image-5513 size-full\"\/><\/figure><div class=\"wp-block-media-text__content\">\n<div style=\"height:20px\" aria-hidden=\"true\" class=\"wp-block-spacer\"><\/div>\n\n\n\n<h6 class=\"wp-block-heading\" id=\"underline\"><strong><strong>Gehen Sie zu &#8230;<\/strong><\/strong><\/h6>\n\n\n\n<p class=\"has-very-dark-gray-color has-text-color has-medium-font-size\"><a href=\"https:\/\/www.mobeye.com\/de\/faqs\/support-sim\">Unterst\u00fctzung f\u00fcr SIM-Karten<\/a>   <\/p>\n\n\n\n<div style=\"height:20px\" aria-hidden=\"true\" class=\"wp-block-spacer\"><\/div>\n<\/div><\/div>\n<\/div>\n\n\n\n<div class=\"wp-block-column is-layout-flow wp-block-column-is-layout-flow\">\n<div class=\"wp-block-media-text alignwide has-background has-very-light-gray-background-color\" style=\"grid-template-columns:24% auto\"><figure class=\"wp-block-media-text__media\"><img loading=\"lazy\" decoding=\"async\" width=\"150\" height=\"150\" src=\"https:\/\/www.mobeye.com\/files\/IPA-CM2100-IP.jpg\" alt=\"\" class=\"wp-image-4147 size-full\"\/><\/figure><div class=\"wp-block-media-text__content\">\n<div style=\"height:20px\" aria-hidden=\"true\" class=\"wp-block-spacer\"><\/div>\n\n\n\n<h6 class=\"wp-block-heading\"><strong><strong>Gehen Sie zu &#8230;<\/strong><\/strong><\/h6>\n\n\n\n<p class=\"has-very-dark-gray-color has-text-color has-medium-font-size\"><a href=\"https:\/\/www.mobeye.com\/de\/faqs\/support-portal\">Unterst\u00fctzung f\u00fcr Mobeye Portal<\/a><\/p>\n\n\n\n<div style=\"height:20px\" aria-hidden=\"true\" class=\"wp-block-spacer\"><\/div>\n<\/div><\/div>\n<\/div>\n<\/div>\n\n\n\n<div style=\"height:50px\" aria-hidden=\"true\" class=\"wp-block-spacer\"><\/div>\n\n\n\n<h4 class=\"wp-block-heading\">Vorherige Serie<\/h4>\n\n\n\n<div style=\"height:20px\" aria-hidden=\"true\" class=\"wp-block-spacer\"><\/div>\n\n\n\n<div class=\"wp-block-columns is-layout-flex wp-container-core-columns-is-layout-4 wp-block-columns-is-layout-flex\">\n<div class=\"wp-block-column is-layout-flow wp-block-column-is-layout-flow\">\n<div class=\"wp-block-media-text alignwide has-background has-very-light-gray-background-color\" style=\"grid-template-columns:24% auto\"><figure class=\"wp-block-media-text__media\"><img loading=\"lazy\" decoding=\"async\" width=\"120\" height=\"120\" src=\"https:\/\/www.mobeye.com\/files\/IPA-CM2200.png\" alt=\"\" class=\"wp-image-6075 size-full\"\/><\/figure><div class=\"wp-block-media-text__content\">\n<div style=\"height:20px\" aria-hidden=\"true\" class=\"wp-block-spacer\"><\/div>\n\n\n\n<h6 class=\"wp-block-heading\" id=\"underline\"><strong><strong>Gehen Sie zu &#8230;<\/strong><\/strong><\/h6>\n\n\n\n<p class=\"has-blue-color has-text-color has-medium-font-size\"><a href=\"https:\/\/www.mobeye.com\/de\/faqs\/support-cm2\">Unterst\u00fctzung f\u00fcr &#8222;CM2&#8220;-produkte<\/a><\/p>\n\n\n\n<p><\/p>\n\n\n\n<div style=\"height:20px\" aria-hidden=\"true\" class=\"wp-block-spacer\"><\/div>\n<\/div><\/div>\n<\/div>\n\n\n\n<div class=\"wp-block-column is-layout-flow wp-block-column-is-layout-flow\">\n<div class=\"wp-block-media-text alignwide has-background has-very-light-gray-background-color\" style=\"grid-template-columns:24% auto\"><figure class=\"wp-block-media-text__media\"><img loading=\"lazy\" decoding=\"async\" width=\"900\" height=\"859\" src=\"https:\/\/www.mobeye.com\/files\/i110_1_web.png\" alt=\"\" class=\"wp-image-9664 size-full\" srcset=\"https:\/\/www.mobeye.com\/files\/i110_1_web.png 900w, https:\/\/www.mobeye.com\/files\/i110_1_web-300x286.png 300w, https:\/\/www.mobeye.com\/files\/i110_1_web-768x733.png 768w\" sizes=\"(max-width: 900px) 100vw, 900px\" \/><\/figure><div class=\"wp-block-media-text__content\">\n<div style=\"height:20px\" aria-hidden=\"true\" class=\"wp-block-spacer\"><\/div>\n\n\n\n<h6 class=\"wp-block-heading\"><strong><strong>Gehen Sie zu &#8230;<\/strong><\/strong><\/h6>\n\n\n\n<p class=\"has-very-dark-gray-color has-text-color has-medium-font-size\"><a href=\"https:\/\/www.mobeye.com\/de\/faqs\/support-i110-argos\"><\/a><a href=\"https:\/\/www.mobeye.com\/de\/faqs\/support-i110-argos\">Unterst\u00fctzung f\u00fcr i110 und Argos<\/a><br><\/p>\n\n\n\n<div style=\"height:50px\" aria-hidden=\"true\" class=\"wp-block-spacer\"><\/div>\n<\/div><\/div>\n<\/div>\n<\/div>\n<\/div><\/div>\n<\/div><\/section>\n\n\n\n<div class=\"wp-block-rtgb-call-2-action mkb-call2action\"><div class=\"mkb-call2action__inner container\"><div class=\"cta-content\"><p> Haben Sie eine Frage oder Bemerkung f\u00fcr uns?<\/p><p>Senden Sie das Kontaktformular oder rufen Sie uns an Werktagen an: +31 73 78 50 858<\/p><\/div><div><a href=\"https:\/\/www.mobeye.com\/contactformulier\" class=\"mkb-button mkb-button--accent mkb-button--rounded text-uppercase\">Kontakt mit uns<\/a><\/div><\/div><\/div>\n\n\n\n<div style=\"height:50px\" aria-hidden=\"true\" class=\"wp-block-spacer\"><\/div>\n","protected":false},"excerpt":{"rendered":"","protected":false},"author":6,"featured_media":0,"parent":0,"menu_order":0,"comment_status":"closed","ping_status":"closed","template":"template-full-width.php","meta":{"footnotes":""},"class_list":["post-11150","page","type-page","status-publish","hentry"],"yoast_head":"<!-- This site is optimized with the Yoast SEO plugin v25.6 - https:\/\/yoast.com\/wordpress\/plugins\/seo\/ -->\n<title>FAQs - Mobeye<\/title>\n<meta name=\"robots\" content=\"index, follow, max-snippet:-1, max-image-preview:large, max-video-preview:-1\" \/>\n<link rel=\"canonical\" href=\"https:\/\/www.mobeye.com\/de\/faqs\" \/>\n<meta property=\"og:locale\" content=\"de_DE\" \/>\n<meta property=\"og:type\" content=\"article\" \/>\n<meta property=\"og:title\" content=\"FAQs - Mobeye\" \/>\n<meta property=\"og:url\" content=\"https:\/\/www.mobeye.com\/de\/faqs\" \/>\n<meta property=\"og:site_name\" content=\"Mobeye\" \/>\n<meta property=\"article:modified_time\" content=\"2023-02-16T14:10:06+00:00\" \/>\n<meta property=\"og:image\" content=\"https:\/\/www.mobeye.com\/files\/CM4000_Web.png\" \/>\n<meta name=\"twitter:card\" content=\"summary_large_image\" \/>\n<meta name=\"twitter:site\" content=\"@mobeye\" \/>\n<meta name=\"twitter:label1\" content=\"Gesch\u00e4tzte Lesezeit\" \/>\n\t<meta name=\"twitter:data1\" content=\"3\u00a0Minuten\" \/>\n<script type=\"application\/ld+json\" class=\"yoast-schema-graph\">{\"@context\":\"https:\/\/schema.org\",\"@graph\":[{\"@type\":\"WebPage\",\"@id\":\"https:\/\/www.mobeye.com\/de\/faqs\",\"url\":\"https:\/\/www.mobeye.com\/de\/faqs\",\"name\":\"FAQs - Mobeye\",\"isPartOf\":{\"@id\":\"https:\/\/www.mobeye.com\/de#website\"},\"primaryImageOfPage\":{\"@id\":\"https:\/\/www.mobeye.com\/de\/faqs#primaryimage\"},\"image\":{\"@id\":\"https:\/\/www.mobeye.com\/de\/faqs#primaryimage\"},\"thumbnailUrl\":\"https:\/\/www.mobeye.com\/files\/CM4000_Web.png\",\"datePublished\":\"2023-02-16T14:05:39+00:00\",\"dateModified\":\"2023-02-16T14:10:06+00:00\",\"breadcrumb\":{\"@id\":\"https:\/\/www.mobeye.com\/de\/faqs#breadcrumb\"},\"inLanguage\":\"de\",\"potentialAction\":[{\"@type\":\"ReadAction\",\"target\":[\"https:\/\/www.mobeye.com\/de\/faqs\"]}]},{\"@type\":\"ImageObject\",\"inLanguage\":\"de\",\"@id\":\"https:\/\/www.mobeye.com\/de\/faqs#primaryimage\",\"url\":\"https:\/\/www.mobeye.com\/files\/CM4000_Web.png\",\"contentUrl\":\"https:\/\/www.mobeye.com\/files\/CM4000_Web.png\"},{\"@type\":\"BreadcrumbList\",\"@id\":\"https:\/\/www.mobeye.com\/de\/faqs#breadcrumb\",\"itemListElement\":[{\"@type\":\"ListItem\",\"position\":1,\"name\":\"Home\",\"item\":\"https:\/\/www.mobeye.com\/de\"},{\"@type\":\"ListItem\",\"position\":2,\"name\":\"FAQs\"}]},{\"@type\":\"WebSite\",\"@id\":\"https:\/\/www.mobeye.com\/de#website\",\"url\":\"https:\/\/www.mobeye.com\/de\",\"name\":\"Mobeye\",\"description\":\"Mobeye alarm and monitoring products\",\"publisher\":{\"@id\":\"https:\/\/www.mobeye.com\/de#organization\"},\"potentialAction\":[{\"@type\":\"SearchAction\",\"target\":{\"@type\":\"EntryPoint\",\"urlTemplate\":\"https:\/\/www.mobeye.com\/de?s={search_term_string}\"},\"query-input\":{\"@type\":\"PropertyValueSpecification\",\"valueRequired\":true,\"valueName\":\"search_term_string\"}}],\"inLanguage\":\"de\"},{\"@type\":\"Organization\",\"@id\":\"https:\/\/www.mobeye.com\/de#organization\",\"name\":\"Mobeye\",\"url\":\"https:\/\/www.mobeye.com\/de\",\"logo\":{\"@type\":\"ImageObject\",\"inLanguage\":\"de\",\"@id\":\"https:\/\/www.mobeye.com\/de#\/schema\/logo\/image\/\",\"url\":\"https:\/\/www.mobeye.com\/files\/Mobeye-logo-600px.jpg\",\"contentUrl\":\"https:\/\/www.mobeye.com\/files\/Mobeye-logo-600px.jpg\",\"width\":675,\"height\":600,\"caption\":\"Mobeye\"},\"image\":{\"@id\":\"https:\/\/www.mobeye.com\/de#\/schema\/logo\/image\/\"},\"sameAs\":[\"https:\/\/x.com\/mobeye\",\"https:\/\/www.linkedin.com\/company\/mobeye\/\",\"https:\/\/nl.pinterest.com\/mobeye\/\",\"https:\/\/www.youtube.com\/user\/MobeyeBV\/\"]}]}<\/script>\n<!-- \/ Yoast SEO plugin. -->","yoast_head_json":{"title":"FAQs - Mobeye","robots":{"index":"index","follow":"follow","max-snippet":"max-snippet:-1","max-image-preview":"max-image-preview:large","max-video-preview":"max-video-preview:-1"},"canonical":"https:\/\/www.mobeye.com\/de\/faqs","og_locale":"de_DE","og_type":"article","og_title":"FAQs - Mobeye","og_url":"https:\/\/www.mobeye.com\/de\/faqs","og_site_name":"Mobeye","article_modified_time":"2023-02-16T14:10:06+00:00","og_image":[{"url":"https:\/\/www.mobeye.com\/files\/CM4000_Web.png","type":"","width":"","height":""}],"twitter_card":"summary_large_image","twitter_site":"@mobeye","twitter_misc":{"Gesch\u00e4tzte Lesezeit":"3\u00a0Minuten"},"schema":{"@context":"https:\/\/schema.org","@graph":[{"@type":"WebPage","@id":"https:\/\/www.mobeye.com\/de\/faqs","url":"https:\/\/www.mobeye.com\/de\/faqs","name":"FAQs - Mobeye","isPartOf":{"@id":"https:\/\/www.mobeye.com\/de#website"},"primaryImageOfPage":{"@id":"https:\/\/www.mobeye.com\/de\/faqs#primaryimage"},"image":{"@id":"https:\/\/www.mobeye.com\/de\/faqs#primaryimage"},"thumbnailUrl":"https:\/\/www.mobeye.com\/files\/CM4000_Web.png","datePublished":"2023-02-16T14:05:39+00:00","dateModified":"2023-02-16T14:10:06+00:00","breadcrumb":{"@id":"https:\/\/www.mobeye.com\/de\/faqs#breadcrumb"},"inLanguage":"de","potentialAction":[{"@type":"ReadAction","target":["https:\/\/www.mobeye.com\/de\/faqs"]}]},{"@type":"ImageObject","inLanguage":"de","@id":"https:\/\/www.mobeye.com\/de\/faqs#primaryimage","url":"https:\/\/www.mobeye.com\/files\/CM4000_Web.png","contentUrl":"https:\/\/www.mobeye.com\/files\/CM4000_Web.png"},{"@type":"BreadcrumbList","@id":"https:\/\/www.mobeye.com\/de\/faqs#breadcrumb","itemListElement":[{"@type":"ListItem","position":1,"name":"Home","item":"https:\/\/www.mobeye.com\/de"},{"@type":"ListItem","position":2,"name":"FAQs"}]},{"@type":"WebSite","@id":"https:\/\/www.mobeye.com\/de#website","url":"https:\/\/www.mobeye.com\/de","name":"Mobeye","description":"Mobeye alarm and monitoring products","publisher":{"@id":"https:\/\/www.mobeye.com\/de#organization"},"potentialAction":[{"@type":"SearchAction","target":{"@type":"EntryPoint","urlTemplate":"https:\/\/www.mobeye.com\/de?s={search_term_string}"},"query-input":{"@type":"PropertyValueSpecification","valueRequired":true,"valueName":"search_term_string"}}],"inLanguage":"de"},{"@type":"Organization","@id":"https:\/\/www.mobeye.com\/de#organization","name":"Mobeye","url":"https:\/\/www.mobeye.com\/de","logo":{"@type":"ImageObject","inLanguage":"de","@id":"https:\/\/www.mobeye.com\/de#\/schema\/logo\/image\/","url":"https:\/\/www.mobeye.com\/files\/Mobeye-logo-600px.jpg","contentUrl":"https:\/\/www.mobeye.com\/files\/Mobeye-logo-600px.jpg","width":675,"height":600,"caption":"Mobeye"},"image":{"@id":"https:\/\/www.mobeye.com\/de#\/schema\/logo\/image\/"},"sameAs":["https:\/\/x.com\/mobeye","https:\/\/www.linkedin.com\/company\/mobeye\/","https:\/\/nl.pinterest.com\/mobeye\/","https:\/\/www.youtube.com\/user\/MobeyeBV\/"]}]}},"uagb_featured_image_src":{"full":false,"thumbnail":false,"medium":false,"medium_large":false,"large":false,"1536x1536":false,"2048x2048":false},"uagb_author_info":{"display_name":"Martine","author_link":"https:\/\/www.mobeye.com\/de\/author\/martine"},"uagb_comment_info":0,"uagb_excerpt":null,"_links":{"self":[{"href":"https:\/\/www.mobeye.com\/de\/wp-json\/wp\/v2\/pages\/11150"}],"collection":[{"href":"https:\/\/www.mobeye.com\/de\/wp-json\/wp\/v2\/pages"}],"about":[{"href":"https:\/\/www.mobeye.com\/de\/wp-json\/wp\/v2\/types\/page"}],"author":[{"embeddable":true,"href":"https:\/\/www.mobeye.com\/de\/wp-json\/wp\/v2\/users\/6"}],"replies":[{"embeddable":true,"href":"https:\/\/www.mobeye.com\/de\/wp-json\/wp\/v2\/comments?post=11150"}],"version-history":[{"count":5,"href":"https:\/\/www.mobeye.com\/de\/wp-json\/wp\/v2\/pages\/11150\/revisions"}],"predecessor-version":[{"id":11161,"href":"https:\/\/www.mobeye.com\/de\/wp-json\/wp\/v2\/pages\/11150\/revisions\/11161"}],"wp:attachment":[{"href":"https:\/\/www.mobeye.com\/de\/wp-json\/wp\/v2\/media?parent=11150"}],"curies":[{"name":"wp","href":"https:\/\/api.w.org\/{rel}","templated":true}]}}