{"id":11799,"date":"2024-02-19T20:05:29","date_gmt":"2024-02-19T18:05:29","guid":{"rendered":"https:\/\/www.mobeye.com\/?page_id=11799"},"modified":"2025-08-26T12:50:54","modified_gmt":"2025-08-26T10:50:54","slug":"app","status":"publish","type":"page","link":"https:\/\/www.mobeye.com\/de\/app","title":{"rendered":"support-portal\/App"},"content":{"rendered":"\n<p style=\"font-size:15px\"><\/p>\n\n\n\n<hr class=\"wp-block-separator has-alpha-channel-opacity\"\/>\n\n\n\n<p><strong>2. Wenn die Mobeye-App nach einem 5-stelligen Code fragt<\/strong><\/p>\n\n\n\n<ul class=\"wp-block-list\">\n<li style=\"font-size:15px\">Gehen Sie zu mymobeye.com.<\/li>\n\n\n\n<li style=\"font-size:15px\">Geben Sie den Benutzernamen und das Passwort ein.<\/li>\n\n\n\n<li style=\"font-size:15px\">Gehen Sie zum blauen Reiter \u201eKontakte\u201c.<\/li>\n\n\n\n<li style=\"font-size:15px\">\u00c4ndern Sie den jeweiligen Ansprechpartner (klicken Sie auf das Symbol rechts).<\/li>\n\n\n\n<li style=\"font-size:15px\">W\u00e4hlen Sie im Popup-Bildschirm \u201eCode senden\u201c.<\/li>\n\n\n\n<li style=\"font-size:15px\">Der Code erscheint auf dem Bildschirm und wird auch per SMS versendet.<\/li>\n\n\n\n<li style=\"font-size:15px\">Geben Sie den Code auf dem Startbildschirm der Mobeye App ein. Es wird angezeigt, dass keine Alarme gefunden wurden. Sie sind fertig, die App wurde aktualisiert.<\/li>\n<\/ul>\n\n\n\n<hr class=\"wp-block-separator has-alpha-channel-opacity\"\/>\n\n\n\n<p><strong>3. Wenn Sie keine Anmeldeinformationen f\u00fcr das mymobeye.com Portal haben<\/strong><\/p>\n\n\n\n<p style=\"font-size:15px\">Wenn Sie der Ansprechpartner f\u00fcr die Alarme sind, sich aber nicht im mymobeye-Portal anmelden k\u00f6nnen, bitten Sie den Ger\u00e4teadministrator, Ihnen einen neuen Code zu senden, oder <a href=\"https:\/\/www.mobeye.com\/de\/kontaktformular\" target=\"_blank\" rel=\"noreferrer noopener\">fragen Sie uns.<\/a><\/p>\n\n\n\n<hr class=\"wp-block-separator has-alpha-channel-opacity\"\/>\n\n\n\n<p><strong>4. Wenn Sie den Benutzernamen vergessen haben<\/strong><\/p>\n\n\n\n<p style=\"font-size:15px\">Wenn Sie sich nicht an Ihre Anmeldedaten im mymobeye.com-Portal erinnern, <a href=\"https:\/\/www.mobeye.com\/de\/kontaktformular\" target=\"_blank\" rel=\"noreferrer noopener\">fragen Sie uns<\/a>.<\/p>\n\n\n\n<hr class=\"wp-block-separator has-alpha-channel-opacity\"\/>\n\n\n\n<p><strong>5. Wenn Sie das Passwort vergessen haben<\/strong><\/p>\n\n\n\n<p style=\"font-size:15px\">Sie fordern ein neues Passwort \u00fcber den Anmeldebildschirm von mymobeye.com an. Der Versand erfolgt an die in den pers\u00f6nlichen Daten des Nutzers angegebene E-Mail-Adresse. Wenn Sie es nicht erhalten, \u00fcberpr\u00fcfen Sie Ihren Spam-Ordner. Wenn Sie sich nicht an die Details erinnern,  <a href=\"https:\/\/www.mobeye.com\/de\/kontaktformular\" target=\"_blank\" rel=\"noreferrer noopener\">fragen Sie uns<\/a>.<\/p>\n","protected":false},"excerpt":{"rendered":"<p>2. Wenn die Mobeye-App nach einem 5-stelligen Code fragt 3. Wenn Sie keine Anmeldeinformationen f\u00fcr das mymobeye.com Portal haben Wenn Sie der Ansprechpartner f\u00fcr die Alarme sind, sich aber nicht im mymobeye-Portal anmelden k\u00f6nnen, bitten Sie den Ger\u00e4teadministrator, Ihnen einen neuen Code zu senden, oder fragen Sie uns. 4. Wenn Sie den Benutzernamen vergessen haben [&hellip;]<\/p>\n","protected":false},"author":6,"featured_media":0,"parent":0,"menu_order":20,"comment_status":"closed","ping_status":"closed","template":"","meta":{"footnotes":""},"class_list":["post-11799","page","type-page","status-publish","hentry"],"yoast_head":"<!-- This site is optimized with the Yoast SEO plugin v25.6 - https:\/\/yoast.com\/wordpress\/plugins\/seo\/ -->\n<title>support-portal\/App - Mobeye<\/title>\n<meta name=\"robots\" content=\"index, follow, max-snippet:-1, max-image-preview:large, max-video-preview:-1\" \/>\n<link rel=\"canonical\" href=\"https:\/\/www.mobeye.com\/de\/app\" \/>\n<meta property=\"og:locale\" content=\"de_DE\" \/>\n<meta property=\"og:type\" content=\"article\" \/>\n<meta property=\"og:title\" content=\"support-portal\/App - Mobeye\" \/>\n<meta property=\"og:description\" content=\"2. Wenn die Mobeye-App nach einem 5-stelligen Code fragt 3. Wenn Sie keine Anmeldeinformationen f\u00fcr das mymobeye.com Portal haben Wenn Sie der Ansprechpartner f\u00fcr die Alarme sind, sich aber nicht im mymobeye-Portal anmelden k\u00f6nnen, bitten Sie den Ger\u00e4teadministrator, Ihnen einen neuen Code zu senden, oder fragen Sie uns. 4. Wenn Sie den Benutzernamen vergessen haben [&hellip;]\" \/>\n<meta property=\"og:url\" content=\"https:\/\/www.mobeye.com\/de\/app\" \/>\n<meta property=\"og:site_name\" content=\"Mobeye\" \/>\n<meta property=\"article:modified_time\" content=\"2025-08-26T10:50:54+00:00\" \/>\n<meta name=\"twitter:card\" content=\"summary_large_image\" \/>\n<meta name=\"twitter:site\" content=\"@mobeye\" \/>\n<meta name=\"twitter:label1\" content=\"Gesch\u00e4tzte Lesezeit\" \/>\n\t<meta name=\"twitter:data1\" content=\"1\u00a0Minute\" \/>\n<script type=\"application\/ld+json\" class=\"yoast-schema-graph\">{\"@context\":\"https:\/\/schema.org\",\"@graph\":[{\"@type\":\"WebPage\",\"@id\":\"https:\/\/www.mobeye.com\/de\/app\",\"url\":\"https:\/\/www.mobeye.com\/de\/app\",\"name\":\"support-portal\/App - Mobeye\",\"isPartOf\":{\"@id\":\"https:\/\/www.mobeye.com\/de#website\"},\"datePublished\":\"2024-02-19T18:05:29+00:00\",\"dateModified\":\"2025-08-26T10:50:54+00:00\",\"breadcrumb\":{\"@id\":\"https:\/\/www.mobeye.com\/de\/app#breadcrumb\"},\"inLanguage\":\"de\",\"potentialAction\":[{\"@type\":\"ReadAction\",\"target\":[\"https:\/\/www.mobeye.com\/de\/app\"]}]},{\"@type\":\"BreadcrumbList\",\"@id\":\"https:\/\/www.mobeye.com\/de\/app#breadcrumb\",\"itemListElement\":[{\"@type\":\"ListItem\",\"position\":1,\"name\":\"Home\",\"item\":\"https:\/\/www.mobeye.com\/de\"},{\"@type\":\"ListItem\",\"position\":2,\"name\":\"support-portal\/App\"}]},{\"@type\":\"WebSite\",\"@id\":\"https:\/\/www.mobeye.com\/de#website\",\"url\":\"https:\/\/www.mobeye.com\/de\",\"name\":\"Mobeye\",\"description\":\"Mobeye alarm and monitoring products\",\"publisher\":{\"@id\":\"https:\/\/www.mobeye.com\/de#organization\"},\"potentialAction\":[{\"@type\":\"SearchAction\",\"target\":{\"@type\":\"EntryPoint\",\"urlTemplate\":\"https:\/\/www.mobeye.com\/de?s={search_term_string}\"},\"query-input\":{\"@type\":\"PropertyValueSpecification\",\"valueRequired\":true,\"valueName\":\"search_term_string\"}}],\"inLanguage\":\"de\"},{\"@type\":\"Organization\",\"@id\":\"https:\/\/www.mobeye.com\/de#organization\",\"name\":\"Mobeye\",\"url\":\"https:\/\/www.mobeye.com\/de\",\"logo\":{\"@type\":\"ImageObject\",\"inLanguage\":\"de\",\"@id\":\"https:\/\/www.mobeye.com\/de#\/schema\/logo\/image\/\",\"url\":\"https:\/\/www.mobeye.com\/files\/Mobeye-logo-600px.jpg\",\"contentUrl\":\"https:\/\/www.mobeye.com\/files\/Mobeye-logo-600px.jpg\",\"width\":675,\"height\":600,\"caption\":\"Mobeye\"},\"image\":{\"@id\":\"https:\/\/www.mobeye.com\/de#\/schema\/logo\/image\/\"},\"sameAs\":[\"https:\/\/x.com\/mobeye\",\"https:\/\/www.linkedin.com\/company\/mobeye\/\",\"https:\/\/nl.pinterest.com\/mobeye\/\",\"https:\/\/www.youtube.com\/user\/MobeyeBV\/\"]}]}<\/script>\n<!-- \/ Yoast SEO plugin. -->","yoast_head_json":{"title":"support-portal\/App - Mobeye","robots":{"index":"index","follow":"follow","max-snippet":"max-snippet:-1","max-image-preview":"max-image-preview:large","max-video-preview":"max-video-preview:-1"},"canonical":"https:\/\/www.mobeye.com\/de\/app","og_locale":"de_DE","og_type":"article","og_title":"support-portal\/App - Mobeye","og_description":"2. Wenn die Mobeye-App nach einem 5-stelligen Code fragt 3. Wenn Sie keine Anmeldeinformationen f\u00fcr das mymobeye.com Portal haben Wenn Sie der Ansprechpartner f\u00fcr die Alarme sind, sich aber nicht im mymobeye-Portal anmelden k\u00f6nnen, bitten Sie den Ger\u00e4teadministrator, Ihnen einen neuen Code zu senden, oder fragen Sie uns. 4. Wenn Sie den Benutzernamen vergessen haben [&hellip;]","og_url":"https:\/\/www.mobeye.com\/de\/app","og_site_name":"Mobeye","article_modified_time":"2025-08-26T10:50:54+00:00","twitter_card":"summary_large_image","twitter_site":"@mobeye","twitter_misc":{"Gesch\u00e4tzte Lesezeit":"1\u00a0Minute"},"schema":{"@context":"https:\/\/schema.org","@graph":[{"@type":"WebPage","@id":"https:\/\/www.mobeye.com\/de\/app","url":"https:\/\/www.mobeye.com\/de\/app","name":"support-portal\/App - Mobeye","isPartOf":{"@id":"https:\/\/www.mobeye.com\/de#website"},"datePublished":"2024-02-19T18:05:29+00:00","dateModified":"2025-08-26T10:50:54+00:00","breadcrumb":{"@id":"https:\/\/www.mobeye.com\/de\/app#breadcrumb"},"inLanguage":"de","potentialAction":[{"@type":"ReadAction","target":["https:\/\/www.mobeye.com\/de\/app"]}]},{"@type":"BreadcrumbList","@id":"https:\/\/www.mobeye.com\/de\/app#breadcrumb","itemListElement":[{"@type":"ListItem","position":1,"name":"Home","item":"https:\/\/www.mobeye.com\/de"},{"@type":"ListItem","position":2,"name":"support-portal\/App"}]},{"@type":"WebSite","@id":"https:\/\/www.mobeye.com\/de#website","url":"https:\/\/www.mobeye.com\/de","name":"Mobeye","description":"Mobeye alarm and monitoring products","publisher":{"@id":"https:\/\/www.mobeye.com\/de#organization"},"potentialAction":[{"@type":"SearchAction","target":{"@type":"EntryPoint","urlTemplate":"https:\/\/www.mobeye.com\/de?s={search_term_string}"},"query-input":{"@type":"PropertyValueSpecification","valueRequired":true,"valueName":"search_term_string"}}],"inLanguage":"de"},{"@type":"Organization","@id":"https:\/\/www.mobeye.com\/de#organization","name":"Mobeye","url":"https:\/\/www.mobeye.com\/de","logo":{"@type":"ImageObject","inLanguage":"de","@id":"https:\/\/www.mobeye.com\/de#\/schema\/logo\/image\/","url":"https:\/\/www.mobeye.com\/files\/Mobeye-logo-600px.jpg","contentUrl":"https:\/\/www.mobeye.com\/files\/Mobeye-logo-600px.jpg","width":675,"height":600,"caption":"Mobeye"},"image":{"@id":"https:\/\/www.mobeye.com\/de#\/schema\/logo\/image\/"},"sameAs":["https:\/\/x.com\/mobeye","https:\/\/www.linkedin.com\/company\/mobeye\/","https:\/\/nl.pinterest.com\/mobeye\/","https:\/\/www.youtube.com\/user\/MobeyeBV\/"]}]}},"uagb_featured_image_src":{"full":false,"thumbnail":false,"medium":false,"medium_large":false,"large":false,"1536x1536":false,"2048x2048":false},"uagb_author_info":{"display_name":"Martine","author_link":"https:\/\/www.mobeye.com\/de\/author\/martine"},"uagb_comment_info":0,"uagb_excerpt":"2. Wenn die Mobeye-App nach einem 5-stelligen Code fragt 3. Wenn Sie keine Anmeldeinformationen f\u00fcr das mymobeye.com Portal haben Wenn Sie der Ansprechpartner f\u00fcr die Alarme sind, sich aber nicht im mymobeye-Portal anmelden k\u00f6nnen, bitten Sie den Ger\u00e4teadministrator, Ihnen einen neuen Code zu senden, oder fragen Sie uns. 4. Wenn Sie den Benutzernamen vergessen haben&hellip;","_links":{"self":[{"href":"https:\/\/www.mobeye.com\/de\/wp-json\/wp\/v2\/pages\/11799"}],"collection":[{"href":"https:\/\/www.mobeye.com\/de\/wp-json\/wp\/v2\/pages"}],"about":[{"href":"https:\/\/www.mobeye.com\/de\/wp-json\/wp\/v2\/types\/page"}],"author":[{"embeddable":true,"href":"https:\/\/www.mobeye.com\/de\/wp-json\/wp\/v2\/users\/6"}],"replies":[{"embeddable":true,"href":"https:\/\/www.mobeye.com\/de\/wp-json\/wp\/v2\/comments?post=11799"}],"version-history":[{"count":18,"href":"https:\/\/www.mobeye.com\/de\/wp-json\/wp\/v2\/pages\/11799\/revisions"}],"predecessor-version":[{"id":12964,"href":"https:\/\/www.mobeye.com\/de\/wp-json\/wp\/v2\/pages\/11799\/revisions\/12964"}],"wp:attachment":[{"href":"https:\/\/www.mobeye.com\/de\/wp-json\/wp\/v2\/media?parent=11799"}],"curies":[{"name":"wp","href":"https:\/\/api.w.org\/{rel}","templated":true}]}}