{"id":2179,"date":"2020-03-09T20:34:01","date_gmt":"2020-03-09T20:34:01","guid":{"rendered":"https:\/\/www.mobeye.com\/?page_id=2179"},"modified":"2024-09-10T20:53:24","modified_gmt":"2024-09-10T18:53:24","slug":"sim-karten","status":"publish","type":"page","link":"https:\/\/www.mobeye.com\/de\/sim-karten","title":{"rendered":"SIM-Karten"},"content":{"rendered":"\n<section class=\"wp-block-uagb-columns uagb-columns__wrap uagb-columns__background-image uagb-columns__stack-mobile uagb-columns__valign-undefined uagb-columns__gap-10 alignundefined uagb-block-22194254\"><div class=\"uagb-columns__overlay\"><\/div><div class=\"uagb-columns__inner-wrap uagb-columns__columns-2\">\n<div class=\"wp-block-uagb-column uagb-column__wrap uagb-column__background-undefined uagb-block-579cbd3f\"><div class=\"uagb-column__overlay\"><\/div><div class=\"uagb-column__inner-wrap\">\n<p><\/p>\n<\/div><\/div>\n\n\n\n<div class=\"wp-block-uagb-column uagb-column__wrap uagb-column__background-undefined uagb-block-f4617abf\"><div class=\"uagb-column__overlay\"><\/div><div class=\"uagb-column__inner-wrap\"><\/div><\/div>\n<\/div><div class=\"uagb-columns__shape uagb-columns__shape-bottom\" data-negative=\"false\"><svg xmlns=\"http:\/\/www.w3.org\/2000\/svg\" viewBox=\"0 0 1000 100\" preserveAspectRatio=\"none\"><path class=\"uagb-columns__shape-fill\" d=\"M1000,4.3V0H0v4.3C0.9,23.1,126.7,99.2,500,100S1000,22.7,1000,4.3z\"><\/path><\/svg><\/div><\/section>\n\n\n\n<section class=\"wp-block-uagb-columns uagb-columns__wrap uagb-columns__background-undefined uagb-columns__stack-mobile uagb-columns__valign-undefined uagb-columns__gap-10 alignundefined uagb-block-be4f9e9a\"><div class=\"uagb-columns__overlay\"><\/div><div class=\"uagb-columns__inner-wrap uagb-columns__columns-1\">\n<div class=\"wp-block-uagb-column uagb-column__wrap uagb-column__background-undefined uagb-block-8a19a74d\"><div class=\"uagb-column__overlay\"><\/div><div class=\"uagb-column__inner-wrap\">\n<p style=\"font-size:15px\">In jedem Mobeye \u00dcberwachungsger\u00e4t wird eine SIM-Karte f\u00fcr die Kommunikation ben\u00f6tigt. Im Lieferumfang des Produkts ist eine SIM-Karte enthalten, die Sie zu einem preisg\u00fcnstigen Preis verwenden k\u00f6nnen und die sofort die zus\u00e4tzlichen Vorteile des Mobeye Internet Portals bietet.<\/p>\n\n\n\n<h3 class=\"wp-block-heading\">Mobeye SIM-Karte<\/h3>\n\n\n\n<p style=\"font-size:15px\">Verwenden Sie f\u00fcr optimale Sicherheit und Benutzerfreundlichkeit die Mobeye SIM-Karte, verbinden Sie das Ger\u00e4t mit dem Mobeye Internet Portal und nutzen Sie die Web App. Die SIM-Karte wird mit dem Produkt geliefert und Sie aktivieren sie online.<br>Es handelt sich um eine Multi-Provider Maschine-zu-Maschine-Karte*. Die SIM-Karte kann eine Verbindung zu allen lokalen Netzwerken herstellen, sodass Sie nicht von einem Anbieter abh\u00e4ngig sind. Sie k\u00f6nnen sich daher auf ein starkes und stabiles Netzwerk verlassen. Die Karte hat eine Pauschalgeb\u00fchr f\u00fcr Europa. Die Preise<a href=\"https:\/\/www.mobeye.com\/de\/sim-portal\"> finden Sie hier<\/a>.<\/p>\n\n\n\n<h5 class=\"wp-block-heading\">Zus\u00e4tzliche Funktionen bei Verwendung des Mobeye Internet Portals<\/h5>\n\n\n\n<p style=\"font-size:15px\">\u2022 Programmieren des Ger\u00e4tes \u00fcber das Internet<br>\u2022 Alarm per E-Mail, SMS und Anruf<br>\u2022 Anzeige des Standortes des Ger\u00e4tes (Cell-Id)<br>\u2022 Berichterstattung, wenn keine Keep-Alive Nachrichten empfangen werden<br>\u2022 SMS oder E-Mail bei niedriger Batteriespannung<br>\u2022 Unterscheidung zwischen technischen Meldungen und Alarmmeldungen<br>\u2022 Einblick in die Historie<br>\u2022 Das Mobeye Internet Portal bietet zus\u00e4tzliche Optionen pro Ger\u00e4t, z. B. bestimmte Berechtigungen und Timer f\u00fcr den Mobeye Call-Key, Grafiken und Messdaten f\u00fcr Ger\u00e4te mit Protokollfunktionen, usw.<\/p>\n\n\n\n<h3 class=\"wp-block-heading\">Eigene SIM-Karte<\/h3>\n\n\n\n<p style=\"font-size:15px\">Es ist m\u00f6glich eine eigene SIM-Karte zu verwenden. Wenn Sie Ihr Ger\u00e4t \u201eeigenst\u00e4ndig\u201c verwenden, k\u00f6nnen Sie die Vorteile des Mobeye Internet Portals nicht nutzen. Stellen Sie sicher, dass die Karte 2G, Anrufe und SMS zul\u00e4sst und das &#8222;normale Format&#8220; hat.<br>* Formal d\u00fcrfen in (allen) Ger\u00e4ten nur  &#8222;Maschine-zu-Maschine&#8220; SIM-Karten verwendet werden, und keine Konsumenten SIM-Karten. Dies ist ein weiterer Grund f\u00fcr die Wahl der Mobeye SIM-Karte.<\/p>\n<\/div><\/div>\n<\/div><\/section>\n\n\n\n<p style=\"font-size:15px\"><\/p>\n\n\n\n<p><\/p>\n","protected":false},"excerpt":{"rendered":"","protected":false},"author":6,"featured_media":1206,"parent":0,"menu_order":90,"comment_status":"closed","ping_status":"closed","template":"template-full-width.php","meta":{"footnotes":""},"class_list":["post-2179","page","type-page","status-publish","has-post-thumbnail","hentry"],"yoast_head":"<!-- This site is optimized with the Yoast SEO plugin v25.6 - https:\/\/yoast.com\/wordpress\/plugins\/seo\/ -->\n<title>SIM-Karten - Mobeye<\/title>\n<meta name=\"robots\" content=\"index, follow, max-snippet:-1, max-image-preview:large, max-video-preview:-1\" \/>\n<link rel=\"canonical\" href=\"https:\/\/www.mobeye.com\/de\/sim-karten\" \/>\n<meta property=\"og:locale\" content=\"de_DE\" \/>\n<meta property=\"og:type\" content=\"article\" \/>\n<meta property=\"og:title\" content=\"SIM-Karten - Mobeye\" \/>\n<meta property=\"og:url\" content=\"https:\/\/www.mobeye.com\/de\/sim-karten\" \/>\n<meta property=\"og:site_name\" content=\"Mobeye\" \/>\n<meta property=\"article:modified_time\" content=\"2024-09-10T18:53:24+00:00\" \/>\n<meta property=\"og:image\" content=\"https:\/\/www.mobeye.com\/files\/simcards.png\" \/>\n\t<meta property=\"og:image:width\" content=\"1439\" \/>\n\t<meta property=\"og:image:height\" content=\"406\" \/>\n\t<meta property=\"og:image:type\" content=\"image\/png\" \/>\n<meta name=\"twitter:card\" content=\"summary_large_image\" \/>\n<meta name=\"twitter:site\" content=\"@mobeye\" \/>\n<meta name=\"twitter:label1\" content=\"Gesch\u00e4tzte Lesezeit\" \/>\n\t<meta name=\"twitter:data1\" content=\"2\u00a0Minuten\" \/>\n<script type=\"application\/ld+json\" class=\"yoast-schema-graph\">{\"@context\":\"https:\/\/schema.org\",\"@graph\":[{\"@type\":\"WebPage\",\"@id\":\"https:\/\/www.mobeye.com\/de\/sim-karten\",\"url\":\"https:\/\/www.mobeye.com\/de\/sim-karten\",\"name\":\"SIM-Karten - Mobeye\",\"isPartOf\":{\"@id\":\"https:\/\/www.mobeye.com\/de#website\"},\"primaryImageOfPage\":{\"@id\":\"https:\/\/www.mobeye.com\/de\/sim-karten#primaryimage\"},\"image\":{\"@id\":\"https:\/\/www.mobeye.com\/de\/sim-karten#primaryimage\"},\"thumbnailUrl\":\"https:\/\/www.mobeye.com\/files\/simcards.png\",\"datePublished\":\"2020-03-09T20:34:01+00:00\",\"dateModified\":\"2024-09-10T18:53:24+00:00\",\"breadcrumb\":{\"@id\":\"https:\/\/www.mobeye.com\/de\/sim-karten#breadcrumb\"},\"inLanguage\":\"de\",\"potentialAction\":[{\"@type\":\"ReadAction\",\"target\":[\"https:\/\/www.mobeye.com\/de\/sim-karten\"]}]},{\"@type\":\"ImageObject\",\"inLanguage\":\"de\",\"@id\":\"https:\/\/www.mobeye.com\/de\/sim-karten#primaryimage\",\"url\":\"https:\/\/www.mobeye.com\/files\/simcards.png\",\"contentUrl\":\"https:\/\/www.mobeye.com\/files\/simcards.png\",\"width\":1439,\"height\":406},{\"@type\":\"BreadcrumbList\",\"@id\":\"https:\/\/www.mobeye.com\/de\/sim-karten#breadcrumb\",\"itemListElement\":[{\"@type\":\"ListItem\",\"position\":1,\"name\":\"Home\",\"item\":\"https:\/\/www.mobeye.com\/de\"},{\"@type\":\"ListItem\",\"position\":2,\"name\":\"SIM-Karten\"}]},{\"@type\":\"WebSite\",\"@id\":\"https:\/\/www.mobeye.com\/de#website\",\"url\":\"https:\/\/www.mobeye.com\/de\",\"name\":\"Mobeye\",\"description\":\"Mobeye alarm and monitoring products\",\"publisher\":{\"@id\":\"https:\/\/www.mobeye.com\/de#organization\"},\"potentialAction\":[{\"@type\":\"SearchAction\",\"target\":{\"@type\":\"EntryPoint\",\"urlTemplate\":\"https:\/\/www.mobeye.com\/de?s={search_term_string}\"},\"query-input\":{\"@type\":\"PropertyValueSpecification\",\"valueRequired\":true,\"valueName\":\"search_term_string\"}}],\"inLanguage\":\"de\"},{\"@type\":\"Organization\",\"@id\":\"https:\/\/www.mobeye.com\/de#organization\",\"name\":\"Mobeye\",\"url\":\"https:\/\/www.mobeye.com\/de\",\"logo\":{\"@type\":\"ImageObject\",\"inLanguage\":\"de\",\"@id\":\"https:\/\/www.mobeye.com\/de#\/schema\/logo\/image\/\",\"url\":\"https:\/\/www.mobeye.com\/files\/Mobeye-logo-600px.jpg\",\"contentUrl\":\"https:\/\/www.mobeye.com\/files\/Mobeye-logo-600px.jpg\",\"width\":675,\"height\":600,\"caption\":\"Mobeye\"},\"image\":{\"@id\":\"https:\/\/www.mobeye.com\/de#\/schema\/logo\/image\/\"},\"sameAs\":[\"https:\/\/x.com\/mobeye\",\"https:\/\/www.linkedin.com\/company\/mobeye\/\",\"https:\/\/nl.pinterest.com\/mobeye\/\",\"https:\/\/www.youtube.com\/user\/MobeyeBV\/\"]}]}<\/script>\n<!-- \/ Yoast SEO plugin. -->","yoast_head_json":{"title":"SIM-Karten - Mobeye","robots":{"index":"index","follow":"follow","max-snippet":"max-snippet:-1","max-image-preview":"max-image-preview:large","max-video-preview":"max-video-preview:-1"},"canonical":"https:\/\/www.mobeye.com\/de\/sim-karten","og_locale":"de_DE","og_type":"article","og_title":"SIM-Karten - Mobeye","og_url":"https:\/\/www.mobeye.com\/de\/sim-karten","og_site_name":"Mobeye","article_modified_time":"2024-09-10T18:53:24+00:00","og_image":[{"width":1439,"height":406,"url":"https:\/\/www.mobeye.com\/files\/simcards.png","type":"image\/png"}],"twitter_card":"summary_large_image","twitter_site":"@mobeye","twitter_misc":{"Gesch\u00e4tzte Lesezeit":"2\u00a0Minuten"},"schema":{"@context":"https:\/\/schema.org","@graph":[{"@type":"WebPage","@id":"https:\/\/www.mobeye.com\/de\/sim-karten","url":"https:\/\/www.mobeye.com\/de\/sim-karten","name":"SIM-Karten - Mobeye","isPartOf":{"@id":"https:\/\/www.mobeye.com\/de#website"},"primaryImageOfPage":{"@id":"https:\/\/www.mobeye.com\/de\/sim-karten#primaryimage"},"image":{"@id":"https:\/\/www.mobeye.com\/de\/sim-karten#primaryimage"},"thumbnailUrl":"https:\/\/www.mobeye.com\/files\/simcards.png","datePublished":"2020-03-09T20:34:01+00:00","dateModified":"2024-09-10T18:53:24+00:00","breadcrumb":{"@id":"https:\/\/www.mobeye.com\/de\/sim-karten#breadcrumb"},"inLanguage":"de","potentialAction":[{"@type":"ReadAction","target":["https:\/\/www.mobeye.com\/de\/sim-karten"]}]},{"@type":"ImageObject","inLanguage":"de","@id":"https:\/\/www.mobeye.com\/de\/sim-karten#primaryimage","url":"https:\/\/www.mobeye.com\/files\/simcards.png","contentUrl":"https:\/\/www.mobeye.com\/files\/simcards.png","width":1439,"height":406},{"@type":"BreadcrumbList","@id":"https:\/\/www.mobeye.com\/de\/sim-karten#breadcrumb","itemListElement":[{"@type":"ListItem","position":1,"name":"Home","item":"https:\/\/www.mobeye.com\/de"},{"@type":"ListItem","position":2,"name":"SIM-Karten"}]},{"@type":"WebSite","@id":"https:\/\/www.mobeye.com\/de#website","url":"https:\/\/www.mobeye.com\/de","name":"Mobeye","description":"Mobeye alarm and monitoring products","publisher":{"@id":"https:\/\/www.mobeye.com\/de#organization"},"potentialAction":[{"@type":"SearchAction","target":{"@type":"EntryPoint","urlTemplate":"https:\/\/www.mobeye.com\/de?s={search_term_string}"},"query-input":{"@type":"PropertyValueSpecification","valueRequired":true,"valueName":"search_term_string"}}],"inLanguage":"de"},{"@type":"Organization","@id":"https:\/\/www.mobeye.com\/de#organization","name":"Mobeye","url":"https:\/\/www.mobeye.com\/de","logo":{"@type":"ImageObject","inLanguage":"de","@id":"https:\/\/www.mobeye.com\/de#\/schema\/logo\/image\/","url":"https:\/\/www.mobeye.com\/files\/Mobeye-logo-600px.jpg","contentUrl":"https:\/\/www.mobeye.com\/files\/Mobeye-logo-600px.jpg","width":675,"height":600,"caption":"Mobeye"},"image":{"@id":"https:\/\/www.mobeye.com\/de#\/schema\/logo\/image\/"},"sameAs":["https:\/\/x.com\/mobeye","https:\/\/www.linkedin.com\/company\/mobeye\/","https:\/\/nl.pinterest.com\/mobeye\/","https:\/\/www.youtube.com\/user\/MobeyeBV\/"]}]}},"uagb_featured_image_src":{"full":["https:\/\/www.mobeye.com\/files\/simcards.png",1439,406,false],"thumbnail":["https:\/\/www.mobeye.com\/files\/simcards-150x150.png",150,150,true],"medium":["https:\/\/www.mobeye.com\/files\/simcards-300x85.png",300,85,true],"medium_large":["https:\/\/www.mobeye.com\/files\/simcards-768x217.png",768,217,true],"large":["https:\/\/www.mobeye.com\/files\/simcards-1024x289.png",1024,289,true],"1536x1536":["https:\/\/www.mobeye.com\/files\/simcards.png",1439,406,false],"2048x2048":["https:\/\/www.mobeye.com\/files\/simcards.png",1439,406,false]},"uagb_author_info":{"display_name":"Martine","author_link":"https:\/\/www.mobeye.com\/de\/author\/martine"},"uagb_comment_info":0,"uagb_excerpt":null,"_links":{"self":[{"href":"https:\/\/www.mobeye.com\/de\/wp-json\/wp\/v2\/pages\/2179"}],"collection":[{"href":"https:\/\/www.mobeye.com\/de\/wp-json\/wp\/v2\/pages"}],"about":[{"href":"https:\/\/www.mobeye.com\/de\/wp-json\/wp\/v2\/types\/page"}],"author":[{"embeddable":true,"href":"https:\/\/www.mobeye.com\/de\/wp-json\/wp\/v2\/users\/6"}],"replies":[{"embeddable":true,"href":"https:\/\/www.mobeye.com\/de\/wp-json\/wp\/v2\/comments?post=2179"}],"version-history":[{"count":8,"href":"https:\/\/www.mobeye.com\/de\/wp-json\/wp\/v2\/pages\/2179\/revisions"}],"predecessor-version":[{"id":12282,"href":"https:\/\/www.mobeye.com\/de\/wp-json\/wp\/v2\/pages\/2179\/revisions\/12282"}],"wp:featuredmedia":[{"embeddable":true,"href":"https:\/\/www.mobeye.com\/de\/wp-json\/wp\/v2\/media\/1206"}],"wp:attachment":[{"href":"https:\/\/www.mobeye.com\/de\/wp-json\/wp\/v2\/media?parent=2179"}],"curies":[{"name":"wp","href":"https:\/\/api.w.org\/{rel}","templated":true}]}}