{"id":2186,"date":"2020-03-09T20:56:12","date_gmt":"2020-03-09T20:56:12","guid":{"rendered":"https:\/\/www.mobeye.com\/?page_id=2186"},"modified":"2025-12-12T11:37:28","modified_gmt":"2025-12-12T09:37:28","slug":"sim-portal","status":"publish","type":"page","link":"https:\/\/www.mobeye.com\/de\/sim-portal","title":{"rendered":"SIM \/ Portal"},"content":{"rendered":"\n<section class=\"wp-block-uagb-columns uagb-columns__wrap uagb-columns__background-image uagb-columns__stack-mobile uagb-columns__valign-undefined uagb-columns__gap-10 alignundefined uagb-block-67e2034b\"><div class=\"uagb-columns__overlay\"><\/div><div class=\"uagb-columns__inner-wrap uagb-columns__columns-2\">\n<div class=\"wp-block-uagb-column uagb-column__wrap uagb-column__background-undefined uagb-block-6adc3190\"><div class=\"uagb-column__overlay\"><\/div><div class=\"uagb-column__inner-wrap\">\n<p><\/p>\n<\/div><\/div>\n\n\n\n<div class=\"wp-block-uagb-column uagb-column__wrap uagb-column__background-undefined uagb-block-d4b437d9\"><div class=\"uagb-column__overlay\"><\/div><div class=\"uagb-column__inner-wrap\"><\/div><\/div>\n<\/div><div class=\"uagb-columns__shape uagb-columns__shape-bottom\" data-negative=\"false\"><svg xmlns=\"http:\/\/www.w3.org\/2000\/svg\" viewBox=\"0 0 1000 100\" preserveAspectRatio=\"none\"><path class=\"uagb-columns__shape-fill\" d=\"M1000,4.3V0H0v4.3C0.9,23.1,126.7,99.2,500,100S1000,22.7,1000,4.3z\"><\/path><\/svg><\/div><\/section>\n\n\n\n<section class=\"wp-block-uagb-columns uagb-columns__wrap uagb-columns__background-undefined uagb-columns__stack-mobile uagb-columns__valign-undefined uagb-columns__gap-10 alignundefined uagb-block-a726bf21\"><div class=\"uagb-columns__overlay\"><\/div><div class=\"uagb-columns__inner-wrap uagb-columns__columns-1\">\n<div class=\"wp-block-uagb-column uagb-column__wrap uagb-column__background-undefined uagb-block-e53782b6\"><div class=\"uagb-column__overlay\"><\/div><div class=\"uagb-column__inner-wrap\">\n<h3 class=\"wp-block-heading has-text-align-center\">Preise f\u00fcr die Nutzung der Mobeye SIM-Karte<br>in Kombination mit dem Mobeye Internet Portal<\/h3>\n\n\n\n<p class=\"has-text-align-center\">Die Preise basieren auf einer Pauschalgeb\u00fchr f\u00fcr Europa bei fairer Nutzung*<\/p>\n<\/div><\/div>\n<\/div><\/section>\n\n\n\n<section class=\"wp-block-uagb-columns uagb-columns__wrap uagb-columns__background-undefined uagb-columns__stack-mobile uagb-columns__valign-undefined uagb-columns__gap-10 alignundefined uagb-block-63afce7c\"><div class=\"uagb-columns__overlay\"><\/div><div class=\"uagb-columns__inner-wrap uagb-columns__columns-1\">\n<div class=\"wp-block-uagb-column uagb-column__wrap uagb-column__background-undefined uagb-block-9edc8b29\"><div class=\"uagb-column__overlay\"><\/div><div class=\"uagb-column__inner-wrap\">\n<figure class=\"wp-block-table is-style-stripes small\"><table><tbody><tr><td><\/td><td><\/td><td><\/td><td><\/td><td><\/td><\/tr><tr><td><strong>Ger\u00e4tetyp<\/strong><\/td><td><strong>Portalfunktionalit\u00e4<\/strong>t<\/td><td><strong>Monatsrate<br>EUR exkl. MwSt.<\/strong><\/td><td><strong>Jahresrate<br>EUR exkl.  MwSt.<\/strong> <\/td><td><strong>Jahresrate<br>EUR inkl.  19% MwSt. <\/strong><\/td><\/tr><tr><td>iCM41, CM4000,CM4100<br>CM4200, CM4300, CM4300FS<br>CM4400, CM4410<br>CM4500, CM4600, CM4610, CM2-Serien<\/td><td>\u00dcberwachung und Alarm <\/td><td>4<\/td><td>48<\/td><td>57,12<\/td><\/tr><tr><td>CM4040, CM4042<\/td><td>\u00dcberwachung und Alarm (und Steuerung)<\/td><td>5<\/td><td>60<\/td><td>71,40<\/td><\/tr><tr><td>CML4055, CML4255<\/td><td>\u00dcberwachung, Alarmierung und Protokollierung<\/td><td>8<\/td><td>96<\/td><td>114,24<\/td><\/tr><tr><td>CML4275<\/td><td>\u00dcberwachung, Alarmierung und Protokollierung  <\/td><td>8<\/td><td>96<\/td><td>114,24<\/td><\/tr><tr><td><\/td><td>Extra: Smart Data Transfer<\/td><td>2<\/td><td>24<\/td><td>28,56<\/td><\/tr><tr><td><\/td><td>Extra: W\u00e4rme-Stunden<\/td><td>2<\/td><td>24<\/td><td>28,56<\/td><\/tr><tr><td>Call-Key<\/td><td>Max. 500 autorisierten Nummern<\/td><td>7<\/td><td>84<\/td><td>99,96<\/td><\/tr><tr><td><\/td><td>Erweiterung auf 1000 Nummern<\/td><td>3<\/td><td>36<\/td><td>42,84<\/td><\/tr><tr><td><\/td><td>Extra: Timers<\/td><td>3<\/td><td>36<\/td><td>42,84<\/td><\/tr><tr><td>CML4015<\/td><td><\/td><td>10<\/td><td>120<\/td><td>145,20<\/td><\/tr><tr><td>i110<\/td><td>\u00dcberwachung und Alarm<\/td><td>4<\/td><td>48<\/td><td>57,12<\/td><\/tr><tr><td>Argos<\/td><td>\u00dcberwachung, Alarmierung und Mith\u00f6ren<\/td><td>5<\/td><td>60<\/td><td>71,40<\/td><\/tr><\/tbody><\/table><\/figure>\n<\/div><\/div>\n<\/div><\/section>\n\n\n\n<section class=\"wp-block-uagb-columns uagb-columns__wrap uagb-columns__background-undefined uagb-columns__stack-mobile uagb-columns__valign-undefined uagb-columns__gap-10 alignundefined uagb-block-bfbeedfa\"><div class=\"uagb-columns__overlay\"><\/div><div class=\"uagb-columns__inner-wrap uagb-columns__columns-1\">\n<div class=\"wp-block-uagb-column uagb-column__wrap uagb-column__background-undefined uagb-block-d5d7a940\"><div class=\"uagb-column__overlay\"><\/div><div class=\"uagb-column__inner-wrap\">\n<p style=\"font-size:15px\">*CM4-Serie: Der Tarif f\u00fcr die Nutzung des Mobeye Internet Portal und der SIM-Karte ist als Pauschalpreis vorgesehen. Umfasst Portalnutzung, Ger\u00e4te-Portal-Kommunikation, Push-Benachrichtigungen (f\u00fcr die CM4-Serie) und E-Mails. Wird eine Push-Nachricht nicht best\u00e4tigt -oder alternativ zur App- sind SMS und Anrufe aus dem Portal m\u00f6glich. Pro Jahr werden daf\u00fcr 80 Gespr\u00e4chs-\/SMS-Guthaben in Anspruch genommen. Logging-Einstellungen wirken sich bei Ger\u00e4ten mit Logging-Funktion nicht auf den Preis aus.<\/p>\n\n\n\n<p style=\"font-size:15px\">*CM2-Serie: Der Tarif f\u00fcr die Nutzung des Mobeye Internet Portal und der SIM-Karte ist als Pauschalpreis vorgesehen. Dies umfasst die Portalnutzung, die Kommunikation zwischen Ger\u00e4t und Portal, (Fair Use)-Anrufe und E-Mails. F\u00fcr Benachrichtigungen per SMS gilt ein Guthabensystem. Pro Jahr werden daf\u00fcr 20 Gespr\u00e4chs-\/SMS-Guthaben in Anspruch genommen. Logging-Einstellungen wirken sich bei Ger\u00e4ten mit Logging-Funktion nicht auf den Preis aus.<\/p>\n\n\n\n<p style=\"font-size:15px\">*i110\/Argos: Der Tarif f\u00fcr die Nutzung des Mobeye Internet Portal und der SIM-Karte ist als Pauschalpreis vorgesehen. Dies umfasst die Portalnutzung, die Kommunikation zwischen Ger\u00e4t und Portal, E-Mails und (Fair-Use-)Anrufe. F\u00fcr Benachrichtigungen per SMS gilt ein Guthabensystem. Standardm\u00e4\u00dfig werden 40 SMS-Guthaben pro Jahr f\u00fcr Einbruchprodukte aufgeladen.<\/p>\n\n\n\n<p style=\"font-size:15px\">Zus\u00e4tzliche Guthaben k\u00f6nnen online aufgeladen werden und werden nicht verfallen.<br>50 Credits    \u20ac0,14\/St.  = \u20ac  7,00 zzgl. MwSt.<br>250 Credits   \u20ac0,12\/St. = \u20ac  30,00 zzgl. MwSt.<br>1000 Credits \u20ac0,10\/St. = \u20ac100,00 zzgl. MwSt.<\/p>\n\n\n\n<h3 class=\"wp-block-heading\">Keine SIM-Karte enthalten?<\/h3>\n\n\n\n<p style=\"font-size:15px\">Die Mobeye SIM-Karte ist in den meisten Lieferungen enthalten und kann online im Mobeye Internetportal aktiviert werden. Wenn die SIM-Karte fehlt, k\u00f6nnen Sie diese unter Angabe des Ger\u00e4tetyps und Ihrer Adresse kostenlos anfordern.<\/p>\n<\/div><\/div>\n<\/div><\/section>\n\n\n\n<section class=\"wp-block-uagb-columns uagb-columns__wrap uagb-columns__background-undefined uagb-columns__stack-mobile uagb-columns__valign-undefined uagb-columns__gap-10 alignundefined uagb-block-59bf04e3\"><div class=\"uagb-columns__overlay\"><\/div><div class=\"uagb-columns__inner-wrap uagb-columns__columns-2\">\n<div class=\"wp-block-uagb-column uagb-column__wrap uagb-column__background-undefined uagb-block-93c5890f\"><div class=\"uagb-column__overlay\"><\/div><div class=\"uagb-column__inner-wrap\">\n<div class=\"wp-block-rtgb-icon-box mkb-icon-box\"><figure><img decoding=\"async\" src=\"https:\/\/www.mobeye.com\/files\/2019\/09\/icon-producten.png\"\/><\/figure><div><h2 class=\"mkb-icon-box__title\"><\/h2><div class=\"mkb-icon-box__content\"><\/div><a href=\"https:\/\/www.mobeye.com\/de\/kontaktformular\" class=\"mkb-icon-box__button\">SIM-Karte anfragen<\/a><\/div><\/div>\n<\/div><\/div>\n\n\n\n<div class=\"wp-block-uagb-column uagb-column__wrap uagb-column__background-undefined uagb-block-0afa6161\"><div class=\"uagb-column__overlay\"><\/div><div class=\"uagb-column__inner-wrap\">\n<div class=\"wp-block-rtgb-icon-box mkb-icon-box\"><figure><img decoding=\"async\" src=\"https:\/\/www.mobeye.com\/files\/2019\/09\/icon-toepassingen.png\"\/><\/figure><div><h2 class=\"mkb-icon-box__title\"><\/h2><div class=\"mkb-icon-box__content\"><\/div><a href=\"https:\/\/www.mobeye.com\/de\/mobeye-internet-portal\" class=\"mkb-icon-box__button\">zum Mobeye Internet Portal<\/a><\/div><\/div>\n<\/div><\/div>\n<\/div><\/section>\n\n\n\n<p><\/p>\n","protected":false},"excerpt":{"rendered":"","protected":false},"author":6,"featured_media":0,"parent":0,"menu_order":89,"comment_status":"closed","ping_status":"closed","template":"template-full-width.php","meta":{"footnotes":""},"class_list":["post-2186","page","type-page","status-publish","hentry"],"yoast_head":"<!-- This site is optimized with the Yoast SEO plugin v25.6 - https:\/\/yoast.com\/wordpress\/plugins\/seo\/ -->\n<title>SIM \/ Portal - Mobeye<\/title>\n<meta name=\"robots\" content=\"index, follow, max-snippet:-1, max-image-preview:large, max-video-preview:-1\" \/>\n<link rel=\"canonical\" href=\"https:\/\/www.mobeye.com\/de\/sim-portal\" \/>\n<meta property=\"og:locale\" content=\"de_DE\" \/>\n<meta property=\"og:type\" content=\"article\" \/>\n<meta property=\"og:title\" content=\"SIM \/ Portal - Mobeye\" \/>\n<meta property=\"og:url\" content=\"https:\/\/www.mobeye.com\/de\/sim-portal\" \/>\n<meta property=\"og:site_name\" content=\"Mobeye\" \/>\n<meta property=\"article:modified_time\" content=\"2025-12-12T09:37:28+00:00\" \/>\n<meta property=\"og:image\" content=\"https:\/\/www.mobeye.com\/files\/2019\/09\/icon-producten.png\" \/>\n<meta name=\"twitter:card\" content=\"summary_large_image\" \/>\n<meta name=\"twitter:site\" content=\"@mobeye\" \/>\n<meta name=\"twitter:label1\" content=\"Gesch\u00e4tzte Lesezeit\" \/>\n\t<meta name=\"twitter:data1\" content=\"3\u00a0Minuten\" \/>\n<script type=\"application\/ld+json\" class=\"yoast-schema-graph\">{\"@context\":\"https:\/\/schema.org\",\"@graph\":[{\"@type\":\"WebPage\",\"@id\":\"https:\/\/www.mobeye.com\/de\/sim-portal\",\"url\":\"https:\/\/www.mobeye.com\/de\/sim-portal\",\"name\":\"SIM \/ Portal - Mobeye\",\"isPartOf\":{\"@id\":\"https:\/\/www.mobeye.com\/de#website\"},\"primaryImageOfPage\":{\"@id\":\"https:\/\/www.mobeye.com\/de\/sim-portal#primaryimage\"},\"image\":{\"@id\":\"https:\/\/www.mobeye.com\/de\/sim-portal#primaryimage\"},\"thumbnailUrl\":\"https:\/\/www.mobeye.com\/files\/2019\/09\/icon-producten.png\",\"datePublished\":\"2020-03-09T20:56:12+00:00\",\"dateModified\":\"2025-12-12T09:37:28+00:00\",\"breadcrumb\":{\"@id\":\"https:\/\/www.mobeye.com\/de\/sim-portal#breadcrumb\"},\"inLanguage\":\"de\",\"potentialAction\":[{\"@type\":\"ReadAction\",\"target\":[\"https:\/\/www.mobeye.com\/de\/sim-portal\"]}]},{\"@type\":\"ImageObject\",\"inLanguage\":\"de\",\"@id\":\"https:\/\/www.mobeye.com\/de\/sim-portal#primaryimage\",\"url\":\"https:\/\/www.mobeye.com\/files\/2019\/09\/icon-producten.png\",\"contentUrl\":\"https:\/\/www.mobeye.com\/files\/2019\/09\/icon-producten.png\"},{\"@type\":\"BreadcrumbList\",\"@id\":\"https:\/\/www.mobeye.com\/de\/sim-portal#breadcrumb\",\"itemListElement\":[{\"@type\":\"ListItem\",\"position\":1,\"name\":\"Home\",\"item\":\"https:\/\/www.mobeye.com\/de\"},{\"@type\":\"ListItem\",\"position\":2,\"name\":\"SIM \/ Portal\"}]},{\"@type\":\"WebSite\",\"@id\":\"https:\/\/www.mobeye.com\/de#website\",\"url\":\"https:\/\/www.mobeye.com\/de\",\"name\":\"Mobeye\",\"description\":\"Mobeye alarm and monitoring products\",\"publisher\":{\"@id\":\"https:\/\/www.mobeye.com\/de#organization\"},\"potentialAction\":[{\"@type\":\"SearchAction\",\"target\":{\"@type\":\"EntryPoint\",\"urlTemplate\":\"https:\/\/www.mobeye.com\/de?s={search_term_string}\"},\"query-input\":{\"@type\":\"PropertyValueSpecification\",\"valueRequired\":true,\"valueName\":\"search_term_string\"}}],\"inLanguage\":\"de\"},{\"@type\":\"Organization\",\"@id\":\"https:\/\/www.mobeye.com\/de#organization\",\"name\":\"Mobeye\",\"url\":\"https:\/\/www.mobeye.com\/de\",\"logo\":{\"@type\":\"ImageObject\",\"inLanguage\":\"de\",\"@id\":\"https:\/\/www.mobeye.com\/de#\/schema\/logo\/image\/\",\"url\":\"https:\/\/www.mobeye.com\/files\/Mobeye-logo-600px.jpg\",\"contentUrl\":\"https:\/\/www.mobeye.com\/files\/Mobeye-logo-600px.jpg\",\"width\":675,\"height\":600,\"caption\":\"Mobeye\"},\"image\":{\"@id\":\"https:\/\/www.mobeye.com\/de#\/schema\/logo\/image\/\"},\"sameAs\":[\"https:\/\/x.com\/mobeye\",\"https:\/\/www.linkedin.com\/company\/mobeye\/\",\"https:\/\/nl.pinterest.com\/mobeye\/\",\"https:\/\/www.youtube.com\/user\/MobeyeBV\/\"]}]}<\/script>\n<!-- \/ Yoast SEO plugin. -->","yoast_head_json":{"title":"SIM \/ Portal - Mobeye","robots":{"index":"index","follow":"follow","max-snippet":"max-snippet:-1","max-image-preview":"max-image-preview:large","max-video-preview":"max-video-preview:-1"},"canonical":"https:\/\/www.mobeye.com\/de\/sim-portal","og_locale":"de_DE","og_type":"article","og_title":"SIM \/ Portal - Mobeye","og_url":"https:\/\/www.mobeye.com\/de\/sim-portal","og_site_name":"Mobeye","article_modified_time":"2025-12-12T09:37:28+00:00","og_image":[{"url":"https:\/\/www.mobeye.com\/files\/2019\/09\/icon-producten.png","type":"","width":"","height":""}],"twitter_card":"summary_large_image","twitter_site":"@mobeye","twitter_misc":{"Gesch\u00e4tzte Lesezeit":"3\u00a0Minuten"},"schema":{"@context":"https:\/\/schema.org","@graph":[{"@type":"WebPage","@id":"https:\/\/www.mobeye.com\/de\/sim-portal","url":"https:\/\/www.mobeye.com\/de\/sim-portal","name":"SIM \/ Portal - Mobeye","isPartOf":{"@id":"https:\/\/www.mobeye.com\/de#website"},"primaryImageOfPage":{"@id":"https:\/\/www.mobeye.com\/de\/sim-portal#primaryimage"},"image":{"@id":"https:\/\/www.mobeye.com\/de\/sim-portal#primaryimage"},"thumbnailUrl":"https:\/\/www.mobeye.com\/files\/2019\/09\/icon-producten.png","datePublished":"2020-03-09T20:56:12+00:00","dateModified":"2025-12-12T09:37:28+00:00","breadcrumb":{"@id":"https:\/\/www.mobeye.com\/de\/sim-portal#breadcrumb"},"inLanguage":"de","potentialAction":[{"@type":"ReadAction","target":["https:\/\/www.mobeye.com\/de\/sim-portal"]}]},{"@type":"ImageObject","inLanguage":"de","@id":"https:\/\/www.mobeye.com\/de\/sim-portal#primaryimage","url":"https:\/\/www.mobeye.com\/files\/2019\/09\/icon-producten.png","contentUrl":"https:\/\/www.mobeye.com\/files\/2019\/09\/icon-producten.png"},{"@type":"BreadcrumbList","@id":"https:\/\/www.mobeye.com\/de\/sim-portal#breadcrumb","itemListElement":[{"@type":"ListItem","position":1,"name":"Home","item":"https:\/\/www.mobeye.com\/de"},{"@type":"ListItem","position":2,"name":"SIM \/ Portal"}]},{"@type":"WebSite","@id":"https:\/\/www.mobeye.com\/de#website","url":"https:\/\/www.mobeye.com\/de","name":"Mobeye","description":"Mobeye alarm and monitoring products","publisher":{"@id":"https:\/\/www.mobeye.com\/de#organization"},"potentialAction":[{"@type":"SearchAction","target":{"@type":"EntryPoint","urlTemplate":"https:\/\/www.mobeye.com\/de?s={search_term_string}"},"query-input":{"@type":"PropertyValueSpecification","valueRequired":true,"valueName":"search_term_string"}}],"inLanguage":"de"},{"@type":"Organization","@id":"https:\/\/www.mobeye.com\/de#organization","name":"Mobeye","url":"https:\/\/www.mobeye.com\/de","logo":{"@type":"ImageObject","inLanguage":"de","@id":"https:\/\/www.mobeye.com\/de#\/schema\/logo\/image\/","url":"https:\/\/www.mobeye.com\/files\/Mobeye-logo-600px.jpg","contentUrl":"https:\/\/www.mobeye.com\/files\/Mobeye-logo-600px.jpg","width":675,"height":600,"caption":"Mobeye"},"image":{"@id":"https:\/\/www.mobeye.com\/de#\/schema\/logo\/image\/"},"sameAs":["https:\/\/x.com\/mobeye","https:\/\/www.linkedin.com\/company\/mobeye\/","https:\/\/nl.pinterest.com\/mobeye\/","https:\/\/www.youtube.com\/user\/MobeyeBV\/"]}]}},"uagb_featured_image_src":{"full":false,"thumbnail":false,"medium":false,"medium_large":false,"large":false,"1536x1536":false,"2048x2048":false},"uagb_author_info":{"display_name":"Martine","author_link":"https:\/\/www.mobeye.com\/de\/author\/martine"},"uagb_comment_info":0,"uagb_excerpt":null,"_links":{"self":[{"href":"https:\/\/www.mobeye.com\/de\/wp-json\/wp\/v2\/pages\/2186"}],"collection":[{"href":"https:\/\/www.mobeye.com\/de\/wp-json\/wp\/v2\/pages"}],"about":[{"href":"https:\/\/www.mobeye.com\/de\/wp-json\/wp\/v2\/types\/page"}],"author":[{"embeddable":true,"href":"https:\/\/www.mobeye.com\/de\/wp-json\/wp\/v2\/users\/6"}],"replies":[{"embeddable":true,"href":"https:\/\/www.mobeye.com\/de\/wp-json\/wp\/v2\/comments?post=2186"}],"version-history":[{"count":22,"href":"https:\/\/www.mobeye.com\/de\/wp-json\/wp\/v2\/pages\/2186\/revisions"}],"predecessor-version":[{"id":13021,"href":"https:\/\/www.mobeye.com\/de\/wp-json\/wp\/v2\/pages\/2186\/revisions\/13021"}],"wp:attachment":[{"href":"https:\/\/www.mobeye.com\/de\/wp-json\/wp\/v2\/media?parent=2186"}],"curies":[{"name":"wp","href":"https:\/\/api.w.org\/{rel}","templated":true}]}}