{"id":2223,"date":"2020-03-10T14:34:42","date_gmt":"2020-03-10T14:34:42","guid":{"rendered":"https:\/\/www.mobeye.com\/?page_id=2223"},"modified":"2024-09-10T20:58:27","modified_gmt":"2024-09-10T18:58:27","slug":"oem-produkte","status":"publish","type":"page","link":"https:\/\/www.mobeye.com\/de\/oem-produkte","title":{"rendered":"OEM-Produkte"},"content":{"rendered":"\n<section class=\"wp-block-uagb-columns uagb-columns__wrap uagb-columns__background-undefined uagb-columns__stack-mobile uagb-columns__valign-undefined uagb-columns__gap-10 alignundefined uagb-block-8d9b4d5b\"><div class=\"uagb-columns__overlay\"><\/div><div class=\"uagb-columns__inner-wrap uagb-columns__columns-1\">\n<div class=\"wp-block-uagb-column uagb-column__wrap uagb-column__background-undefined uagb-block-99eb44e1\"><div class=\"uagb-column__overlay\"><\/div><div class=\"uagb-column__inner-wrap\">\n<h2 class=\"wp-block-heading\">Ma\u00dfgeschneiderte L\u00f6sungen<\/h2>\n\n\n\n<p style=\"font-size:15px\">Auf der Website finden Sie die Produkte der Marke Mobeye. Produkte, die f\u00fcr viele Menschen und viele Anwendungen sinnvolle Funktionen ausf\u00fchren, um Schl\u00fcsselwerte zu \u00fcberwachen und zu verwalten. <\/p>\n\n\n\n<div class=\"wp-block-columns is-layout-flex wp-container-core-columns-is-layout-1 wp-block-columns-is-layout-flex\">\n<div class=\"wp-block-column is-layout-flow wp-block-column-is-layout-flow\">\n<p style=\"font-size:15px\">Mobeye entwickelt und produziert auch im Auftrag anderer Hersteller und  Lieferanten. Dies sind sowohl Endprodukte als auch Halbzeuge. Die  Technologie f\u00fcr diese Produkte basiert normalerweise auf denselben  Hardware- und Softwareplattformen wie die Mobeye-Produkte. Auf diese  Weise wird auch bei den ma\u00dfgeschneiderten Produkten Zuverl\u00e4ssigkeit  garantiert. Spezifische Funktionen, Einstellungen und Designs werden  basierend auf den Kundenanforderungen entwickelt. Weil wir glauben, dass  die besten L\u00f6sungen nur gebaut werden k\u00f6nnen, wenn Sie und wir das  Wissen \u00fcber die Feldanwendung und die Technologie integrieren. <\/p>\n<\/div>\n\n\n\n<div class=\"wp-block-column is-layout-flow wp-block-column-is-layout-flow\">\n<div style=\"height:27px\" aria-hidden=\"true\" class=\"wp-block-spacer\"><\/div>\n\n\n\n<figure class=\"wp-block-image size-full\"><img loading=\"lazy\" decoding=\"async\" width=\"504\" height=\"214\" src=\"https:\/\/www.mobeye.com\/files\/IP-Mobeye-inside.jpg\" alt=\"\" class=\"wp-image-2232\" srcset=\"https:\/\/www.mobeye.com\/files\/IP-Mobeye-inside.jpg 504w, https:\/\/www.mobeye.com\/files\/IP-Mobeye-inside-300x127.jpg 300w\" sizes=\"(max-width: 504px) 100vw, 504px\" \/><\/figure>\n<\/div>\n<\/div>\n<\/div><\/div>\n<\/div><\/section>\n\n\n\n<section class=\"wp-block-uagb-columns uagb-columns__wrap uagb-columns__background-undefined uagb-columns__stack-mobile uagb-columns__valign-undefined uagb-columns__gap-10 alignundefined uagb-block-fa5c49d2\"><div class=\"uagb-columns__overlay\"><\/div><div class=\"uagb-columns__inner-wrap uagb-columns__columns-1\">\n<div class=\"wp-block-uagb-column uagb-column__wrap uagb-column__background-undefined uagb-block-8fc4352b\"><div class=\"uagb-column__overlay\"><\/div><div class=\"uagb-column__inner-wrap\">\n<p style=\"font-size:15px\">Haben Sie eine Frage zu einer bestimmten Telemetrie- oder \u00dcberwachungsl\u00f6sung, einem Integratormodul oder einem OEM-Produkt? Bitte kontaktieren Sie uns \u00fcber das <a href=\"https:\/\/www.mobeye.com\/de\/kontaktformular\">Mobeye Kontaktformular<\/a>.<\/p>\n<\/div><\/div>\n<\/div><\/section>\n\n\n\n<p style=\"font-size:15px\"><\/p>\n","protected":false},"excerpt":{"rendered":"","protected":false},"author":6,"featured_media":0,"parent":0,"menu_order":97,"comment_status":"closed","ping_status":"closed","template":"template-full-width.php","meta":{"footnotes":""},"class_list":["post-2223","page","type-page","status-publish","hentry"],"yoast_head":"<!-- This site is optimized with the Yoast SEO plugin v25.6 - https:\/\/yoast.com\/wordpress\/plugins\/seo\/ -->\n<title>OEM-Produkte - Mobeye<\/title>\n<meta name=\"robots\" content=\"index, follow, max-snippet:-1, max-image-preview:large, max-video-preview:-1\" \/>\n<link rel=\"canonical\" href=\"https:\/\/www.mobeye.com\/de\/oem-produkte\" \/>\n<meta property=\"og:locale\" content=\"de_DE\" \/>\n<meta property=\"og:type\" content=\"article\" \/>\n<meta property=\"og:title\" content=\"OEM-Produkte - Mobeye\" \/>\n<meta property=\"og:url\" content=\"https:\/\/www.mobeye.com\/de\/oem-produkte\" \/>\n<meta property=\"og:site_name\" content=\"Mobeye\" \/>\n<meta property=\"article:modified_time\" content=\"2024-09-10T18:58:27+00:00\" \/>\n<meta property=\"og:image\" content=\"https:\/\/www.mobeye.com\/files\/IP-Mobeye-inside.jpg\" \/>\n<meta name=\"twitter:card\" content=\"summary_large_image\" \/>\n<meta name=\"twitter:site\" content=\"@mobeye\" \/>\n<meta name=\"twitter:label1\" content=\"Gesch\u00e4tzte Lesezeit\" \/>\n\t<meta name=\"twitter:data1\" content=\"1\u00a0Minute\" \/>\n<script type=\"application\/ld+json\" class=\"yoast-schema-graph\">{\"@context\":\"https:\/\/schema.org\",\"@graph\":[{\"@type\":\"WebPage\",\"@id\":\"https:\/\/www.mobeye.com\/de\/oem-produkte\",\"url\":\"https:\/\/www.mobeye.com\/de\/oem-produkte\",\"name\":\"OEM-Produkte - Mobeye\",\"isPartOf\":{\"@id\":\"https:\/\/www.mobeye.com\/de#website\"},\"primaryImageOfPage\":{\"@id\":\"https:\/\/www.mobeye.com\/de\/oem-produkte#primaryimage\"},\"image\":{\"@id\":\"https:\/\/www.mobeye.com\/de\/oem-produkte#primaryimage\"},\"thumbnailUrl\":\"https:\/\/www.mobeye.com\/files\/IP-Mobeye-inside.jpg\",\"datePublished\":\"2020-03-10T14:34:42+00:00\",\"dateModified\":\"2024-09-10T18:58:27+00:00\",\"breadcrumb\":{\"@id\":\"https:\/\/www.mobeye.com\/de\/oem-produkte#breadcrumb\"},\"inLanguage\":\"de\",\"potentialAction\":[{\"@type\":\"ReadAction\",\"target\":[\"https:\/\/www.mobeye.com\/de\/oem-produkte\"]}]},{\"@type\":\"ImageObject\",\"inLanguage\":\"de\",\"@id\":\"https:\/\/www.mobeye.com\/de\/oem-produkte#primaryimage\",\"url\":\"https:\/\/www.mobeye.com\/files\/IP-Mobeye-inside.jpg\",\"contentUrl\":\"https:\/\/www.mobeye.com\/files\/IP-Mobeye-inside.jpg\"},{\"@type\":\"BreadcrumbList\",\"@id\":\"https:\/\/www.mobeye.com\/de\/oem-produkte#breadcrumb\",\"itemListElement\":[{\"@type\":\"ListItem\",\"position\":1,\"name\":\"Home\",\"item\":\"https:\/\/www.mobeye.com\/de\"},{\"@type\":\"ListItem\",\"position\":2,\"name\":\"OEM-Produkte\"}]},{\"@type\":\"WebSite\",\"@id\":\"https:\/\/www.mobeye.com\/de#website\",\"url\":\"https:\/\/www.mobeye.com\/de\",\"name\":\"Mobeye\",\"description\":\"Mobeye alarm and monitoring products\",\"publisher\":{\"@id\":\"https:\/\/www.mobeye.com\/de#organization\"},\"potentialAction\":[{\"@type\":\"SearchAction\",\"target\":{\"@type\":\"EntryPoint\",\"urlTemplate\":\"https:\/\/www.mobeye.com\/de?s={search_term_string}\"},\"query-input\":{\"@type\":\"PropertyValueSpecification\",\"valueRequired\":true,\"valueName\":\"search_term_string\"}}],\"inLanguage\":\"de\"},{\"@type\":\"Organization\",\"@id\":\"https:\/\/www.mobeye.com\/de#organization\",\"name\":\"Mobeye\",\"url\":\"https:\/\/www.mobeye.com\/de\",\"logo\":{\"@type\":\"ImageObject\",\"inLanguage\":\"de\",\"@id\":\"https:\/\/www.mobeye.com\/de#\/schema\/logo\/image\/\",\"url\":\"https:\/\/www.mobeye.com\/files\/Mobeye-logo-600px.jpg\",\"contentUrl\":\"https:\/\/www.mobeye.com\/files\/Mobeye-logo-600px.jpg\",\"width\":675,\"height\":600,\"caption\":\"Mobeye\"},\"image\":{\"@id\":\"https:\/\/www.mobeye.com\/de#\/schema\/logo\/image\/\"},\"sameAs\":[\"https:\/\/x.com\/mobeye\",\"https:\/\/www.linkedin.com\/company\/mobeye\/\",\"https:\/\/nl.pinterest.com\/mobeye\/\",\"https:\/\/www.youtube.com\/user\/MobeyeBV\/\"]}]}<\/script>\n<!-- \/ Yoast SEO plugin. -->","yoast_head_json":{"title":"OEM-Produkte - Mobeye","robots":{"index":"index","follow":"follow","max-snippet":"max-snippet:-1","max-image-preview":"max-image-preview:large","max-video-preview":"max-video-preview:-1"},"canonical":"https:\/\/www.mobeye.com\/de\/oem-produkte","og_locale":"de_DE","og_type":"article","og_title":"OEM-Produkte - Mobeye","og_url":"https:\/\/www.mobeye.com\/de\/oem-produkte","og_site_name":"Mobeye","article_modified_time":"2024-09-10T18:58:27+00:00","og_image":[{"url":"https:\/\/www.mobeye.com\/files\/IP-Mobeye-inside.jpg","type":"","width":"","height":""}],"twitter_card":"summary_large_image","twitter_site":"@mobeye","twitter_misc":{"Gesch\u00e4tzte Lesezeit":"1\u00a0Minute"},"schema":{"@context":"https:\/\/schema.org","@graph":[{"@type":"WebPage","@id":"https:\/\/www.mobeye.com\/de\/oem-produkte","url":"https:\/\/www.mobeye.com\/de\/oem-produkte","name":"OEM-Produkte - Mobeye","isPartOf":{"@id":"https:\/\/www.mobeye.com\/de#website"},"primaryImageOfPage":{"@id":"https:\/\/www.mobeye.com\/de\/oem-produkte#primaryimage"},"image":{"@id":"https:\/\/www.mobeye.com\/de\/oem-produkte#primaryimage"},"thumbnailUrl":"https:\/\/www.mobeye.com\/files\/IP-Mobeye-inside.jpg","datePublished":"2020-03-10T14:34:42+00:00","dateModified":"2024-09-10T18:58:27+00:00","breadcrumb":{"@id":"https:\/\/www.mobeye.com\/de\/oem-produkte#breadcrumb"},"inLanguage":"de","potentialAction":[{"@type":"ReadAction","target":["https:\/\/www.mobeye.com\/de\/oem-produkte"]}]},{"@type":"ImageObject","inLanguage":"de","@id":"https:\/\/www.mobeye.com\/de\/oem-produkte#primaryimage","url":"https:\/\/www.mobeye.com\/files\/IP-Mobeye-inside.jpg","contentUrl":"https:\/\/www.mobeye.com\/files\/IP-Mobeye-inside.jpg"},{"@type":"BreadcrumbList","@id":"https:\/\/www.mobeye.com\/de\/oem-produkte#breadcrumb","itemListElement":[{"@type":"ListItem","position":1,"name":"Home","item":"https:\/\/www.mobeye.com\/de"},{"@type":"ListItem","position":2,"name":"OEM-Produkte"}]},{"@type":"WebSite","@id":"https:\/\/www.mobeye.com\/de#website","url":"https:\/\/www.mobeye.com\/de","name":"Mobeye","description":"Mobeye alarm and monitoring products","publisher":{"@id":"https:\/\/www.mobeye.com\/de#organization"},"potentialAction":[{"@type":"SearchAction","target":{"@type":"EntryPoint","urlTemplate":"https:\/\/www.mobeye.com\/de?s={search_term_string}"},"query-input":{"@type":"PropertyValueSpecification","valueRequired":true,"valueName":"search_term_string"}}],"inLanguage":"de"},{"@type":"Organization","@id":"https:\/\/www.mobeye.com\/de#organization","name":"Mobeye","url":"https:\/\/www.mobeye.com\/de","logo":{"@type":"ImageObject","inLanguage":"de","@id":"https:\/\/www.mobeye.com\/de#\/schema\/logo\/image\/","url":"https:\/\/www.mobeye.com\/files\/Mobeye-logo-600px.jpg","contentUrl":"https:\/\/www.mobeye.com\/files\/Mobeye-logo-600px.jpg","width":675,"height":600,"caption":"Mobeye"},"image":{"@id":"https:\/\/www.mobeye.com\/de#\/schema\/logo\/image\/"},"sameAs":["https:\/\/x.com\/mobeye","https:\/\/www.linkedin.com\/company\/mobeye\/","https:\/\/nl.pinterest.com\/mobeye\/","https:\/\/www.youtube.com\/user\/MobeyeBV\/"]}]}},"uagb_featured_image_src":{"full":false,"thumbnail":false,"medium":false,"medium_large":false,"large":false,"1536x1536":false,"2048x2048":false},"uagb_author_info":{"display_name":"Martine","author_link":"https:\/\/www.mobeye.com\/de\/author\/martine"},"uagb_comment_info":0,"uagb_excerpt":null,"_links":{"self":[{"href":"https:\/\/www.mobeye.com\/de\/wp-json\/wp\/v2\/pages\/2223"}],"collection":[{"href":"https:\/\/www.mobeye.com\/de\/wp-json\/wp\/v2\/pages"}],"about":[{"href":"https:\/\/www.mobeye.com\/de\/wp-json\/wp\/v2\/types\/page"}],"author":[{"embeddable":true,"href":"https:\/\/www.mobeye.com\/de\/wp-json\/wp\/v2\/users\/6"}],"replies":[{"embeddable":true,"href":"https:\/\/www.mobeye.com\/de\/wp-json\/wp\/v2\/comments?post=2223"}],"version-history":[{"count":15,"href":"https:\/\/www.mobeye.com\/de\/wp-json\/wp\/v2\/pages\/2223\/revisions"}],"predecessor-version":[{"id":12287,"href":"https:\/\/www.mobeye.com\/de\/wp-json\/wp\/v2\/pages\/2223\/revisions\/12287"}],"wp:attachment":[{"href":"https:\/\/www.mobeye.com\/de\/wp-json\/wp\/v2\/media?parent=2223"}],"curies":[{"name":"wp","href":"https:\/\/api.w.org\/{rel}","templated":true}]}}