{"id":2987,"date":"2020-04-13T09:56:57","date_gmt":"2020-04-13T09:56:57","guid":{"rendered":"https:\/\/www.mobeye.com\/?page_id=2987"},"modified":"2023-02-16T16:06:38","modified_gmt":"2023-02-16T14:06:38","slug":"faq22","status":"publish","type":"page","link":"https:\/\/www.mobeye.com\/de\/faq22","title":{"rendered":"FAQs (oud\/22)"},"content":{"rendered":"\n<p style=\"font-size:15px\">Auf den Service- und Supportseiten finden Sie zus\u00e4tzliche Informationen zu den Mobeye Produkten. Neben den Benutzertipps auch verschiedene zus\u00e4tzliche Optionen f\u00fcr den fortgeschrittenen Benutzer; wenn Ihre Frage nicht beantwortet wird, kontaktieren Sie uns bitte.<\/p>\n\n\n\n<div class=\"wp-block-rtgb-title mkb-title\"><div class=\"container\"><h2 class=\"mkb-title__title\">W\u00e4hlen Sie Ihre Produktgruppe f\u00fcr den Support<\/h2><\/div><\/div>\n\n\n\n<div class=\"wp-block-columns is-layout-flex wp-container-core-columns-is-layout-1 wp-block-columns-is-layout-flex\">\n<div class=\"wp-block-column is-layout-flow wp-block-column-is-layout-flow\">\n<div class=\"wp-block-media-text alignwide is-stacked-on-mobile has-very-light-gray-background-color has-background\" style=\"grid-template-columns:26% auto\"><figure class=\"wp-block-media-text__media\"><img loading=\"lazy\" decoding=\"async\" width=\"120\" height=\"120\" src=\"https:\/\/www.mobeye.com\/files\/IPA-CM2200.png\" alt=\"\" class=\"wp-image-6077 size-full\"\/><\/figure><div class=\"wp-block-media-text__content\">\n<div style=\"height:20px\" aria-hidden=\"true\" class=\"wp-block-spacer\"><\/div>\n\n\n\n<h5 class=\"wp-block-heading\" id=\"underline\">GEHEN SIE ZU &#8230;<\/h5>\n\n\n\n<p class=\"has-very-dark-gray-color has-text-color has-medium-font-size\"><a href=\"https:\/\/www.mobeye.com\/de\/faqs\/support-cm\">Unterst\u00fctzung f\u00fcr<br> &#8222;CM&#8220; -\u00dcberwachungsprodukte<\/a><\/p>\n\n\n\n<div style=\"height:20px\" aria-hidden=\"true\" class=\"wp-block-spacer\"><\/div>\n<\/div><\/div>\n<\/div>\n\n\n\n<div class=\"wp-block-column is-layout-flow wp-block-column-is-layout-flow\">\n<div class=\"wp-block-media-text alignwide is-stacked-on-mobile has-very-light-gray-background-color has-background\" style=\"grid-template-columns:27% auto\"><figure class=\"wp-block-media-text__media\"><img loading=\"lazy\" decoding=\"async\" width=\"150\" height=\"150\" src=\"https:\/\/www.mobeye.com\/files\/IPA-Argos.png\" alt=\"\" class=\"wp-image-6083 size-full\"\/><\/figure><div class=\"wp-block-media-text__content\">\n<div style=\"height:20px\" aria-hidden=\"true\" class=\"wp-block-spacer\"><\/div>\n\n\n\n<h5 class=\"wp-block-heading\">GEHEN SIE ZU &#8230;<\/h5>\n\n\n\n<p class=\"has-very-dark-gray-color has-text-color has-medium-font-size\"><a href=\"https:\/\/www.mobeye.com\/de\/faqs\/support-einbruch\">Unterst\u00fctzung f\u00fcr<\/a><br><a href=\"https:\/\/www.mobeye.com\/de\/faqs\/support-einbruch\">Einbruchprodukte<\/a><\/p>\n\n\n\n<div style=\"height:20px\" aria-hidden=\"true\" class=\"wp-block-spacer\"><\/div>\n<\/div><\/div>\n<\/div>\n<\/div>\n\n\n\n<div class=\"wp-block-columns is-layout-flex wp-container-core-columns-is-layout-2 wp-block-columns-is-layout-flex\">\n<div class=\"wp-block-column is-layout-flow wp-block-column-is-layout-flow\">\n<div class=\"wp-block-media-text alignwide is-stacked-on-mobile has-very-light-gray-background-color has-background\" style=\"grid-template-columns:27% auto\"><figure class=\"wp-block-media-text__media\"><img loading=\"lazy\" decoding=\"async\" width=\"120\" height=\"120\" src=\"https:\/\/www.mobeye.com\/files\/IPA-MS100.png\" alt=\"\" class=\"wp-image-5486 size-full\"\/><\/figure><div class=\"wp-block-media-text__content\">\n<div style=\"height:20px\" aria-hidden=\"true\" class=\"wp-block-spacer\"><\/div>\n\n\n\n<h5 class=\"wp-block-heading\" id=\"underline\">GEHEN SIE ZU &#8230;<\/h5>\n\n\n\n<p class=\"has-very-dark-gray-color has-text-color has-medium-font-size\"><a href=\"https:\/\/www.mobeye.com\/de\/faqs\/support-ms-serien\">Unterst\u00fctzung f\u00fcr<br>&#8222;MS&#8220; Telemetrieprodukte<\/a><\/p>\n\n\n\n<div style=\"height:20px\" aria-hidden=\"true\" class=\"wp-block-spacer\"><\/div>\n<\/div><\/div>\n<\/div>\n\n\n\n<div class=\"wp-block-column is-layout-flow wp-block-column-is-layout-flow\">\n<div class=\"wp-block-media-text alignwide is-stacked-on-mobile has-very-light-gray-background-color has-background\" style=\"grid-template-columns:27% auto\"><figure class=\"wp-block-media-text__media\"><img loading=\"lazy\" decoding=\"async\" width=\"140\" height=\"140\" src=\"https:\/\/www.mobeye.com\/files\/IPA-OPENGATE-DE.png\" alt=\"\" class=\"wp-image-6173 size-full\"\/><\/figure><div class=\"wp-block-media-text__content\">\n<div style=\"height:20px\" aria-hidden=\"true\" class=\"wp-block-spacer\"><\/div>\n\n\n\n<h5 class=\"wp-block-heading\">GEHEN SIE ZU &#8230;<\/h5>\n\n\n\n<p class=\"has-very-dark-gray-color has-text-color has-medium-font-size\"><a href=\"https:\/\/www.mobeye.com\/faqs\/support-mck100\">Unterst\u00fctzung f\u00fcr<\/a><br><a href=\"https:\/\/www.mobeye.com\/de\/faqs\/support-mck100\">Call-Key-GSM-\u00d6ffner<\/a><\/p>\n\n\n\n<div style=\"height:20px\" aria-hidden=\"true\" class=\"wp-block-spacer\"><\/div>\n<\/div><\/div>\n<\/div>\n<\/div>\n\n\n\n<div class=\"wp-block-columns is-layout-flex wp-container-core-columns-is-layout-3 wp-block-columns-is-layout-flex\">\n<div class=\"wp-block-column is-layout-flow wp-block-column-is-layout-flow\">\n<div class=\"wp-block-media-text alignwide is-stacked-on-mobile has-very-light-gray-background-color has-background\" style=\"grid-template-columns:27% auto\"><figure class=\"wp-block-media-text__media\"><img loading=\"lazy\" decoding=\"async\" width=\"150\" height=\"150\" src=\"https:\/\/www.mobeye.com\/files\/IPA-SIM.png\" alt=\"\" class=\"wp-image-5513 size-full\"\/><\/figure><div class=\"wp-block-media-text__content\">\n<div style=\"height:20px\" aria-hidden=\"true\" class=\"wp-block-spacer\"><\/div>\n\n\n\n<h5 class=\"wp-block-heading\" id=\"underline\">GEHEN SIE ZU &#8230;<\/h5>\n\n\n\n<p class=\"has-very-dark-gray-color has-text-color has-medium-font-size\"><a href=\"https:\/\/www.mobeye.com\/de\/faqs\/support-sim\">Unterst\u00fctzung f\u00fcr SIM-Karten<\/a>  <\/p>\n\n\n\n<div style=\"height:20px\" aria-hidden=\"true\" class=\"wp-block-spacer\"><\/div>\n<\/div><\/div>\n<\/div>\n\n\n\n<div class=\"wp-block-column is-layout-flow wp-block-column-is-layout-flow\">\n<div class=\"wp-block-media-text alignwide is-stacked-on-mobile has-very-light-gray-background-color has-background\" style=\"grid-template-columns:27% auto\"><figure class=\"wp-block-media-text__media\"><img loading=\"lazy\" decoding=\"async\" width=\"150\" height=\"150\" src=\"https:\/\/www.mobeye.com\/files\/IPA-CM2100-IP.jpg\" alt=\"\" class=\"wp-image-4147 size-full\"\/><\/figure><div class=\"wp-block-media-text__content\">\n<div style=\"height:20px\" aria-hidden=\"true\" class=\"wp-block-spacer\"><\/div>\n\n\n\n<h5 class=\"wp-block-heading\">GEHEN SIE ZU &#8230;<\/h5>\n\n\n\n<p class=\"has-very-dark-gray-color has-text-color\" style=\"font-size:19px\"><a href=\"https:\/\/www.mobeye.com\/de\/faqs\/support-portal\">Unterst\u00fctzung f\u00fcr Mobeye Portal<\/a><\/p>\n\n\n\n<div style=\"height:20px\" aria-hidden=\"true\" class=\"wp-block-spacer\"><\/div>\n<\/div><\/div>\n\n\n\n<p> <\/p>\n<\/div>\n<\/div>\n\n\n\n<div class=\"wp-block-rtgb-call-2-action mkb-call2action\"><div class=\"mkb-call2action__inner container\"><div class=\"cta-content\"><p> Haben Sie eine Frage oder Bemerkung f\u00fcr uns?<\/p><p>Senden Sie das Kontaktformular oder rufen Sie uns an Werktagen an: +31 73 78 50 858<\/p><p> <\/p><\/div><div><a href=\"https:\/\/www.mobeye.com\/de\/kontaktformular\" class=\"mkb-button mkb-button--accent mkb-button--rounded text-uppercase\">Kontakt mit uns<\/a><\/div><\/div><\/div>\n","protected":false},"excerpt":{"rendered":"<p>Auf den Service- und Supportseiten finden Sie zus\u00e4tzliche Informationen zu den Mobeye Produkten. Neben den Benutzertipps auch verschiedene zus\u00e4tzliche Optionen f\u00fcr den fortgeschrittenen Benutzer; wenn Ihre Frage nicht beantwortet wird, kontaktieren Sie uns bitte. GEHEN SIE ZU &#8230; Unterst\u00fctzung f\u00fcr &#8222;CM&#8220; -\u00dcberwachungsprodukte GEHEN SIE ZU &#8230; Unterst\u00fctzung f\u00fcrEinbruchprodukte GEHEN SIE ZU &#8230; Unterst\u00fctzung f\u00fcr&#8222;MS&#8220; Telemetrieprodukte [&hellip;]<\/p>\n","protected":false},"author":6,"featured_media":3616,"parent":0,"menu_order":95,"comment_status":"closed","ping_status":"closed","template":"","meta":{"footnotes":""},"class_list":["post-2987","page","type-page","status-publish","has-post-thumbnail","hentry"],"yoast_head":"<!-- This site is optimized with the Yoast SEO plugin v25.6 - https:\/\/yoast.com\/wordpress\/plugins\/seo\/ -->\n<title>FAQs (oud\/22) - Mobeye<\/title>\n<meta name=\"robots\" content=\"index, follow, max-snippet:-1, max-image-preview:large, max-video-preview:-1\" \/>\n<link rel=\"canonical\" href=\"https:\/\/www.mobeye.com\/de\/faq22\" \/>\n<meta property=\"og:locale\" content=\"de_DE\" \/>\n<meta property=\"og:type\" content=\"article\" \/>\n<meta property=\"og:title\" content=\"FAQs (oud\/22) - Mobeye\" \/>\n<meta property=\"og:description\" content=\"Auf den Service- und Supportseiten finden Sie zus\u00e4tzliche Informationen zu den Mobeye Produkten. Neben den Benutzertipps auch verschiedene zus\u00e4tzliche Optionen f\u00fcr den fortgeschrittenen Benutzer; wenn Ihre Frage nicht beantwortet wird, kontaktieren Sie uns bitte. GEHEN SIE ZU &#8230; Unterst\u00fctzung f\u00fcr &#8222;CM&#8220; -\u00dcberwachungsprodukte GEHEN SIE ZU &#8230; Unterst\u00fctzung f\u00fcrEinbruchprodukte GEHEN SIE ZU &#8230; Unterst\u00fctzung f\u00fcr&#8222;MS&#8220; Telemetrieprodukte [&hellip;]\" \/>\n<meta property=\"og:url\" content=\"https:\/\/www.mobeye.com\/de\/faq22\" \/>\n<meta property=\"og:site_name\" content=\"Mobeye\" \/>\n<meta property=\"article:modified_time\" content=\"2023-02-16T14:06:38+00:00\" \/>\n<meta property=\"og:image\" content=\"https:\/\/www.mobeye.com\/files\/IHP-FAQ.jpg\" \/>\n\t<meta property=\"og:image:width\" content=\"1440\" \/>\n\t<meta property=\"og:image:height\" content=\"150\" \/>\n\t<meta property=\"og:image:type\" content=\"image\/jpeg\" \/>\n<meta name=\"twitter:card\" content=\"summary_large_image\" \/>\n<meta name=\"twitter:site\" content=\"@mobeye\" \/>\n<meta name=\"twitter:label1\" content=\"Gesch\u00e4tzte Lesezeit\" \/>\n\t<meta name=\"twitter:data1\" content=\"2\u00a0Minuten\" \/>\n<script type=\"application\/ld+json\" class=\"yoast-schema-graph\">{\"@context\":\"https:\/\/schema.org\",\"@graph\":[{\"@type\":\"WebPage\",\"@id\":\"https:\/\/www.mobeye.com\/de\/faq22\",\"url\":\"https:\/\/www.mobeye.com\/de\/faq22\",\"name\":\"FAQs (oud\/22) - Mobeye\",\"isPartOf\":{\"@id\":\"https:\/\/www.mobeye.com\/de#website\"},\"primaryImageOfPage\":{\"@id\":\"https:\/\/www.mobeye.com\/de\/faq22#primaryimage\"},\"image\":{\"@id\":\"https:\/\/www.mobeye.com\/de\/faq22#primaryimage\"},\"thumbnailUrl\":\"https:\/\/www.mobeye.com\/files\/IHP-FAQ.jpg\",\"datePublished\":\"2020-04-13T09:56:57+00:00\",\"dateModified\":\"2023-02-16T14:06:38+00:00\",\"breadcrumb\":{\"@id\":\"https:\/\/www.mobeye.com\/de\/faq22#breadcrumb\"},\"inLanguage\":\"de\",\"potentialAction\":[{\"@type\":\"ReadAction\",\"target\":[\"https:\/\/www.mobeye.com\/de\/faq22\"]}]},{\"@type\":\"ImageObject\",\"inLanguage\":\"de\",\"@id\":\"https:\/\/www.mobeye.com\/de\/faq22#primaryimage\",\"url\":\"https:\/\/www.mobeye.com\/files\/IHP-FAQ.jpg\",\"contentUrl\":\"https:\/\/www.mobeye.com\/files\/IHP-FAQ.jpg\",\"width\":1440,\"height\":150},{\"@type\":\"BreadcrumbList\",\"@id\":\"https:\/\/www.mobeye.com\/de\/faq22#breadcrumb\",\"itemListElement\":[{\"@type\":\"ListItem\",\"position\":1,\"name\":\"Home\",\"item\":\"https:\/\/www.mobeye.com\/de\"},{\"@type\":\"ListItem\",\"position\":2,\"name\":\"FAQs (oud\/22)\"}]},{\"@type\":\"WebSite\",\"@id\":\"https:\/\/www.mobeye.com\/de#website\",\"url\":\"https:\/\/www.mobeye.com\/de\",\"name\":\"Mobeye\",\"description\":\"Mobeye alarm and monitoring products\",\"publisher\":{\"@id\":\"https:\/\/www.mobeye.com\/de#organization\"},\"potentialAction\":[{\"@type\":\"SearchAction\",\"target\":{\"@type\":\"EntryPoint\",\"urlTemplate\":\"https:\/\/www.mobeye.com\/de?s={search_term_string}\"},\"query-input\":{\"@type\":\"PropertyValueSpecification\",\"valueRequired\":true,\"valueName\":\"search_term_string\"}}],\"inLanguage\":\"de\"},{\"@type\":\"Organization\",\"@id\":\"https:\/\/www.mobeye.com\/de#organization\",\"name\":\"Mobeye\",\"url\":\"https:\/\/www.mobeye.com\/de\",\"logo\":{\"@type\":\"ImageObject\",\"inLanguage\":\"de\",\"@id\":\"https:\/\/www.mobeye.com\/de#\/schema\/logo\/image\/\",\"url\":\"https:\/\/www.mobeye.com\/files\/Mobeye-logo-600px.jpg\",\"contentUrl\":\"https:\/\/www.mobeye.com\/files\/Mobeye-logo-600px.jpg\",\"width\":675,\"height\":600,\"caption\":\"Mobeye\"},\"image\":{\"@id\":\"https:\/\/www.mobeye.com\/de#\/schema\/logo\/image\/\"},\"sameAs\":[\"https:\/\/x.com\/mobeye\",\"https:\/\/www.linkedin.com\/company\/mobeye\/\",\"https:\/\/nl.pinterest.com\/mobeye\/\",\"https:\/\/www.youtube.com\/user\/MobeyeBV\/\"]}]}<\/script>\n<!-- \/ Yoast SEO plugin. -->","yoast_head_json":{"title":"FAQs (oud\/22) - Mobeye","robots":{"index":"index","follow":"follow","max-snippet":"max-snippet:-1","max-image-preview":"max-image-preview:large","max-video-preview":"max-video-preview:-1"},"canonical":"https:\/\/www.mobeye.com\/de\/faq22","og_locale":"de_DE","og_type":"article","og_title":"FAQs (oud\/22) - Mobeye","og_description":"Auf den Service- und Supportseiten finden Sie zus\u00e4tzliche Informationen zu den Mobeye Produkten. Neben den Benutzertipps auch verschiedene zus\u00e4tzliche Optionen f\u00fcr den fortgeschrittenen Benutzer; wenn Ihre Frage nicht beantwortet wird, kontaktieren Sie uns bitte. GEHEN SIE ZU &#8230; Unterst\u00fctzung f\u00fcr &#8222;CM&#8220; -\u00dcberwachungsprodukte GEHEN SIE ZU &#8230; Unterst\u00fctzung f\u00fcrEinbruchprodukte GEHEN SIE ZU &#8230; Unterst\u00fctzung f\u00fcr&#8222;MS&#8220; Telemetrieprodukte [&hellip;]","og_url":"https:\/\/www.mobeye.com\/de\/faq22","og_site_name":"Mobeye","article_modified_time":"2023-02-16T14:06:38+00:00","og_image":[{"width":1440,"height":150,"url":"https:\/\/www.mobeye.com\/files\/IHP-FAQ.jpg","type":"image\/jpeg"}],"twitter_card":"summary_large_image","twitter_site":"@mobeye","twitter_misc":{"Gesch\u00e4tzte Lesezeit":"2\u00a0Minuten"},"schema":{"@context":"https:\/\/schema.org","@graph":[{"@type":"WebPage","@id":"https:\/\/www.mobeye.com\/de\/faq22","url":"https:\/\/www.mobeye.com\/de\/faq22","name":"FAQs (oud\/22) - Mobeye","isPartOf":{"@id":"https:\/\/www.mobeye.com\/de#website"},"primaryImageOfPage":{"@id":"https:\/\/www.mobeye.com\/de\/faq22#primaryimage"},"image":{"@id":"https:\/\/www.mobeye.com\/de\/faq22#primaryimage"},"thumbnailUrl":"https:\/\/www.mobeye.com\/files\/IHP-FAQ.jpg","datePublished":"2020-04-13T09:56:57+00:00","dateModified":"2023-02-16T14:06:38+00:00","breadcrumb":{"@id":"https:\/\/www.mobeye.com\/de\/faq22#breadcrumb"},"inLanguage":"de","potentialAction":[{"@type":"ReadAction","target":["https:\/\/www.mobeye.com\/de\/faq22"]}]},{"@type":"ImageObject","inLanguage":"de","@id":"https:\/\/www.mobeye.com\/de\/faq22#primaryimage","url":"https:\/\/www.mobeye.com\/files\/IHP-FAQ.jpg","contentUrl":"https:\/\/www.mobeye.com\/files\/IHP-FAQ.jpg","width":1440,"height":150},{"@type":"BreadcrumbList","@id":"https:\/\/www.mobeye.com\/de\/faq22#breadcrumb","itemListElement":[{"@type":"ListItem","position":1,"name":"Home","item":"https:\/\/www.mobeye.com\/de"},{"@type":"ListItem","position":2,"name":"FAQs (oud\/22)"}]},{"@type":"WebSite","@id":"https:\/\/www.mobeye.com\/de#website","url":"https:\/\/www.mobeye.com\/de","name":"Mobeye","description":"Mobeye alarm and monitoring products","publisher":{"@id":"https:\/\/www.mobeye.com\/de#organization"},"potentialAction":[{"@type":"SearchAction","target":{"@type":"EntryPoint","urlTemplate":"https:\/\/www.mobeye.com\/de?s={search_term_string}"},"query-input":{"@type":"PropertyValueSpecification","valueRequired":true,"valueName":"search_term_string"}}],"inLanguage":"de"},{"@type":"Organization","@id":"https:\/\/www.mobeye.com\/de#organization","name":"Mobeye","url":"https:\/\/www.mobeye.com\/de","logo":{"@type":"ImageObject","inLanguage":"de","@id":"https:\/\/www.mobeye.com\/de#\/schema\/logo\/image\/","url":"https:\/\/www.mobeye.com\/files\/Mobeye-logo-600px.jpg","contentUrl":"https:\/\/www.mobeye.com\/files\/Mobeye-logo-600px.jpg","width":675,"height":600,"caption":"Mobeye"},"image":{"@id":"https:\/\/www.mobeye.com\/de#\/schema\/logo\/image\/"},"sameAs":["https:\/\/x.com\/mobeye","https:\/\/www.linkedin.com\/company\/mobeye\/","https:\/\/nl.pinterest.com\/mobeye\/","https:\/\/www.youtube.com\/user\/MobeyeBV\/"]}]}},"uagb_featured_image_src":{"full":["https:\/\/www.mobeye.com\/files\/IHP-FAQ.jpg",1440,150,false],"thumbnail":["https:\/\/www.mobeye.com\/files\/IHP-FAQ-150x150.jpg",150,150,true],"medium":["https:\/\/www.mobeye.com\/files\/IHP-FAQ-300x31.jpg",300,31,true],"medium_large":["https:\/\/www.mobeye.com\/files\/IHP-FAQ-768x80.jpg",768,80,true],"large":["https:\/\/www.mobeye.com\/files\/IHP-FAQ-1024x107.jpg",1024,107,true],"1536x1536":["https:\/\/www.mobeye.com\/files\/IHP-FAQ.jpg",1440,150,false],"2048x2048":["https:\/\/www.mobeye.com\/files\/IHP-FAQ.jpg",1440,150,false]},"uagb_author_info":{"display_name":"Martine","author_link":"https:\/\/www.mobeye.com\/de\/author\/martine"},"uagb_comment_info":0,"uagb_excerpt":"Auf den Service- und Supportseiten finden Sie zus\u00e4tzliche Informationen zu den Mobeye Produkten. Neben den Benutzertipps auch verschiedene zus\u00e4tzliche Optionen f\u00fcr den fortgeschrittenen Benutzer; wenn Ihre Frage nicht beantwortet wird, kontaktieren Sie uns bitte. GEHEN SIE ZU &#8230; Unterst\u00fctzung f\u00fcr &#8222;CM&#8220; -\u00dcberwachungsprodukte GEHEN SIE ZU &#8230; Unterst\u00fctzung f\u00fcrEinbruchprodukte GEHEN SIE ZU &#8230; Unterst\u00fctzung f\u00fcr&#8222;MS&#8220; Telemetrieprodukte&hellip;","_links":{"self":[{"href":"https:\/\/www.mobeye.com\/de\/wp-json\/wp\/v2\/pages\/2987"}],"collection":[{"href":"https:\/\/www.mobeye.com\/de\/wp-json\/wp\/v2\/pages"}],"about":[{"href":"https:\/\/www.mobeye.com\/de\/wp-json\/wp\/v2\/types\/page"}],"author":[{"embeddable":true,"href":"https:\/\/www.mobeye.com\/de\/wp-json\/wp\/v2\/users\/6"}],"replies":[{"embeddable":true,"href":"https:\/\/www.mobeye.com\/de\/wp-json\/wp\/v2\/comments?post=2987"}],"version-history":[{"count":29,"href":"https:\/\/www.mobeye.com\/de\/wp-json\/wp\/v2\/pages\/2987\/revisions"}],"predecessor-version":[{"id":11159,"href":"https:\/\/www.mobeye.com\/de\/wp-json\/wp\/v2\/pages\/2987\/revisions\/11159"}],"wp:featuredmedia":[{"embeddable":true,"href":"https:\/\/www.mobeye.com\/de\/wp-json\/wp\/v2\/media\/3616"}],"wp:attachment":[{"href":"https:\/\/www.mobeye.com\/de\/wp-json\/wp\/v2\/media?parent=2987"}],"curies":[{"name":"wp","href":"https:\/\/api.w.org\/{rel}","templated":true}]}}