{"id":3209,"date":"2020-04-16T18:57:44","date_gmt":"2020-04-16T18:57:44","guid":{"rendered":"https:\/\/www.mobeye.com\/?page_id=3209"},"modified":"2023-05-20T22:34:56","modified_gmt":"2023-05-20T20:34:56","slug":"shipping-container-alarm","status":"publish","type":"page","link":"https:\/\/www.mobeye.com\/de\/shipping-container-alarm","title":{"rendered":"Shipping Container Alarm"},"content":{"rendered":"\n<div style=\"height:20px\" aria-hidden=\"true\" class=\"wp-block-spacer\"><\/div>\n\n\n\n<p style=\"font-size:15px\">Container werden f\u00fcr viel mehr Anwendungen als Seetransporte verwendet. Sie bieten eine sehr praktische L\u00f6sung als tempor\u00e4re B\u00fcrofl\u00e4che oder um Material und Ausr\u00fcstung zu lagern. Aber oft befinden sich diese Container auf nur leicht gesicherten Pl\u00e4tzen oder abgelegenen Terrains, was sie f\u00fcr Einbr\u00fcche anf\u00e4llig macht.<\/p>\n\n\n\n<h3 class=\"wp-block-heading\">\u00dcberwachung des Seecontainers<\/h3>\n\n\n\n<p style=\"font-size:15px\">Das Mobeye Container Alarm System wurde entwickelt um Ihre Sachen zu sch\u00fctzen. Das iCM41 ist  ein eigenst\u00e4ndiges Container Alarm System die auf einem Batteriesatz mit einem eingebauten Kommunikationsmodul l\u00e4uft.<\/p>\n\n\n\n<div class=\"wp-block-columns is-layout-flex wp-container-core-columns-is-layout-1 wp-block-columns-is-layout-flex\">\n<div class=\"wp-block-column is-layout-flow wp-block-column-is-layout-flow\">\n<p style=\"font-size:15px\">Um eine zuverl\u00e4ssige Reichweite des Mobilfunknetzes zu gew\u00e4hrleisten, ist die Antenne au\u00dferhalb des Metallteils angeordnet. Im Falle eines Eindringens sendet der Container Alarm eine Bericht per Push-Nachricht, SMS, Anruf und\/order E-Mail.<br>Die Installation zur Grundbedienung erfolgt in wenigen Schritten.<\/p>\n<\/div>\n\n\n\n<div class=\"wp-block-column is-layout-flow wp-block-column-is-layout-flow\"><div class=\"wp-block-image\">\n<figure class=\"aligncenter size-large is-resized\"><img loading=\"lazy\" decoding=\"async\" src=\"https:\/\/www.mobeye.com\/files\/IPA-Mobeye-ContainerAlarm.jpg\" alt=\"\" class=\"wp-image-3099\" width=\"308\" height=\"123\"\/><\/figure><\/div><\/div>\n<\/div>\n\n\n\n<h3 class=\"wp-block-heading\">Unabh\u00e4ngiges Alarmsystem<\/h3>\n\n\n\n<div class=\"wp-block-columns is-layout-flex wp-container-core-columns-is-layout-2 wp-block-columns-is-layout-flex\">\n<div class=\"wp-block-column is-layout-flow wp-block-column-is-layout-flow\">\n<p style=\"font-size:15px\">Das Mobeye Container Alarm Systeme reagiert auf Bewegungen. Sobald der Container ge\u00f6ffnet wird und der Passive Infrarot-Bewegungsmelder durch eine Bewegung oder eine Luftwelle ausgel\u00f6st wird, sendet das System Nachricht an die Kontake.<\/p>\n\n\n\n<h6 class=\"wp-block-heading\"><\/h6>\n<\/div>\n\n\n\n<div class=\"wp-block-column is-layout-flow wp-block-column-is-layout-flow\"><\/div>\n<\/div>\n\n\n\n<h6 class=\"wp-block-heading\">Langzeitbetrieb mit Batterien<\/h6>\n\n\n\n<p style=\"font-size:15px\">Das Mobeye Container Alarm System ist extrem energieeffizient und kann f\u00fcr mehr als ein Jahr mit einem Satz Batterien betrieben werden. Sie erhalten eine Nachricht, wenn diese ersetzt werden m\u00fcssen.<\/p>\n\n\n\n<h6 class=\"wp-block-heading\">Mobeye Internet Portal<\/h6>\n\n\n\n<p style=\"font-size:15px\">Das Container Alarm wird mit der Mobeye SIM-Karte verwendet und somit auch mit dem Mobeye Internet Portal. Die zus\u00e4tzlichen Funktionen des <a href=\"https:\/\/www.mobeye.com\/de\/mobeye-internet-portal\">Mobeye Internet Portals finden Sie hier<\/a>.<br>Um die Kommunikationsf\u00e4higkeit des Systems aus dem Container zu gew\u00e4hrleisten, ist das Ger\u00e4t mit einer externen Antenne ausgestattet. Informationen zu den externen <a href=\"https:\/\/www.mobeye.com\/de\/products\/antennen\">Mobeye Antennen finden Sie hier<\/a>.<\/p>\n\n\n\n<h4 class=\"wp-block-heading\">Dokumentation<\/h4>\n\n\n\n<hr class=\"wp-block-separator has-css-opacity\"\/>\n\n\n\n<p style=\"font-size:15px\"><a aria-label=\"\ufffc (opent in een nieuwe tab)\" href=\"https:\/\/www.mobeye.com\/files\/PMC-Mobeye-Container-Alarm-iX-DE.pdf\" target=\"_blank\" rel=\"noreferrer noopener\"><img decoding=\"async\" class=\"wp-image-4002\" style=\"width: 25px;\" src=\"https:\/\/www.mobeye.com\/files\/IconD-Datasheet.png\" alt=\"\"><\/a> <a href=\"https:\/\/www.mobeye.com\/files\/Mobeye-Container-Alarm-iCM41C-DE.pdf\" target=\"_blank\" rel=\"noreferrer noopener\">Informationen \u00fcber:<\/a> &#8222;Mobeye Shipping Container Alarm&#8220;<\/p>\n\n\n\n<p style=\"font-size:15px\"><a href=\"https:\/\/www.mobeye.com\/de\/products\/mobeye-i110\"><img loading=\"lazy\" decoding=\"async\" width=\"25\" height=\"16\" class=\"wp-image-4023\" style=\"width: 25px;\" src=\"https:\/\/www.mobeye.com\/files\/IconD-ComputerC.png\" alt=\"\"><\/a> <a href=\"https:\/\/www.mobeye.com\/de\/products\/icm41-mobeye-minipir\">Produktseite<\/a> Mobeye iCM41<\/p>\n\n\n\n<p style=\"font-size:15px\"><\/p>\n\n\n\n<p><\/p>\n","protected":false},"excerpt":{"rendered":"<p>Container werden f\u00fcr viel mehr Anwendungen als Seetransporte verwendet. Sie bieten eine sehr praktische L\u00f6sung als tempor\u00e4re B\u00fcrofl\u00e4che oder um Material und Ausr\u00fcstung zu lagern. Aber oft befinden sich diese Container auf nur leicht gesicherten Pl\u00e4tzen oder abgelegenen Terrains, was sie f\u00fcr Einbr\u00fcche anf\u00e4llig macht. \u00dcberwachung des Seecontainers Das Mobeye Container Alarm System wurde entwickelt [&hellip;]<\/p>\n","protected":false},"author":6,"featured_media":3098,"parent":0,"menu_order":69,"comment_status":"closed","ping_status":"closed","template":"","meta":{"footnotes":""},"class_list":["post-3209","page","type-page","status-publish","has-post-thumbnail","hentry"],"yoast_head":"<!-- This site is optimized with the Yoast SEO plugin v25.6 - https:\/\/yoast.com\/wordpress\/plugins\/seo\/ -->\n<title>Shipping Container Alarm - Mobeye<\/title>\n<meta name=\"robots\" content=\"index, follow, max-snippet:-1, max-image-preview:large, max-video-preview:-1\" \/>\n<link rel=\"canonical\" href=\"https:\/\/www.mobeye.com\/de\/shipping-container-alarm\" \/>\n<meta property=\"og:locale\" content=\"de_DE\" \/>\n<meta property=\"og:type\" content=\"article\" \/>\n<meta property=\"og:title\" content=\"Shipping Container Alarm - Mobeye\" \/>\n<meta property=\"og:description\" content=\"Container werden f\u00fcr viel mehr Anwendungen als Seetransporte verwendet. Sie bieten eine sehr praktische L\u00f6sung als tempor\u00e4re B\u00fcrofl\u00e4che oder um Material und Ausr\u00fcstung zu lagern. Aber oft befinden sich diese Container auf nur leicht gesicherten Pl\u00e4tzen oder abgelegenen Terrains, was sie f\u00fcr Einbr\u00fcche anf\u00e4llig macht. \u00dcberwachung des Seecontainers Das Mobeye Container Alarm System wurde entwickelt [&hellip;]\" \/>\n<meta property=\"og:url\" content=\"https:\/\/www.mobeye.com\/de\/shipping-container-alarm\" \/>\n<meta property=\"og:site_name\" content=\"Mobeye\" \/>\n<meta property=\"article:modified_time\" content=\"2023-05-20T20:34:56+00:00\" \/>\n<meta property=\"og:image\" content=\"https:\/\/www.mobeye.com\/files\/Containers7.png\" \/>\n\t<meta property=\"og:image:width\" content=\"1440\" \/>\n\t<meta property=\"og:image:height\" content=\"251\" \/>\n\t<meta property=\"og:image:type\" content=\"image\/jpeg\" \/>\n<meta name=\"twitter:card\" content=\"summary_large_image\" \/>\n<meta name=\"twitter:site\" content=\"@mobeye\" \/>\n<meta name=\"twitter:label1\" content=\"Gesch\u00e4tzte Lesezeit\" \/>\n\t<meta name=\"twitter:data1\" content=\"2\u00a0Minuten\" \/>\n<script type=\"application\/ld+json\" class=\"yoast-schema-graph\">{\"@context\":\"https:\/\/schema.org\",\"@graph\":[{\"@type\":\"WebPage\",\"@id\":\"https:\/\/www.mobeye.com\/de\/shipping-container-alarm\",\"url\":\"https:\/\/www.mobeye.com\/de\/shipping-container-alarm\",\"name\":\"Shipping Container Alarm - Mobeye\",\"isPartOf\":{\"@id\":\"https:\/\/www.mobeye.com\/de#website\"},\"primaryImageOfPage\":{\"@id\":\"https:\/\/www.mobeye.com\/de\/shipping-container-alarm#primaryimage\"},\"image\":{\"@id\":\"https:\/\/www.mobeye.com\/de\/shipping-container-alarm#primaryimage\"},\"thumbnailUrl\":\"https:\/\/www.mobeye.com\/files\/Containers7.png\",\"datePublished\":\"2020-04-16T18:57:44+00:00\",\"dateModified\":\"2023-05-20T20:34:56+00:00\",\"breadcrumb\":{\"@id\":\"https:\/\/www.mobeye.com\/de\/shipping-container-alarm#breadcrumb\"},\"inLanguage\":\"de\",\"potentialAction\":[{\"@type\":\"ReadAction\",\"target\":[\"https:\/\/www.mobeye.com\/de\/shipping-container-alarm\"]}]},{\"@type\":\"ImageObject\",\"inLanguage\":\"de\",\"@id\":\"https:\/\/www.mobeye.com\/de\/shipping-container-alarm#primaryimage\",\"url\":\"https:\/\/www.mobeye.com\/files\/Containers7.png\",\"contentUrl\":\"https:\/\/www.mobeye.com\/files\/Containers7.png\",\"width\":1440,\"height\":251},{\"@type\":\"BreadcrumbList\",\"@id\":\"https:\/\/www.mobeye.com\/de\/shipping-container-alarm#breadcrumb\",\"itemListElement\":[{\"@type\":\"ListItem\",\"position\":1,\"name\":\"Home\",\"item\":\"https:\/\/www.mobeye.com\/de\"},{\"@type\":\"ListItem\",\"position\":2,\"name\":\"Shipping Container Alarm\"}]},{\"@type\":\"WebSite\",\"@id\":\"https:\/\/www.mobeye.com\/de#website\",\"url\":\"https:\/\/www.mobeye.com\/de\",\"name\":\"Mobeye\",\"description\":\"Mobeye alarm and monitoring products\",\"publisher\":{\"@id\":\"https:\/\/www.mobeye.com\/de#organization\"},\"potentialAction\":[{\"@type\":\"SearchAction\",\"target\":{\"@type\":\"EntryPoint\",\"urlTemplate\":\"https:\/\/www.mobeye.com\/de?s={search_term_string}\"},\"query-input\":{\"@type\":\"PropertyValueSpecification\",\"valueRequired\":true,\"valueName\":\"search_term_string\"}}],\"inLanguage\":\"de\"},{\"@type\":\"Organization\",\"@id\":\"https:\/\/www.mobeye.com\/de#organization\",\"name\":\"Mobeye\",\"url\":\"https:\/\/www.mobeye.com\/de\",\"logo\":{\"@type\":\"ImageObject\",\"inLanguage\":\"de\",\"@id\":\"https:\/\/www.mobeye.com\/de#\/schema\/logo\/image\/\",\"url\":\"https:\/\/www.mobeye.com\/files\/Mobeye-logo-600px.jpg\",\"contentUrl\":\"https:\/\/www.mobeye.com\/files\/Mobeye-logo-600px.jpg\",\"width\":675,\"height\":600,\"caption\":\"Mobeye\"},\"image\":{\"@id\":\"https:\/\/www.mobeye.com\/de#\/schema\/logo\/image\/\"},\"sameAs\":[\"https:\/\/x.com\/mobeye\",\"https:\/\/www.linkedin.com\/company\/mobeye\/\",\"https:\/\/nl.pinterest.com\/mobeye\/\",\"https:\/\/www.youtube.com\/user\/MobeyeBV\/\"]}]}<\/script>\n<!-- \/ Yoast SEO plugin. -->","yoast_head_json":{"title":"Shipping Container Alarm - Mobeye","robots":{"index":"index","follow":"follow","max-snippet":"max-snippet:-1","max-image-preview":"max-image-preview:large","max-video-preview":"max-video-preview:-1"},"canonical":"https:\/\/www.mobeye.com\/de\/shipping-container-alarm","og_locale":"de_DE","og_type":"article","og_title":"Shipping Container Alarm - Mobeye","og_description":"Container werden f\u00fcr viel mehr Anwendungen als Seetransporte verwendet. Sie bieten eine sehr praktische L\u00f6sung als tempor\u00e4re B\u00fcrofl\u00e4che oder um Material und Ausr\u00fcstung zu lagern. Aber oft befinden sich diese Container auf nur leicht gesicherten Pl\u00e4tzen oder abgelegenen Terrains, was sie f\u00fcr Einbr\u00fcche anf\u00e4llig macht. \u00dcberwachung des Seecontainers Das Mobeye Container Alarm System wurde entwickelt [&hellip;]","og_url":"https:\/\/www.mobeye.com\/de\/shipping-container-alarm","og_site_name":"Mobeye","article_modified_time":"2023-05-20T20:34:56+00:00","og_image":[{"width":1440,"height":251,"url":"https:\/\/www.mobeye.com\/files\/Containers7.png","type":"image\/jpeg"}],"twitter_card":"summary_large_image","twitter_site":"@mobeye","twitter_misc":{"Gesch\u00e4tzte Lesezeit":"2\u00a0Minuten"},"schema":{"@context":"https:\/\/schema.org","@graph":[{"@type":"WebPage","@id":"https:\/\/www.mobeye.com\/de\/shipping-container-alarm","url":"https:\/\/www.mobeye.com\/de\/shipping-container-alarm","name":"Shipping Container Alarm - Mobeye","isPartOf":{"@id":"https:\/\/www.mobeye.com\/de#website"},"primaryImageOfPage":{"@id":"https:\/\/www.mobeye.com\/de\/shipping-container-alarm#primaryimage"},"image":{"@id":"https:\/\/www.mobeye.com\/de\/shipping-container-alarm#primaryimage"},"thumbnailUrl":"https:\/\/www.mobeye.com\/files\/Containers7.png","datePublished":"2020-04-16T18:57:44+00:00","dateModified":"2023-05-20T20:34:56+00:00","breadcrumb":{"@id":"https:\/\/www.mobeye.com\/de\/shipping-container-alarm#breadcrumb"},"inLanguage":"de","potentialAction":[{"@type":"ReadAction","target":["https:\/\/www.mobeye.com\/de\/shipping-container-alarm"]}]},{"@type":"ImageObject","inLanguage":"de","@id":"https:\/\/www.mobeye.com\/de\/shipping-container-alarm#primaryimage","url":"https:\/\/www.mobeye.com\/files\/Containers7.png","contentUrl":"https:\/\/www.mobeye.com\/files\/Containers7.png","width":1440,"height":251},{"@type":"BreadcrumbList","@id":"https:\/\/www.mobeye.com\/de\/shipping-container-alarm#breadcrumb","itemListElement":[{"@type":"ListItem","position":1,"name":"Home","item":"https:\/\/www.mobeye.com\/de"},{"@type":"ListItem","position":2,"name":"Shipping Container Alarm"}]},{"@type":"WebSite","@id":"https:\/\/www.mobeye.com\/de#website","url":"https:\/\/www.mobeye.com\/de","name":"Mobeye","description":"Mobeye alarm and monitoring products","publisher":{"@id":"https:\/\/www.mobeye.com\/de#organization"},"potentialAction":[{"@type":"SearchAction","target":{"@type":"EntryPoint","urlTemplate":"https:\/\/www.mobeye.com\/de?s={search_term_string}"},"query-input":{"@type":"PropertyValueSpecification","valueRequired":true,"valueName":"search_term_string"}}],"inLanguage":"de"},{"@type":"Organization","@id":"https:\/\/www.mobeye.com\/de#organization","name":"Mobeye","url":"https:\/\/www.mobeye.com\/de","logo":{"@type":"ImageObject","inLanguage":"de","@id":"https:\/\/www.mobeye.com\/de#\/schema\/logo\/image\/","url":"https:\/\/www.mobeye.com\/files\/Mobeye-logo-600px.jpg","contentUrl":"https:\/\/www.mobeye.com\/files\/Mobeye-logo-600px.jpg","width":675,"height":600,"caption":"Mobeye"},"image":{"@id":"https:\/\/www.mobeye.com\/de#\/schema\/logo\/image\/"},"sameAs":["https:\/\/x.com\/mobeye","https:\/\/www.linkedin.com\/company\/mobeye\/","https:\/\/nl.pinterest.com\/mobeye\/","https:\/\/www.youtube.com\/user\/MobeyeBV\/"]}]}},"uagb_featured_image_src":{"full":["https:\/\/www.mobeye.com\/files\/Containers7.png",1440,251,false],"thumbnail":["https:\/\/www.mobeye.com\/files\/IHA-Container-Red-150x150.jpg",150,150,true],"medium":["https:\/\/www.mobeye.com\/files\/IHA-Container-Red-300x52.jpg",300,52,true],"medium_large":["https:\/\/www.mobeye.com\/files\/IHA-Container-Red-768x134.jpg",768,134,true],"large":["https:\/\/www.mobeye.com\/files\/IHA-Container-Red-1024x178.jpg",1024,178,true],"1536x1536":["https:\/\/www.mobeye.com\/files\/Containers7.png",1440,251,false],"2048x2048":["https:\/\/www.mobeye.com\/files\/Containers7.png",1440,251,false]},"uagb_author_info":{"display_name":"Martine","author_link":"https:\/\/www.mobeye.com\/de\/author\/martine"},"uagb_comment_info":0,"uagb_excerpt":"Container werden f\u00fcr viel mehr Anwendungen als Seetransporte verwendet. Sie bieten eine sehr praktische L\u00f6sung als tempor\u00e4re B\u00fcrofl\u00e4che oder um Material und Ausr\u00fcstung zu lagern. Aber oft befinden sich diese Container auf nur leicht gesicherten Pl\u00e4tzen oder abgelegenen Terrains, was sie f\u00fcr Einbr\u00fcche anf\u00e4llig macht. \u00dcberwachung des Seecontainers Das Mobeye Container Alarm System wurde entwickelt&hellip;","_links":{"self":[{"href":"https:\/\/www.mobeye.com\/de\/wp-json\/wp\/v2\/pages\/3209"}],"collection":[{"href":"https:\/\/www.mobeye.com\/de\/wp-json\/wp\/v2\/pages"}],"about":[{"href":"https:\/\/www.mobeye.com\/de\/wp-json\/wp\/v2\/types\/page"}],"author":[{"embeddable":true,"href":"https:\/\/www.mobeye.com\/de\/wp-json\/wp\/v2\/users\/6"}],"replies":[{"embeddable":true,"href":"https:\/\/www.mobeye.com\/de\/wp-json\/wp\/v2\/comments?post=3209"}],"version-history":[{"count":9,"href":"https:\/\/www.mobeye.com\/de\/wp-json\/wp\/v2\/pages\/3209\/revisions"}],"predecessor-version":[{"id":11374,"href":"https:\/\/www.mobeye.com\/de\/wp-json\/wp\/v2\/pages\/3209\/revisions\/11374"}],"wp:featuredmedia":[{"embeddable":true,"href":"https:\/\/www.mobeye.com\/de\/wp-json\/wp\/v2\/media\/3098"}],"wp:attachment":[{"href":"https:\/\/www.mobeye.com\/de\/wp-json\/wp\/v2\/media?parent=3209"}],"curies":[{"name":"wp","href":"https:\/\/api.w.org\/{rel}","templated":true}]}}