{"id":3262,"date":"2020-04-17T20:04:40","date_gmt":"2020-04-17T20:04:40","guid":{"rendered":"https:\/\/www.mobeye.com\/?page_id=3262"},"modified":"2022-06-19T21:12:26","modified_gmt":"2022-06-19T19:12:26","slug":"ueberwachung-der-temperatur-des-medizinkuehlschranks","status":"publish","type":"page","link":"https:\/\/www.mobeye.com\/de\/ueberwachung-der-temperatur-des-medizinkuehlschranks","title":{"rendered":"\u00dcberwachung der Temperatur des Medizink\u00fchlschranks"},"content":{"rendered":"\n<p style=\"font-size:15px\">Arzneimittel sollten unter vorgeschriebenen Bedingungen gelagert werden, um die Qualit\u00e4t sicherzustellen. Die Lagertemperatur ist ein wichtiger Faktor f\u00fcr die Stabilit\u00e4t und Haltbarkeit eines Arzneimittels. F\u00fcr viele Medikamente, wie Impfstoffe, liegen die vorgeschriebenen Lagerbedingungen zwischen  2 \u00b0C und 8 \u00b0C. Es gibt auch Arzneimittel, die eine Temperatur\u00fcberwachung bei -20 Grad Celsius erfordern. Die Temperatur des K\u00fchlschranks oder K\u00fchlraums muss kontinuierlich \u00fcberwacht und protokolliert werden. Im Falle einer Abweichung ist sofortiges Handeln erforderlich. <\/p>\n\n\n\n<h3 class=\"wp-block-heading\">Temperatur\u00fcberwachung mit dem Mobeye CML4255 <\/h3>\n\n\n\n<p style=\"font-size:15px\"> Der Mobeye ThermoGuard TwinLog CML4255 ist ein Messger\u00e4t zur \u00dcberwachung von Temperaturwerten. Die digitalen Sensoren messen kontinuierlich die Temperatur und ein sofortiger Alarm wird ausgel\u00f6st, sobald der K\u00fchlschrank zu hei\u00df oder zu kalt ist. Dies erfolgt per Push-Bericht, Anruf, SMS oder E-Mail und optional mit einer lokalen Sirene. <\/p>\n\n\n\n<h3 class=\"wp-block-heading\"> 24\/7 Einblick in den Temperaturverlauf <\/h3>\n\n\n\n<div class=\"wp-block-columns is-layout-flex wp-container-core-columns-is-layout-1 wp-block-columns-is-layout-flex\">\n<div class=\"wp-block-column is-layout-flow wp-block-column-is-layout-flow\">\n<p style=\"font-size:15px\">Die Temperaturwerte werden in einem einstellbaren Intervall protokolliert. Der CML4255 sendet die Werte regelm\u00e4\u00dfig an das Mobeye Internet Portal. Der vollst\u00e4ndige Temperaturverlauf wird dort in einer Grafik und Tabelle angezeigt.  <\/p>\n\n\n\n<h6 class=\"wp-block-heading\">Dashboard<\/h6>\n\n\n\n<p style=\"font-size:15px\">Das Dashboard bietet einen vollst\u00e4ndigen Einblick in die Ger\u00e4te. Auf einen Blick ist pro Ger\u00e4t klar, wie der technische Status ist und wo die Alarmgrenzen \u00fcberschritten wurden.<\/p>\n\n\n\n<h6 class=\"wp-block-heading\">Diagrammansicht<\/h6>\n\n\n\n<p style=\"font-size:15px\">Das Gesamttemperaturbild kann mit Messger\u00e4ten und Grafiken erhalten werden. Das Protokollierungsintervall ist einstellbar. F\u00fcr die Arzneimittel\u00fcberwachung empfehlen wir, dass Sie alle 15 Minuten eine Messung durchf\u00fchren und das Diagramm zweimal t\u00e4glich mit den neuen Werten aktualisieren. Im Alarmfall folgt sofort ein Alarm und das Diagramm wird sofort aktualisiert. <\/p>\n\n\n\n<h6 class=\"wp-block-heading\">Zus\u00e4tzliche Sicherheit<\/h6>\n\n\n\n<p style=\"font-size:15px\">Das Portal bietet auch Zuverl\u00e4ssigkeit im Bereich der Kommunikation. Die Daten\u00fcbertragung hat mehrere Fallbacks. Als zus\u00e4tzliche Sicherheitsfunktion \u00fcberwacht das Portal die \u201eKeep Alive\u201c -Nachrichten (Testnachrichten).<\/p>\n<\/div>\n\n\n\n<div class=\"wp-block-column is-layout-flow wp-block-column-is-layout-flow\">\n<div class=\"wp-block-image\"><figure class=\"aligncenter size-large is-resized\"><img loading=\"lazy\" decoding=\"async\" src=\"https:\/\/www.mobeye.com\/files\/IPA-CML2255-Portal-DB-1024x198.png\" alt=\"\" class=\"wp-image-3048\" width=\"512\" height=\"99\" srcset=\"https:\/\/www.mobeye.com\/files\/IPA-CML2255-Portal-DB-1024x198.png 1024w, https:\/\/www.mobeye.com\/files\/IPA-CML2255-Portal-DB-300x58.png 300w, https:\/\/www.mobeye.com\/files\/IPA-CML2255-Portal-DB-768x149.png 768w, https:\/\/www.mobeye.com\/files\/IPA-CML2255-Portal-DB.png 1063w\" sizes=\"(max-width: 512px) 100vw, 512px\" \/><figcaption>Dashboard<\/figcaption><\/figure><\/div>\n\n\n\n<hr class=\"wp-block-separator\"\/>\n\n\n\n<div class=\"wp-block-image\"><figure class=\"aligncenter size-medium is-resized\"><img loading=\"lazy\" decoding=\"async\" src=\"https:\/\/www.mobeye.com\/files\/IPA-CML2255-Portal-300x191.png\" alt=\"\" class=\"wp-image-3041\" width=\"400\" height=\"220\"\/><figcaption> Diagrammansicht<\/figcaption><\/figure><\/div>\n\n\n\n<p><\/p>\n<\/div>\n<\/div>\n\n\n\n<h3 class=\"wp-block-heading\">\u00dcberwachung von Stromausfall<\/h3>\n\n\n\n<p style=\"font-size:15px\">Obwohl der CML4255 lange Zeit mit Batteriestrom betrieben werden kann, ist es sinnvoll, mit externer Spannung zu arbeiten und das Netzteil an die Steckdosenleiste des K\u00fchlschranks anzuschlie\u00dfen. Der CML4255 \u00fcberpr\u00fcft dann das Netzteil und benachrichtigt Sie, wenn es ausf\u00e4llt.<\/p>\n\n\n\n<div style=\"height:20px\" aria-hidden=\"true\" class=\"wp-block-spacer\"><\/div>\n\n\n\n<h4 class=\"wp-block-heading\">Dokumentation<\/h4>\n\n\n\n<hr class=\"wp-block-separator\"\/>\n\n\n\n<p style=\"font-size:15px\"><a rel=\"noreferrer noopener\" aria-label=\"\ufffc (opent in een nieuwe tab)\" href=\"https:\/\/www.mobeye.com\/files\/PMC-Mobeye-Temperatur\u00fcberwachung-Medizinschrank-DE.pdf\" target=\"_blank\"><img decoding=\"async\" class=\"wp-image-4002\" style=\"width: 25px;\" src=\"https:\/\/www.mobeye.com\/files\/IconD-Datasheet.png\" alt=\"\"><\/a> <a rel=\"noreferrer noopener\" aria-label=\" (opent in een nieuwe tab)\" href=\"https:\/\/www.mobeye.com\/files\/PMC-Mobeye-Temperatur\u00fcberwachung-Medizinschrank-DE.pdf\" target=\"_blank\">Informationen \u00fcber <\/a>&#8222;\u00dcberwachung der Temperatur des Medizink\u00fchlschranks&#8220;<\/p>\n\n\n\n<p style=\"font-size:15px\"><a href=\"https:\/\/www.mobeye.com\/de\/products\/cml2255-mobeye-thermoguard-twinlog\"><img loading=\"lazy\" decoding=\"async\" width=\"25\" height=\"16\" class=\"wp-image-4023\" style=\"width: 25px;\" src=\"https:\/\/www.mobeye.com\/files\/IconD-ComputerC.png\" alt=\"\"><\/a> <a href=\"https:\/\/www.mobeye.com\/de\/products\/cml4255-mobeye-thermoguard-twinlog\">Produktseite<\/a> Mobeye CML4255<\/p>\n\n\n\n<p><\/p>\n","protected":false},"excerpt":{"rendered":"<p>Arzneimittel sollten unter vorgeschriebenen Bedingungen gelagert werden, um die Qualit\u00e4t sicherzustellen. Die Lagertemperatur ist ein wichtiger Faktor f\u00fcr die Stabilit\u00e4t und Haltbarkeit eines Arzneimittels. F\u00fcr viele Medikamente, wie Impfstoffe, liegen die vorgeschriebenen Lagerbedingungen zwischen 2 \u00b0C und 8 \u00b0C. Es gibt auch Arzneimittel, die eine Temperatur\u00fcberwachung bei -20 Grad Celsius erfordern. Die Temperatur des K\u00fchlschranks [&hellip;]<\/p>\n","protected":false},"author":6,"featured_media":1153,"parent":0,"menu_order":70,"comment_status":"closed","ping_status":"closed","template":"","meta":{"footnotes":""},"class_list":["post-3262","page","type-page","status-publish","has-post-thumbnail","hentry"],"yoast_head":"<!-- This site is optimized with the Yoast SEO plugin v25.6 - https:\/\/yoast.com\/wordpress\/plugins\/seo\/ -->\n<title>\u00dcberwachung der Temperatur des Medizink\u00fchlschranks - Mobeye<\/title>\n<meta name=\"robots\" content=\"index, follow, max-snippet:-1, max-image-preview:large, max-video-preview:-1\" \/>\n<link rel=\"canonical\" href=\"https:\/\/www.mobeye.com\/de\/ueberwachung-der-temperatur-des-medizinkuehlschranks\" \/>\n<meta property=\"og:locale\" content=\"de_DE\" \/>\n<meta property=\"og:type\" content=\"article\" \/>\n<meta property=\"og:title\" content=\"\u00dcberwachung der Temperatur des Medizink\u00fchlschranks - Mobeye\" \/>\n<meta property=\"og:description\" content=\"Arzneimittel sollten unter vorgeschriebenen Bedingungen gelagert werden, um die Qualit\u00e4t sicherzustellen. Die Lagertemperatur ist ein wichtiger Faktor f\u00fcr die Stabilit\u00e4t und Haltbarkeit eines Arzneimittels. F\u00fcr viele Medikamente, wie Impfstoffe, liegen die vorgeschriebenen Lagerbedingungen zwischen 2 \u00b0C und 8 \u00b0C. Es gibt auch Arzneimittel, die eine Temperatur\u00fcberwachung bei -20 Grad Celsius erfordern. Die Temperatur des K\u00fchlschranks [&hellip;]\" \/>\n<meta property=\"og:url\" content=\"https:\/\/www.mobeye.com\/de\/ueberwachung-der-temperatur-des-medizinkuehlschranks\" \/>\n<meta property=\"og:site_name\" content=\"Mobeye\" \/>\n<meta property=\"article:modified_time\" content=\"2022-06-19T19:12:26+00:00\" \/>\n<meta property=\"og:image\" content=\"https:\/\/www.mobeye.com\/files\/IH-Health.jpg\" \/>\n\t<meta property=\"og:image:width\" content=\"1440\" \/>\n\t<meta property=\"og:image:height\" content=\"660\" \/>\n\t<meta property=\"og:image:type\" content=\"image\/jpeg\" \/>\n<meta name=\"twitter:card\" content=\"summary_large_image\" \/>\n<meta name=\"twitter:site\" content=\"@mobeye\" \/>\n<meta name=\"twitter:label1\" content=\"Gesch\u00e4tzte Lesezeit\" \/>\n\t<meta name=\"twitter:data1\" content=\"3\u00a0Minuten\" \/>\n<script type=\"application\/ld+json\" class=\"yoast-schema-graph\">{\"@context\":\"https:\/\/schema.org\",\"@graph\":[{\"@type\":\"WebPage\",\"@id\":\"https:\/\/www.mobeye.com\/de\/ueberwachung-der-temperatur-des-medizinkuehlschranks\",\"url\":\"https:\/\/www.mobeye.com\/de\/ueberwachung-der-temperatur-des-medizinkuehlschranks\",\"name\":\"\u00dcberwachung der Temperatur des Medizink\u00fchlschranks - Mobeye\",\"isPartOf\":{\"@id\":\"https:\/\/www.mobeye.com\/de#website\"},\"primaryImageOfPage\":{\"@id\":\"https:\/\/www.mobeye.com\/de\/ueberwachung-der-temperatur-des-medizinkuehlschranks#primaryimage\"},\"image\":{\"@id\":\"https:\/\/www.mobeye.com\/de\/ueberwachung-der-temperatur-des-medizinkuehlschranks#primaryimage\"},\"thumbnailUrl\":\"https:\/\/www.mobeye.com\/files\/IH-Health.jpg\",\"datePublished\":\"2020-04-17T20:04:40+00:00\",\"dateModified\":\"2022-06-19T19:12:26+00:00\",\"breadcrumb\":{\"@id\":\"https:\/\/www.mobeye.com\/de\/ueberwachung-der-temperatur-des-medizinkuehlschranks#breadcrumb\"},\"inLanguage\":\"de\",\"potentialAction\":[{\"@type\":\"ReadAction\",\"target\":[\"https:\/\/www.mobeye.com\/de\/ueberwachung-der-temperatur-des-medizinkuehlschranks\"]}]},{\"@type\":\"ImageObject\",\"inLanguage\":\"de\",\"@id\":\"https:\/\/www.mobeye.com\/de\/ueberwachung-der-temperatur-des-medizinkuehlschranks#primaryimage\",\"url\":\"https:\/\/www.mobeye.com\/files\/IH-Health.jpg\",\"contentUrl\":\"https:\/\/www.mobeye.com\/files\/IH-Health.jpg\",\"width\":1440,\"height\":660},{\"@type\":\"BreadcrumbList\",\"@id\":\"https:\/\/www.mobeye.com\/de\/ueberwachung-der-temperatur-des-medizinkuehlschranks#breadcrumb\",\"itemListElement\":[{\"@type\":\"ListItem\",\"position\":1,\"name\":\"Home\",\"item\":\"https:\/\/www.mobeye.com\/de\"},{\"@type\":\"ListItem\",\"position\":2,\"name\":\"\u00dcberwachung der Temperatur des Medizink\u00fchlschranks\"}]},{\"@type\":\"WebSite\",\"@id\":\"https:\/\/www.mobeye.com\/de#website\",\"url\":\"https:\/\/www.mobeye.com\/de\",\"name\":\"Mobeye\",\"description\":\"Mobeye alarm and monitoring products\",\"publisher\":{\"@id\":\"https:\/\/www.mobeye.com\/de#organization\"},\"potentialAction\":[{\"@type\":\"SearchAction\",\"target\":{\"@type\":\"EntryPoint\",\"urlTemplate\":\"https:\/\/www.mobeye.com\/de?s={search_term_string}\"},\"query-input\":{\"@type\":\"PropertyValueSpecification\",\"valueRequired\":true,\"valueName\":\"search_term_string\"}}],\"inLanguage\":\"de\"},{\"@type\":\"Organization\",\"@id\":\"https:\/\/www.mobeye.com\/de#organization\",\"name\":\"Mobeye\",\"url\":\"https:\/\/www.mobeye.com\/de\",\"logo\":{\"@type\":\"ImageObject\",\"inLanguage\":\"de\",\"@id\":\"https:\/\/www.mobeye.com\/de#\/schema\/logo\/image\/\",\"url\":\"https:\/\/www.mobeye.com\/files\/Mobeye-logo-600px.jpg\",\"contentUrl\":\"https:\/\/www.mobeye.com\/files\/Mobeye-logo-600px.jpg\",\"width\":675,\"height\":600,\"caption\":\"Mobeye\"},\"image\":{\"@id\":\"https:\/\/www.mobeye.com\/de#\/schema\/logo\/image\/\"},\"sameAs\":[\"https:\/\/x.com\/mobeye\",\"https:\/\/www.linkedin.com\/company\/mobeye\/\",\"https:\/\/nl.pinterest.com\/mobeye\/\",\"https:\/\/www.youtube.com\/user\/MobeyeBV\/\"]}]}<\/script>\n<!-- \/ Yoast SEO plugin. -->","yoast_head_json":{"title":"\u00dcberwachung der Temperatur des Medizink\u00fchlschranks - Mobeye","robots":{"index":"index","follow":"follow","max-snippet":"max-snippet:-1","max-image-preview":"max-image-preview:large","max-video-preview":"max-video-preview:-1"},"canonical":"https:\/\/www.mobeye.com\/de\/ueberwachung-der-temperatur-des-medizinkuehlschranks","og_locale":"de_DE","og_type":"article","og_title":"\u00dcberwachung der Temperatur des Medizink\u00fchlschranks - Mobeye","og_description":"Arzneimittel sollten unter vorgeschriebenen Bedingungen gelagert werden, um die Qualit\u00e4t sicherzustellen. Die Lagertemperatur ist ein wichtiger Faktor f\u00fcr die Stabilit\u00e4t und Haltbarkeit eines Arzneimittels. F\u00fcr viele Medikamente, wie Impfstoffe, liegen die vorgeschriebenen Lagerbedingungen zwischen 2 \u00b0C und 8 \u00b0C. Es gibt auch Arzneimittel, die eine Temperatur\u00fcberwachung bei -20 Grad Celsius erfordern. Die Temperatur des K\u00fchlschranks [&hellip;]","og_url":"https:\/\/www.mobeye.com\/de\/ueberwachung-der-temperatur-des-medizinkuehlschranks","og_site_name":"Mobeye","article_modified_time":"2022-06-19T19:12:26+00:00","og_image":[{"width":1440,"height":660,"url":"https:\/\/www.mobeye.com\/files\/IH-Health.jpg","type":"image\/jpeg"}],"twitter_card":"summary_large_image","twitter_site":"@mobeye","twitter_misc":{"Gesch\u00e4tzte Lesezeit":"3\u00a0Minuten"},"schema":{"@context":"https:\/\/schema.org","@graph":[{"@type":"WebPage","@id":"https:\/\/www.mobeye.com\/de\/ueberwachung-der-temperatur-des-medizinkuehlschranks","url":"https:\/\/www.mobeye.com\/de\/ueberwachung-der-temperatur-des-medizinkuehlschranks","name":"\u00dcberwachung der Temperatur des Medizink\u00fchlschranks - Mobeye","isPartOf":{"@id":"https:\/\/www.mobeye.com\/de#website"},"primaryImageOfPage":{"@id":"https:\/\/www.mobeye.com\/de\/ueberwachung-der-temperatur-des-medizinkuehlschranks#primaryimage"},"image":{"@id":"https:\/\/www.mobeye.com\/de\/ueberwachung-der-temperatur-des-medizinkuehlschranks#primaryimage"},"thumbnailUrl":"https:\/\/www.mobeye.com\/files\/IH-Health.jpg","datePublished":"2020-04-17T20:04:40+00:00","dateModified":"2022-06-19T19:12:26+00:00","breadcrumb":{"@id":"https:\/\/www.mobeye.com\/de\/ueberwachung-der-temperatur-des-medizinkuehlschranks#breadcrumb"},"inLanguage":"de","potentialAction":[{"@type":"ReadAction","target":["https:\/\/www.mobeye.com\/de\/ueberwachung-der-temperatur-des-medizinkuehlschranks"]}]},{"@type":"ImageObject","inLanguage":"de","@id":"https:\/\/www.mobeye.com\/de\/ueberwachung-der-temperatur-des-medizinkuehlschranks#primaryimage","url":"https:\/\/www.mobeye.com\/files\/IH-Health.jpg","contentUrl":"https:\/\/www.mobeye.com\/files\/IH-Health.jpg","width":1440,"height":660},{"@type":"BreadcrumbList","@id":"https:\/\/www.mobeye.com\/de\/ueberwachung-der-temperatur-des-medizinkuehlschranks#breadcrumb","itemListElement":[{"@type":"ListItem","position":1,"name":"Home","item":"https:\/\/www.mobeye.com\/de"},{"@type":"ListItem","position":2,"name":"\u00dcberwachung der Temperatur des Medizink\u00fchlschranks"}]},{"@type":"WebSite","@id":"https:\/\/www.mobeye.com\/de#website","url":"https:\/\/www.mobeye.com\/de","name":"Mobeye","description":"Mobeye alarm and monitoring products","publisher":{"@id":"https:\/\/www.mobeye.com\/de#organization"},"potentialAction":[{"@type":"SearchAction","target":{"@type":"EntryPoint","urlTemplate":"https:\/\/www.mobeye.com\/de?s={search_term_string}"},"query-input":{"@type":"PropertyValueSpecification","valueRequired":true,"valueName":"search_term_string"}}],"inLanguage":"de"},{"@type":"Organization","@id":"https:\/\/www.mobeye.com\/de#organization","name":"Mobeye","url":"https:\/\/www.mobeye.com\/de","logo":{"@type":"ImageObject","inLanguage":"de","@id":"https:\/\/www.mobeye.com\/de#\/schema\/logo\/image\/","url":"https:\/\/www.mobeye.com\/files\/Mobeye-logo-600px.jpg","contentUrl":"https:\/\/www.mobeye.com\/files\/Mobeye-logo-600px.jpg","width":675,"height":600,"caption":"Mobeye"},"image":{"@id":"https:\/\/www.mobeye.com\/de#\/schema\/logo\/image\/"},"sameAs":["https:\/\/x.com\/mobeye","https:\/\/www.linkedin.com\/company\/mobeye\/","https:\/\/nl.pinterest.com\/mobeye\/","https:\/\/www.youtube.com\/user\/MobeyeBV\/"]}]}},"uagb_featured_image_src":{"full":["https:\/\/www.mobeye.com\/files\/IH-Health.jpg",1440,660,false],"thumbnail":["https:\/\/www.mobeye.com\/files\/IH-Health-150x150.jpg",150,150,true],"medium":["https:\/\/www.mobeye.com\/files\/IH-Health-300x138.jpg",300,138,true],"medium_large":["https:\/\/www.mobeye.com\/files\/IH-Health-768x352.jpg",768,352,true],"large":["https:\/\/www.mobeye.com\/files\/IH-Health-1024x469.jpg",1024,469,true],"1536x1536":["https:\/\/www.mobeye.com\/files\/IH-Health.jpg",1440,660,false],"2048x2048":["https:\/\/www.mobeye.com\/files\/IH-Health.jpg",1440,660,false]},"uagb_author_info":{"display_name":"Martine","author_link":"https:\/\/www.mobeye.com\/de\/author\/martine"},"uagb_comment_info":0,"uagb_excerpt":"Arzneimittel sollten unter vorgeschriebenen Bedingungen gelagert werden, um die Qualit\u00e4t sicherzustellen. Die Lagertemperatur ist ein wichtiger Faktor f\u00fcr die Stabilit\u00e4t und Haltbarkeit eines Arzneimittels. F\u00fcr viele Medikamente, wie Impfstoffe, liegen die vorgeschriebenen Lagerbedingungen zwischen 2 \u00b0C und 8 \u00b0C. Es gibt auch Arzneimittel, die eine Temperatur\u00fcberwachung bei -20 Grad Celsius erfordern. Die Temperatur des K\u00fchlschranks&hellip;","_links":{"self":[{"href":"https:\/\/www.mobeye.com\/de\/wp-json\/wp\/v2\/pages\/3262"}],"collection":[{"href":"https:\/\/www.mobeye.com\/de\/wp-json\/wp\/v2\/pages"}],"about":[{"href":"https:\/\/www.mobeye.com\/de\/wp-json\/wp\/v2\/types\/page"}],"author":[{"embeddable":true,"href":"https:\/\/www.mobeye.com\/de\/wp-json\/wp\/v2\/users\/6"}],"replies":[{"embeddable":true,"href":"https:\/\/www.mobeye.com\/de\/wp-json\/wp\/v2\/comments?post=3262"}],"version-history":[{"count":15,"href":"https:\/\/www.mobeye.com\/de\/wp-json\/wp\/v2\/pages\/3262\/revisions"}],"predecessor-version":[{"id":9586,"href":"https:\/\/www.mobeye.com\/de\/wp-json\/wp\/v2\/pages\/3262\/revisions\/9586"}],"wp:featuredmedia":[{"embeddable":true,"href":"https:\/\/www.mobeye.com\/de\/wp-json\/wp\/v2\/media\/1153"}],"wp:attachment":[{"href":"https:\/\/www.mobeye.com\/de\/wp-json\/wp\/v2\/media?parent=3262"}],"curies":[{"name":"wp","href":"https:\/\/api.w.org\/{rel}","templated":true}]}}