{"id":3273,"date":"2020-04-17T20:58:35","date_gmt":"2020-04-17T20:58:35","guid":{"rendered":"https:\/\/www.mobeye.com\/?page_id=3273"},"modified":"2023-08-16T10:35:29","modified_gmt":"2023-08-16T08:35:29","slug":"gsm-rauchmelder-fuer-leerstehende-gebaeude-und-lagerorte","status":"publish","type":"page","link":"https:\/\/www.mobeye.com\/de\/gsm-rauchmelder-fuer-leerstehende-gebaeude-und-lagerorte","title":{"rendered":"2G\/4G Rauchmelder f\u00fcr leerstehende Geb\u00e4ude und Lagerorte"},"content":{"rendered":"\n<div style=\"height:20px\" aria-hidden=\"true\" class=\"wp-block-spacer\"><\/div>\n\n\n\n<div class=\"wp-block-columns is-layout-flex wp-container-core-columns-is-layout-1 wp-block-columns-is-layout-flex\">\n<div class=\"wp-block-column is-layout-flow wp-block-column-is-layout-flow\" style=\"flex-basis:66.66%\">\n<p style=\"font-size:15px\">Rauchmelder zielen normalerweise darauf ab, Menschenleben zu sch\u00fctzen. Nicht zu Unrecht. Es gibt jedoch gen\u00fcgend Orte, an denen nicht immer Personen anwesend sind, es besteht jedoch Brandgefahr. Die Besch\u00e4digung von Best\u00e4nden und Geb\u00e4uden kann teuer sein und schwerwiegende Folgen haben. F\u00fcr diese Standorte gibt es einen Rauchmelder der, neben einer Sirene vor Ort, auch einen Bericht an entfernte Kontakte und private Meldezentralen sendet. Ohne eine komplette Brandmeldezentrale installieren zu m\u00fcssen.   <\/p>\n\n\n\n<div style=\"height:40px\" aria-hidden=\"true\" class=\"wp-block-spacer\"><\/div>\n\n\n\n<h4 class=\"wp-block-heading\">Brandschutz an komplizierten Stellen<\/h4>\n\n\n\n<p style=\"font-size:15px\">Der Mobeye CM4400 2G\/4GRauchmelder ist eine kosteng\u00fcnstige, unkomplizierte und zuverl\u00e4ssige L\u00f6sung. Er kombiniert einen der zuverl\u00e4ssigsten Rauchmelder der Welt mit der ausgekl\u00fcgelten Mobeye Kommunikationstechnologie. Der Melder arbeitet langfristig mit Batterien und ist f\u00fcr jeden Rein\u00adraum geeignet. Sobald der Rauchmelder losgeht, informiert er die Kontakte. <\/p>\n\n\n\n<p><\/p>\n<\/div>\n\n\n\n<div class=\"wp-block-column is-layout-flow wp-block-column-is-layout-flow\" style=\"flex-basis:33.33%\">\n<h5 class=\"wp-block-heading\">F\u00fcr eine rechtzeitige Warnung im Brandfall in leer stehenden Geb\u00e4uden<\/h5>\n\n\n<div class=\"wp-block-image\">\n<figure class=\"aligncenter size-full is-resized\"><img loading=\"lazy\" decoding=\"async\" src=\"https:\/\/www.mobeye.com\/files\/IP-AC-EI600.png\" alt=\"\" class=\"wp-image-2960\" width=\"182\" height=\"127\"\/><\/figure><\/div>\n\n\n<figure class=\"wp-block-image size-full\"><img loading=\"lazy\" decoding=\"async\" width=\"586\" height=\"285\" src=\"https:\/\/www.mobeye.com\/files\/IP-CM2400.jpg\" alt=\"\" class=\"wp-image-3126\" srcset=\"https:\/\/www.mobeye.com\/files\/IP-CM2400.jpg 586w, https:\/\/www.mobeye.com\/files\/IP-CM2400-300x146.jpg 300w\" sizes=\"(max-width: 586px) 100vw, 586px\" \/><\/figure>\n<\/div>\n<\/div>\n\n\n\n<h4 class=\"wp-block-heading\">Mobeye Internet Portal<\/h4>\n\n\n\n<p style=\"font-size:15px\">Der Benutzer hat die Wahl, den 2G\/4G-Rauchmelder an das Mobeye Internet Portal anzuschlie\u00dfen und die Mobeye SIM-Karte oder eine SIM-Karte eines beliebigen Anbieters zu verwenden. <a href=\"https:\/\/www.mobeye.com\/de\/mobeye-internet-portal\">Hier finden Sie die zus\u00e4tzlichen Funktionen<\/a> des Mobeye Internet Portals<a href=\"https:\/\/www.mobeye.com\/mobeye-internet-portal\">.<\/a><\/p>\n\n\n\n<h4 class=\"wp-block-heading\">Dokumentation<\/h4>\n\n\n\n<hr class=\"wp-block-separator has-css-opacity\"\/>\n\n\n\n<p style=\"font-size:15px\"><a rel=\"noreferrer noopener\" aria-label=\"\ufffc (opent in een nieuwe tab)\" href=\"https:\/\/www.mobeye.com\/files\/Mobeye-Rauchmelder-Lagergebaude-DE.pdf\" target=\"_blank\"><img decoding=\"async\" class=\"wp-image-4002\" style=\"width: 25px;\" src=\"https:\/\/www.mobeye.com\/files\/IconD-Datasheet.png\" alt=\"\"><\/a> <a rel=\"noreferrer noopener\" aria-label=\" (opent in een nieuwe tab)\" href=\"https:\/\/www.mobeye.com\/files\/Mobeye-Rauchmelder-Lagergebaude-DE.pdf\" target=\"_blank\">Informationen \u00fcber<\/a> &#8222;Brandschutz f\u00fcr leerstehende Geb\u00e4ude und Lagerorte&#8220;<\/p>\n\n\n\n<p style=\"font-size:15px\"> <a href=\"https:\/\/www.mobeye.com\/de\/products\/cm2400-mobeye-gsm-rauchwarnmelder\"><img loading=\"lazy\" decoding=\"async\" width=\"25\" height=\"16\" class=\"wp-image-4023\" style=\"width: 25px;\" src=\"https:\/\/www.mobeye.com\/files\/IconD-ComputerC.png\" alt=\"\"><\/a> <a href=\"https:\/\/www.mobeye.com\/de\/products\/cm4400-mobeye-4g-rauchmelder\">Produktseite <\/a>Mobeye CM4400<\/p>\n\n\n\n<p><\/p>\n","protected":false},"excerpt":{"rendered":"<p>Rauchmelder zielen normalerweise darauf ab, Menschenleben zu sch\u00fctzen. Nicht zu Unrecht. Es gibt jedoch gen\u00fcgend Orte, an denen nicht immer Personen anwesend sind, es besteht jedoch Brandgefahr. Die Besch\u00e4digung von Best\u00e4nden und Geb\u00e4uden kann teuer sein und schwerwiegende Folgen haben. F\u00fcr diese Standorte gibt es einen Rauchmelder der, neben einer Sirene vor Ort, auch einen [&hellip;]<\/p>\n","protected":false},"author":6,"featured_media":3098,"parent":0,"menu_order":68,"comment_status":"closed","ping_status":"closed","template":"","meta":{"footnotes":""},"class_list":["post-3273","page","type-page","status-publish","has-post-thumbnail","hentry"],"yoast_head":"<!-- This site is optimized with the Yoast SEO plugin v25.6 - https:\/\/yoast.com\/wordpress\/plugins\/seo\/ -->\n<title>2G\/4G Rauchmelder f\u00fcr leerstehende Geb\u00e4ude und Lagerorte - Mobeye<\/title>\n<meta name=\"robots\" content=\"index, follow, max-snippet:-1, max-image-preview:large, max-video-preview:-1\" \/>\n<link rel=\"canonical\" href=\"https:\/\/www.mobeye.com\/de\/gsm-rauchmelder-fuer-leerstehende-gebaeude-und-lagerorte\" \/>\n<meta property=\"og:locale\" content=\"de_DE\" \/>\n<meta property=\"og:type\" content=\"article\" \/>\n<meta property=\"og:title\" content=\"2G\/4G Rauchmelder f\u00fcr leerstehende Geb\u00e4ude und Lagerorte - Mobeye\" \/>\n<meta property=\"og:description\" content=\"Rauchmelder zielen normalerweise darauf ab, Menschenleben zu sch\u00fctzen. Nicht zu Unrecht. Es gibt jedoch gen\u00fcgend Orte, an denen nicht immer Personen anwesend sind, es besteht jedoch Brandgefahr. Die Besch\u00e4digung von Best\u00e4nden und Geb\u00e4uden kann teuer sein und schwerwiegende Folgen haben. F\u00fcr diese Standorte gibt es einen Rauchmelder der, neben einer Sirene vor Ort, auch einen [&hellip;]\" \/>\n<meta property=\"og:url\" content=\"https:\/\/www.mobeye.com\/de\/gsm-rauchmelder-fuer-leerstehende-gebaeude-und-lagerorte\" \/>\n<meta property=\"og:site_name\" content=\"Mobeye\" \/>\n<meta property=\"article:modified_time\" content=\"2023-08-16T08:35:29+00:00\" \/>\n<meta property=\"og:image\" content=\"https:\/\/www.mobeye.com\/files\/Containers7.png\" \/>\n\t<meta property=\"og:image:width\" content=\"1440\" \/>\n\t<meta property=\"og:image:height\" content=\"251\" \/>\n\t<meta property=\"og:image:type\" content=\"image\/jpeg\" \/>\n<meta name=\"twitter:card\" content=\"summary_large_image\" \/>\n<meta name=\"twitter:site\" content=\"@mobeye\" \/>\n<meta name=\"twitter:label1\" content=\"Gesch\u00e4tzte Lesezeit\" \/>\n\t<meta name=\"twitter:data1\" content=\"2\u00a0Minuten\" \/>\n<script type=\"application\/ld+json\" class=\"yoast-schema-graph\">{\"@context\":\"https:\/\/schema.org\",\"@graph\":[{\"@type\":\"WebPage\",\"@id\":\"https:\/\/www.mobeye.com\/de\/gsm-rauchmelder-fuer-leerstehende-gebaeude-und-lagerorte\",\"url\":\"https:\/\/www.mobeye.com\/de\/gsm-rauchmelder-fuer-leerstehende-gebaeude-und-lagerorte\",\"name\":\"2G\/4G Rauchmelder f\u00fcr leerstehende Geb\u00e4ude und Lagerorte - Mobeye\",\"isPartOf\":{\"@id\":\"https:\/\/www.mobeye.com\/de#website\"},\"primaryImageOfPage\":{\"@id\":\"https:\/\/www.mobeye.com\/de\/gsm-rauchmelder-fuer-leerstehende-gebaeude-und-lagerorte#primaryimage\"},\"image\":{\"@id\":\"https:\/\/www.mobeye.com\/de\/gsm-rauchmelder-fuer-leerstehende-gebaeude-und-lagerorte#primaryimage\"},\"thumbnailUrl\":\"https:\/\/www.mobeye.com\/files\/Containers7.png\",\"datePublished\":\"2020-04-17T20:58:35+00:00\",\"dateModified\":\"2023-08-16T08:35:29+00:00\",\"breadcrumb\":{\"@id\":\"https:\/\/www.mobeye.com\/de\/gsm-rauchmelder-fuer-leerstehende-gebaeude-und-lagerorte#breadcrumb\"},\"inLanguage\":\"de\",\"potentialAction\":[{\"@type\":\"ReadAction\",\"target\":[\"https:\/\/www.mobeye.com\/de\/gsm-rauchmelder-fuer-leerstehende-gebaeude-und-lagerorte\"]}]},{\"@type\":\"ImageObject\",\"inLanguage\":\"de\",\"@id\":\"https:\/\/www.mobeye.com\/de\/gsm-rauchmelder-fuer-leerstehende-gebaeude-und-lagerorte#primaryimage\",\"url\":\"https:\/\/www.mobeye.com\/files\/Containers7.png\",\"contentUrl\":\"https:\/\/www.mobeye.com\/files\/Containers7.png\",\"width\":1440,\"height\":251},{\"@type\":\"BreadcrumbList\",\"@id\":\"https:\/\/www.mobeye.com\/de\/gsm-rauchmelder-fuer-leerstehende-gebaeude-und-lagerorte#breadcrumb\",\"itemListElement\":[{\"@type\":\"ListItem\",\"position\":1,\"name\":\"Home\",\"item\":\"https:\/\/www.mobeye.com\/de\"},{\"@type\":\"ListItem\",\"position\":2,\"name\":\"2G\/4G Rauchmelder f\u00fcr leerstehende Geb\u00e4ude und Lagerorte\"}]},{\"@type\":\"WebSite\",\"@id\":\"https:\/\/www.mobeye.com\/de#website\",\"url\":\"https:\/\/www.mobeye.com\/de\",\"name\":\"Mobeye\",\"description\":\"Mobeye alarm and monitoring products\",\"publisher\":{\"@id\":\"https:\/\/www.mobeye.com\/de#organization\"},\"potentialAction\":[{\"@type\":\"SearchAction\",\"target\":{\"@type\":\"EntryPoint\",\"urlTemplate\":\"https:\/\/www.mobeye.com\/de?s={search_term_string}\"},\"query-input\":{\"@type\":\"PropertyValueSpecification\",\"valueRequired\":true,\"valueName\":\"search_term_string\"}}],\"inLanguage\":\"de\"},{\"@type\":\"Organization\",\"@id\":\"https:\/\/www.mobeye.com\/de#organization\",\"name\":\"Mobeye\",\"url\":\"https:\/\/www.mobeye.com\/de\",\"logo\":{\"@type\":\"ImageObject\",\"inLanguage\":\"de\",\"@id\":\"https:\/\/www.mobeye.com\/de#\/schema\/logo\/image\/\",\"url\":\"https:\/\/www.mobeye.com\/files\/Mobeye-logo-600px.jpg\",\"contentUrl\":\"https:\/\/www.mobeye.com\/files\/Mobeye-logo-600px.jpg\",\"width\":675,\"height\":600,\"caption\":\"Mobeye\"},\"image\":{\"@id\":\"https:\/\/www.mobeye.com\/de#\/schema\/logo\/image\/\"},\"sameAs\":[\"https:\/\/x.com\/mobeye\",\"https:\/\/www.linkedin.com\/company\/mobeye\/\",\"https:\/\/nl.pinterest.com\/mobeye\/\",\"https:\/\/www.youtube.com\/user\/MobeyeBV\/\"]}]}<\/script>\n<!-- \/ Yoast SEO plugin. -->","yoast_head_json":{"title":"2G\/4G Rauchmelder f\u00fcr leerstehende Geb\u00e4ude und Lagerorte - Mobeye","robots":{"index":"index","follow":"follow","max-snippet":"max-snippet:-1","max-image-preview":"max-image-preview:large","max-video-preview":"max-video-preview:-1"},"canonical":"https:\/\/www.mobeye.com\/de\/gsm-rauchmelder-fuer-leerstehende-gebaeude-und-lagerorte","og_locale":"de_DE","og_type":"article","og_title":"2G\/4G Rauchmelder f\u00fcr leerstehende Geb\u00e4ude und Lagerorte - Mobeye","og_description":"Rauchmelder zielen normalerweise darauf ab, Menschenleben zu sch\u00fctzen. Nicht zu Unrecht. Es gibt jedoch gen\u00fcgend Orte, an denen nicht immer Personen anwesend sind, es besteht jedoch Brandgefahr. Die Besch\u00e4digung von Best\u00e4nden und Geb\u00e4uden kann teuer sein und schwerwiegende Folgen haben. F\u00fcr diese Standorte gibt es einen Rauchmelder der, neben einer Sirene vor Ort, auch einen [&hellip;]","og_url":"https:\/\/www.mobeye.com\/de\/gsm-rauchmelder-fuer-leerstehende-gebaeude-und-lagerorte","og_site_name":"Mobeye","article_modified_time":"2023-08-16T08:35:29+00:00","og_image":[{"width":1440,"height":251,"url":"https:\/\/www.mobeye.com\/files\/Containers7.png","type":"image\/jpeg"}],"twitter_card":"summary_large_image","twitter_site":"@mobeye","twitter_misc":{"Gesch\u00e4tzte Lesezeit":"2\u00a0Minuten"},"schema":{"@context":"https:\/\/schema.org","@graph":[{"@type":"WebPage","@id":"https:\/\/www.mobeye.com\/de\/gsm-rauchmelder-fuer-leerstehende-gebaeude-und-lagerorte","url":"https:\/\/www.mobeye.com\/de\/gsm-rauchmelder-fuer-leerstehende-gebaeude-und-lagerorte","name":"2G\/4G Rauchmelder f\u00fcr leerstehende Geb\u00e4ude und Lagerorte - Mobeye","isPartOf":{"@id":"https:\/\/www.mobeye.com\/de#website"},"primaryImageOfPage":{"@id":"https:\/\/www.mobeye.com\/de\/gsm-rauchmelder-fuer-leerstehende-gebaeude-und-lagerorte#primaryimage"},"image":{"@id":"https:\/\/www.mobeye.com\/de\/gsm-rauchmelder-fuer-leerstehende-gebaeude-und-lagerorte#primaryimage"},"thumbnailUrl":"https:\/\/www.mobeye.com\/files\/Containers7.png","datePublished":"2020-04-17T20:58:35+00:00","dateModified":"2023-08-16T08:35:29+00:00","breadcrumb":{"@id":"https:\/\/www.mobeye.com\/de\/gsm-rauchmelder-fuer-leerstehende-gebaeude-und-lagerorte#breadcrumb"},"inLanguage":"de","potentialAction":[{"@type":"ReadAction","target":["https:\/\/www.mobeye.com\/de\/gsm-rauchmelder-fuer-leerstehende-gebaeude-und-lagerorte"]}]},{"@type":"ImageObject","inLanguage":"de","@id":"https:\/\/www.mobeye.com\/de\/gsm-rauchmelder-fuer-leerstehende-gebaeude-und-lagerorte#primaryimage","url":"https:\/\/www.mobeye.com\/files\/Containers7.png","contentUrl":"https:\/\/www.mobeye.com\/files\/Containers7.png","width":1440,"height":251},{"@type":"BreadcrumbList","@id":"https:\/\/www.mobeye.com\/de\/gsm-rauchmelder-fuer-leerstehende-gebaeude-und-lagerorte#breadcrumb","itemListElement":[{"@type":"ListItem","position":1,"name":"Home","item":"https:\/\/www.mobeye.com\/de"},{"@type":"ListItem","position":2,"name":"2G\/4G Rauchmelder f\u00fcr leerstehende Geb\u00e4ude und Lagerorte"}]},{"@type":"WebSite","@id":"https:\/\/www.mobeye.com\/de#website","url":"https:\/\/www.mobeye.com\/de","name":"Mobeye","description":"Mobeye alarm and monitoring products","publisher":{"@id":"https:\/\/www.mobeye.com\/de#organization"},"potentialAction":[{"@type":"SearchAction","target":{"@type":"EntryPoint","urlTemplate":"https:\/\/www.mobeye.com\/de?s={search_term_string}"},"query-input":{"@type":"PropertyValueSpecification","valueRequired":true,"valueName":"search_term_string"}}],"inLanguage":"de"},{"@type":"Organization","@id":"https:\/\/www.mobeye.com\/de#organization","name":"Mobeye","url":"https:\/\/www.mobeye.com\/de","logo":{"@type":"ImageObject","inLanguage":"de","@id":"https:\/\/www.mobeye.com\/de#\/schema\/logo\/image\/","url":"https:\/\/www.mobeye.com\/files\/Mobeye-logo-600px.jpg","contentUrl":"https:\/\/www.mobeye.com\/files\/Mobeye-logo-600px.jpg","width":675,"height":600,"caption":"Mobeye"},"image":{"@id":"https:\/\/www.mobeye.com\/de#\/schema\/logo\/image\/"},"sameAs":["https:\/\/x.com\/mobeye","https:\/\/www.linkedin.com\/company\/mobeye\/","https:\/\/nl.pinterest.com\/mobeye\/","https:\/\/www.youtube.com\/user\/MobeyeBV\/"]}]}},"uagb_featured_image_src":{"full":["https:\/\/www.mobeye.com\/files\/Containers7.png",1440,251,false],"thumbnail":["https:\/\/www.mobeye.com\/files\/IHA-Container-Red-150x150.jpg",150,150,true],"medium":["https:\/\/www.mobeye.com\/files\/IHA-Container-Red-300x52.jpg",300,52,true],"medium_large":["https:\/\/www.mobeye.com\/files\/IHA-Container-Red-768x134.jpg",768,134,true],"large":["https:\/\/www.mobeye.com\/files\/IHA-Container-Red-1024x178.jpg",1024,178,true],"1536x1536":["https:\/\/www.mobeye.com\/files\/Containers7.png",1440,251,false],"2048x2048":["https:\/\/www.mobeye.com\/files\/Containers7.png",1440,251,false]},"uagb_author_info":{"display_name":"Martine","author_link":"https:\/\/www.mobeye.com\/de\/author\/martine"},"uagb_comment_info":0,"uagb_excerpt":"Rauchmelder zielen normalerweise darauf ab, Menschenleben zu sch\u00fctzen. Nicht zu Unrecht. Es gibt jedoch gen\u00fcgend Orte, an denen nicht immer Personen anwesend sind, es besteht jedoch Brandgefahr. Die Besch\u00e4digung von Best\u00e4nden und Geb\u00e4uden kann teuer sein und schwerwiegende Folgen haben. F\u00fcr diese Standorte gibt es einen Rauchmelder der, neben einer Sirene vor Ort, auch einen&hellip;","_links":{"self":[{"href":"https:\/\/www.mobeye.com\/de\/wp-json\/wp\/v2\/pages\/3273"}],"collection":[{"href":"https:\/\/www.mobeye.com\/de\/wp-json\/wp\/v2\/pages"}],"about":[{"href":"https:\/\/www.mobeye.com\/de\/wp-json\/wp\/v2\/types\/page"}],"author":[{"embeddable":true,"href":"https:\/\/www.mobeye.com\/de\/wp-json\/wp\/v2\/users\/6"}],"replies":[{"embeddable":true,"href":"https:\/\/www.mobeye.com\/de\/wp-json\/wp\/v2\/comments?post=3273"}],"version-history":[{"count":6,"href":"https:\/\/www.mobeye.com\/de\/wp-json\/wp\/v2\/pages\/3273\/revisions"}],"predecessor-version":[{"id":11573,"href":"https:\/\/www.mobeye.com\/de\/wp-json\/wp\/v2\/pages\/3273\/revisions\/11573"}],"wp:featuredmedia":[{"embeddable":true,"href":"https:\/\/www.mobeye.com\/de\/wp-json\/wp\/v2\/media\/3098"}],"wp:attachment":[{"href":"https:\/\/www.mobeye.com\/de\/wp-json\/wp\/v2\/media?parent=3273"}],"curies":[{"name":"wp","href":"https:\/\/api.w.org\/{rel}","templated":true}]}}