{"id":3805,"date":"2020-04-23T20:33:47","date_gmt":"2020-04-23T20:33:47","guid":{"rendered":"https:\/\/www.mobeye.com\/?page_id=3805"},"modified":"2023-08-16T10:33:10","modified_gmt":"2023-08-16T08:33:10","slug":"spulendetektor-sprinkleranlage","status":"publish","type":"page","link":"https:\/\/www.mobeye.com\/de\/spulendetektor-sprinkleranlage","title":{"rendered":"Mobeye Spulendetektor f\u00fcr die Beregnungsanlage"},"content":{"rendered":"\n<div style=\"height:20px\" aria-hidden=\"true\" class=\"wp-block-spacer\"><\/div>\n\n\n\n<p style=\"font-size:15px\">Landwirtschaftliche Produkte verdienen auch bei trockenem Wetter die besten Bedingungen. Ihre  Beregnungsanlage hat dabei eine wichtige Funktion.  Um verantwortungsbewusst mit dem Land und dem verf\u00fcgbaren Wasser umzugehen, bieten der Mobeye Spulendetektor und das Telemetriemodul MS100 L\u00f6sungen f\u00fcr eine effiziente Handhabung.  <\/p>\n\n\n\n<h2 class=\"wp-block-heading\">Informiert \u00fcber die Beregnungsanlage<\/h2>\n\n\n\n<hr class=\"wp-block-separator has-css-opacity\"\/>\n\n\n\n<h5 class=\"wp-block-heading\"> Spulendetektor CM4000 <\/h5>\n\n\n\n<div class=\"wp-block-columns is-layout-flex wp-container-core-columns-is-layout-1 wp-block-columns-is-layout-flex\">\n<div class=\"wp-block-column is-layout-flow wp-block-column-is-layout-flow\" style=\"flex-basis:66.66%\">\n<p style=\"font-size:15px\">Der Mobeye  Spulendetektor CM4000 warnt Sie telefonisch, sobald die Rolle am Endanschlag angekommen ist. Spulen mit einem potentialfreien Signal am Endanschlag geben einen Impuls an den Spulendetektor. Falls gew\u00fcnscht, warnt der Detektor auch davor, auf halber Strecke anzuhalten. Der Mobeye CM4000 verf\u00fcgt \u00fcber zwei potenziell freie Alarmkontakte.  Das Ger\u00e4t kann \u00fcber einen langen Zeitraum mit Batteriestrom betrieben werden und verf\u00fcgt au\u00dferdem \u00fcber einen 12-24 VDC Eingang. In einer Alarmsituation informiert das 4G LTE-M\/GSM Kommunikationsmodul die Kontaktpersonen per Push-App, Telefonanruf und\/oder SMS.  <\/p>\n<\/div>\n\n\n\n<div class=\"wp-block-column is-layout-flow wp-block-column-is-layout-flow\" style=\"flex-basis:33.33%\">\n<figure class=\"wp-block-image size-full is-resized\"><img loading=\"lazy\" decoding=\"async\" src=\"https:\/\/www.mobeye.com\/files\/CM4000_Web.png\" alt=\"\" class=\"wp-image-7327\" width=\"187\" height=\"129\"\/><\/figure>\n<\/div>\n<\/div>\n\n\n\n<h5 class=\"wp-block-heading\"> Telemetriemodul MS100E <\/h5>\n\n\n\n<div class=\"wp-block-columns is-layout-flex wp-container-core-columns-is-layout-2 wp-block-columns-is-layout-flex\">\n<div class=\"wp-block-column is-layout-flow wp-block-column-is-layout-flow\" style=\"flex-basis:66.66%\">\n<p style=\"font-size:15px\">Der MS100E verf\u00fcgt \u00fcber zwei Relaisausg\u00e4nge zur Fernsteuerung einer Pumpe oder eines anderen Ger\u00e4ts. Dies kann \u00fcber einen Anruf oder einen SMS Befehl erfolgen. Es ist auch m\u00f6glich, den Spulendetektorring am Ger\u00e4t zu haben und die Wasserpumpe auszuschalten. Sie werden dar\u00fcber nat\u00fcrlich informiert.  <\/p>\n\n\n\n<p style=\"font-size:15px\">Der MS100E verf\u00fcgt au\u00dferdem \u00fcber zwei Eing\u00e4nge zur \u00dcberwachung von Sensoren und Signalen. F\u00fcr die Ein-, Ausg\u00e4nge und Meldungen sind verschiedene Aktionen und Reaktionen einstellbar. <\/p>\n<\/div>\n\n\n\n<div class=\"wp-block-column is-layout-flow wp-block-column-is-layout-flow\" style=\"flex-basis:33.33%\"><div class=\"wp-block-image\">\n<figure class=\"aligncenter size-large is-resized\"><img loading=\"lazy\" decoding=\"async\" src=\"https:\/\/www.mobeye.com\/files\/IPA-MS100E.png\" alt=\"\" class=\"wp-image-3797\" width=\"150\" height=\"150\" srcset=\"https:\/\/www.mobeye.com\/files\/IPA-MS100E.png 300w, https:\/\/www.mobeye.com\/files\/IPA-MS100E-150x150.png 150w\" sizes=\"(max-width: 150px) 100vw, 150px\" \/><\/figure><\/div><\/div>\n<\/div>\n\n\n\n<h4 class=\"wp-block-heading\">Dokumentation<\/h4>\n\n\n\n<hr class=\"wp-block-separator has-css-opacity\"\/>\n\n\n\n<p style=\"font-size:15px\">  <a href=\"https:\/\/www.mobeye.com\/files\/PMC-Mobeye-Spulendetektor-Steuerung-Beregnungsanlage.pdf\" target=\"_blank\" rel=\"noreferrer noopener\" aria-label=\"\ufffc (opent in een nieuwe tab)\"><img decoding=\"async\" class=\"wp-image-4002\" style=\"width: 25px;\" src=\"https:\/\/www.mobeye.com\/files\/IconD-Datasheet.png\" alt=\"\"><\/a> <a rel=\"noreferrer noopener\" aria-label=\" (opent in een nieuwe tab)\" href=\"https:\/\/www.mobeye.com\/files\/PMC-Mobeye-Spulendetektor-Steuerung-Beregnungsanlage.pdf\" target=\"_blank\">Informationen<\/a> \u201cMobeye Spulendetektor und Pumpensteuerung\u201d<\/p>\n\n\n\n<p style=\"font-size:15px\">  <a href=\"https:\/\/www.mobeye.com\/de\/products\/cm2000-mobeye-cm-guard\"><img loading=\"lazy\" decoding=\"async\" width=\"25\" height=\"16\" class=\"wp-image-4023\" style=\"width: 25px;\" src=\"https:\/\/www.mobeye.com\/files\/IconD-ComputerC.png\" alt=\"\"><\/a> <a href=\"https:\/\/www.mobeye.com\/de\/products\/cm4000-mobeye-cm-guard\">Produktseite<\/a> Mobeye CM4000<\/p>\n\n\n\n<p style=\"font-size:15px\">  <a href=\"https:\/\/www.mobeye.com\/de\/products\/ms100-mobeye-telemetrie\"><img loading=\"lazy\" decoding=\"async\" width=\"25\" height=\"16\" class=\"wp-image-4023\" style=\"width: 25px;\" src=\"https:\/\/www.mobeye.com\/files\/IconD-ComputerC.png\" alt=\"\"><\/a> <a href=\"https:\/\/www.mobeye.com\/de\/products\/ms100-mobeye-telemetrie\">Produktseite<\/a> Mobeye MS100<\/p>\n","protected":false},"excerpt":{"rendered":"<p>Landwirtschaftliche Produkte verdienen auch bei trockenem Wetter die besten Bedingungen. Ihre Beregnungsanlage hat dabei eine wichtige Funktion. Um verantwortungsbewusst mit dem Land und dem verf\u00fcgbaren Wasser umzugehen, bieten der Mobeye Spulendetektor und das Telemetriemodul MS100 L\u00f6sungen f\u00fcr eine effiziente Handhabung. Informiert \u00fcber die Beregnungsanlage Spulendetektor CM4000 Der Mobeye Spulendetektor CM4000 warnt Sie telefonisch, sobald die [&hellip;]<\/p>\n","protected":false},"author":6,"featured_media":3809,"parent":0,"menu_order":60,"comment_status":"closed","ping_status":"closed","template":"","meta":{"footnotes":""},"class_list":["post-3805","page","type-page","status-publish","has-post-thumbnail","hentry"],"yoast_head":"<!-- This site is optimized with the Yoast SEO plugin v25.6 - https:\/\/yoast.com\/wordpress\/plugins\/seo\/ -->\n<title>Mobeye Spulendetektor f\u00fcr die Beregnungsanlage - Mobeye<\/title>\n<meta name=\"description\" content=\"Mobeye Spulendetektor und das Telemetriemodul MS100 geben Griffe f\u00fcr eine effiziente Beregnung.\" \/>\n<meta name=\"robots\" content=\"index, follow, max-snippet:-1, max-image-preview:large, max-video-preview:-1\" \/>\n<link rel=\"canonical\" href=\"https:\/\/www.mobeye.com\/de\/spulendetektor-sprinkleranlage\" \/>\n<meta property=\"og:locale\" content=\"de_DE\" \/>\n<meta property=\"og:type\" content=\"article\" \/>\n<meta property=\"og:title\" content=\"Mobeye Spulendetektor f\u00fcr die Beregnungsanlage - Mobeye\" \/>\n<meta property=\"og:description\" content=\"Mobeye Spulendetektor und das Telemetriemodul MS100 geben Griffe f\u00fcr eine effiziente Beregnung.\" \/>\n<meta property=\"og:url\" content=\"https:\/\/www.mobeye.com\/de\/spulendetektor-sprinkleranlage\" \/>\n<meta property=\"og:site_name\" content=\"Mobeye\" \/>\n<meta property=\"article:modified_time\" content=\"2023-08-16T08:33:10+00:00\" \/>\n<meta property=\"og:image\" content=\"https:\/\/www.mobeye.com\/files\/IHP-IrrigationWhl.jpg\" \/>\n\t<meta property=\"og:image:width\" content=\"1440\" \/>\n\t<meta property=\"og:image:height\" content=\"250\" \/>\n\t<meta property=\"og:image:type\" content=\"image\/jpeg\" \/>\n<meta name=\"twitter:card\" content=\"summary_large_image\" \/>\n<meta name=\"twitter:site\" content=\"@mobeye\" \/>\n<meta name=\"twitter:label1\" content=\"Gesch\u00e4tzte Lesezeit\" \/>\n\t<meta name=\"twitter:data1\" content=\"3\u00a0Minuten\" \/>\n<script type=\"application\/ld+json\" class=\"yoast-schema-graph\">{\"@context\":\"https:\/\/schema.org\",\"@graph\":[{\"@type\":\"WebPage\",\"@id\":\"https:\/\/www.mobeye.com\/de\/spulendetektor-sprinkleranlage\",\"url\":\"https:\/\/www.mobeye.com\/de\/spulendetektor-sprinkleranlage\",\"name\":\"Mobeye Spulendetektor f\u00fcr die Beregnungsanlage - Mobeye\",\"isPartOf\":{\"@id\":\"https:\/\/www.mobeye.com\/de#website\"},\"primaryImageOfPage\":{\"@id\":\"https:\/\/www.mobeye.com\/de\/spulendetektor-sprinkleranlage#primaryimage\"},\"image\":{\"@id\":\"https:\/\/www.mobeye.com\/de\/spulendetektor-sprinkleranlage#primaryimage\"},\"thumbnailUrl\":\"https:\/\/www.mobeye.com\/files\/IHP-IrrigationWhl.jpg\",\"datePublished\":\"2020-04-23T20:33:47+00:00\",\"dateModified\":\"2023-08-16T08:33:10+00:00\",\"description\":\"Mobeye Spulendetektor und das Telemetriemodul MS100 geben Griffe f\u00fcr eine effiziente Beregnung.\",\"breadcrumb\":{\"@id\":\"https:\/\/www.mobeye.com\/de\/spulendetektor-sprinkleranlage#breadcrumb\"},\"inLanguage\":\"de\",\"potentialAction\":[{\"@type\":\"ReadAction\",\"target\":[\"https:\/\/www.mobeye.com\/de\/spulendetektor-sprinkleranlage\"]}]},{\"@type\":\"ImageObject\",\"inLanguage\":\"de\",\"@id\":\"https:\/\/www.mobeye.com\/de\/spulendetektor-sprinkleranlage#primaryimage\",\"url\":\"https:\/\/www.mobeye.com\/files\/IHP-IrrigationWhl.jpg\",\"contentUrl\":\"https:\/\/www.mobeye.com\/files\/IHP-IrrigationWhl.jpg\",\"width\":1440,\"height\":250},{\"@type\":\"BreadcrumbList\",\"@id\":\"https:\/\/www.mobeye.com\/de\/spulendetektor-sprinkleranlage#breadcrumb\",\"itemListElement\":[{\"@type\":\"ListItem\",\"position\":1,\"name\":\"Home\",\"item\":\"https:\/\/www.mobeye.com\/de\"},{\"@type\":\"ListItem\",\"position\":2,\"name\":\"Mobeye Spulendetektor f\u00fcr die Beregnungsanlage\"}]},{\"@type\":\"WebSite\",\"@id\":\"https:\/\/www.mobeye.com\/de#website\",\"url\":\"https:\/\/www.mobeye.com\/de\",\"name\":\"Mobeye\",\"description\":\"Mobeye alarm and monitoring products\",\"publisher\":{\"@id\":\"https:\/\/www.mobeye.com\/de#organization\"},\"potentialAction\":[{\"@type\":\"SearchAction\",\"target\":{\"@type\":\"EntryPoint\",\"urlTemplate\":\"https:\/\/www.mobeye.com\/de?s={search_term_string}\"},\"query-input\":{\"@type\":\"PropertyValueSpecification\",\"valueRequired\":true,\"valueName\":\"search_term_string\"}}],\"inLanguage\":\"de\"},{\"@type\":\"Organization\",\"@id\":\"https:\/\/www.mobeye.com\/de#organization\",\"name\":\"Mobeye\",\"url\":\"https:\/\/www.mobeye.com\/de\",\"logo\":{\"@type\":\"ImageObject\",\"inLanguage\":\"de\",\"@id\":\"https:\/\/www.mobeye.com\/de#\/schema\/logo\/image\/\",\"url\":\"https:\/\/www.mobeye.com\/files\/Mobeye-logo-600px.jpg\",\"contentUrl\":\"https:\/\/www.mobeye.com\/files\/Mobeye-logo-600px.jpg\",\"width\":675,\"height\":600,\"caption\":\"Mobeye\"},\"image\":{\"@id\":\"https:\/\/www.mobeye.com\/de#\/schema\/logo\/image\/\"},\"sameAs\":[\"https:\/\/x.com\/mobeye\",\"https:\/\/www.linkedin.com\/company\/mobeye\/\",\"https:\/\/nl.pinterest.com\/mobeye\/\",\"https:\/\/www.youtube.com\/user\/MobeyeBV\/\"]}]}<\/script>\n<!-- \/ Yoast SEO plugin. -->","yoast_head_json":{"title":"Mobeye Spulendetektor f\u00fcr die Beregnungsanlage - Mobeye","description":"Mobeye Spulendetektor und das Telemetriemodul MS100 geben Griffe f\u00fcr eine effiziente Beregnung.","robots":{"index":"index","follow":"follow","max-snippet":"max-snippet:-1","max-image-preview":"max-image-preview:large","max-video-preview":"max-video-preview:-1"},"canonical":"https:\/\/www.mobeye.com\/de\/spulendetektor-sprinkleranlage","og_locale":"de_DE","og_type":"article","og_title":"Mobeye Spulendetektor f\u00fcr die Beregnungsanlage - Mobeye","og_description":"Mobeye Spulendetektor und das Telemetriemodul MS100 geben Griffe f\u00fcr eine effiziente Beregnung.","og_url":"https:\/\/www.mobeye.com\/de\/spulendetektor-sprinkleranlage","og_site_name":"Mobeye","article_modified_time":"2023-08-16T08:33:10+00:00","og_image":[{"width":1440,"height":250,"url":"https:\/\/www.mobeye.com\/files\/IHP-IrrigationWhl.jpg","type":"image\/jpeg"}],"twitter_card":"summary_large_image","twitter_site":"@mobeye","twitter_misc":{"Gesch\u00e4tzte Lesezeit":"3\u00a0Minuten"},"schema":{"@context":"https:\/\/schema.org","@graph":[{"@type":"WebPage","@id":"https:\/\/www.mobeye.com\/de\/spulendetektor-sprinkleranlage","url":"https:\/\/www.mobeye.com\/de\/spulendetektor-sprinkleranlage","name":"Mobeye Spulendetektor f\u00fcr die Beregnungsanlage - Mobeye","isPartOf":{"@id":"https:\/\/www.mobeye.com\/de#website"},"primaryImageOfPage":{"@id":"https:\/\/www.mobeye.com\/de\/spulendetektor-sprinkleranlage#primaryimage"},"image":{"@id":"https:\/\/www.mobeye.com\/de\/spulendetektor-sprinkleranlage#primaryimage"},"thumbnailUrl":"https:\/\/www.mobeye.com\/files\/IHP-IrrigationWhl.jpg","datePublished":"2020-04-23T20:33:47+00:00","dateModified":"2023-08-16T08:33:10+00:00","description":"Mobeye Spulendetektor und das Telemetriemodul MS100 geben Griffe f\u00fcr eine effiziente Beregnung.","breadcrumb":{"@id":"https:\/\/www.mobeye.com\/de\/spulendetektor-sprinkleranlage#breadcrumb"},"inLanguage":"de","potentialAction":[{"@type":"ReadAction","target":["https:\/\/www.mobeye.com\/de\/spulendetektor-sprinkleranlage"]}]},{"@type":"ImageObject","inLanguage":"de","@id":"https:\/\/www.mobeye.com\/de\/spulendetektor-sprinkleranlage#primaryimage","url":"https:\/\/www.mobeye.com\/files\/IHP-IrrigationWhl.jpg","contentUrl":"https:\/\/www.mobeye.com\/files\/IHP-IrrigationWhl.jpg","width":1440,"height":250},{"@type":"BreadcrumbList","@id":"https:\/\/www.mobeye.com\/de\/spulendetektor-sprinkleranlage#breadcrumb","itemListElement":[{"@type":"ListItem","position":1,"name":"Home","item":"https:\/\/www.mobeye.com\/de"},{"@type":"ListItem","position":2,"name":"Mobeye Spulendetektor f\u00fcr die Beregnungsanlage"}]},{"@type":"WebSite","@id":"https:\/\/www.mobeye.com\/de#website","url":"https:\/\/www.mobeye.com\/de","name":"Mobeye","description":"Mobeye alarm and monitoring products","publisher":{"@id":"https:\/\/www.mobeye.com\/de#organization"},"potentialAction":[{"@type":"SearchAction","target":{"@type":"EntryPoint","urlTemplate":"https:\/\/www.mobeye.com\/de?s={search_term_string}"},"query-input":{"@type":"PropertyValueSpecification","valueRequired":true,"valueName":"search_term_string"}}],"inLanguage":"de"},{"@type":"Organization","@id":"https:\/\/www.mobeye.com\/de#organization","name":"Mobeye","url":"https:\/\/www.mobeye.com\/de","logo":{"@type":"ImageObject","inLanguage":"de","@id":"https:\/\/www.mobeye.com\/de#\/schema\/logo\/image\/","url":"https:\/\/www.mobeye.com\/files\/Mobeye-logo-600px.jpg","contentUrl":"https:\/\/www.mobeye.com\/files\/Mobeye-logo-600px.jpg","width":675,"height":600,"caption":"Mobeye"},"image":{"@id":"https:\/\/www.mobeye.com\/de#\/schema\/logo\/image\/"},"sameAs":["https:\/\/x.com\/mobeye","https:\/\/www.linkedin.com\/company\/mobeye\/","https:\/\/nl.pinterest.com\/mobeye\/","https:\/\/www.youtube.com\/user\/MobeyeBV\/"]}]}},"uagb_featured_image_src":{"full":["https:\/\/www.mobeye.com\/files\/IHP-IrrigationWhl.jpg",1440,250,false],"thumbnail":["https:\/\/www.mobeye.com\/files\/IHP-IrrigationWhl-150x150.jpg",150,150,true],"medium":["https:\/\/www.mobeye.com\/files\/IHP-IrrigationWhl-300x52.jpg",300,52,true],"medium_large":["https:\/\/www.mobeye.com\/files\/IHP-IrrigationWhl-768x133.jpg",768,133,true],"large":["https:\/\/www.mobeye.com\/files\/IHP-IrrigationWhl-1024x178.jpg",1024,178,true],"1536x1536":["https:\/\/www.mobeye.com\/files\/IHP-IrrigationWhl.jpg",1440,250,false],"2048x2048":["https:\/\/www.mobeye.com\/files\/IHP-IrrigationWhl.jpg",1440,250,false]},"uagb_author_info":{"display_name":"Martine","author_link":"https:\/\/www.mobeye.com\/de\/author\/martine"},"uagb_comment_info":0,"uagb_excerpt":"Landwirtschaftliche Produkte verdienen auch bei trockenem Wetter die besten Bedingungen. Ihre Beregnungsanlage hat dabei eine wichtige Funktion. Um verantwortungsbewusst mit dem Land und dem verf\u00fcgbaren Wasser umzugehen, bieten der Mobeye Spulendetektor und das Telemetriemodul MS100 L\u00f6sungen f\u00fcr eine effiziente Handhabung. Informiert \u00fcber die Beregnungsanlage Spulendetektor CM4000 Der Mobeye Spulendetektor CM4000 warnt Sie telefonisch, sobald die&hellip;","_links":{"self":[{"href":"https:\/\/www.mobeye.com\/de\/wp-json\/wp\/v2\/pages\/3805"}],"collection":[{"href":"https:\/\/www.mobeye.com\/de\/wp-json\/wp\/v2\/pages"}],"about":[{"href":"https:\/\/www.mobeye.com\/de\/wp-json\/wp\/v2\/types\/page"}],"author":[{"embeddable":true,"href":"https:\/\/www.mobeye.com\/de\/wp-json\/wp\/v2\/users\/6"}],"replies":[{"embeddable":true,"href":"https:\/\/www.mobeye.com\/de\/wp-json\/wp\/v2\/comments?post=3805"}],"version-history":[{"count":10,"href":"https:\/\/www.mobeye.com\/de\/wp-json\/wp\/v2\/pages\/3805\/revisions"}],"predecessor-version":[{"id":11571,"href":"https:\/\/www.mobeye.com\/de\/wp-json\/wp\/v2\/pages\/3805\/revisions\/11571"}],"wp:featuredmedia":[{"embeddable":true,"href":"https:\/\/www.mobeye.com\/de\/wp-json\/wp\/v2\/media\/3809"}],"wp:attachment":[{"href":"https:\/\/www.mobeye.com\/de\/wp-json\/wp\/v2\/media?parent=3805"}],"curies":[{"name":"wp","href":"https:\/\/api.w.org\/{rel}","templated":true}]}}