{"id":3851,"date":"2020-04-25T14:23:18","date_gmt":"2020-04-25T14:23:18","guid":{"rendered":"https:\/\/www.mobeye.com\/?page_id=3851"},"modified":"2023-01-23T12:24:31","modified_gmt":"2023-01-23T10:24:31","slug":"nachtfrostmelder","status":"publish","type":"page","link":"https:\/\/www.mobeye.com\/de\/nachtfrostmelder","title":{"rendered":"Nachtfrostmelder"},"content":{"rendered":"\n<div style=\"height:40px\" aria-hidden=\"true\" class=\"wp-block-spacer\"><\/div>\n\n\n\n<p style=\"font-size:15px\">Die Mobeye Nachtfrostmelder sind ein zuverl\u00e4ssiges Hilfsmittel f\u00fcr die Agrawirtschaft. Im Fr\u00fchjahr warnen die Temperaturmelder vor nahendem Nachtfrost. Die Mobeye Frostmelder rufen die Kontakte an, sobald die eingestellte Temperatur erreicht ist. Der Z\u00fcchter bestimmt dann, ob die Bl\u00fcte durch Bew\u00e4sserung oder andere Ma\u00dfnahmen gesch\u00fctzt werden muss.  <\/p>\n\n\n\n<h2 class=\"wp-block-heading\">Wachen Sie zur richtigen Zeit auf <\/h2>\n\n\n\n<div class=\"wp-block-columns is-layout-flex wp-container-core-columns-is-layout-1 wp-block-columns-is-layout-flex\">\n<div class=\"wp-block-column is-layout-flow wp-block-column-is-layout-flow\" style=\"flex-basis:66.66%\">\n<p style=\"font-size:15px\">Die Mobeye Nachtfrostmelder messen kontinuierlich die Au\u00dfentem\u00adperatur und alarmieren bei Erreichen des Grenzwertes. Der Mobeye CM4200X gibt nur einen Alarm aus, mit m\u00f6glichen Wiederholungen. Zus\u00e4tzlich zu Alarmen zeigt der CML4275 den Temperaturverlauf \u00fcber eine Online-Anwendung an. Sobald der Alarmstatus erreicht ist, wird das Diagramm alle paar Minuten aktualisiert. So k\u00f6nnen Sie noch genauer feststellen, ob Ma\u00dfnahmen erforderlich sind. Und weil Sie den Temperaturtrend auf Ihrem Telefon \u00fcberwachen k\u00f6nnen, haben Sie \u00fcberall einen kontinuierlichen Einblick.<\/p>\n\n\n\n<p style=\"font-size:15px\">Die Melder k\u00f6nnen lange Zeit mit Batterien betrieben werden. Der Temperatursensor ist werkseitig kalibriert.   <\/p>\n<\/div>\n\n\n\n<div class=\"wp-block-column is-layout-flow wp-block-column-is-layout-flow\" style=\"flex-basis:33.33%\"><div class=\"wp-block-image\">\n<figure class=\"aligncenter size-medium\"><img loading=\"lazy\" decoding=\"async\" width=\"258\" height=\"300\" src=\"https:\/\/www.mobeye.com\/files\/IPA-phone-alarm-258x300.jpg\" alt=\"\" class=\"wp-image-3740\" srcset=\"https:\/\/www.mobeye.com\/files\/IPA-phone-alarm-258x300.jpg 258w, https:\/\/www.mobeye.com\/files\/IPA-phone-alarm.jpg 373w\" sizes=\"(max-width: 258px) 100vw, 258px\" \/><\/figure><\/div><\/div>\n<\/div>\n\n\n\n<h3 class=\"wp-block-heading\">Smart data transfer<\/h3>\n\n\n\n<div class=\"wp-block-columns is-layout-flex wp-container-core-columns-is-layout-2 wp-block-columns-is-layout-flex\">\n<div class=\"wp-block-column is-layout-flow wp-block-column-is-layout-flow\" style=\"flex-basis:66.66%\">\n<p style=\"font-size:15px\">W\u00e4hrend der Bl\u00fctezeit bietet der Mobeye CML4275 mit der Option Smart Data Transfer einen optimalen Einblick in die Temperaturwerte. Sobald die Au\u00dfenluft in die kritische Temperaturzone eintritt, werden die Protokoll- und Synchronisationsfrequenzen automatisch erh\u00f6ht. Und wenn das Alarmlimit erreicht ist, folgt sofort ein Telefonalarm und die Grafik wird alle paar Minuten aktualisiert. Auf diese Weise k\u00f6nnen Sie in Ruhe in die Nacht gehen.  <\/p>\n<\/div>\n\n\n\n<div class=\"wp-block-column is-layout-flow wp-block-column-is-layout-flow\" style=\"flex-basis:33.33%\">\n<figure class=\"wp-block-image size-medium\"><img loading=\"lazy\" decoding=\"async\" width=\"300\" height=\"155\" src=\"https:\/\/www.mobeye.com\/files\/2019\/09\/IB-DataAnalysis-300x155.jpg\" alt=\"\" class=\"wp-image-43\" srcset=\"https:\/\/www.mobeye.com\/files\/2019\/09\/IB-DataAnalysis-300x155.jpg 300w, https:\/\/www.mobeye.com\/files\/2019\/09\/IB-DataAnalysis.jpg 581w\" sizes=\"(max-width: 300px) 100vw, 300px\" \/><\/figure>\n<\/div>\n<\/div>\n\n\n\n<h3 class=\"wp-block-heading\" id=\"CML4275-stundenzaehler\">Hitzewarnung<\/h3>\n\n\n\n<div class=\"wp-block-columns is-layout-flex wp-container-core-columns-is-layout-3 wp-block-columns-is-layout-flex\">\n<div class=\"wp-block-column is-layout-flow wp-block-column-is-layout-flow\" style=\"flex-basis:66.66%\">\n<p style=\"font-size:15px\">Der Mobeye CML4275 verf\u00fcgt \u00fcber mehrere Funktionen, die das ganze Jahr \u00fcber sinnvoll sind. Neben der Untergrenze f\u00fcr die Nachtfrostmessung ist auch eine Obergrenze der Temperatur einstellbar. Bei \u00dcberschreitung erh\u00e4lt den Z\u00fcchter eine Nachricht. Dies ist sinnvoll, um festzustellen, ob die Folie gedreht werden muss und oder die Beregnung erforderlich ist.<\/p>\n<\/div>\n\n\n\n<div class=\"wp-block-column is-layout-flow wp-block-column-is-layout-flow\" style=\"flex-basis:33.33%\"><div class=\"wp-block-image\">\n<figure class=\"aligncenter size-full\"><img loading=\"lazy\" decoding=\"async\" width=\"156\" height=\"156\" src=\"https:\/\/www.mobeye.com\/files\/IPA-phone-graph.png\" alt=\"\" class=\"wp-image-3774\" srcset=\"https:\/\/www.mobeye.com\/files\/IPA-phone-graph.png 156w, https:\/\/www.mobeye.com\/files\/IPA-phone-graph-150x150.png 150w\" sizes=\"(max-width: 156px) 100vw, 156px\" \/><\/figure><\/div><\/div>\n<\/div>\n\n\n\n<h3 class=\"wp-block-heading\">Stundenz\u00e4hler mit kumulierten W\u00e4rmestunden <\/h3>\n\n\n\n<div class=\"wp-block-columns is-layout-flex wp-container-core-columns-is-layout-4 wp-block-columns-is-layout-flex\">\n<div class=\"wp-block-column is-layout-flow wp-block-column-is-layout-flow\" style=\"flex-basis:66.66%\">\n<p style=\"font-size:15px\">Als zus\u00e4tzliche Option verf\u00fcgt der CML4275 \u00fcber einen Stundenz\u00e4hler. Dieser berechnet die kumulierte Anzahl von Stunden \u00fcber oder unter einem Temperaturwert. Sie legen im Mobeye Internet Portal einen Zeitraum und eine Temperaturgrenze fest. Ein Diagramm zeigt dann den kumulativen Verlauf der Stunden an, als auch die Gesamtzahl der Stunden, in denen die Temperatur \u00fcber (oder unter) dem Grenzwert lag. <\/p>\n<\/div>\n\n\n\n<div class=\"wp-block-column CML2275-stundenzaehler is-layout-flow wp-block-column-is-layout-flow\" style=\"flex-basis:33.33%\">\n<figure class=\"wp-block-image size-medium\"><img loading=\"lazy\" decoding=\"async\" width=\"300\" height=\"108\" src=\"https:\/\/www.mobeye.com\/files\/IPA-HoursCounter-300x108.png\" alt=\"\" class=\"wp-image-3653\" srcset=\"https:\/\/www.mobeye.com\/files\/IPA-HoursCounter-300x108.png 300w, https:\/\/www.mobeye.com\/files\/IPA-HoursCounter-768x277.png 768w, https:\/\/www.mobeye.com\/files\/IPA-HoursCounter.png 776w\" sizes=\"(max-width: 300px) 100vw, 300px\" \/><\/figure>\n<\/div>\n<\/div>\n\n\n\n<h4 class=\"wp-block-heading\">Dokumentation<\/h4>\n\n\n\n<hr class=\"wp-block-separator has-css-opacity\"\/>\n\n\n\n<p>  <a href=\"https:\/\/www.mobeye.com\/files\/PMC-Mobeye-Nachtfrostmelder-DE.pdf\" target=\"_blank\" rel=\"noreferrer noopener\" aria-label=\"\ufffc (opent in een nieuwe tab)\"><img decoding=\"async\" class=\"wp-image-4002\" style=\"width: 25px;\" src=\"https:\/\/www.mobeye.com\/files\/IconD-Datasheet.png\" alt=\"\"><\/a> <a rel=\"noreferrer noopener\" aria-label=\"Informationen \u00fcber (opent in een nieuwe tab)\" href=\"https:\/\/www.mobeye.com\/files\/PMC-Mobeye-Nachtfrostmelder-DE.pdf\" target=\"_blank\">Informationen \u00fcber<\/a> \u201cMobeye Nachtfrostmelder\u201d<\/p>\n\n\n\n<p>  <a href=\"https:\/\/www.mobeye.com\/de\/products\/cml2275-mobeye-thermoguard-twinlog\"><img loading=\"lazy\" decoding=\"async\" width=\"25\" height=\"16\" class=\"wp-image-4023\" style=\"width: 25px;\" src=\"https:\/\/www.mobeye.com\/files\/IconD-ComputerC.png\" alt=\"\"><\/a> <a href=\"https:\/\/www.mobeye.com\/de\/products\/cml4275-mobeye-thermoguard-twinlog\">Produktseite<\/a> Mobeye CML4275<\/p>\n\n\n\n<p>  <a href=\"https:\/\/www.mobeye.com\/de\/products\/cm2200-mobeye-thermoguard\"><img loading=\"lazy\" decoding=\"async\" width=\"25\" height=\"16\" class=\"wp-image-4023\" style=\"width: 25px;\" src=\"https:\/\/www.mobeye.com\/files\/IconD-ComputerC.png\" alt=\"\"><\/a> <a href=\"https:\/\/www.mobeye.com\/de\/products\/cm4200-mobeye-thermoguard\">Produktseite<\/a> Mobeye CM4200 (der CM4200X hat ein Au\u00dfengeh\u00e4use)<\/p>\n","protected":false},"excerpt":{"rendered":"<p>Die Mobeye Nachtfrostmelder sind ein zuverl\u00e4ssiges Hilfsmittel f\u00fcr die Agrawirtschaft. Im Fr\u00fchjahr warnen die Temperaturmelder vor nahendem Nachtfrost. Die Mobeye Frostmelder rufen die Kontakte an, sobald die eingestellte Temperatur erreicht ist. Der Z\u00fcchter bestimmt dann, ob die Bl\u00fcte durch Bew\u00e4sserung oder andere Ma\u00dfnahmen gesch\u00fctzt werden muss. Wachen Sie zur richtigen Zeit auf Die Mobeye Nachtfrostmelder [&hellip;]<\/p>\n","protected":false},"author":6,"featured_media":3707,"parent":0,"menu_order":85,"comment_status":"closed","ping_status":"closed","template":"","meta":{"footnotes":""},"class_list":["post-3851","page","type-page","status-publish","has-post-thumbnail","hentry"],"yoast_head":"<!-- This site is optimized with the Yoast SEO plugin v25.6 - https:\/\/yoast.com\/wordpress\/plugins\/seo\/ -->\n<title>Nachtfrostmelder - Mobeye<\/title>\n<meta name=\"description\" content=\"Die Mobeye Nachtfrostmelder messen kontinuierlich die Au\u00dfentem\u00adperatur und alarmieren bei Erreichen des Grenzwertes. Der Mobeye CM2200X gibt nur einen Alarm aus, mit m\u00f6glichen Wiederholungen. Zus\u00e4tzlich zu Alarmen zeigt der CML2275 den Temperaturverlauf \u00fcber eine Online-Anwendung an.\" \/>\n<meta name=\"robots\" content=\"index, follow, max-snippet:-1, max-image-preview:large, max-video-preview:-1\" \/>\n<link rel=\"canonical\" href=\"https:\/\/www.mobeye.com\/de\/nachtfrostmelder\" \/>\n<meta property=\"og:locale\" content=\"de_DE\" \/>\n<meta property=\"og:type\" content=\"article\" \/>\n<meta property=\"og:title\" content=\"Nachtfrostmelder - Mobeye\" \/>\n<meta property=\"og:description\" content=\"Die Mobeye Nachtfrostmelder messen kontinuierlich die Au\u00dfentem\u00adperatur und alarmieren bei Erreichen des Grenzwertes. Der Mobeye CM2200X gibt nur einen Alarm aus, mit m\u00f6glichen Wiederholungen. Zus\u00e4tzlich zu Alarmen zeigt der CML2275 den Temperaturverlauf \u00fcber eine Online-Anwendung an.\" \/>\n<meta property=\"og:url\" content=\"https:\/\/www.mobeye.com\/de\/nachtfrostmelder\" \/>\n<meta property=\"og:site_name\" content=\"Mobeye\" \/>\n<meta property=\"article:modified_time\" content=\"2023-01-23T10:24:31+00:00\" \/>\n<meta property=\"og:image\" content=\"https:\/\/www.mobeye.com\/files\/IPA-Blossom.jpg\" \/>\n\t<meta property=\"og:image:width\" content=\"1440\" \/>\n\t<meta property=\"og:image:height\" content=\"510\" \/>\n\t<meta property=\"og:image:type\" content=\"image\/jpeg\" \/>\n<meta name=\"twitter:card\" content=\"summary_large_image\" \/>\n<meta name=\"twitter:site\" content=\"@mobeye\" \/>\n<meta name=\"twitter:label1\" content=\"Gesch\u00e4tzte Lesezeit\" \/>\n\t<meta name=\"twitter:data1\" content=\"4\u00a0Minuten\" \/>\n<script type=\"application\/ld+json\" class=\"yoast-schema-graph\">{\"@context\":\"https:\/\/schema.org\",\"@graph\":[{\"@type\":\"WebPage\",\"@id\":\"https:\/\/www.mobeye.com\/de\/nachtfrostmelder\",\"url\":\"https:\/\/www.mobeye.com\/de\/nachtfrostmelder\",\"name\":\"Nachtfrostmelder - Mobeye\",\"isPartOf\":{\"@id\":\"https:\/\/www.mobeye.com\/de#website\"},\"primaryImageOfPage\":{\"@id\":\"https:\/\/www.mobeye.com\/de\/nachtfrostmelder#primaryimage\"},\"image\":{\"@id\":\"https:\/\/www.mobeye.com\/de\/nachtfrostmelder#primaryimage\"},\"thumbnailUrl\":\"https:\/\/www.mobeye.com\/files\/IPA-Blossom.jpg\",\"datePublished\":\"2020-04-25T14:23:18+00:00\",\"dateModified\":\"2023-01-23T10:24:31+00:00\",\"description\":\"Die Mobeye Nachtfrostmelder messen kontinuierlich die Au\u00dfentem\u00adperatur und alarmieren bei Erreichen des Grenzwertes. Der Mobeye CM2200X gibt nur einen Alarm aus, mit m\u00f6glichen Wiederholungen. Zus\u00e4tzlich zu Alarmen zeigt der CML2275 den Temperaturverlauf \u00fcber eine Online-Anwendung an.\",\"breadcrumb\":{\"@id\":\"https:\/\/www.mobeye.com\/de\/nachtfrostmelder#breadcrumb\"},\"inLanguage\":\"de\",\"potentialAction\":[{\"@type\":\"ReadAction\",\"target\":[\"https:\/\/www.mobeye.com\/de\/nachtfrostmelder\"]}]},{\"@type\":\"ImageObject\",\"inLanguage\":\"de\",\"@id\":\"https:\/\/www.mobeye.com\/de\/nachtfrostmelder#primaryimage\",\"url\":\"https:\/\/www.mobeye.com\/files\/IPA-Blossom.jpg\",\"contentUrl\":\"https:\/\/www.mobeye.com\/files\/IPA-Blossom.jpg\",\"width\":1440,\"height\":510},{\"@type\":\"BreadcrumbList\",\"@id\":\"https:\/\/www.mobeye.com\/de\/nachtfrostmelder#breadcrumb\",\"itemListElement\":[{\"@type\":\"ListItem\",\"position\":1,\"name\":\"Home\",\"item\":\"https:\/\/www.mobeye.com\/de\"},{\"@type\":\"ListItem\",\"position\":2,\"name\":\"Nachtfrostmelder\"}]},{\"@type\":\"WebSite\",\"@id\":\"https:\/\/www.mobeye.com\/de#website\",\"url\":\"https:\/\/www.mobeye.com\/de\",\"name\":\"Mobeye\",\"description\":\"Mobeye alarm and monitoring products\",\"publisher\":{\"@id\":\"https:\/\/www.mobeye.com\/de#organization\"},\"potentialAction\":[{\"@type\":\"SearchAction\",\"target\":{\"@type\":\"EntryPoint\",\"urlTemplate\":\"https:\/\/www.mobeye.com\/de?s={search_term_string}\"},\"query-input\":{\"@type\":\"PropertyValueSpecification\",\"valueRequired\":true,\"valueName\":\"search_term_string\"}}],\"inLanguage\":\"de\"},{\"@type\":\"Organization\",\"@id\":\"https:\/\/www.mobeye.com\/de#organization\",\"name\":\"Mobeye\",\"url\":\"https:\/\/www.mobeye.com\/de\",\"logo\":{\"@type\":\"ImageObject\",\"inLanguage\":\"de\",\"@id\":\"https:\/\/www.mobeye.com\/de#\/schema\/logo\/image\/\",\"url\":\"https:\/\/www.mobeye.com\/files\/Mobeye-logo-600px.jpg\",\"contentUrl\":\"https:\/\/www.mobeye.com\/files\/Mobeye-logo-600px.jpg\",\"width\":675,\"height\":600,\"caption\":\"Mobeye\"},\"image\":{\"@id\":\"https:\/\/www.mobeye.com\/de#\/schema\/logo\/image\/\"},\"sameAs\":[\"https:\/\/x.com\/mobeye\",\"https:\/\/www.linkedin.com\/company\/mobeye\/\",\"https:\/\/nl.pinterest.com\/mobeye\/\",\"https:\/\/www.youtube.com\/user\/MobeyeBV\/\"]}]}<\/script>\n<!-- \/ Yoast SEO plugin. -->","yoast_head_json":{"title":"Nachtfrostmelder - Mobeye","description":"Die Mobeye Nachtfrostmelder messen kontinuierlich die Au\u00dfentem\u00adperatur und alarmieren bei Erreichen des Grenzwertes. Der Mobeye CM2200X gibt nur einen Alarm aus, mit m\u00f6glichen Wiederholungen. Zus\u00e4tzlich zu Alarmen zeigt der CML2275 den Temperaturverlauf \u00fcber eine Online-Anwendung an.","robots":{"index":"index","follow":"follow","max-snippet":"max-snippet:-1","max-image-preview":"max-image-preview:large","max-video-preview":"max-video-preview:-1"},"canonical":"https:\/\/www.mobeye.com\/de\/nachtfrostmelder","og_locale":"de_DE","og_type":"article","og_title":"Nachtfrostmelder - Mobeye","og_description":"Die Mobeye Nachtfrostmelder messen kontinuierlich die Au\u00dfentem\u00adperatur und alarmieren bei Erreichen des Grenzwertes. Der Mobeye CM2200X gibt nur einen Alarm aus, mit m\u00f6glichen Wiederholungen. Zus\u00e4tzlich zu Alarmen zeigt der CML2275 den Temperaturverlauf \u00fcber eine Online-Anwendung an.","og_url":"https:\/\/www.mobeye.com\/de\/nachtfrostmelder","og_site_name":"Mobeye","article_modified_time":"2023-01-23T10:24:31+00:00","og_image":[{"width":1440,"height":510,"url":"https:\/\/www.mobeye.com\/files\/IPA-Blossom.jpg","type":"image\/jpeg"}],"twitter_card":"summary_large_image","twitter_site":"@mobeye","twitter_misc":{"Gesch\u00e4tzte Lesezeit":"4\u00a0Minuten"},"schema":{"@context":"https:\/\/schema.org","@graph":[{"@type":"WebPage","@id":"https:\/\/www.mobeye.com\/de\/nachtfrostmelder","url":"https:\/\/www.mobeye.com\/de\/nachtfrostmelder","name":"Nachtfrostmelder - Mobeye","isPartOf":{"@id":"https:\/\/www.mobeye.com\/de#website"},"primaryImageOfPage":{"@id":"https:\/\/www.mobeye.com\/de\/nachtfrostmelder#primaryimage"},"image":{"@id":"https:\/\/www.mobeye.com\/de\/nachtfrostmelder#primaryimage"},"thumbnailUrl":"https:\/\/www.mobeye.com\/files\/IPA-Blossom.jpg","datePublished":"2020-04-25T14:23:18+00:00","dateModified":"2023-01-23T10:24:31+00:00","description":"Die Mobeye Nachtfrostmelder messen kontinuierlich die Au\u00dfentem\u00adperatur und alarmieren bei Erreichen des Grenzwertes. Der Mobeye CM2200X gibt nur einen Alarm aus, mit m\u00f6glichen Wiederholungen. Zus\u00e4tzlich zu Alarmen zeigt der CML2275 den Temperaturverlauf \u00fcber eine Online-Anwendung an.","breadcrumb":{"@id":"https:\/\/www.mobeye.com\/de\/nachtfrostmelder#breadcrumb"},"inLanguage":"de","potentialAction":[{"@type":"ReadAction","target":["https:\/\/www.mobeye.com\/de\/nachtfrostmelder"]}]},{"@type":"ImageObject","inLanguage":"de","@id":"https:\/\/www.mobeye.com\/de\/nachtfrostmelder#primaryimage","url":"https:\/\/www.mobeye.com\/files\/IPA-Blossom.jpg","contentUrl":"https:\/\/www.mobeye.com\/files\/IPA-Blossom.jpg","width":1440,"height":510},{"@type":"BreadcrumbList","@id":"https:\/\/www.mobeye.com\/de\/nachtfrostmelder#breadcrumb","itemListElement":[{"@type":"ListItem","position":1,"name":"Home","item":"https:\/\/www.mobeye.com\/de"},{"@type":"ListItem","position":2,"name":"Nachtfrostmelder"}]},{"@type":"WebSite","@id":"https:\/\/www.mobeye.com\/de#website","url":"https:\/\/www.mobeye.com\/de","name":"Mobeye","description":"Mobeye alarm and monitoring products","publisher":{"@id":"https:\/\/www.mobeye.com\/de#organization"},"potentialAction":[{"@type":"SearchAction","target":{"@type":"EntryPoint","urlTemplate":"https:\/\/www.mobeye.com\/de?s={search_term_string}"},"query-input":{"@type":"PropertyValueSpecification","valueRequired":true,"valueName":"search_term_string"}}],"inLanguage":"de"},{"@type":"Organization","@id":"https:\/\/www.mobeye.com\/de#organization","name":"Mobeye","url":"https:\/\/www.mobeye.com\/de","logo":{"@type":"ImageObject","inLanguage":"de","@id":"https:\/\/www.mobeye.com\/de#\/schema\/logo\/image\/","url":"https:\/\/www.mobeye.com\/files\/Mobeye-logo-600px.jpg","contentUrl":"https:\/\/www.mobeye.com\/files\/Mobeye-logo-600px.jpg","width":675,"height":600,"caption":"Mobeye"},"image":{"@id":"https:\/\/www.mobeye.com\/de#\/schema\/logo\/image\/"},"sameAs":["https:\/\/x.com\/mobeye","https:\/\/www.linkedin.com\/company\/mobeye\/","https:\/\/nl.pinterest.com\/mobeye\/","https:\/\/www.youtube.com\/user\/MobeyeBV\/"]}]}},"uagb_featured_image_src":{"full":["https:\/\/www.mobeye.com\/files\/IPA-Blossom.jpg",1440,510,false],"thumbnail":["https:\/\/www.mobeye.com\/files\/IPA-Blossom-150x150.jpg",150,150,true],"medium":["https:\/\/www.mobeye.com\/files\/IPA-Blossom-300x106.jpg",300,106,true],"medium_large":["https:\/\/www.mobeye.com\/files\/IPA-Blossom-768x272.jpg",768,272,true],"large":["https:\/\/www.mobeye.com\/files\/IPA-Blossom-1024x363.jpg",1024,363,true],"1536x1536":["https:\/\/www.mobeye.com\/files\/IPA-Blossom.jpg",1440,510,false],"2048x2048":["https:\/\/www.mobeye.com\/files\/IPA-Blossom.jpg",1440,510,false]},"uagb_author_info":{"display_name":"Martine","author_link":"https:\/\/www.mobeye.com\/de\/author\/martine"},"uagb_comment_info":0,"uagb_excerpt":"Die Mobeye Nachtfrostmelder sind ein zuverl\u00e4ssiges Hilfsmittel f\u00fcr die Agrawirtschaft. Im Fr\u00fchjahr warnen die Temperaturmelder vor nahendem Nachtfrost. Die Mobeye Frostmelder rufen die Kontakte an, sobald die eingestellte Temperatur erreicht ist. Der Z\u00fcchter bestimmt dann, ob die Bl\u00fcte durch Bew\u00e4sserung oder andere Ma\u00dfnahmen gesch\u00fctzt werden muss. Wachen Sie zur richtigen Zeit auf Die Mobeye Nachtfrostmelder&hellip;","_links":{"self":[{"href":"https:\/\/www.mobeye.com\/de\/wp-json\/wp\/v2\/pages\/3851"}],"collection":[{"href":"https:\/\/www.mobeye.com\/de\/wp-json\/wp\/v2\/pages"}],"about":[{"href":"https:\/\/www.mobeye.com\/de\/wp-json\/wp\/v2\/types\/page"}],"author":[{"embeddable":true,"href":"https:\/\/www.mobeye.com\/de\/wp-json\/wp\/v2\/users\/6"}],"replies":[{"embeddable":true,"href":"https:\/\/www.mobeye.com\/de\/wp-json\/wp\/v2\/comments?post=3851"}],"version-history":[{"count":13,"href":"https:\/\/www.mobeye.com\/de\/wp-json\/wp\/v2\/pages\/3851\/revisions"}],"predecessor-version":[{"id":10700,"href":"https:\/\/www.mobeye.com\/de\/wp-json\/wp\/v2\/pages\/3851\/revisions\/10700"}],"wp:featuredmedia":[{"embeddable":true,"href":"https:\/\/www.mobeye.com\/de\/wp-json\/wp\/v2\/media\/3707"}],"wp:attachment":[{"href":"https:\/\/www.mobeye.com\/de\/wp-json\/wp\/v2\/media?parent=3851"}],"curies":[{"name":"wp","href":"https:\/\/api.w.org\/{rel}","templated":true}]}}