{"id":3886,"date":"2020-04-26T19:57:40","date_gmt":"2020-04-26T19:57:40","guid":{"rendered":"https:\/\/www.mobeye.com\/?page_id=3886"},"modified":"2023-08-16T10:32:17","modified_gmt":"2023-08-16T08:32:17","slug":"temperatur-im-ict-serverraum","status":"publish","type":"page","link":"https:\/\/www.mobeye.com\/de\/temperatur-im-ict-serverraum","title":{"rendered":"Temperatur\u00fcberwachung im Serverraum"},"content":{"rendered":"\n<div style=\"height:20px\" aria-hidden=\"true\" class=\"wp-block-spacer\"><\/div>\n\n\n\n<p>Die Digitalisierung macht Unternehmen von einer zuverl\u00e4ssigen Datenspeicherung abh\u00e4ngig. Neben sicheren Servern ist ein gut ausgestatteter Serverraum erforderlich. Die Stromversorgung und eine gute Klimaanlage sind daf\u00fcr so wichtig, dass sie besondere Aufmerksamkeit verdienen. Es w\u00e4re nicht das erste Mal, wenn die Klimaanlage an einem hei\u00dfen Sommertag ausf\u00e4llt und dadurch irreparabel Daten besch\u00e4digt werden. <\/p>\n\n\n\n<p>Die Mobeye Temperatur\u00fcberwachung gibt dem IT-Mitarbeiter Einblick in die Temperatur im Serverraum und fungiert als unabh\u00e4ngiger Stromausfallmonitor. Die zus\u00e4tzlichen Eing\u00e4nge k\u00f6nnen das Fehlersignal der Klimaanlage oder eines T\u00fcrmagneten \u00fcberwachen. <\/p>\n\n\n\n<div style=\"height:20px\" aria-hidden=\"true\" class=\"wp-block-spacer\"><\/div>\n\n\n\n<h3 class=\"wp-block-heading\">Alarmierung mit vollem Temperatureinblick<\/h3>\n\n\n\n<div class=\"wp-block-columns is-layout-flex wp-container-core-columns-is-layout-1 wp-block-columns-is-layout-flex\">\n<div class=\"wp-block-column is-layout-flow wp-block-column-is-layout-flow\" style=\"flex-basis:66.66%\">\n<p style=\"font-size:15px\">Die Mobeye Temperaturdetektoren messen kontinuierlich die Umgebungstemperatur und alarmieren, wenn der Grenzwert erreicht ist. Der Mobeye CM4200 gibt nur einen Alarm mit m\u00f6glichen Wiederholungen aus. Der CML4255 zeigt, neben Alarmen, \u00fcber eine Online-Anwendung den gesamten Temperaturverlauf an. Beide Ger\u00e4te k\u00f6nnen einen Netzadapter verwenden, um das Vorhandensein der externen Spannung zu \u00fcberwachen und Sie sofort zu benachrichtigen, wenn sie ausf\u00e4llt.<\/p>\n<\/div>\n\n\n\n<div class=\"wp-block-column is-layout-flow wp-block-column-is-layout-flow\" style=\"flex-basis:33.33%\">\n<figure class=\"wp-block-image size-large\"><img loading=\"lazy\" decoding=\"async\" width=\"156\" height=\"156\" src=\"https:\/\/www.mobeye.com\/files\/IPA-phone-graph.png\" alt=\"\" class=\"wp-image-3774\" srcset=\"https:\/\/www.mobeye.com\/files\/IPA-phone-graph.png 156w, https:\/\/www.mobeye.com\/files\/IPA-phone-graph-150x150.png 150w\" sizes=\"(max-width: 156px) 100vw, 156px\" \/><\/figure>\n<\/div>\n<\/div>\n\n\n\n<h3 class=\"wp-block-heading\">\u00dcberwachung des Vorhandenseins der externen Stromversorgung<\/h3>\n\n\n\n<p style=\"font-size:15px\">Sowohl der Mobeye CM4200 als auch der CML4255 \u00fcberwachen das Vorhandensein der externen Spannung durch Anschlie\u00dfen eines Netzteils. Ein Alarm wird sofort ausgel\u00f6st, wenn sie verloren geht. Der Netzadapter ist als Mobeye Zubeh\u00f6r erh\u00e4ltlich.<\/p>\n\n\n\n<div style=\"height:20px\" aria-hidden=\"true\" class=\"wp-block-spacer\"><\/div>\n\n\n\n<h4 class=\"wp-block-heading\">Dokumentation<\/h4>\n\n\n\n<hr class=\"wp-block-separator has-css-opacity\"\/>\n\n\n\n<p style=\"font-size:15px\"><a href=\"https:\/\/www.mobeye.com\/files\/PMC-Mobeye-\u00dcberwachung-der-Serverraumtemperatur.pdf\" target=\"_blank\" rel=\"noreferrer noopener\" aria-label=\"\ufffc (opent in een nieuwe tab)\"><img decoding=\"async\" class=\"wp-image-4002\" style=\"width: 25px;\" src=\"https:\/\/www.mobeye.com\/files\/IconD-Datasheet.png\" alt=\"\"><\/a> <a href=\"https:\/\/www.mobeye.com\/files\/PMC-Mobeye-\u00dcberwachung-der-Serverraumtemperatur.pdf\" target=\"_blank\" rel=\"noreferrer noopener\" aria-label=\"Informationen \u00fcber (opent in een nieuwe tab)\">Informationen \u00fcber<\/a> &#8222;Temperatur\u00fcberwachung im ICT Serverraum&#8220;<\/p>\n\n\n\n<p style=\"font-size:15px\"><a href=\"https:\/\/www.mobeye.com\/de\/products\/cm2200-mobeye-thermoguard\"><img loading=\"lazy\" decoding=\"async\" width=\"25\" height=\"16\" class=\"wp-image-4023\" style=\"width: 25px;\" src=\"https:\/\/www.mobeye.com\/files\/IconD-ComputerC.png\" alt=\"\"><\/a> <a href=\"https:\/\/www.mobeye.com\/de\/products\/cm4200-mobeye-thermoguard\">Produktseite<\/a> Mobeye CM4200<\/p>\n\n\n\n<p style=\"font-size:15px\"><a href=\"https:\/\/www.mobeye.com\/de\/products\/cml2255-mobeye-thermoguard-twinlog\"><img loading=\"lazy\" decoding=\"async\" width=\"25\" height=\"16\" class=\"wp-image-4023\" style=\"width: 25px;\" src=\"https:\/\/www.mobeye.com\/files\/IconD-ComputerC.png\" alt=\"\"><\/a> <a href=\"https:\/\/www.mobeye.com\/de\/products\/cml4255-mobeye-thermoguard-twinlog\">Produktseite<\/a> Mobeye CML4255<\/p>\n\n\n\n<p><\/p>\n","protected":false},"excerpt":{"rendered":"<p>Die Digitalisierung macht Unternehmen von einer zuverl\u00e4ssigen Datenspeicherung abh\u00e4ngig. Neben sicheren Servern ist ein gut ausgestatteter Serverraum erforderlich. Die Stromversorgung und eine gute Klimaanlage sind daf\u00fcr so wichtig, dass sie besondere Aufmerksamkeit verdienen. Es w\u00e4re nicht das erste Mal, wenn die Klimaanlage an einem hei\u00dfen Sommertag ausf\u00e4llt und dadurch irreparabel Daten besch\u00e4digt werden. Die Mobeye [&hellip;]<\/p>\n","protected":false},"author":6,"featured_media":3892,"parent":0,"menu_order":55,"comment_status":"closed","ping_status":"closed","template":"","meta":{"footnotes":""},"class_list":["post-3886","page","type-page","status-publish","has-post-thumbnail","hentry"],"yoast_head":"<!-- This site is optimized with the Yoast SEO plugin v25.6 - https:\/\/yoast.com\/wordpress\/plugins\/seo\/ -->\n<title>Temperatur\u00fcberwachung im Serverraum - Mobeye<\/title>\n<meta name=\"robots\" content=\"index, follow, max-snippet:-1, max-image-preview:large, max-video-preview:-1\" \/>\n<link rel=\"canonical\" href=\"https:\/\/www.mobeye.com\/de\/temperatur-im-ict-serverraum\" \/>\n<meta property=\"og:locale\" content=\"de_DE\" \/>\n<meta property=\"og:type\" content=\"article\" \/>\n<meta property=\"og:title\" content=\"Temperatur\u00fcberwachung im Serverraum - Mobeye\" \/>\n<meta property=\"og:description\" content=\"Die Digitalisierung macht Unternehmen von einer zuverl\u00e4ssigen Datenspeicherung abh\u00e4ngig. Neben sicheren Servern ist ein gut ausgestatteter Serverraum erforderlich. Die Stromversorgung und eine gute Klimaanlage sind daf\u00fcr so wichtig, dass sie besondere Aufmerksamkeit verdienen. Es w\u00e4re nicht das erste Mal, wenn die Klimaanlage an einem hei\u00dfen Sommertag ausf\u00e4llt und dadurch irreparabel Daten besch\u00e4digt werden. Die Mobeye [&hellip;]\" \/>\n<meta property=\"og:url\" content=\"https:\/\/www.mobeye.com\/de\/temperatur-im-ict-serverraum\" \/>\n<meta property=\"og:site_name\" content=\"Mobeye\" \/>\n<meta property=\"article:modified_time\" content=\"2023-08-16T08:32:17+00:00\" \/>\n<meta property=\"og:image\" content=\"https:\/\/www.mobeye.com\/files\/IHP-Server-temperature.jpg\" \/>\n\t<meta property=\"og:image:width\" content=\"1440\" \/>\n\t<meta property=\"og:image:height\" content=\"250\" \/>\n\t<meta property=\"og:image:type\" content=\"image\/jpeg\" \/>\n<meta name=\"twitter:card\" content=\"summary_large_image\" \/>\n<meta name=\"twitter:site\" content=\"@mobeye\" \/>\n<meta name=\"twitter:label1\" content=\"Gesch\u00e4tzte Lesezeit\" \/>\n\t<meta name=\"twitter:data1\" content=\"2\u00a0Minuten\" \/>\n<script type=\"application\/ld+json\" class=\"yoast-schema-graph\">{\"@context\":\"https:\/\/schema.org\",\"@graph\":[{\"@type\":\"WebPage\",\"@id\":\"https:\/\/www.mobeye.com\/de\/temperatur-im-ict-serverraum\",\"url\":\"https:\/\/www.mobeye.com\/de\/temperatur-im-ict-serverraum\",\"name\":\"Temperatur\u00fcberwachung im Serverraum - Mobeye\",\"isPartOf\":{\"@id\":\"https:\/\/www.mobeye.com\/de#website\"},\"primaryImageOfPage\":{\"@id\":\"https:\/\/www.mobeye.com\/de\/temperatur-im-ict-serverraum#primaryimage\"},\"image\":{\"@id\":\"https:\/\/www.mobeye.com\/de\/temperatur-im-ict-serverraum#primaryimage\"},\"thumbnailUrl\":\"https:\/\/www.mobeye.com\/files\/IHP-Server-temperature.jpg\",\"datePublished\":\"2020-04-26T19:57:40+00:00\",\"dateModified\":\"2023-08-16T08:32:17+00:00\",\"breadcrumb\":{\"@id\":\"https:\/\/www.mobeye.com\/de\/temperatur-im-ict-serverraum#breadcrumb\"},\"inLanguage\":\"de\",\"potentialAction\":[{\"@type\":\"ReadAction\",\"target\":[\"https:\/\/www.mobeye.com\/de\/temperatur-im-ict-serverraum\"]}]},{\"@type\":\"ImageObject\",\"inLanguage\":\"de\",\"@id\":\"https:\/\/www.mobeye.com\/de\/temperatur-im-ict-serverraum#primaryimage\",\"url\":\"https:\/\/www.mobeye.com\/files\/IHP-Server-temperature.jpg\",\"contentUrl\":\"https:\/\/www.mobeye.com\/files\/IHP-Server-temperature.jpg\",\"width\":1440,\"height\":250},{\"@type\":\"BreadcrumbList\",\"@id\":\"https:\/\/www.mobeye.com\/de\/temperatur-im-ict-serverraum#breadcrumb\",\"itemListElement\":[{\"@type\":\"ListItem\",\"position\":1,\"name\":\"Home\",\"item\":\"https:\/\/www.mobeye.com\/de\"},{\"@type\":\"ListItem\",\"position\":2,\"name\":\"Temperatur\u00fcberwachung im Serverraum\"}]},{\"@type\":\"WebSite\",\"@id\":\"https:\/\/www.mobeye.com\/de#website\",\"url\":\"https:\/\/www.mobeye.com\/de\",\"name\":\"Mobeye\",\"description\":\"Mobeye alarm and monitoring products\",\"publisher\":{\"@id\":\"https:\/\/www.mobeye.com\/de#organization\"},\"potentialAction\":[{\"@type\":\"SearchAction\",\"target\":{\"@type\":\"EntryPoint\",\"urlTemplate\":\"https:\/\/www.mobeye.com\/de?s={search_term_string}\"},\"query-input\":{\"@type\":\"PropertyValueSpecification\",\"valueRequired\":true,\"valueName\":\"search_term_string\"}}],\"inLanguage\":\"de\"},{\"@type\":\"Organization\",\"@id\":\"https:\/\/www.mobeye.com\/de#organization\",\"name\":\"Mobeye\",\"url\":\"https:\/\/www.mobeye.com\/de\",\"logo\":{\"@type\":\"ImageObject\",\"inLanguage\":\"de\",\"@id\":\"https:\/\/www.mobeye.com\/de#\/schema\/logo\/image\/\",\"url\":\"https:\/\/www.mobeye.com\/files\/Mobeye-logo-600px.jpg\",\"contentUrl\":\"https:\/\/www.mobeye.com\/files\/Mobeye-logo-600px.jpg\",\"width\":675,\"height\":600,\"caption\":\"Mobeye\"},\"image\":{\"@id\":\"https:\/\/www.mobeye.com\/de#\/schema\/logo\/image\/\"},\"sameAs\":[\"https:\/\/x.com\/mobeye\",\"https:\/\/www.linkedin.com\/company\/mobeye\/\",\"https:\/\/nl.pinterest.com\/mobeye\/\",\"https:\/\/www.youtube.com\/user\/MobeyeBV\/\"]}]}<\/script>\n<!-- \/ Yoast SEO plugin. -->","yoast_head_json":{"title":"Temperatur\u00fcberwachung im Serverraum - Mobeye","robots":{"index":"index","follow":"follow","max-snippet":"max-snippet:-1","max-image-preview":"max-image-preview:large","max-video-preview":"max-video-preview:-1"},"canonical":"https:\/\/www.mobeye.com\/de\/temperatur-im-ict-serverraum","og_locale":"de_DE","og_type":"article","og_title":"Temperatur\u00fcberwachung im Serverraum - Mobeye","og_description":"Die Digitalisierung macht Unternehmen von einer zuverl\u00e4ssigen Datenspeicherung abh\u00e4ngig. Neben sicheren Servern ist ein gut ausgestatteter Serverraum erforderlich. Die Stromversorgung und eine gute Klimaanlage sind daf\u00fcr so wichtig, dass sie besondere Aufmerksamkeit verdienen. Es w\u00e4re nicht das erste Mal, wenn die Klimaanlage an einem hei\u00dfen Sommertag ausf\u00e4llt und dadurch irreparabel Daten besch\u00e4digt werden. Die Mobeye [&hellip;]","og_url":"https:\/\/www.mobeye.com\/de\/temperatur-im-ict-serverraum","og_site_name":"Mobeye","article_modified_time":"2023-08-16T08:32:17+00:00","og_image":[{"width":1440,"height":250,"url":"https:\/\/www.mobeye.com\/files\/IHP-Server-temperature.jpg","type":"image\/jpeg"}],"twitter_card":"summary_large_image","twitter_site":"@mobeye","twitter_misc":{"Gesch\u00e4tzte Lesezeit":"2\u00a0Minuten"},"schema":{"@context":"https:\/\/schema.org","@graph":[{"@type":"WebPage","@id":"https:\/\/www.mobeye.com\/de\/temperatur-im-ict-serverraum","url":"https:\/\/www.mobeye.com\/de\/temperatur-im-ict-serverraum","name":"Temperatur\u00fcberwachung im Serverraum - Mobeye","isPartOf":{"@id":"https:\/\/www.mobeye.com\/de#website"},"primaryImageOfPage":{"@id":"https:\/\/www.mobeye.com\/de\/temperatur-im-ict-serverraum#primaryimage"},"image":{"@id":"https:\/\/www.mobeye.com\/de\/temperatur-im-ict-serverraum#primaryimage"},"thumbnailUrl":"https:\/\/www.mobeye.com\/files\/IHP-Server-temperature.jpg","datePublished":"2020-04-26T19:57:40+00:00","dateModified":"2023-08-16T08:32:17+00:00","breadcrumb":{"@id":"https:\/\/www.mobeye.com\/de\/temperatur-im-ict-serverraum#breadcrumb"},"inLanguage":"de","potentialAction":[{"@type":"ReadAction","target":["https:\/\/www.mobeye.com\/de\/temperatur-im-ict-serverraum"]}]},{"@type":"ImageObject","inLanguage":"de","@id":"https:\/\/www.mobeye.com\/de\/temperatur-im-ict-serverraum#primaryimage","url":"https:\/\/www.mobeye.com\/files\/IHP-Server-temperature.jpg","contentUrl":"https:\/\/www.mobeye.com\/files\/IHP-Server-temperature.jpg","width":1440,"height":250},{"@type":"BreadcrumbList","@id":"https:\/\/www.mobeye.com\/de\/temperatur-im-ict-serverraum#breadcrumb","itemListElement":[{"@type":"ListItem","position":1,"name":"Home","item":"https:\/\/www.mobeye.com\/de"},{"@type":"ListItem","position":2,"name":"Temperatur\u00fcberwachung im Serverraum"}]},{"@type":"WebSite","@id":"https:\/\/www.mobeye.com\/de#website","url":"https:\/\/www.mobeye.com\/de","name":"Mobeye","description":"Mobeye alarm and monitoring products","publisher":{"@id":"https:\/\/www.mobeye.com\/de#organization"},"potentialAction":[{"@type":"SearchAction","target":{"@type":"EntryPoint","urlTemplate":"https:\/\/www.mobeye.com\/de?s={search_term_string}"},"query-input":{"@type":"PropertyValueSpecification","valueRequired":true,"valueName":"search_term_string"}}],"inLanguage":"de"},{"@type":"Organization","@id":"https:\/\/www.mobeye.com\/de#organization","name":"Mobeye","url":"https:\/\/www.mobeye.com\/de","logo":{"@type":"ImageObject","inLanguage":"de","@id":"https:\/\/www.mobeye.com\/de#\/schema\/logo\/image\/","url":"https:\/\/www.mobeye.com\/files\/Mobeye-logo-600px.jpg","contentUrl":"https:\/\/www.mobeye.com\/files\/Mobeye-logo-600px.jpg","width":675,"height":600,"caption":"Mobeye"},"image":{"@id":"https:\/\/www.mobeye.com\/de#\/schema\/logo\/image\/"},"sameAs":["https:\/\/x.com\/mobeye","https:\/\/www.linkedin.com\/company\/mobeye\/","https:\/\/nl.pinterest.com\/mobeye\/","https:\/\/www.youtube.com\/user\/MobeyeBV\/"]}]}},"uagb_featured_image_src":{"full":["https:\/\/www.mobeye.com\/files\/IHP-Server-temperature.jpg",1440,250,false],"thumbnail":["https:\/\/www.mobeye.com\/files\/IHP-Server-temperature-150x150.jpg",150,150,true],"medium":["https:\/\/www.mobeye.com\/files\/IHP-Server-temperature-300x52.jpg",300,52,true],"medium_large":["https:\/\/www.mobeye.com\/files\/IHP-Server-temperature-768x133.jpg",768,133,true],"large":["https:\/\/www.mobeye.com\/files\/IHP-Server-temperature-1024x178.jpg",1024,178,true],"1536x1536":["https:\/\/www.mobeye.com\/files\/IHP-Server-temperature.jpg",1440,250,false],"2048x2048":["https:\/\/www.mobeye.com\/files\/IHP-Server-temperature.jpg",1440,250,false]},"uagb_author_info":{"display_name":"Martine","author_link":"https:\/\/www.mobeye.com\/de\/author\/martine"},"uagb_comment_info":0,"uagb_excerpt":"Die Digitalisierung macht Unternehmen von einer zuverl\u00e4ssigen Datenspeicherung abh\u00e4ngig. Neben sicheren Servern ist ein gut ausgestatteter Serverraum erforderlich. Die Stromversorgung und eine gute Klimaanlage sind daf\u00fcr so wichtig, dass sie besondere Aufmerksamkeit verdienen. Es w\u00e4re nicht das erste Mal, wenn die Klimaanlage an einem hei\u00dfen Sommertag ausf\u00e4llt und dadurch irreparabel Daten besch\u00e4digt werden. Die Mobeye&hellip;","_links":{"self":[{"href":"https:\/\/www.mobeye.com\/de\/wp-json\/wp\/v2\/pages\/3886"}],"collection":[{"href":"https:\/\/www.mobeye.com\/de\/wp-json\/wp\/v2\/pages"}],"about":[{"href":"https:\/\/www.mobeye.com\/de\/wp-json\/wp\/v2\/types\/page"}],"author":[{"embeddable":true,"href":"https:\/\/www.mobeye.com\/de\/wp-json\/wp\/v2\/users\/6"}],"replies":[{"embeddable":true,"href":"https:\/\/www.mobeye.com\/de\/wp-json\/wp\/v2\/comments?post=3886"}],"version-history":[{"count":9,"href":"https:\/\/www.mobeye.com\/de\/wp-json\/wp\/v2\/pages\/3886\/revisions"}],"predecessor-version":[{"id":11570,"href":"https:\/\/www.mobeye.com\/de\/wp-json\/wp\/v2\/pages\/3886\/revisions\/11570"}],"wp:featuredmedia":[{"embeddable":true,"href":"https:\/\/www.mobeye.com\/de\/wp-json\/wp\/v2\/media\/3892"}],"wp:attachment":[{"href":"https:\/\/www.mobeye.com\/de\/wp-json\/wp\/v2\/media?parent=3886"}],"curies":[{"name":"wp","href":"https:\/\/api.w.org\/{rel}","templated":true}]}}