{"id":4134,"date":"2020-05-05T12:44:19","date_gmt":"2020-05-05T12:44:19","guid":{"rendered":"https:\/\/www.mobeye.com\/?page_id=4134"},"modified":"2023-08-16T10:31:44","modified_gmt":"2023-08-16T08:31:44","slug":"uberwachung-von-medizinischen-geraten","status":"publish","type":"page","link":"https:\/\/www.mobeye.com\/de\/uberwachung-von-medizinischen-geraten","title":{"rendered":"\u00dcberwachung von medizinischen ger\u00e4ten"},"content":{"rendered":"\n<div style=\"height:20px\" aria-hidden=\"true\" class=\"wp-block-spacer\"><\/div>\n\n\n\n<p style=\"font-size:15px\">Lebensrettende medizinische Ger\u00e4te verdienen eine doppelte \u00dcberwachung. Zu den eingebauten Schutzfunktionen und den akustischen Fehleranzeigen wird eine zus\u00e4tzliche \u00dcberwachung empfohlen. Der Mobeye PowerGuard (CM4100) erf\u00fcllt diese zus\u00e4tzliche \u00dcberwachung. <\/p>\n\n\n\n<div style=\"height:20px\" aria-hidden=\"true\" class=\"wp-block-spacer\"><\/div>\n\n\n\n<h3 class=\"wp-block-heading\">Alarmierung<\/h3>\n\n\n\n<div class=\"wp-block-columns is-layout-flex wp-container-core-columns-is-layout-1 wp-block-columns-is-layout-flex\">\n<div class=\"wp-block-column is-layout-flow wp-block-column-is-layout-flow\" style=\"flex-basis:60%\">\n<p style=\"font-size:15px\">Wenn lokale Alarme an einem medizinischen Ger\u00e4t nicht m\u00f6glich oder unzureichend sind, schlie\u00dfen Sie den Mobeye PowerGuard an. Letzterer \u201eliest\u201c den Alarm aus und sendet ihn per 2G\/4G an eingerich\u00adtete Kontaktpersonen oder an eine private Meldezentrale.  <\/p>\n\n\n\n<p style=\"font-size:15px\">Beispiele sind das Ausl\u00f6sen eines Epilepsie-Alarms, die \u00dcbermittlung von Panikmeldungen, ein Bettwiegesystem, das \u00d6ffnen eines AED-Schranks, die \u00dcberpr\u00fcfung von L\u00fcftungsger\u00e4ten usw. Die Kontaktpersonen werden per Push-Nachricht, Anruf, SMS und\/oder E-Mail benachrichtigt.<\/p>\n<\/div>\n\n\n\n<div class=\"wp-block-column is-layout-flow wp-block-column-is-layout-flow\" style=\"flex-basis:40%\"><div class=\"wp-block-image\">\n<figure class=\"aligncenter size-large is-resized\"><img loading=\"lazy\" decoding=\"async\" src=\"https:\/\/www.mobeye.com\/files\/IPA-CM2100-IP.jpg\" alt=\"\" class=\"wp-image-4147\" width=\"225\" height=\"176\"\/><\/figure><\/div><\/div>\n<\/div>\n\n\n\n<h3 class=\"wp-block-heading\">Benachrichtigung bei Fehlfunktion<\/h3>\n\n\n\n<p style=\"font-size:15px\">Bei einem medizinischen Ger\u00e4t mit einem Fehlerausgang fungiert der Mobeye PowerGuard im Fehlerfall als Alarmdetektor. Die beiden potentialfreien Eing\u00e4nge sind als Schlie\u00dfer oder \u00d6ffner einstellbar. Mit Einstellungen wie Alarmverz\u00f6gerung und frei definierbaren Alarmtexten bietet der Mobeye PowerGuard eine zuverl\u00e4ssige \u00dcberwachung der Funktionsweise des Ger\u00e4ts.<\/p>\n\n\n\n<h3 class=\"wp-block-heading\">Stromausfallarm<\/h3>\n\n\n\n<p style=\"font-size:15px\">Die Stromversorgung wird kontinuierlich \u00fcberwacht. Sobald ein Stromausfall vorliegt, wird ein Alarm ausgel\u00f6st. Die \u00dcberwachung erfolgt durch Anschlie\u00dfen des mitgelieferten Netzadapters an dieselbe Steckdose wie das medizinische Ger\u00e4t oder direkt an einen 12 VDC-Ausgang. Der Alarm besteht aus Push-Nachrichten, Telefonanrufen, SMS-Benachrichtigungen, E-Mails oder einer Meldung an eine private Meldezentrale.<\/p>\n\n\n\n<h3 class=\"wp-block-heading\">Backup-System f\u00fcr lokale Anrufsysteme<\/h3>\n\n\n\n<p style=\"font-size:15px\">Der PowerGuard verf\u00fcgt \u00fcber ein internes Kommunikationsmodul f\u00fcr das Mobilfunknetz. Dies macht die \u00dcbertragung des Alarms unabh\u00e4ngig von der lokalen Infrastruktur. Au\u00dferdem \u00fcbernehmen die Batterien bei einem Stromausfall. Dadurch fungiert er auch als Backup-System f\u00fcr lokale Anrufsysteme. Doppelte \u00dcberwachung der Vitalfunktionen.<\/p>\n\n\n\n<div style=\"height:20px\" aria-hidden=\"true\" class=\"wp-block-spacer\"><\/div>\n\n\n\n<h4 class=\"wp-block-heading\">Dokumentation<\/h4>\n\n\n\n<hr class=\"wp-block-separator has-css-opacity\"\/>\n\n\n\n<p style=\"font-size:15px\"><a rel=\"noreferrer noopener\" aria-label=\"\ufffc (opent in een nieuwe tab)\" href=\"https:\/\/www.mobeye.com\/files\/Mobeye-Mobeye-Uberwachung-von-medischen-Geraten-DE-1.pdf\" target=\"_blank\"><img decoding=\"async\" class=\"wp-image-4000\" style=\"width: 25px;\" src=\"https:\/\/www.mobeye.com\/files\/IconD-Datasheet.png\" alt=\"\"><\/a> <a href=\"https:\/\/www.mobeye.com\/files\/Mobeye-Mobeye-Uberwachung-von-medischen-Geraten-DE-1.pdf\">Informationen \u00fcber<\/a> &#8222;\u00dcberwachung von medizinischen Ger\u00e4ten&#8220;<\/p>\n\n\n\n<p style=\"font-size:15px\"><a href=\"https:\/\/www.mobeye.com\/de\/products\/cm2100-mobeye-powerguard\"><img loading=\"lazy\" decoding=\"async\" width=\"25\" height=\"16\" class=\"wp-image-3988\" style=\"width: 25px;\" src=\"https:\/\/www.mobeye.com\/files\/IconD-Computer.png\" alt=\"\"><\/a> <a href=\"https:\/\/www.mobeye.com\/de\/products\/cm4100-mobeye-powerguard\">Produktseite<\/a> Mobeye CM4100<\/p>\n\n\n\n<p><\/p>\n","protected":false},"excerpt":{"rendered":"<p>Lebensrettende medizinische Ger\u00e4te verdienen eine doppelte \u00dcberwachung. Zu den eingebauten Schutzfunktionen und den akustischen Fehleranzeigen wird eine zus\u00e4tzliche \u00dcberwachung empfohlen. Der Mobeye PowerGuard (CM4100) erf\u00fcllt diese zus\u00e4tzliche \u00dcberwachung. Alarmierung Wenn lokale Alarme an einem medizinischen Ger\u00e4t nicht m\u00f6glich oder unzureichend sind, schlie\u00dfen Sie den Mobeye PowerGuard an. Letzterer \u201eliest\u201c den Alarm aus und sendet ihn [&hellip;]<\/p>\n","protected":false},"author":6,"featured_media":4141,"parent":0,"menu_order":50,"comment_status":"closed","ping_status":"closed","template":"","meta":{"footnotes":""},"class_list":["post-4134","page","type-page","status-publish","has-post-thumbnail","hentry"],"yoast_head":"<!-- This site is optimized with the Yoast SEO plugin v25.6 - https:\/\/yoast.com\/wordpress\/plugins\/seo\/ -->\n<title>\u00dcberwachung von medizinischen ger\u00e4ten - Mobeye<\/title>\n<meta name=\"robots\" content=\"index, follow, max-snippet:-1, max-image-preview:large, max-video-preview:-1\" \/>\n<link rel=\"canonical\" href=\"https:\/\/www.mobeye.com\/de\/uberwachung-von-medizinischen-geraten\" \/>\n<meta property=\"og:locale\" content=\"de_DE\" \/>\n<meta property=\"og:type\" content=\"article\" \/>\n<meta property=\"og:title\" content=\"\u00dcberwachung von medizinischen ger\u00e4ten - Mobeye\" \/>\n<meta property=\"og:description\" content=\"Lebensrettende medizinische Ger\u00e4te verdienen eine doppelte \u00dcberwachung. Zu den eingebauten Schutzfunktionen und den akustischen Fehleranzeigen wird eine zus\u00e4tzliche \u00dcberwachung empfohlen. Der Mobeye PowerGuard (CM4100) erf\u00fcllt diese zus\u00e4tzliche \u00dcberwachung. Alarmierung Wenn lokale Alarme an einem medizinischen Ger\u00e4t nicht m\u00f6glich oder unzureichend sind, schlie\u00dfen Sie den Mobeye PowerGuard an. Letzterer \u201eliest\u201c den Alarm aus und sendet ihn [&hellip;]\" \/>\n<meta property=\"og:url\" content=\"https:\/\/www.mobeye.com\/de\/uberwachung-von-medizinischen-geraten\" \/>\n<meta property=\"og:site_name\" content=\"Mobeye\" \/>\n<meta property=\"article:modified_time\" content=\"2023-08-16T08:31:44+00:00\" \/>\n<meta property=\"og:image\" content=\"https:\/\/www.mobeye.com\/files\/IHP-Pulse.jpg\" \/>\n\t<meta property=\"og:image:width\" content=\"1440\" \/>\n\t<meta property=\"og:image:height\" content=\"150\" \/>\n\t<meta property=\"og:image:type\" content=\"image\/jpeg\" \/>\n<meta name=\"twitter:card\" content=\"summary_large_image\" \/>\n<meta name=\"twitter:site\" content=\"@mobeye\" \/>\n<meta name=\"twitter:label1\" content=\"Gesch\u00e4tzte Lesezeit\" \/>\n\t<meta name=\"twitter:data1\" content=\"2\u00a0Minuten\" \/>\n<script type=\"application\/ld+json\" class=\"yoast-schema-graph\">{\"@context\":\"https:\/\/schema.org\",\"@graph\":[{\"@type\":\"WebPage\",\"@id\":\"https:\/\/www.mobeye.com\/de\/uberwachung-von-medizinischen-geraten\",\"url\":\"https:\/\/www.mobeye.com\/de\/uberwachung-von-medizinischen-geraten\",\"name\":\"\u00dcberwachung von medizinischen ger\u00e4ten - Mobeye\",\"isPartOf\":{\"@id\":\"https:\/\/www.mobeye.com\/de#website\"},\"primaryImageOfPage\":{\"@id\":\"https:\/\/www.mobeye.com\/de\/uberwachung-von-medizinischen-geraten#primaryimage\"},\"image\":{\"@id\":\"https:\/\/www.mobeye.com\/de\/uberwachung-von-medizinischen-geraten#primaryimage\"},\"thumbnailUrl\":\"https:\/\/www.mobeye.com\/files\/IHP-Pulse.jpg\",\"datePublished\":\"2020-05-05T12:44:19+00:00\",\"dateModified\":\"2023-08-16T08:31:44+00:00\",\"breadcrumb\":{\"@id\":\"https:\/\/www.mobeye.com\/de\/uberwachung-von-medizinischen-geraten#breadcrumb\"},\"inLanguage\":\"de\",\"potentialAction\":[{\"@type\":\"ReadAction\",\"target\":[\"https:\/\/www.mobeye.com\/de\/uberwachung-von-medizinischen-geraten\"]}]},{\"@type\":\"ImageObject\",\"inLanguage\":\"de\",\"@id\":\"https:\/\/www.mobeye.com\/de\/uberwachung-von-medizinischen-geraten#primaryimage\",\"url\":\"https:\/\/www.mobeye.com\/files\/IHP-Pulse.jpg\",\"contentUrl\":\"https:\/\/www.mobeye.com\/files\/IHP-Pulse.jpg\",\"width\":1440,\"height\":150},{\"@type\":\"BreadcrumbList\",\"@id\":\"https:\/\/www.mobeye.com\/de\/uberwachung-von-medizinischen-geraten#breadcrumb\",\"itemListElement\":[{\"@type\":\"ListItem\",\"position\":1,\"name\":\"Home\",\"item\":\"https:\/\/www.mobeye.com\/de\"},{\"@type\":\"ListItem\",\"position\":2,\"name\":\"\u00dcberwachung von medizinischen ger\u00e4ten\"}]},{\"@type\":\"WebSite\",\"@id\":\"https:\/\/www.mobeye.com\/de#website\",\"url\":\"https:\/\/www.mobeye.com\/de\",\"name\":\"Mobeye\",\"description\":\"Mobeye alarm and monitoring products\",\"publisher\":{\"@id\":\"https:\/\/www.mobeye.com\/de#organization\"},\"potentialAction\":[{\"@type\":\"SearchAction\",\"target\":{\"@type\":\"EntryPoint\",\"urlTemplate\":\"https:\/\/www.mobeye.com\/de?s={search_term_string}\"},\"query-input\":{\"@type\":\"PropertyValueSpecification\",\"valueRequired\":true,\"valueName\":\"search_term_string\"}}],\"inLanguage\":\"de\"},{\"@type\":\"Organization\",\"@id\":\"https:\/\/www.mobeye.com\/de#organization\",\"name\":\"Mobeye\",\"url\":\"https:\/\/www.mobeye.com\/de\",\"logo\":{\"@type\":\"ImageObject\",\"inLanguage\":\"de\",\"@id\":\"https:\/\/www.mobeye.com\/de#\/schema\/logo\/image\/\",\"url\":\"https:\/\/www.mobeye.com\/files\/Mobeye-logo-600px.jpg\",\"contentUrl\":\"https:\/\/www.mobeye.com\/files\/Mobeye-logo-600px.jpg\",\"width\":675,\"height\":600,\"caption\":\"Mobeye\"},\"image\":{\"@id\":\"https:\/\/www.mobeye.com\/de#\/schema\/logo\/image\/\"},\"sameAs\":[\"https:\/\/x.com\/mobeye\",\"https:\/\/www.linkedin.com\/company\/mobeye\/\",\"https:\/\/nl.pinterest.com\/mobeye\/\",\"https:\/\/www.youtube.com\/user\/MobeyeBV\/\"]}]}<\/script>\n<!-- \/ Yoast SEO plugin. -->","yoast_head_json":{"title":"\u00dcberwachung von medizinischen ger\u00e4ten - Mobeye","robots":{"index":"index","follow":"follow","max-snippet":"max-snippet:-1","max-image-preview":"max-image-preview:large","max-video-preview":"max-video-preview:-1"},"canonical":"https:\/\/www.mobeye.com\/de\/uberwachung-von-medizinischen-geraten","og_locale":"de_DE","og_type":"article","og_title":"\u00dcberwachung von medizinischen ger\u00e4ten - Mobeye","og_description":"Lebensrettende medizinische Ger\u00e4te verdienen eine doppelte \u00dcberwachung. Zu den eingebauten Schutzfunktionen und den akustischen Fehleranzeigen wird eine zus\u00e4tzliche \u00dcberwachung empfohlen. Der Mobeye PowerGuard (CM4100) erf\u00fcllt diese zus\u00e4tzliche \u00dcberwachung. Alarmierung Wenn lokale Alarme an einem medizinischen Ger\u00e4t nicht m\u00f6glich oder unzureichend sind, schlie\u00dfen Sie den Mobeye PowerGuard an. Letzterer \u201eliest\u201c den Alarm aus und sendet ihn [&hellip;]","og_url":"https:\/\/www.mobeye.com\/de\/uberwachung-von-medizinischen-geraten","og_site_name":"Mobeye","article_modified_time":"2023-08-16T08:31:44+00:00","og_image":[{"width":1440,"height":150,"url":"https:\/\/www.mobeye.com\/files\/IHP-Pulse.jpg","type":"image\/jpeg"}],"twitter_card":"summary_large_image","twitter_site":"@mobeye","twitter_misc":{"Gesch\u00e4tzte Lesezeit":"2\u00a0Minuten"},"schema":{"@context":"https:\/\/schema.org","@graph":[{"@type":"WebPage","@id":"https:\/\/www.mobeye.com\/de\/uberwachung-von-medizinischen-geraten","url":"https:\/\/www.mobeye.com\/de\/uberwachung-von-medizinischen-geraten","name":"\u00dcberwachung von medizinischen ger\u00e4ten - Mobeye","isPartOf":{"@id":"https:\/\/www.mobeye.com\/de#website"},"primaryImageOfPage":{"@id":"https:\/\/www.mobeye.com\/de\/uberwachung-von-medizinischen-geraten#primaryimage"},"image":{"@id":"https:\/\/www.mobeye.com\/de\/uberwachung-von-medizinischen-geraten#primaryimage"},"thumbnailUrl":"https:\/\/www.mobeye.com\/files\/IHP-Pulse.jpg","datePublished":"2020-05-05T12:44:19+00:00","dateModified":"2023-08-16T08:31:44+00:00","breadcrumb":{"@id":"https:\/\/www.mobeye.com\/de\/uberwachung-von-medizinischen-geraten#breadcrumb"},"inLanguage":"de","potentialAction":[{"@type":"ReadAction","target":["https:\/\/www.mobeye.com\/de\/uberwachung-von-medizinischen-geraten"]}]},{"@type":"ImageObject","inLanguage":"de","@id":"https:\/\/www.mobeye.com\/de\/uberwachung-von-medizinischen-geraten#primaryimage","url":"https:\/\/www.mobeye.com\/files\/IHP-Pulse.jpg","contentUrl":"https:\/\/www.mobeye.com\/files\/IHP-Pulse.jpg","width":1440,"height":150},{"@type":"BreadcrumbList","@id":"https:\/\/www.mobeye.com\/de\/uberwachung-von-medizinischen-geraten#breadcrumb","itemListElement":[{"@type":"ListItem","position":1,"name":"Home","item":"https:\/\/www.mobeye.com\/de"},{"@type":"ListItem","position":2,"name":"\u00dcberwachung von medizinischen ger\u00e4ten"}]},{"@type":"WebSite","@id":"https:\/\/www.mobeye.com\/de#website","url":"https:\/\/www.mobeye.com\/de","name":"Mobeye","description":"Mobeye alarm and monitoring products","publisher":{"@id":"https:\/\/www.mobeye.com\/de#organization"},"potentialAction":[{"@type":"SearchAction","target":{"@type":"EntryPoint","urlTemplate":"https:\/\/www.mobeye.com\/de?s={search_term_string}"},"query-input":{"@type":"PropertyValueSpecification","valueRequired":true,"valueName":"search_term_string"}}],"inLanguage":"de"},{"@type":"Organization","@id":"https:\/\/www.mobeye.com\/de#organization","name":"Mobeye","url":"https:\/\/www.mobeye.com\/de","logo":{"@type":"ImageObject","inLanguage":"de","@id":"https:\/\/www.mobeye.com\/de#\/schema\/logo\/image\/","url":"https:\/\/www.mobeye.com\/files\/Mobeye-logo-600px.jpg","contentUrl":"https:\/\/www.mobeye.com\/files\/Mobeye-logo-600px.jpg","width":675,"height":600,"caption":"Mobeye"},"image":{"@id":"https:\/\/www.mobeye.com\/de#\/schema\/logo\/image\/"},"sameAs":["https:\/\/x.com\/mobeye","https:\/\/www.linkedin.com\/company\/mobeye\/","https:\/\/nl.pinterest.com\/mobeye\/","https:\/\/www.youtube.com\/user\/MobeyeBV\/"]}]}},"uagb_featured_image_src":{"full":["https:\/\/www.mobeye.com\/files\/IHP-Pulse.jpg",1440,150,false],"thumbnail":["https:\/\/www.mobeye.com\/files\/IHP-Pulse-150x150.jpg",150,150,true],"medium":["https:\/\/www.mobeye.com\/files\/IHP-Pulse-300x31.jpg",300,31,true],"medium_large":["https:\/\/www.mobeye.com\/files\/IHP-Pulse-768x80.jpg",768,80,true],"large":["https:\/\/www.mobeye.com\/files\/IHP-Pulse-1024x107.jpg",1024,107,true],"1536x1536":["https:\/\/www.mobeye.com\/files\/IHP-Pulse.jpg",1440,150,false],"2048x2048":["https:\/\/www.mobeye.com\/files\/IHP-Pulse.jpg",1440,150,false]},"uagb_author_info":{"display_name":"Martine","author_link":"https:\/\/www.mobeye.com\/de\/author\/martine"},"uagb_comment_info":0,"uagb_excerpt":"Lebensrettende medizinische Ger\u00e4te verdienen eine doppelte \u00dcberwachung. Zu den eingebauten Schutzfunktionen und den akustischen Fehleranzeigen wird eine zus\u00e4tzliche \u00dcberwachung empfohlen. Der Mobeye PowerGuard (CM4100) erf\u00fcllt diese zus\u00e4tzliche \u00dcberwachung. Alarmierung Wenn lokale Alarme an einem medizinischen Ger\u00e4t nicht m\u00f6glich oder unzureichend sind, schlie\u00dfen Sie den Mobeye PowerGuard an. Letzterer \u201eliest\u201c den Alarm aus und sendet ihn&hellip;","_links":{"self":[{"href":"https:\/\/www.mobeye.com\/de\/wp-json\/wp\/v2\/pages\/4134"}],"collection":[{"href":"https:\/\/www.mobeye.com\/de\/wp-json\/wp\/v2\/pages"}],"about":[{"href":"https:\/\/www.mobeye.com\/de\/wp-json\/wp\/v2\/types\/page"}],"author":[{"embeddable":true,"href":"https:\/\/www.mobeye.com\/de\/wp-json\/wp\/v2\/users\/6"}],"replies":[{"embeddable":true,"href":"https:\/\/www.mobeye.com\/de\/wp-json\/wp\/v2\/comments?post=4134"}],"version-history":[{"count":7,"href":"https:\/\/www.mobeye.com\/de\/wp-json\/wp\/v2\/pages\/4134\/revisions"}],"predecessor-version":[{"id":11569,"href":"https:\/\/www.mobeye.com\/de\/wp-json\/wp\/v2\/pages\/4134\/revisions\/11569"}],"wp:featuredmedia":[{"embeddable":true,"href":"https:\/\/www.mobeye.com\/de\/wp-json\/wp\/v2\/media\/4141"}],"wp:attachment":[{"href":"https:\/\/www.mobeye.com\/de\/wp-json\/wp\/v2\/media?parent=4134"}],"curies":[{"name":"wp","href":"https:\/\/api.w.org\/{rel}","templated":true}]}}