{"id":4170,"date":"2020-05-05T13:09:51","date_gmt":"2020-05-05T13:09:51","guid":{"rendered":"https:\/\/www.mobeye.com\/?page_id=4170"},"modified":"2023-08-16T10:31:07","modified_gmt":"2023-08-16T08:31:07","slug":"uberwachung-vom-aed-schrank","status":"publish","type":"page","link":"https:\/\/www.mobeye.com\/de\/uberwachung-vom-aed-schrank","title":{"rendered":"\u00dcberwachung vom AED-Schrank"},"content":{"rendered":"\n<div style=\"height:20px\" aria-hidden=\"true\" class=\"wp-block-spacer\"><\/div>\n\n\n\n<p style=\"font-size:15px\">Ein automatischer externer Defibrillator (AED) hilft bei der Wiederherstellung des Herzrhythmus bei Herzstillstand. Der AED h\u00e4ngt normalerweise in einem Schrank, der f\u00fcr Retter leicht zug\u00e4nglich ist. Da jede Sekunde z\u00e4hlt, ist es wichtig, dass der AED immer zuverl\u00e4ssig und sofort einsatzbereit ist. <\/p>\n\n\n\n<p style=\"font-size:15px\">Mobeye ist seit mehr als zehn Jahren an der \u00dcberwachung von AED-Schr\u00e4nken beteiligt. Mit L\u00f6sungen im Bereich der Weitergabe der \u00d6ffnung, der \u00dcberwachung der Temperatur, der Stromversorgung und der Fern\u00f6ffnung vom Schr\u00e4nken. <\/p>\n\n\n\n<div style=\"height:20px\" aria-hidden=\"true\" class=\"wp-block-spacer\"><\/div>\n\n\n\n<h3 class=\"wp-block-heading\">Alarm beim \u00d6ffnen des AED-Schranks<\/h3>\n\n\n\n<div class=\"wp-block-columns is-layout-flex wp-container-core-columns-is-layout-1 wp-block-columns-is-layout-flex\">\n<div class=\"wp-block-column is-layout-flow wp-block-column-is-layout-flow\" style=\"flex-basis:60%\">\n<p style=\"font-size:15px\"> F\u00fcr den Administrator eines AED-Schranks ist es wichtig zu wissen, ob der AED-Schrank ge\u00f6ffnet wurde. Nach Verwendung des AED&#8217;s ist eine \u00dcberpr\u00fcfung der Elektrodenfunktion und ein Austausch erforderlich. Ein Schrankalarm kann auch auf Diebstahl oder Sabotage hinweisen. <br>Dies f\u00f6rdert die Verf\u00fcgbarkeit von AED&#8217;s f\u00fcr alle ohne Schl\u00fcssel oder PIN. <br><\/p>\n\n\n\n<p style=\"font-size:15px\">Der Mobeye CM-Guard benachrichtigt den Administrator sofort beim \u00d6ffnen des AED-Schranks. Dies kann ein voll batteriebetriebener Alarm sein, sodass der Schrank nicht mehr an die externe Stromversorgung angeschlossen werden muss.<\/p>\n<\/div>\n\n\n\n<div class=\"wp-block-column is-layout-flow wp-block-column-is-layout-flow\" style=\"flex-basis:40%\"><div class=\"wp-block-image\">\n<figure class=\"aligncenter size-large is-resized\"><img loading=\"lazy\" decoding=\"async\" src=\"https:\/\/www.mobeye.com\/files\/IPA-AED.jpg\" alt=\"\" class=\"wp-image-4181\" width=\"200\" height=\"210\"\/><\/figure><\/div><\/div>\n<\/div>\n\n\n\n<h3 class=\"wp-block-heading\">Klimatisierung im AED-Schrank<\/h3>\n\n\n\n<p style=\"font-size:15px\">AED-Au\u00dfenschr\u00e4nke sollten mit einem Klimatisierungssystem ausgestattet sein. Dies wird mit einem Mobeye PowerGuard (CM4100) oder Mobeye ThermoGuard (CM4200), in Kombination mit der Steuerung der Stromversorgung \u00fcberwacht. F\u00fcr Beratung zu diesen L\u00f6sungen wenden Sie sich bitte an uns.<\/p>\n\n\n\n<h3 class=\"wp-block-heading\">Die \u00dcberwachung der Spannung<\/h3>\n\n\n\n<p style=\"font-size:15px\">Bei AED-Schr\u00e4nken, die an die Netzspannung angeschlossen sind, ist die Stromversorgung kritisch. Der Mobeye PowerGuard \u00fcberwacht diese. Sobald ein Stromausfall vorliegt, wird ein Alarm ausgel\u00f6st. Die \u00dcberwachung erfolgt durch Anschlie\u00dfen des mitgelieferten Netzadapters an dieselbe Steckdose wie die zu \u00fcberwachenden Systeme oder direkt an einen 12-24V DC Ausgang.<\/p>\n\n\n\n<h3 class=\"wp-block-heading\">Kundenspezifische L\u00f6sungen<\/h3>\n\n\n\n<p style=\"font-size:15px\">Mobeye hat verschiedene kundenspezifische L\u00f6sungen f\u00fcr AED-Schr\u00e4nke entwickelt. F\u00fcr den Flughafen in Singapur zielt dies darauf ab, das medizinische Personal zu alarmieren und die Schr\u00e4nke zu \u00fcberwachen.  F\u00fcr niederl\u00e4ndische Organisa\u00adtionen wurde ein Schrank entwickelt, der \u00fcber die Rettungsdienste aus der Ferne ge\u00f6ffnet wird. Es wurden auch Kombinationen mit der Klimatisierung vorgenommen. <\/p>\n\n\n\n<div style=\"height:20px\" aria-hidden=\"true\" class=\"wp-block-spacer\"><\/div>\n\n\n\n<h4 class=\"wp-block-heading\">Dokumentation<\/h4>\n\n\n\n<hr class=\"wp-block-separator has-css-opacity\"\/>\n\n\n\n<p style=\"font-size:15px\"><a rel=\"noreferrer noopener\" aria-label=\"\ufffc (opent in een nieuwe tab)\" href=\"https:\/\/www.mobeye.com\/files\/Mobeye-AED-Schrank-Uberwachung-DE.pdf\" target=\"_blank\"><img decoding=\"async\" class=\"wp-image-4000\" style=\"width: 25px;\" src=\"https:\/\/www.mobeye.com\/files\/IconD-Datasheet.png\" alt=\"\"><\/a> <a href=\"https:\/\/www.mobeye.com\/files\/Mobeye-AED-Schrank-Uberwachung-DE.pdf\" target=\"_blank\" rel=\"noreferrer noopener\" aria-label=\"Informationen \u00fcber (opent in een nieuwe tab)\">Informationen \u00fcber<\/a> &#8222;Mobeye \u00dcberwachung des AED-Schranks&#8220;<\/p>\n\n\n\n<p style=\"font-size:15px\"><a href=\"https:\/\/www.mobeye.com\/de\/products\/cm2000-mobeye-cm-guard\"><img loading=\"lazy\" decoding=\"async\" width=\"25\" height=\"16\" class=\"wp-image-3988\" style=\"width: 25px;\" src=\"https:\/\/www.mobeye.com\/files\/IconD-Computer.png\" alt=\"\"><\/a> <a href=\"https:\/\/www.mobeye.com\/de\/products\/cm4000-mobeye-cm-guard\">Produktseite<\/a> Mobeye CM4000<\/p>\n\n\n\n<p style=\"font-size:15px\"><a href=\"https:\/\/www.mobeye.com\/de\/products\/cm2100-mobeye-powerguard\"><img loading=\"lazy\" decoding=\"async\" width=\"25\" height=\"16\" class=\"wp-image-3988\" style=\"width: 25px;\" src=\"https:\/\/www.mobeye.com\/files\/IconD-Computer.png\" alt=\"\"><\/a> <a href=\"https:\/\/www.mobeye.com\/de\/products\/cm4100-mobeye-powerguard\">Produktseite<\/a> Mobeye CM4100<\/p>\n\n\n\n<p style=\"font-size:15px\"><a href=\"https:\/\/www.mobeye.com\/de\/products\/cm2200-mobeye-thermoguard\"><img loading=\"lazy\" decoding=\"async\" width=\"25\" height=\"16\" class=\"wp-image-3988\" style=\"width: 25px;\" src=\"https:\/\/www.mobeye.com\/files\/IconD-Computer.png\" alt=\"\"><\/a> <a href=\"https:\/\/www.mobeye.com\/de\/products\/cm4200-mobeye-thermoguard\">Produktseite<\/a> Mobeye CM4200<\/p>\n","protected":false},"excerpt":{"rendered":"<p>Ein automatischer externer Defibrillator (AED) hilft bei der Wiederherstellung des Herzrhythmus bei Herzstillstand. Der AED h\u00e4ngt normalerweise in einem Schrank, der f\u00fcr Retter leicht zug\u00e4nglich ist. Da jede Sekunde z\u00e4hlt, ist es wichtig, dass der AED immer zuverl\u00e4ssig und sofort einsatzbereit ist. Mobeye ist seit mehr als zehn Jahren an der \u00dcberwachung von AED-Schr\u00e4nken beteiligt. [&hellip;]<\/p>\n","protected":false},"author":6,"featured_media":4176,"parent":0,"menu_order":49,"comment_status":"closed","ping_status":"closed","template":"","meta":{"footnotes":""},"class_list":["post-4170","page","type-page","status-publish","has-post-thumbnail","hentry"],"yoast_head":"<!-- This site is optimized with the Yoast SEO plugin v25.6 - https:\/\/yoast.com\/wordpress\/plugins\/seo\/ -->\n<title>\u00dcberwachung vom AED-Schrank - Mobeye<\/title>\n<meta name=\"robots\" content=\"index, follow, max-snippet:-1, max-image-preview:large, max-video-preview:-1\" \/>\n<link rel=\"canonical\" href=\"https:\/\/www.mobeye.com\/de\/uberwachung-vom-aed-schrank\" \/>\n<meta property=\"og:locale\" content=\"de_DE\" \/>\n<meta property=\"og:type\" content=\"article\" \/>\n<meta property=\"og:title\" content=\"\u00dcberwachung vom AED-Schrank - Mobeye\" \/>\n<meta property=\"og:description\" content=\"Ein automatischer externer Defibrillator (AED) hilft bei der Wiederherstellung des Herzrhythmus bei Herzstillstand. Der AED h\u00e4ngt normalerweise in einem Schrank, der f\u00fcr Retter leicht zug\u00e4nglich ist. Da jede Sekunde z\u00e4hlt, ist es wichtig, dass der AED immer zuverl\u00e4ssig und sofort einsatzbereit ist. Mobeye ist seit mehr als zehn Jahren an der \u00dcberwachung von AED-Schr\u00e4nken beteiligt. [&hellip;]\" \/>\n<meta property=\"og:url\" content=\"https:\/\/www.mobeye.com\/de\/uberwachung-vom-aed-schrank\" \/>\n<meta property=\"og:site_name\" content=\"Mobeye\" \/>\n<meta property=\"article:modified_time\" content=\"2023-08-16T08:31:07+00:00\" \/>\n<meta property=\"og:image\" content=\"https:\/\/www.mobeye.com\/files\/IPH-AEDCh.jpg\" \/>\n\t<meta property=\"og:image:width\" content=\"1440\" \/>\n\t<meta property=\"og:image:height\" content=\"150\" \/>\n\t<meta property=\"og:image:type\" content=\"image\/jpeg\" \/>\n<meta name=\"twitter:card\" content=\"summary_large_image\" \/>\n<meta name=\"twitter:site\" content=\"@mobeye\" \/>\n<meta name=\"twitter:label1\" content=\"Gesch\u00e4tzte Lesezeit\" \/>\n\t<meta name=\"twitter:data1\" content=\"3\u00a0Minuten\" \/>\n<script type=\"application\/ld+json\" class=\"yoast-schema-graph\">{\"@context\":\"https:\/\/schema.org\",\"@graph\":[{\"@type\":\"WebPage\",\"@id\":\"https:\/\/www.mobeye.com\/de\/uberwachung-vom-aed-schrank\",\"url\":\"https:\/\/www.mobeye.com\/de\/uberwachung-vom-aed-schrank\",\"name\":\"\u00dcberwachung vom AED-Schrank - Mobeye\",\"isPartOf\":{\"@id\":\"https:\/\/www.mobeye.com\/de#website\"},\"primaryImageOfPage\":{\"@id\":\"https:\/\/www.mobeye.com\/de\/uberwachung-vom-aed-schrank#primaryimage\"},\"image\":{\"@id\":\"https:\/\/www.mobeye.com\/de\/uberwachung-vom-aed-schrank#primaryimage\"},\"thumbnailUrl\":\"https:\/\/www.mobeye.com\/files\/IPH-AEDCh.jpg\",\"datePublished\":\"2020-05-05T13:09:51+00:00\",\"dateModified\":\"2023-08-16T08:31:07+00:00\",\"breadcrumb\":{\"@id\":\"https:\/\/www.mobeye.com\/de\/uberwachung-vom-aed-schrank#breadcrumb\"},\"inLanguage\":\"de\",\"potentialAction\":[{\"@type\":\"ReadAction\",\"target\":[\"https:\/\/www.mobeye.com\/de\/uberwachung-vom-aed-schrank\"]}]},{\"@type\":\"ImageObject\",\"inLanguage\":\"de\",\"@id\":\"https:\/\/www.mobeye.com\/de\/uberwachung-vom-aed-schrank#primaryimage\",\"url\":\"https:\/\/www.mobeye.com\/files\/IPH-AEDCh.jpg\",\"contentUrl\":\"https:\/\/www.mobeye.com\/files\/IPH-AEDCh.jpg\",\"width\":1440,\"height\":150},{\"@type\":\"BreadcrumbList\",\"@id\":\"https:\/\/www.mobeye.com\/de\/uberwachung-vom-aed-schrank#breadcrumb\",\"itemListElement\":[{\"@type\":\"ListItem\",\"position\":1,\"name\":\"Home\",\"item\":\"https:\/\/www.mobeye.com\/de\"},{\"@type\":\"ListItem\",\"position\":2,\"name\":\"\u00dcberwachung vom AED-Schrank\"}]},{\"@type\":\"WebSite\",\"@id\":\"https:\/\/www.mobeye.com\/de#website\",\"url\":\"https:\/\/www.mobeye.com\/de\",\"name\":\"Mobeye\",\"description\":\"Mobeye alarm and monitoring products\",\"publisher\":{\"@id\":\"https:\/\/www.mobeye.com\/de#organization\"},\"potentialAction\":[{\"@type\":\"SearchAction\",\"target\":{\"@type\":\"EntryPoint\",\"urlTemplate\":\"https:\/\/www.mobeye.com\/de?s={search_term_string}\"},\"query-input\":{\"@type\":\"PropertyValueSpecification\",\"valueRequired\":true,\"valueName\":\"search_term_string\"}}],\"inLanguage\":\"de\"},{\"@type\":\"Organization\",\"@id\":\"https:\/\/www.mobeye.com\/de#organization\",\"name\":\"Mobeye\",\"url\":\"https:\/\/www.mobeye.com\/de\",\"logo\":{\"@type\":\"ImageObject\",\"inLanguage\":\"de\",\"@id\":\"https:\/\/www.mobeye.com\/de#\/schema\/logo\/image\/\",\"url\":\"https:\/\/www.mobeye.com\/files\/Mobeye-logo-600px.jpg\",\"contentUrl\":\"https:\/\/www.mobeye.com\/files\/Mobeye-logo-600px.jpg\",\"width\":675,\"height\":600,\"caption\":\"Mobeye\"},\"image\":{\"@id\":\"https:\/\/www.mobeye.com\/de#\/schema\/logo\/image\/\"},\"sameAs\":[\"https:\/\/x.com\/mobeye\",\"https:\/\/www.linkedin.com\/company\/mobeye\/\",\"https:\/\/nl.pinterest.com\/mobeye\/\",\"https:\/\/www.youtube.com\/user\/MobeyeBV\/\"]}]}<\/script>\n<!-- \/ Yoast SEO plugin. -->","yoast_head_json":{"title":"\u00dcberwachung vom AED-Schrank - Mobeye","robots":{"index":"index","follow":"follow","max-snippet":"max-snippet:-1","max-image-preview":"max-image-preview:large","max-video-preview":"max-video-preview:-1"},"canonical":"https:\/\/www.mobeye.com\/de\/uberwachung-vom-aed-schrank","og_locale":"de_DE","og_type":"article","og_title":"\u00dcberwachung vom AED-Schrank - Mobeye","og_description":"Ein automatischer externer Defibrillator (AED) hilft bei der Wiederherstellung des Herzrhythmus bei Herzstillstand. Der AED h\u00e4ngt normalerweise in einem Schrank, der f\u00fcr Retter leicht zug\u00e4nglich ist. Da jede Sekunde z\u00e4hlt, ist es wichtig, dass der AED immer zuverl\u00e4ssig und sofort einsatzbereit ist. Mobeye ist seit mehr als zehn Jahren an der \u00dcberwachung von AED-Schr\u00e4nken beteiligt. [&hellip;]","og_url":"https:\/\/www.mobeye.com\/de\/uberwachung-vom-aed-schrank","og_site_name":"Mobeye","article_modified_time":"2023-08-16T08:31:07+00:00","og_image":[{"width":1440,"height":150,"url":"https:\/\/www.mobeye.com\/files\/IPH-AEDCh.jpg","type":"image\/jpeg"}],"twitter_card":"summary_large_image","twitter_site":"@mobeye","twitter_misc":{"Gesch\u00e4tzte Lesezeit":"3\u00a0Minuten"},"schema":{"@context":"https:\/\/schema.org","@graph":[{"@type":"WebPage","@id":"https:\/\/www.mobeye.com\/de\/uberwachung-vom-aed-schrank","url":"https:\/\/www.mobeye.com\/de\/uberwachung-vom-aed-schrank","name":"\u00dcberwachung vom AED-Schrank - Mobeye","isPartOf":{"@id":"https:\/\/www.mobeye.com\/de#website"},"primaryImageOfPage":{"@id":"https:\/\/www.mobeye.com\/de\/uberwachung-vom-aed-schrank#primaryimage"},"image":{"@id":"https:\/\/www.mobeye.com\/de\/uberwachung-vom-aed-schrank#primaryimage"},"thumbnailUrl":"https:\/\/www.mobeye.com\/files\/IPH-AEDCh.jpg","datePublished":"2020-05-05T13:09:51+00:00","dateModified":"2023-08-16T08:31:07+00:00","breadcrumb":{"@id":"https:\/\/www.mobeye.com\/de\/uberwachung-vom-aed-schrank#breadcrumb"},"inLanguage":"de","potentialAction":[{"@type":"ReadAction","target":["https:\/\/www.mobeye.com\/de\/uberwachung-vom-aed-schrank"]}]},{"@type":"ImageObject","inLanguage":"de","@id":"https:\/\/www.mobeye.com\/de\/uberwachung-vom-aed-schrank#primaryimage","url":"https:\/\/www.mobeye.com\/files\/IPH-AEDCh.jpg","contentUrl":"https:\/\/www.mobeye.com\/files\/IPH-AEDCh.jpg","width":1440,"height":150},{"@type":"BreadcrumbList","@id":"https:\/\/www.mobeye.com\/de\/uberwachung-vom-aed-schrank#breadcrumb","itemListElement":[{"@type":"ListItem","position":1,"name":"Home","item":"https:\/\/www.mobeye.com\/de"},{"@type":"ListItem","position":2,"name":"\u00dcberwachung vom AED-Schrank"}]},{"@type":"WebSite","@id":"https:\/\/www.mobeye.com\/de#website","url":"https:\/\/www.mobeye.com\/de","name":"Mobeye","description":"Mobeye alarm and monitoring products","publisher":{"@id":"https:\/\/www.mobeye.com\/de#organization"},"potentialAction":[{"@type":"SearchAction","target":{"@type":"EntryPoint","urlTemplate":"https:\/\/www.mobeye.com\/de?s={search_term_string}"},"query-input":{"@type":"PropertyValueSpecification","valueRequired":true,"valueName":"search_term_string"}}],"inLanguage":"de"},{"@type":"Organization","@id":"https:\/\/www.mobeye.com\/de#organization","name":"Mobeye","url":"https:\/\/www.mobeye.com\/de","logo":{"@type":"ImageObject","inLanguage":"de","@id":"https:\/\/www.mobeye.com\/de#\/schema\/logo\/image\/","url":"https:\/\/www.mobeye.com\/files\/Mobeye-logo-600px.jpg","contentUrl":"https:\/\/www.mobeye.com\/files\/Mobeye-logo-600px.jpg","width":675,"height":600,"caption":"Mobeye"},"image":{"@id":"https:\/\/www.mobeye.com\/de#\/schema\/logo\/image\/"},"sameAs":["https:\/\/x.com\/mobeye","https:\/\/www.linkedin.com\/company\/mobeye\/","https:\/\/nl.pinterest.com\/mobeye\/","https:\/\/www.youtube.com\/user\/MobeyeBV\/"]}]}},"uagb_featured_image_src":{"full":["https:\/\/www.mobeye.com\/files\/IPH-AEDCh.jpg",1440,150,false],"thumbnail":["https:\/\/www.mobeye.com\/files\/IPH-AEDCh-150x150.jpg",150,150,true],"medium":["https:\/\/www.mobeye.com\/files\/IPH-AEDCh-300x31.jpg",300,31,true],"medium_large":["https:\/\/www.mobeye.com\/files\/IPH-AEDCh-768x80.jpg",768,80,true],"large":["https:\/\/www.mobeye.com\/files\/IPH-AEDCh-1024x107.jpg",1024,107,true],"1536x1536":["https:\/\/www.mobeye.com\/files\/IPH-AEDCh.jpg",1440,150,false],"2048x2048":["https:\/\/www.mobeye.com\/files\/IPH-AEDCh.jpg",1440,150,false]},"uagb_author_info":{"display_name":"Martine","author_link":"https:\/\/www.mobeye.com\/de\/author\/martine"},"uagb_comment_info":0,"uagb_excerpt":"Ein automatischer externer Defibrillator (AED) hilft bei der Wiederherstellung des Herzrhythmus bei Herzstillstand. Der AED h\u00e4ngt normalerweise in einem Schrank, der f\u00fcr Retter leicht zug\u00e4nglich ist. Da jede Sekunde z\u00e4hlt, ist es wichtig, dass der AED immer zuverl\u00e4ssig und sofort einsatzbereit ist. Mobeye ist seit mehr als zehn Jahren an der \u00dcberwachung von AED-Schr\u00e4nken beteiligt.&hellip;","_links":{"self":[{"href":"https:\/\/www.mobeye.com\/de\/wp-json\/wp\/v2\/pages\/4170"}],"collection":[{"href":"https:\/\/www.mobeye.com\/de\/wp-json\/wp\/v2\/pages"}],"about":[{"href":"https:\/\/www.mobeye.com\/de\/wp-json\/wp\/v2\/types\/page"}],"author":[{"embeddable":true,"href":"https:\/\/www.mobeye.com\/de\/wp-json\/wp\/v2\/users\/6"}],"replies":[{"embeddable":true,"href":"https:\/\/www.mobeye.com\/de\/wp-json\/wp\/v2\/comments?post=4170"}],"version-history":[{"count":14,"href":"https:\/\/www.mobeye.com\/de\/wp-json\/wp\/v2\/pages\/4170\/revisions"}],"predecessor-version":[{"id":11568,"href":"https:\/\/www.mobeye.com\/de\/wp-json\/wp\/v2\/pages\/4170\/revisions\/11568"}],"wp:featuredmedia":[{"embeddable":true,"href":"https:\/\/www.mobeye.com\/de\/wp-json\/wp\/v2\/media\/4176"}],"wp:attachment":[{"href":"https:\/\/www.mobeye.com\/de\/wp-json\/wp\/v2\/media?parent=4170"}],"curies":[{"name":"wp","href":"https:\/\/api.w.org\/{rel}","templated":true}]}}