{"id":4355,"date":"2020-05-05T20:59:23","date_gmt":"2020-05-05T20:59:23","guid":{"rendered":"https:\/\/www.mobeye.com\/?page_id=4355"},"modified":"2020-05-06T10:12:35","modified_gmt":"2020-05-06T10:12:35","slug":"datenschutzbestimmungen","status":"publish","type":"page","link":"https:\/\/www.mobeye.com\/de\/datenschutzbestimmungen","title":{"rendered":"Datenschutzbestimmungen"},"content":{"rendered":"\n<h4 class=\"wp-block-heading\">Cookies auf unseren Seiten<\/h4>\n\n\n\n<p class=\"has-small-font-size\">Auf den Mobeye Websites werden keine Cookies platziert, au\u00dfer den Standard-Funktionscookies, die nicht auf personenbezogene Daten zur\u00fcckgef\u00fchrt werden k\u00f6nnen. Deshalb bitten wir nicht um Erlaubnis, Cookies zu platzieren. Wir halten es nicht f\u00fcr notwendig, Spuren auf Ihrem Computer oder Telefon zu hinterlassen, und wir m\u00f6chten nicht mit Ihren Daten verdienen. Sie sehen daher keine Werbung von Drittanbietern, die sich auf einen Besuch auf einer unserer Websites beziehen k\u00f6nnen.<\/p>\n\n\n\n<h4 class=\"wp-block-heading\">Kontaktformular<\/h4>\n\n\n\n<p class=\"has-small-font-size\">Wenn Sie das Kontaktformular auf unserer Website ausf\u00fcllen und senden, werden wir Ihre Daten sorgf\u00e4ltig behandeln und niemals an Dritte weitergeben. Sie k\u00f6nnen von Zeit zu Zeit Informationen von uns bekommen. Wir machen das nicht oft, wahrscheinlich zweimal im Jahr, und nur, wenn wir etwas zu sagen haben. Sie k\u00f6nnen sich jederzeit abmelden, wenn Sie die Wahl bereuen. Nat\u00fcrlich haben Sie die M\u00f6glichkeit, die Zusendung von Informationen von vornherein auszuschliessen. Wir werden das respektieren. Wir lassen das Kontaktformular jedoch ein Sicherheitsmodul von Google durchlaufen, bevor wir es erhalten. Wir tun dies, um die unz\u00e4hligen Spam-Nachrichten von Robotern zu vermeiden. Dies ist nicht vollst\u00e4ndig anonym, da Google seine eigenen Bedingungen hat. Wollen Sie das nicht, dann nutzen Sie unsere E-Mail-Adresse &#8222;info at&#8220;.<\/p>\n\n\n\n<h4 class=\"wp-block-heading\">Datenschutz im Internet Portal<\/h4>\n\n\n\n<p class=\"has-small-font-size\">Die Ger\u00e4te, die Sie auf der Website mymobeye.eu, dem Mobeye Internet Portal, registrieren, sollten ebenso sicher sein wie Ihre Daten. Wir tun unser M\u00f6glichstes, um alle Sicherheitsma\u00dfnahmen zu diesem Zweck einzusetzen. Dies sind Software-Implementierungen, Firewalls, Verschl\u00fcsselungen f\u00fcr den Kennwortschutz, Hosting-Optionen und interne Protokolle. Um einen Service zu bieten, kann eine sehr begrenzte Anzahl von Personen, nicht mehr als n\u00f6tig, Sie telefonisch oder schriftlich unterst\u00fctzen und Ihr Ger\u00e4t \u00fcberwachen. Wir wenden die strengen Regeln der DSGVO an. Und wenn Sie Daten l\u00f6schen, werden diese tats\u00e4chlich gel\u00f6scht. Wir haben keinen Grund, Ihre Daten zu verwenden. Sie geh\u00f6ren Ihnen und wir bieten Ihnen gerne einen Service an. So sehen wir es. <\/p>\n","protected":false},"excerpt":{"rendered":"<p>Cookies auf unseren Seiten Auf den Mobeye Websites werden keine Cookies platziert, au\u00dfer den Standard-Funktionscookies, die nicht auf personenbezogene Daten zur\u00fcckgef\u00fchrt werden k\u00f6nnen. Deshalb bitten wir nicht um Erlaubnis, Cookies zu platzieren. Wir halten es nicht f\u00fcr notwendig, Spuren auf Ihrem Computer oder Telefon zu hinterlassen, und wir m\u00f6chten nicht mit Ihren Daten verdienen. Sie [&hellip;]<\/p>\n","protected":false},"author":6,"featured_media":0,"parent":0,"menu_order":43,"comment_status":"closed","ping_status":"closed","template":"template-application.php","meta":{"footnotes":""},"class_list":["post-4355","page","type-page","status-publish","hentry"],"yoast_head":"<!-- This site is optimized with the Yoast SEO plugin v25.6 - https:\/\/yoast.com\/wordpress\/plugins\/seo\/ -->\n<title>Datenschutzbestimmungen - Mobeye<\/title>\n<meta name=\"robots\" content=\"index, follow, max-snippet:-1, max-image-preview:large, max-video-preview:-1\" \/>\n<link rel=\"canonical\" href=\"https:\/\/www.mobeye.com\/de\/datenschutzbestimmungen\" \/>\n<meta property=\"og:locale\" content=\"de_DE\" \/>\n<meta property=\"og:type\" content=\"article\" \/>\n<meta property=\"og:title\" content=\"Datenschutzbestimmungen - Mobeye\" \/>\n<meta property=\"og:description\" content=\"Cookies auf unseren Seiten Auf den Mobeye Websites werden keine Cookies platziert, au\u00dfer den Standard-Funktionscookies, die nicht auf personenbezogene Daten zur\u00fcckgef\u00fchrt werden k\u00f6nnen. Deshalb bitten wir nicht um Erlaubnis, Cookies zu platzieren. Wir halten es nicht f\u00fcr notwendig, Spuren auf Ihrem Computer oder Telefon zu hinterlassen, und wir m\u00f6chten nicht mit Ihren Daten verdienen. Sie [&hellip;]\" \/>\n<meta property=\"og:url\" content=\"https:\/\/www.mobeye.com\/de\/datenschutzbestimmungen\" \/>\n<meta property=\"og:site_name\" content=\"Mobeye\" \/>\n<meta property=\"article:modified_time\" content=\"2020-05-06T10:12:35+00:00\" \/>\n<meta name=\"twitter:card\" content=\"summary_large_image\" \/>\n<meta name=\"twitter:site\" content=\"@mobeye\" \/>\n<meta name=\"twitter:label1\" content=\"Gesch\u00e4tzte Lesezeit\" \/>\n\t<meta name=\"twitter:data1\" content=\"2\u00a0Minuten\" \/>\n<script type=\"application\/ld+json\" class=\"yoast-schema-graph\">{\"@context\":\"https:\/\/schema.org\",\"@graph\":[{\"@type\":\"WebPage\",\"@id\":\"https:\/\/www.mobeye.com\/de\/datenschutzbestimmungen\",\"url\":\"https:\/\/www.mobeye.com\/de\/datenschutzbestimmungen\",\"name\":\"Datenschutzbestimmungen - Mobeye\",\"isPartOf\":{\"@id\":\"https:\/\/www.mobeye.com\/de#website\"},\"datePublished\":\"2020-05-05T20:59:23+00:00\",\"dateModified\":\"2020-05-06T10:12:35+00:00\",\"breadcrumb\":{\"@id\":\"https:\/\/www.mobeye.com\/de\/datenschutzbestimmungen#breadcrumb\"},\"inLanguage\":\"de\",\"potentialAction\":[{\"@type\":\"ReadAction\",\"target\":[\"https:\/\/www.mobeye.com\/de\/datenschutzbestimmungen\"]}]},{\"@type\":\"BreadcrumbList\",\"@id\":\"https:\/\/www.mobeye.com\/de\/datenschutzbestimmungen#breadcrumb\",\"itemListElement\":[{\"@type\":\"ListItem\",\"position\":1,\"name\":\"Home\",\"item\":\"https:\/\/www.mobeye.com\/de\"},{\"@type\":\"ListItem\",\"position\":2,\"name\":\"Datenschutzbestimmungen\"}]},{\"@type\":\"WebSite\",\"@id\":\"https:\/\/www.mobeye.com\/de#website\",\"url\":\"https:\/\/www.mobeye.com\/de\",\"name\":\"Mobeye\",\"description\":\"Mobeye alarm and monitoring products\",\"publisher\":{\"@id\":\"https:\/\/www.mobeye.com\/de#organization\"},\"potentialAction\":[{\"@type\":\"SearchAction\",\"target\":{\"@type\":\"EntryPoint\",\"urlTemplate\":\"https:\/\/www.mobeye.com\/de?s={search_term_string}\"},\"query-input\":{\"@type\":\"PropertyValueSpecification\",\"valueRequired\":true,\"valueName\":\"search_term_string\"}}],\"inLanguage\":\"de\"},{\"@type\":\"Organization\",\"@id\":\"https:\/\/www.mobeye.com\/de#organization\",\"name\":\"Mobeye\",\"url\":\"https:\/\/www.mobeye.com\/de\",\"logo\":{\"@type\":\"ImageObject\",\"inLanguage\":\"de\",\"@id\":\"https:\/\/www.mobeye.com\/de#\/schema\/logo\/image\/\",\"url\":\"https:\/\/www.mobeye.com\/files\/Mobeye-logo-600px.jpg\",\"contentUrl\":\"https:\/\/www.mobeye.com\/files\/Mobeye-logo-600px.jpg\",\"width\":675,\"height\":600,\"caption\":\"Mobeye\"},\"image\":{\"@id\":\"https:\/\/www.mobeye.com\/de#\/schema\/logo\/image\/\"},\"sameAs\":[\"https:\/\/x.com\/mobeye\",\"https:\/\/www.linkedin.com\/company\/mobeye\/\",\"https:\/\/nl.pinterest.com\/mobeye\/\",\"https:\/\/www.youtube.com\/user\/MobeyeBV\/\"]}]}<\/script>\n<!-- \/ Yoast SEO plugin. -->","yoast_head_json":{"title":"Datenschutzbestimmungen - Mobeye","robots":{"index":"index","follow":"follow","max-snippet":"max-snippet:-1","max-image-preview":"max-image-preview:large","max-video-preview":"max-video-preview:-1"},"canonical":"https:\/\/www.mobeye.com\/de\/datenschutzbestimmungen","og_locale":"de_DE","og_type":"article","og_title":"Datenschutzbestimmungen - Mobeye","og_description":"Cookies auf unseren Seiten Auf den Mobeye Websites werden keine Cookies platziert, au\u00dfer den Standard-Funktionscookies, die nicht auf personenbezogene Daten zur\u00fcckgef\u00fchrt werden k\u00f6nnen. Deshalb bitten wir nicht um Erlaubnis, Cookies zu platzieren. Wir halten es nicht f\u00fcr notwendig, Spuren auf Ihrem Computer oder Telefon zu hinterlassen, und wir m\u00f6chten nicht mit Ihren Daten verdienen. Sie [&hellip;]","og_url":"https:\/\/www.mobeye.com\/de\/datenschutzbestimmungen","og_site_name":"Mobeye","article_modified_time":"2020-05-06T10:12:35+00:00","twitter_card":"summary_large_image","twitter_site":"@mobeye","twitter_misc":{"Gesch\u00e4tzte Lesezeit":"2\u00a0Minuten"},"schema":{"@context":"https:\/\/schema.org","@graph":[{"@type":"WebPage","@id":"https:\/\/www.mobeye.com\/de\/datenschutzbestimmungen","url":"https:\/\/www.mobeye.com\/de\/datenschutzbestimmungen","name":"Datenschutzbestimmungen - Mobeye","isPartOf":{"@id":"https:\/\/www.mobeye.com\/de#website"},"datePublished":"2020-05-05T20:59:23+00:00","dateModified":"2020-05-06T10:12:35+00:00","breadcrumb":{"@id":"https:\/\/www.mobeye.com\/de\/datenschutzbestimmungen#breadcrumb"},"inLanguage":"de","potentialAction":[{"@type":"ReadAction","target":["https:\/\/www.mobeye.com\/de\/datenschutzbestimmungen"]}]},{"@type":"BreadcrumbList","@id":"https:\/\/www.mobeye.com\/de\/datenschutzbestimmungen#breadcrumb","itemListElement":[{"@type":"ListItem","position":1,"name":"Home","item":"https:\/\/www.mobeye.com\/de"},{"@type":"ListItem","position":2,"name":"Datenschutzbestimmungen"}]},{"@type":"WebSite","@id":"https:\/\/www.mobeye.com\/de#website","url":"https:\/\/www.mobeye.com\/de","name":"Mobeye","description":"Mobeye alarm and monitoring products","publisher":{"@id":"https:\/\/www.mobeye.com\/de#organization"},"potentialAction":[{"@type":"SearchAction","target":{"@type":"EntryPoint","urlTemplate":"https:\/\/www.mobeye.com\/de?s={search_term_string}"},"query-input":{"@type":"PropertyValueSpecification","valueRequired":true,"valueName":"search_term_string"}}],"inLanguage":"de"},{"@type":"Organization","@id":"https:\/\/www.mobeye.com\/de#organization","name":"Mobeye","url":"https:\/\/www.mobeye.com\/de","logo":{"@type":"ImageObject","inLanguage":"de","@id":"https:\/\/www.mobeye.com\/de#\/schema\/logo\/image\/","url":"https:\/\/www.mobeye.com\/files\/Mobeye-logo-600px.jpg","contentUrl":"https:\/\/www.mobeye.com\/files\/Mobeye-logo-600px.jpg","width":675,"height":600,"caption":"Mobeye"},"image":{"@id":"https:\/\/www.mobeye.com\/de#\/schema\/logo\/image\/"},"sameAs":["https:\/\/x.com\/mobeye","https:\/\/www.linkedin.com\/company\/mobeye\/","https:\/\/nl.pinterest.com\/mobeye\/","https:\/\/www.youtube.com\/user\/MobeyeBV\/"]}]}},"uagb_featured_image_src":{"full":false,"thumbnail":false,"medium":false,"medium_large":false,"large":false,"1536x1536":false,"2048x2048":false},"uagb_author_info":{"display_name":"Martine","author_link":"https:\/\/www.mobeye.com\/de\/author\/martine"},"uagb_comment_info":0,"uagb_excerpt":"Cookies auf unseren Seiten Auf den Mobeye Websites werden keine Cookies platziert, au\u00dfer den Standard-Funktionscookies, die nicht auf personenbezogene Daten zur\u00fcckgef\u00fchrt werden k\u00f6nnen. Deshalb bitten wir nicht um Erlaubnis, Cookies zu platzieren. Wir halten es nicht f\u00fcr notwendig, Spuren auf Ihrem Computer oder Telefon zu hinterlassen, und wir m\u00f6chten nicht mit Ihren Daten verdienen. Sie&hellip;","_links":{"self":[{"href":"https:\/\/www.mobeye.com\/de\/wp-json\/wp\/v2\/pages\/4355"}],"collection":[{"href":"https:\/\/www.mobeye.com\/de\/wp-json\/wp\/v2\/pages"}],"about":[{"href":"https:\/\/www.mobeye.com\/de\/wp-json\/wp\/v2\/types\/page"}],"author":[{"embeddable":true,"href":"https:\/\/www.mobeye.com\/de\/wp-json\/wp\/v2\/users\/6"}],"replies":[{"embeddable":true,"href":"https:\/\/www.mobeye.com\/de\/wp-json\/wp\/v2\/comments?post=4355"}],"version-history":[{"count":7,"href":"https:\/\/www.mobeye.com\/de\/wp-json\/wp\/v2\/pages\/4355\/revisions"}],"predecessor-version":[{"id":4374,"href":"https:\/\/www.mobeye.com\/de\/wp-json\/wp\/v2\/pages\/4355\/revisions\/4374"}],"wp:attachment":[{"href":"https:\/\/www.mobeye.com\/de\/wp-json\/wp\/v2\/media?parent=4355"}],"curies":[{"name":"wp","href":"https:\/\/api.w.org\/{rel}","templated":true}]}}