{"id":4405,"date":"2020-05-07T22:04:19","date_gmt":"2020-05-07T22:04:19","guid":{"rendered":"https:\/\/www.mobeye.com\/?page_id=4405"},"modified":"2020-05-08T07:59:20","modified_gmt":"2020-05-08T07:59:20","slug":"nutzungsbedingungen","status":"publish","type":"page","link":"https:\/\/www.mobeye.com\/de\/nutzungsbedingungen","title":{"rendered":"Nutzungsbedingungen"},"content":{"rendered":"\n<h4 class=\"wp-block-heading\">Nutzungsbedingungen<\/h4>\n\n\n\n<p style=\"font-size:15px\">Wir freuen uns, dass Sie unsere Website besuchen. Wir m\u00f6chten Sie als Gast empfangen und hoffen, dass Sie den Inhalt sch\u00e4tzen. Durch den Besuch oder die Nutzung dieser Website erkl\u00e4ren Sie sich mit den unten in diesem Haftungsausschluss aufgef\u00fchrten Regeln einverstanden und sind an diese gebunden. Wenn Sie mit diesen Regeln nicht einverstanden sind, sollten Sie die Informationen auf dieser Website nicht verwenden. Die Website geh\u00f6rt Mobeye, einer nach niederl\u00e4ndischem Recht eingetragenen Privatgesellschaft mit Sitz in Poeldonkweg 5, 5216 JX in &#8217;s-Hertogenbosch, Niederlande, und ist im Handelsregister unter der Nummer 17218489 eingetragen. Die Umsatzsteuer-Identifikationsnummer lautet NL8190.51.834.B01.<\/p>\n\n\n\n<h4 class=\"wp-block-heading\">Nutzung der Website<\/h4>\n\n\n\n<p style=\"font-size:15px\">Wir haben diese Website mit gr\u00f6\u00dfter Sorgfalt zusammengestellt und gepflegt. Wir garantieren jedoch nicht, dass diese Website immer einwandfrei oder kontinuierlich funktioniert oder das der Inhalt immer korrekt, vollst\u00e4ndig und aktuell ist. Der Inhalt und der Betrieb dieser Website k\u00f6nnen von uns jederzeit, ohne weitere Ank\u00fcndigung, ge\u00e4ndert werden. Wir lehnen jegliche Haftung f\u00fcr das Nichtfunktionieren der Website oder die Anzeige falscher oder unvollst\u00e4ndiger Informationen ab.<\/p>\n\n\n\n<h4 class=\"wp-block-heading\">Informationen sind nicht immer f\u00fcr Ihre Situation<\/h4>\n\n\n\n<p style=\"font-size:15px\">Die auf oder \u00fcber diese Website angebotenen Informationen dienen ausschlie\u00dflich allgemeinen Informationszwecken. Die angezeigten Informationen sind nicht auf Ihre Situation zugeschnitten.  Entscheidungen, die Sie auf der Grundlage der auf der Website angezeigten Informationen treffen, erfolgen auf eigenes Risiko.<\/p>\n\n\n\n<h4 class=\"wp-block-heading\">Informationen von Dritten<\/h4>\n\n\n\n<p style=\"font-size:15px\">Diese Website kann, unabh\u00e4ngig davon ob sie \u00fcber Hyperlinks verwendet wird oder nicht, auf Websites Dritter verweisen. Die auf diesen Websites angezeigten Informationen werden von uns nicht weiter auf Angemessenheit, Richtigkeit, Vollst\u00e4ndigkeit oder Aktualit\u00e4t gepr\u00fcft. Wir \u00fcbernehmen keine Haftung oder Verantwortung f\u00fcr den Inhalt, die Verwendung oder die Verf\u00fcgbarkeit der Websites, auf die verwiesen wird oder die auf unsere Website verweisen.<\/p>\n\n\n\n<h4 class=\"wp-block-heading\">Rechte an geistigem Eigentum<\/h4>\n\n\n\n<p style=\"font-size:15px\">Wir, der Rechteinhaber, behalten uns alle Rechte (einschlie\u00dflich Urheberrechte, Markenrechte, Patente) in Bezug auf die auf unserer Website angezeigten Informationen (einschlie\u00dflich Texte, Grafikmaterial und Logos) vor. Sie erwerben keine Lizenz f\u00fcr diese Informationen, es sei denn, dies ist f\u00fcr die Online-Anzeige unserer Website unbedingt erforderlich.<br>Sie d\u00fcrfen die auf dieser Website angezeigten Informationen herunterladen und f\u00fcr private Zwecke verwenden. Es ist nicht gestattet, den Inhalt dieser Website ohne unsere ausdr\u00fcckliche schriftliche Genehmigung zu bearbeiten, zu verbreiten oder zu ver\u00f6ffentlichen. Wir \u00fcbernehmen keine Verantwortung f\u00fcr Dinge, die ohne unsere ausdr\u00fcckliche Genehmigung geschehen.<\/p>\n\n\n\n<h4 class=\"wp-block-heading\">Anwendbares Recht<\/h4>\n\n\n\n<p style=\"font-size:15px\">F\u00fcr diese Website und diesen Haftungsausschluss gilt niederl\u00e4ndisches Recht.<\/p>\n\n\n<p><\/p>","protected":false},"excerpt":{"rendered":"<p>Nutzungsbedingungen Wir freuen uns, dass Sie unsere Website besuchen. Wir m\u00f6chten Sie als Gast empfangen und hoffen, dass Sie den Inhalt sch\u00e4tzen. Durch den Besuch oder die Nutzung dieser Website erkl\u00e4ren Sie sich mit den unten in diesem Haftungsausschluss aufgef\u00fchrten Regeln einverstanden und sind an diese gebunden. Wenn Sie mit diesen Regeln nicht einverstanden sind, [&hellip;]<\/p>\n","protected":false},"author":6,"featured_media":3613,"parent":0,"menu_order":41,"comment_status":"closed","ping_status":"closed","template":"","meta":{"footnotes":""},"class_list":["post-4405","page","type-page","status-publish","has-post-thumbnail","hentry"],"yoast_head":"<!-- This site is optimized with the Yoast SEO plugin v25.6 - https:\/\/yoast.com\/wordpress\/plugins\/seo\/ -->\n<title>Nutzungsbedingungen - Mobeye<\/title>\n<meta name=\"robots\" content=\"index, follow, max-snippet:-1, max-image-preview:large, max-video-preview:-1\" \/>\n<link rel=\"canonical\" href=\"https:\/\/www.mobeye.com\/de\/nutzungsbedingungen\" \/>\n<meta property=\"og:locale\" content=\"de_DE\" \/>\n<meta property=\"og:type\" content=\"article\" \/>\n<meta property=\"og:title\" content=\"Nutzungsbedingungen - Mobeye\" \/>\n<meta property=\"og:description\" content=\"Nutzungsbedingungen Wir freuen uns, dass Sie unsere Website besuchen. Wir m\u00f6chten Sie als Gast empfangen und hoffen, dass Sie den Inhalt sch\u00e4tzen. Durch den Besuch oder die Nutzung dieser Website erkl\u00e4ren Sie sich mit den unten in diesem Haftungsausschluss aufgef\u00fchrten Regeln einverstanden und sind an diese gebunden. Wenn Sie mit diesen Regeln nicht einverstanden sind, [&hellip;]\" \/>\n<meta property=\"og:url\" content=\"https:\/\/www.mobeye.com\/de\/nutzungsbedingungen\" \/>\n<meta property=\"og:site_name\" content=\"Mobeye\" \/>\n<meta property=\"article:modified_time\" content=\"2020-05-08T07:59:20+00:00\" \/>\n<meta property=\"og:image\" content=\"https:\/\/www.mobeye.com\/files\/IHP-Documentation.jpg\" \/>\n\t<meta property=\"og:image:width\" content=\"1440\" \/>\n\t<meta property=\"og:image:height\" content=\"150\" \/>\n\t<meta property=\"og:image:type\" content=\"image\/jpeg\" \/>\n<meta name=\"twitter:card\" content=\"summary_large_image\" \/>\n<meta name=\"twitter:site\" content=\"@mobeye\" \/>\n<meta name=\"twitter:label1\" content=\"Gesch\u00e4tzte Lesezeit\" \/>\n\t<meta name=\"twitter:data1\" content=\"2\u00a0Minuten\" \/>\n<script type=\"application\/ld+json\" class=\"yoast-schema-graph\">{\"@context\":\"https:\/\/schema.org\",\"@graph\":[{\"@type\":\"WebPage\",\"@id\":\"https:\/\/www.mobeye.com\/de\/nutzungsbedingungen\",\"url\":\"https:\/\/www.mobeye.com\/de\/nutzungsbedingungen\",\"name\":\"Nutzungsbedingungen - Mobeye\",\"isPartOf\":{\"@id\":\"https:\/\/www.mobeye.com\/de#website\"},\"primaryImageOfPage\":{\"@id\":\"https:\/\/www.mobeye.com\/de\/nutzungsbedingungen#primaryimage\"},\"image\":{\"@id\":\"https:\/\/www.mobeye.com\/de\/nutzungsbedingungen#primaryimage\"},\"thumbnailUrl\":\"https:\/\/www.mobeye.com\/files\/IHP-Documentation.jpg\",\"datePublished\":\"2020-05-07T22:04:19+00:00\",\"dateModified\":\"2020-05-08T07:59:20+00:00\",\"breadcrumb\":{\"@id\":\"https:\/\/www.mobeye.com\/de\/nutzungsbedingungen#breadcrumb\"},\"inLanguage\":\"de\",\"potentialAction\":[{\"@type\":\"ReadAction\",\"target\":[\"https:\/\/www.mobeye.com\/de\/nutzungsbedingungen\"]}]},{\"@type\":\"ImageObject\",\"inLanguage\":\"de\",\"@id\":\"https:\/\/www.mobeye.com\/de\/nutzungsbedingungen#primaryimage\",\"url\":\"https:\/\/www.mobeye.com\/files\/IHP-Documentation.jpg\",\"contentUrl\":\"https:\/\/www.mobeye.com\/files\/IHP-Documentation.jpg\",\"width\":1440,\"height\":150},{\"@type\":\"BreadcrumbList\",\"@id\":\"https:\/\/www.mobeye.com\/de\/nutzungsbedingungen#breadcrumb\",\"itemListElement\":[{\"@type\":\"ListItem\",\"position\":1,\"name\":\"Home\",\"item\":\"https:\/\/www.mobeye.com\/de\"},{\"@type\":\"ListItem\",\"position\":2,\"name\":\"Nutzungsbedingungen\"}]},{\"@type\":\"WebSite\",\"@id\":\"https:\/\/www.mobeye.com\/de#website\",\"url\":\"https:\/\/www.mobeye.com\/de\",\"name\":\"Mobeye\",\"description\":\"Mobeye alarm and monitoring products\",\"publisher\":{\"@id\":\"https:\/\/www.mobeye.com\/de#organization\"},\"potentialAction\":[{\"@type\":\"SearchAction\",\"target\":{\"@type\":\"EntryPoint\",\"urlTemplate\":\"https:\/\/www.mobeye.com\/de?s={search_term_string}\"},\"query-input\":{\"@type\":\"PropertyValueSpecification\",\"valueRequired\":true,\"valueName\":\"search_term_string\"}}],\"inLanguage\":\"de\"},{\"@type\":\"Organization\",\"@id\":\"https:\/\/www.mobeye.com\/de#organization\",\"name\":\"Mobeye\",\"url\":\"https:\/\/www.mobeye.com\/de\",\"logo\":{\"@type\":\"ImageObject\",\"inLanguage\":\"de\",\"@id\":\"https:\/\/www.mobeye.com\/de#\/schema\/logo\/image\/\",\"url\":\"https:\/\/www.mobeye.com\/files\/Mobeye-logo-600px.jpg\",\"contentUrl\":\"https:\/\/www.mobeye.com\/files\/Mobeye-logo-600px.jpg\",\"width\":675,\"height\":600,\"caption\":\"Mobeye\"},\"image\":{\"@id\":\"https:\/\/www.mobeye.com\/de#\/schema\/logo\/image\/\"},\"sameAs\":[\"https:\/\/x.com\/mobeye\",\"https:\/\/www.linkedin.com\/company\/mobeye\/\",\"https:\/\/nl.pinterest.com\/mobeye\/\",\"https:\/\/www.youtube.com\/user\/MobeyeBV\/\"]}]}<\/script>\n<!-- \/ Yoast SEO plugin. -->","yoast_head_json":{"title":"Nutzungsbedingungen - Mobeye","robots":{"index":"index","follow":"follow","max-snippet":"max-snippet:-1","max-image-preview":"max-image-preview:large","max-video-preview":"max-video-preview:-1"},"canonical":"https:\/\/www.mobeye.com\/de\/nutzungsbedingungen","og_locale":"de_DE","og_type":"article","og_title":"Nutzungsbedingungen - Mobeye","og_description":"Nutzungsbedingungen Wir freuen uns, dass Sie unsere Website besuchen. Wir m\u00f6chten Sie als Gast empfangen und hoffen, dass Sie den Inhalt sch\u00e4tzen. Durch den Besuch oder die Nutzung dieser Website erkl\u00e4ren Sie sich mit den unten in diesem Haftungsausschluss aufgef\u00fchrten Regeln einverstanden und sind an diese gebunden. Wenn Sie mit diesen Regeln nicht einverstanden sind, [&hellip;]","og_url":"https:\/\/www.mobeye.com\/de\/nutzungsbedingungen","og_site_name":"Mobeye","article_modified_time":"2020-05-08T07:59:20+00:00","og_image":[{"width":1440,"height":150,"url":"https:\/\/www.mobeye.com\/files\/IHP-Documentation.jpg","type":"image\/jpeg"}],"twitter_card":"summary_large_image","twitter_site":"@mobeye","twitter_misc":{"Gesch\u00e4tzte Lesezeit":"2\u00a0Minuten"},"schema":{"@context":"https:\/\/schema.org","@graph":[{"@type":"WebPage","@id":"https:\/\/www.mobeye.com\/de\/nutzungsbedingungen","url":"https:\/\/www.mobeye.com\/de\/nutzungsbedingungen","name":"Nutzungsbedingungen - Mobeye","isPartOf":{"@id":"https:\/\/www.mobeye.com\/de#website"},"primaryImageOfPage":{"@id":"https:\/\/www.mobeye.com\/de\/nutzungsbedingungen#primaryimage"},"image":{"@id":"https:\/\/www.mobeye.com\/de\/nutzungsbedingungen#primaryimage"},"thumbnailUrl":"https:\/\/www.mobeye.com\/files\/IHP-Documentation.jpg","datePublished":"2020-05-07T22:04:19+00:00","dateModified":"2020-05-08T07:59:20+00:00","breadcrumb":{"@id":"https:\/\/www.mobeye.com\/de\/nutzungsbedingungen#breadcrumb"},"inLanguage":"de","potentialAction":[{"@type":"ReadAction","target":["https:\/\/www.mobeye.com\/de\/nutzungsbedingungen"]}]},{"@type":"ImageObject","inLanguage":"de","@id":"https:\/\/www.mobeye.com\/de\/nutzungsbedingungen#primaryimage","url":"https:\/\/www.mobeye.com\/files\/IHP-Documentation.jpg","contentUrl":"https:\/\/www.mobeye.com\/files\/IHP-Documentation.jpg","width":1440,"height":150},{"@type":"BreadcrumbList","@id":"https:\/\/www.mobeye.com\/de\/nutzungsbedingungen#breadcrumb","itemListElement":[{"@type":"ListItem","position":1,"name":"Home","item":"https:\/\/www.mobeye.com\/de"},{"@type":"ListItem","position":2,"name":"Nutzungsbedingungen"}]},{"@type":"WebSite","@id":"https:\/\/www.mobeye.com\/de#website","url":"https:\/\/www.mobeye.com\/de","name":"Mobeye","description":"Mobeye alarm and monitoring products","publisher":{"@id":"https:\/\/www.mobeye.com\/de#organization"},"potentialAction":[{"@type":"SearchAction","target":{"@type":"EntryPoint","urlTemplate":"https:\/\/www.mobeye.com\/de?s={search_term_string}"},"query-input":{"@type":"PropertyValueSpecification","valueRequired":true,"valueName":"search_term_string"}}],"inLanguage":"de"},{"@type":"Organization","@id":"https:\/\/www.mobeye.com\/de#organization","name":"Mobeye","url":"https:\/\/www.mobeye.com\/de","logo":{"@type":"ImageObject","inLanguage":"de","@id":"https:\/\/www.mobeye.com\/de#\/schema\/logo\/image\/","url":"https:\/\/www.mobeye.com\/files\/Mobeye-logo-600px.jpg","contentUrl":"https:\/\/www.mobeye.com\/files\/Mobeye-logo-600px.jpg","width":675,"height":600,"caption":"Mobeye"},"image":{"@id":"https:\/\/www.mobeye.com\/de#\/schema\/logo\/image\/"},"sameAs":["https:\/\/x.com\/mobeye","https:\/\/www.linkedin.com\/company\/mobeye\/","https:\/\/nl.pinterest.com\/mobeye\/","https:\/\/www.youtube.com\/user\/MobeyeBV\/"]}]}},"uagb_featured_image_src":{"full":["https:\/\/www.mobeye.com\/files\/IHP-Documentation.jpg",1440,150,false],"thumbnail":["https:\/\/www.mobeye.com\/files\/IHP-Documentation-150x150.jpg",150,150,true],"medium":["https:\/\/www.mobeye.com\/files\/IHP-Documentation-300x31.jpg",300,31,true],"medium_large":["https:\/\/www.mobeye.com\/files\/IHP-Documentation-768x80.jpg",768,80,true],"large":["https:\/\/www.mobeye.com\/files\/IHP-Documentation-1024x107.jpg",1024,107,true],"1536x1536":["https:\/\/www.mobeye.com\/files\/IHP-Documentation.jpg",1440,150,false],"2048x2048":["https:\/\/www.mobeye.com\/files\/IHP-Documentation.jpg",1440,150,false]},"uagb_author_info":{"display_name":"Martine","author_link":"https:\/\/www.mobeye.com\/de\/author\/martine"},"uagb_comment_info":0,"uagb_excerpt":"Nutzungsbedingungen Wir freuen uns, dass Sie unsere Website besuchen. Wir m\u00f6chten Sie als Gast empfangen und hoffen, dass Sie den Inhalt sch\u00e4tzen. Durch den Besuch oder die Nutzung dieser Website erkl\u00e4ren Sie sich mit den unten in diesem Haftungsausschluss aufgef\u00fchrten Regeln einverstanden und sind an diese gebunden. Wenn Sie mit diesen Regeln nicht einverstanden sind,&hellip;","_links":{"self":[{"href":"https:\/\/www.mobeye.com\/de\/wp-json\/wp\/v2\/pages\/4405"}],"collection":[{"href":"https:\/\/www.mobeye.com\/de\/wp-json\/wp\/v2\/pages"}],"about":[{"href":"https:\/\/www.mobeye.com\/de\/wp-json\/wp\/v2\/types\/page"}],"author":[{"embeddable":true,"href":"https:\/\/www.mobeye.com\/de\/wp-json\/wp\/v2\/users\/6"}],"replies":[{"embeddable":true,"href":"https:\/\/www.mobeye.com\/de\/wp-json\/wp\/v2\/comments?post=4405"}],"version-history":[{"count":5,"href":"https:\/\/www.mobeye.com\/de\/wp-json\/wp\/v2\/pages\/4405\/revisions"}],"predecessor-version":[{"id":4420,"href":"https:\/\/www.mobeye.com\/de\/wp-json\/wp\/v2\/pages\/4405\/revisions\/4420"}],"wp:featuredmedia":[{"embeddable":true,"href":"https:\/\/www.mobeye.com\/de\/wp-json\/wp\/v2\/media\/3613"}],"wp:attachment":[{"href":"https:\/\/www.mobeye.com\/de\/wp-json\/wp\/v2\/media?parent=4405"}],"curies":[{"name":"wp","href":"https:\/\/api.w.org\/{rel}","templated":true}]}}