{"id":4767,"date":"2020-05-09T19:20:27","date_gmt":"2020-05-09T19:20:27","guid":{"rendered":"https:\/\/www.mobeye.com\/?page_id=4767"},"modified":"2020-05-12T22:21:47","modified_gmt":"2020-05-12T22:21:47","slug":"innovation","status":"publish","type":"page","link":"https:\/\/www.mobeye.com\/de\/innovation","title":{"rendered":"Innovation"},"content":{"rendered":"\n<h2 class=\"wp-block-heading\">Innovation und Produktentwicklung<\/h2>\n\n\n\n<p style=\"font-size:15px\">Mobeye wurde im Jahr 2008 gegr\u00fcndet, um Menschen und Organisationen zu helfen das Leben mit bedeutenden Innovationen sicherer, einfacher und wertvoller zu machen.<\/p>\n\n\n\n<p style=\"font-size:15px\">Als niederl\u00e4ndischer Hersteller mit eigener Forschung und Entwicklung konzentrieren wir uns auf Telemetriesysteme mit geringem Stromverbrauch. Daraus ergeben sich konkrete Produkte mit Funktionen im Bereich Messen, Melden, Protokollieren und Steuern. Die meisten Mobeye Produkte sind batteriebetrieben. Jedes Produkt verf\u00fcgt \u00fcber ein integriertes Kommunikationsmodul. Dies erm\u00f6glicht die \u00dcberwachung an Orten ohne lokale Infrastruktur. Solange wie ein GSM Netz verf\u00fcgbar ist, haben Sie ein zuverl\u00e4ssiges Produkt. <\/p>\n\n\n\n<p style=\"font-size:15px\">Mobeye Produkte sind vielseitig und haben eine Vielzahl von Einstellungen. Dennoch ist jedes Produkt kompakt und auf eine bestimmte Funktion ausgerichtet. Auf diese Weise bleiben die Produkte f\u00fcr den Benutzer klar und erschwinglich.<\/p>\n\n\n\n<h2 class=\"wp-block-heading\">Wir sch\u00e4tzen Ihre Eingabe<\/h2>\n\n\n\n<p style=\"font-size:15px\">Da wir in engem Kontakt mit Benutzergruppen stehen, erhalten wir viele R\u00fcckmeldungen vom Markt. Wir erfahren st\u00e4ndig, wie Mobeye Produkte verwendet werden und welche Geschichte dahinter steckt. Mit diesem Input k\u00f6nnen wir die Produkte mit neuen und verbesserten Funktionen weiterentwickeln.<\/p>\n\n\n\n<h2 class=\"wp-block-heading\">Modulare Entwicklung<\/h2>\n\n\n\n<div class=\"wp-block-columns is-layout-flex wp-container-core-columns-is-layout-1 wp-block-columns-is-layout-flex\">\n<div class=\"wp-block-column is-layout-flow wp-block-column-is-layout-flow\" style=\"flex-basis:50%\">\n<p style=\"font-size:15px\">Die Produkte basieren auf modularen Hardware- und Softwareplattformen. Dies f\u00fchrte zu jahrelangem Wissen und verf\u00fcgbarer Technologie. Die Qualit\u00e4t und Funktionalit\u00e4t basiert auf Erfahrung und Weiterentwicklung. Bevor ein Produkt auf den Markt gebracht wird, werden umfangreiche Softwareevaluierungen und Testverfahren durchgef\u00fchrt. Alle Produkte im Katalog werden st\u00e4ndig verbessert, aktualisiert und sind daher immer auf dem neuesten Stand. Auf diese Weise erhalten wir die Innovationskraft und die Zuverl\u00e4ssigkeit. <\/p>\n<\/div>\n\n\n\n<div class=\"wp-block-column is-layout-flow wp-block-column-is-layout-flow\" style=\"flex-basis:50%\">\n<div class=\"wp-block-image is-style-default\"><figure class=\"alignleft size-large is-resized\"><img loading=\"lazy\" decoding=\"async\" src=\"https:\/\/www.mobeye.com\/files\/CM21.jpg\" alt=\"\" class=\"wp-image-4483\" width=\"256\" height=\"222\"\/><\/figure><\/div>\n<\/div>\n<\/div>\n\n\n\n<h2 class=\"wp-block-heading\">Kundenspezifisch<\/h2>\n\n\n\n<p style=\"font-size:15px\">Auf der Website finden Sie eine Vielzahl von Mobeye Produkten. Sie bieten eine L\u00f6sung f\u00fcr die meisten \u00dcberwachungs- und Telemetriesituationen, m\u00f6glicherweise mithilfe unserer pers\u00f6nlichen Beratung. Mobeye entwickelt auch kundenspezifische Produkte, die auf den vorhandenen Hardware-, Software- und IoT-Plattformen basieren. Auf diese Weise k\u00f6nnen wir Qualit\u00e4t und Effizienz garantieren.<\/p>\n\n\n\n<p style=\"font-size:15px\"> Bei Fragen zur Mobeye Technologie und den M\u00f6glichkeiten <a href=\"https:\/\/www.mobeye.com\/de\/kontaktformular\">wenden Sie sich<\/a> bitte an uns.<\/p>\n\n\n<p><!--EndFragment--><\/p>\n\n\n<p style=\"font-size:15px\"><\/p>\n","protected":false},"excerpt":{"rendered":"<p>Innovation und Produktentwicklung Mobeye wurde im Jahr 2008 gegr\u00fcndet, um Menschen und Organisationen zu helfen das Leben mit bedeutenden Innovationen sicherer, einfacher und wertvoller zu machen. Als niederl\u00e4ndischer Hersteller mit eigener Forschung und Entwicklung konzentrieren wir uns auf Telemetriesysteme mit geringem Stromverbrauch. Daraus ergeben sich konkrete Produkte mit Funktionen im Bereich Messen, Melden, Protokollieren und [&hellip;]<\/p>\n","protected":false},"author":6,"featured_media":0,"parent":0,"menu_order":36,"comment_status":"closed","ping_status":"closed","template":"","meta":{"footnotes":""},"class_list":["post-4767","page","type-page","status-publish","hentry"],"yoast_head":"<!-- This site is optimized with the Yoast SEO plugin v25.6 - https:\/\/yoast.com\/wordpress\/plugins\/seo\/ -->\n<title>Innovation - Mobeye<\/title>\n<meta name=\"robots\" content=\"index, follow, max-snippet:-1, max-image-preview:large, max-video-preview:-1\" \/>\n<link rel=\"canonical\" href=\"https:\/\/www.mobeye.com\/de\/innovation\" \/>\n<meta property=\"og:locale\" content=\"de_DE\" \/>\n<meta property=\"og:type\" content=\"article\" \/>\n<meta property=\"og:title\" content=\"Innovation - Mobeye\" \/>\n<meta property=\"og:description\" content=\"Innovation und Produktentwicklung Mobeye wurde im Jahr 2008 gegr\u00fcndet, um Menschen und Organisationen zu helfen das Leben mit bedeutenden Innovationen sicherer, einfacher und wertvoller zu machen. Als niederl\u00e4ndischer Hersteller mit eigener Forschung und Entwicklung konzentrieren wir uns auf Telemetriesysteme mit geringem Stromverbrauch. Daraus ergeben sich konkrete Produkte mit Funktionen im Bereich Messen, Melden, Protokollieren und [&hellip;]\" \/>\n<meta property=\"og:url\" content=\"https:\/\/www.mobeye.com\/de\/innovation\" \/>\n<meta property=\"og:site_name\" content=\"Mobeye\" \/>\n<meta property=\"article:modified_time\" content=\"2020-05-12T22:21:47+00:00\" \/>\n<meta property=\"og:image\" content=\"https:\/\/www.mobeye.com\/files\/CM21.jpg\" \/>\n<meta name=\"twitter:card\" content=\"summary_large_image\" \/>\n<meta name=\"twitter:site\" content=\"@mobeye\" \/>\n<meta name=\"twitter:label1\" content=\"Gesch\u00e4tzte Lesezeit\" \/>\n\t<meta name=\"twitter:data1\" content=\"2\u00a0Minuten\" \/>\n<script type=\"application\/ld+json\" class=\"yoast-schema-graph\">{\"@context\":\"https:\/\/schema.org\",\"@graph\":[{\"@type\":\"WebPage\",\"@id\":\"https:\/\/www.mobeye.com\/de\/innovation\",\"url\":\"https:\/\/www.mobeye.com\/de\/innovation\",\"name\":\"Innovation - Mobeye\",\"isPartOf\":{\"@id\":\"https:\/\/www.mobeye.com\/de#website\"},\"primaryImageOfPage\":{\"@id\":\"https:\/\/www.mobeye.com\/de\/innovation#primaryimage\"},\"image\":{\"@id\":\"https:\/\/www.mobeye.com\/de\/innovation#primaryimage\"},\"thumbnailUrl\":\"https:\/\/www.mobeye.com\/files\/CM21.jpg\",\"datePublished\":\"2020-05-09T19:20:27+00:00\",\"dateModified\":\"2020-05-12T22:21:47+00:00\",\"breadcrumb\":{\"@id\":\"https:\/\/www.mobeye.com\/de\/innovation#breadcrumb\"},\"inLanguage\":\"de\",\"potentialAction\":[{\"@type\":\"ReadAction\",\"target\":[\"https:\/\/www.mobeye.com\/de\/innovation\"]}]},{\"@type\":\"ImageObject\",\"inLanguage\":\"de\",\"@id\":\"https:\/\/www.mobeye.com\/de\/innovation#primaryimage\",\"url\":\"https:\/\/www.mobeye.com\/files\/CM21.jpg\",\"contentUrl\":\"https:\/\/www.mobeye.com\/files\/CM21.jpg\"},{\"@type\":\"BreadcrumbList\",\"@id\":\"https:\/\/www.mobeye.com\/de\/innovation#breadcrumb\",\"itemListElement\":[{\"@type\":\"ListItem\",\"position\":1,\"name\":\"Home\",\"item\":\"https:\/\/www.mobeye.com\/de\"},{\"@type\":\"ListItem\",\"position\":2,\"name\":\"Innovation\"}]},{\"@type\":\"WebSite\",\"@id\":\"https:\/\/www.mobeye.com\/de#website\",\"url\":\"https:\/\/www.mobeye.com\/de\",\"name\":\"Mobeye\",\"description\":\"Mobeye alarm and monitoring products\",\"publisher\":{\"@id\":\"https:\/\/www.mobeye.com\/de#organization\"},\"potentialAction\":[{\"@type\":\"SearchAction\",\"target\":{\"@type\":\"EntryPoint\",\"urlTemplate\":\"https:\/\/www.mobeye.com\/de?s={search_term_string}\"},\"query-input\":{\"@type\":\"PropertyValueSpecification\",\"valueRequired\":true,\"valueName\":\"search_term_string\"}}],\"inLanguage\":\"de\"},{\"@type\":\"Organization\",\"@id\":\"https:\/\/www.mobeye.com\/de#organization\",\"name\":\"Mobeye\",\"url\":\"https:\/\/www.mobeye.com\/de\",\"logo\":{\"@type\":\"ImageObject\",\"inLanguage\":\"de\",\"@id\":\"https:\/\/www.mobeye.com\/de#\/schema\/logo\/image\/\",\"url\":\"https:\/\/www.mobeye.com\/files\/Mobeye-logo-600px.jpg\",\"contentUrl\":\"https:\/\/www.mobeye.com\/files\/Mobeye-logo-600px.jpg\",\"width\":675,\"height\":600,\"caption\":\"Mobeye\"},\"image\":{\"@id\":\"https:\/\/www.mobeye.com\/de#\/schema\/logo\/image\/\"},\"sameAs\":[\"https:\/\/x.com\/mobeye\",\"https:\/\/www.linkedin.com\/company\/mobeye\/\",\"https:\/\/nl.pinterest.com\/mobeye\/\",\"https:\/\/www.youtube.com\/user\/MobeyeBV\/\"]}]}<\/script>\n<!-- \/ Yoast SEO plugin. -->","yoast_head_json":{"title":"Innovation - Mobeye","robots":{"index":"index","follow":"follow","max-snippet":"max-snippet:-1","max-image-preview":"max-image-preview:large","max-video-preview":"max-video-preview:-1"},"canonical":"https:\/\/www.mobeye.com\/de\/innovation","og_locale":"de_DE","og_type":"article","og_title":"Innovation - Mobeye","og_description":"Innovation und Produktentwicklung Mobeye wurde im Jahr 2008 gegr\u00fcndet, um Menschen und Organisationen zu helfen das Leben mit bedeutenden Innovationen sicherer, einfacher und wertvoller zu machen. Als niederl\u00e4ndischer Hersteller mit eigener Forschung und Entwicklung konzentrieren wir uns auf Telemetriesysteme mit geringem Stromverbrauch. Daraus ergeben sich konkrete Produkte mit Funktionen im Bereich Messen, Melden, Protokollieren und [&hellip;]","og_url":"https:\/\/www.mobeye.com\/de\/innovation","og_site_name":"Mobeye","article_modified_time":"2020-05-12T22:21:47+00:00","og_image":[{"url":"https:\/\/www.mobeye.com\/files\/CM21.jpg","type":"","width":"","height":""}],"twitter_card":"summary_large_image","twitter_site":"@mobeye","twitter_misc":{"Gesch\u00e4tzte Lesezeit":"2\u00a0Minuten"},"schema":{"@context":"https:\/\/schema.org","@graph":[{"@type":"WebPage","@id":"https:\/\/www.mobeye.com\/de\/innovation","url":"https:\/\/www.mobeye.com\/de\/innovation","name":"Innovation - Mobeye","isPartOf":{"@id":"https:\/\/www.mobeye.com\/de#website"},"primaryImageOfPage":{"@id":"https:\/\/www.mobeye.com\/de\/innovation#primaryimage"},"image":{"@id":"https:\/\/www.mobeye.com\/de\/innovation#primaryimage"},"thumbnailUrl":"https:\/\/www.mobeye.com\/files\/CM21.jpg","datePublished":"2020-05-09T19:20:27+00:00","dateModified":"2020-05-12T22:21:47+00:00","breadcrumb":{"@id":"https:\/\/www.mobeye.com\/de\/innovation#breadcrumb"},"inLanguage":"de","potentialAction":[{"@type":"ReadAction","target":["https:\/\/www.mobeye.com\/de\/innovation"]}]},{"@type":"ImageObject","inLanguage":"de","@id":"https:\/\/www.mobeye.com\/de\/innovation#primaryimage","url":"https:\/\/www.mobeye.com\/files\/CM21.jpg","contentUrl":"https:\/\/www.mobeye.com\/files\/CM21.jpg"},{"@type":"BreadcrumbList","@id":"https:\/\/www.mobeye.com\/de\/innovation#breadcrumb","itemListElement":[{"@type":"ListItem","position":1,"name":"Home","item":"https:\/\/www.mobeye.com\/de"},{"@type":"ListItem","position":2,"name":"Innovation"}]},{"@type":"WebSite","@id":"https:\/\/www.mobeye.com\/de#website","url":"https:\/\/www.mobeye.com\/de","name":"Mobeye","description":"Mobeye alarm and monitoring products","publisher":{"@id":"https:\/\/www.mobeye.com\/de#organization"},"potentialAction":[{"@type":"SearchAction","target":{"@type":"EntryPoint","urlTemplate":"https:\/\/www.mobeye.com\/de?s={search_term_string}"},"query-input":{"@type":"PropertyValueSpecification","valueRequired":true,"valueName":"search_term_string"}}],"inLanguage":"de"},{"@type":"Organization","@id":"https:\/\/www.mobeye.com\/de#organization","name":"Mobeye","url":"https:\/\/www.mobeye.com\/de","logo":{"@type":"ImageObject","inLanguage":"de","@id":"https:\/\/www.mobeye.com\/de#\/schema\/logo\/image\/","url":"https:\/\/www.mobeye.com\/files\/Mobeye-logo-600px.jpg","contentUrl":"https:\/\/www.mobeye.com\/files\/Mobeye-logo-600px.jpg","width":675,"height":600,"caption":"Mobeye"},"image":{"@id":"https:\/\/www.mobeye.com\/de#\/schema\/logo\/image\/"},"sameAs":["https:\/\/x.com\/mobeye","https:\/\/www.linkedin.com\/company\/mobeye\/","https:\/\/nl.pinterest.com\/mobeye\/","https:\/\/www.youtube.com\/user\/MobeyeBV\/"]}]}},"uagb_featured_image_src":{"full":false,"thumbnail":false,"medium":false,"medium_large":false,"large":false,"1536x1536":false,"2048x2048":false},"uagb_author_info":{"display_name":"Martine","author_link":"https:\/\/www.mobeye.com\/de\/author\/martine"},"uagb_comment_info":0,"uagb_excerpt":"Innovation und Produktentwicklung Mobeye wurde im Jahr 2008 gegr\u00fcndet, um Menschen und Organisationen zu helfen das Leben mit bedeutenden Innovationen sicherer, einfacher und wertvoller zu machen. Als niederl\u00e4ndischer Hersteller mit eigener Forschung und Entwicklung konzentrieren wir uns auf Telemetriesysteme mit geringem Stromverbrauch. Daraus ergeben sich konkrete Produkte mit Funktionen im Bereich Messen, Melden, Protokollieren und&hellip;","_links":{"self":[{"href":"https:\/\/www.mobeye.com\/de\/wp-json\/wp\/v2\/pages\/4767"}],"collection":[{"href":"https:\/\/www.mobeye.com\/de\/wp-json\/wp\/v2\/pages"}],"about":[{"href":"https:\/\/www.mobeye.com\/de\/wp-json\/wp\/v2\/types\/page"}],"author":[{"embeddable":true,"href":"https:\/\/www.mobeye.com\/de\/wp-json\/wp\/v2\/users\/6"}],"replies":[{"embeddable":true,"href":"https:\/\/www.mobeye.com\/de\/wp-json\/wp\/v2\/comments?post=4767"}],"version-history":[{"count":4,"href":"https:\/\/www.mobeye.com\/de\/wp-json\/wp\/v2\/pages\/4767\/revisions"}],"predecessor-version":[{"id":4956,"href":"https:\/\/www.mobeye.com\/de\/wp-json\/wp\/v2\/pages\/4767\/revisions\/4956"}],"wp:attachment":[{"href":"https:\/\/www.mobeye.com\/de\/wp-json\/wp\/v2\/media?parent=4767"}],"curies":[{"name":"wp","href":"https:\/\/api.w.org\/{rel}","templated":true}]}}