{"id":4773,"date":"2020-05-09T19:36:40","date_gmt":"2020-05-09T19:36:40","guid":{"rendered":"https:\/\/www.mobeye.com\/?page_id=4773"},"modified":"2024-01-04T22:43:07","modified_gmt":"2024-01-04T20:43:07","slug":"uber-mobeye","status":"publish","type":"page","link":"https:\/\/www.mobeye.com\/de\/uber-mobeye","title":{"rendered":"\u00dcber Mobeye"},"content":{"rendered":"\n<div class=\"wp-block-columns is-layout-flex wp-container-core-columns-is-layout-1 wp-block-columns-is-layout-flex\">\n<div class=\"wp-block-column is-layout-flow wp-block-column-is-layout-flow\" style=\"flex-basis:66.66%\">\n<h2 class=\"wp-block-heading\">Innovation mit einem Auge f\u00fcr die Kunden<\/h2>\n\n\n\n<div style=\"height:30px\" aria-hidden=\"true\" class=\"wp-block-spacer\"><\/div>\n\n\n\n<p style=\"font-size:14px\">Mobeye ist ein niederl\u00e4ndischer Hersteller von &#8222;GSM&#8220; Alarm- und Sicherheitsprodukten. Wir sind spezialisiert auf innovative Alarm- und Telemetrietechnologie mit Fokus auf extrem niedrigen Energieverbrauch. Seit 2008 entwickeln wir Produkte mit einem leidenschaftlichen Team. Wir hoffen, einen kleinen Beitrag zur Sicherheit f\u00fcr die Gesellschaft zu leisten. <\/p>\n\n\n\n<div style=\"height:20px\" aria-hidden=\"true\" class=\"wp-block-spacer\"><\/div>\n\n\n\n<p style=\"font-size:14px\">Unsere Produkte werden in den Niederlanden entwickelt, hergestellt und erf\u00fcllen hohe Qualit\u00e4tsstandards. Mobeye Produkte wurden mehrfach ausgezeichnet. Die Produkte werden weltweit, sowohl von professionellen Anwendern als auch von Verbrauchern, in verschiedenen Sektoren eingesetzt, darunter Polizei, Landwirtschaft, Medizin, Geb\u00e4udemanagement und Industrie. Unser eigenes Forschungs- und Entwicklungsteam entwirft und entwickelt auf Anfrage kundenspezifische Produkte.<\/p>\n\n\n\n<div style=\"height:20px\" aria-hidden=\"true\" class=\"wp-block-spacer\"><\/div>\n\n\n\n<p style=\"font-size:14px\">Mobeye Produkte helfen Menschen dabei, ihr Eigentum, ihre Habseligkeiten und Ger\u00e4te aus der Ferne zu sichern, zu \u00fcberwachen und zu kontrollieren. Es ist unsere Mission, unseren Kunden Komfort und Sicherheit zu bieten.<\/p>\n\n\n\n<div style=\"height:20px\" aria-hidden=\"true\" class=\"wp-block-spacer\"><\/div>\n\n\n\n<p style=\"font-size:14px\">M\u00f6chten Sie mehr \u00fcber unsere Visionen zur Produktentwicklung erfahren? <a href=\"https:\/\/www.mobeye.com\/de\/innovation\">Lesen Sie hier weiter<\/a>.<\/p>\n<\/div>\n\n\n\n<div class=\"wp-block-column is-layout-flow wp-block-column-is-layout-flow\" style=\"flex-basis:33.33%\"><div class=\"wp-block-image\">\n<figure class=\"aligncenter size-large is-resized\"><img loading=\"lazy\" decoding=\"async\" width=\"240\" height=\"240\" src=\"https:\/\/www.mobeye.com\/files\/Mobeye-logo-600px.jpg\" alt=\"\" class=\"wp-image-4468\" style=\"width:135px;height:120px\" srcset=\"https:\/\/www.mobeye.com\/files\/Mobeye-logo-600px.jpg 240w, https:\/\/www.mobeye.com\/files\/Mobeye-logo-600px-150x150.jpg 150w\" sizes=\"(max-width: 240px) 100vw, 240px\" \/><\/figure><\/div>\n\n\n<p class=\"has-text-align-center\" style=\"font-size:15px\"><strong>Mobeye B.V.<\/strong><br>Poeldonkweg 5<br>5216 JX \u2018s-Hertogenbosch <br>Niederlande<br>T. +31 73 78 50 858<\/p>\n\n\n\n<div style=\"height:20px\" aria-hidden=\"true\" class=\"wp-block-spacer\"><\/div>\n\n\n\n<p class=\"has-text-align-center\" style=\"font-size:14px\">Handelskammer Nr.: 17218489<br>Umsatzsteuer-Id\/ Nr.:  NL8190.51.834.B01 <br>WEEE-Reg.-Nr. DE: 40171956<\/p>\n\n\n\n<div style=\"height:20px\" aria-hidden=\"true\" class=\"wp-block-spacer\"><\/div>\n\n\n\n<p class=\"has-text-align-center\" style=\"font-size:15px\"><strong>Kontakt<\/strong> <br>Rufen Sie uns w\u00e4hrend der Arbeitszeit an oder nutzen Sie das <a href=\"https:\/\/www.mobeye.com\/de\/kontaktformular\">Kontaktformular<\/a>.<\/p>\n\n\n<div class=\"wp-block-image\">\n<figure class=\"aligncenter size-large is-resized\"><img loading=\"lazy\" decoding=\"async\" width=\"248\" height=\"135\" src=\"https:\/\/www.mobeye.com\/files\/IB-PD5.png\" alt=\"\" class=\"wp-image-4465\" style=\"width:186px;height:101px\"\/><\/figure><\/div>\n\n\n<div style=\"height:20px\" aria-hidden=\"true\" class=\"wp-block-spacer\"><\/div>\n<\/div>\n<\/div>\n","protected":false},"excerpt":{"rendered":"<p>Innovation mit einem Auge f\u00fcr die Kunden Mobeye ist ein niederl\u00e4ndischer Hersteller von &#8222;GSM&#8220; Alarm- und Sicherheitsprodukten. Wir sind spezialisiert auf innovative Alarm- und Telemetrietechnologie mit Fokus auf extrem niedrigen Energieverbrauch. Seit 2008 entwickeln wir Produkte mit einem leidenschaftlichen Team. Wir hoffen, einen kleinen Beitrag zur Sicherheit f\u00fcr die Gesellschaft zu leisten. Unsere Produkte werden [&hellip;]<\/p>\n","protected":false},"author":6,"featured_media":0,"parent":0,"menu_order":39,"comment_status":"closed","ping_status":"closed","template":"","meta":{"footnotes":""},"class_list":["post-4773","page","type-page","status-publish","hentry"],"yoast_head":"<!-- This site is optimized with the Yoast SEO plugin v25.6 - https:\/\/yoast.com\/wordpress\/plugins\/seo\/ -->\n<title>\u00dcber Mobeye - Mobeye<\/title>\n<meta name=\"robots\" content=\"index, follow, max-snippet:-1, max-image-preview:large, max-video-preview:-1\" \/>\n<link rel=\"canonical\" href=\"https:\/\/www.mobeye.com\/de\/uber-mobeye\" \/>\n<meta property=\"og:locale\" content=\"de_DE\" \/>\n<meta property=\"og:type\" content=\"article\" \/>\n<meta property=\"og:title\" content=\"\u00dcber Mobeye - Mobeye\" \/>\n<meta property=\"og:description\" content=\"Innovation mit einem Auge f\u00fcr die Kunden Mobeye ist ein niederl\u00e4ndischer Hersteller von &#8222;GSM&#8220; Alarm- und Sicherheitsprodukten. Wir sind spezialisiert auf innovative Alarm- und Telemetrietechnologie mit Fokus auf extrem niedrigen Energieverbrauch. Seit 2008 entwickeln wir Produkte mit einem leidenschaftlichen Team. Wir hoffen, einen kleinen Beitrag zur Sicherheit f\u00fcr die Gesellschaft zu leisten. Unsere Produkte werden [&hellip;]\" \/>\n<meta property=\"og:url\" content=\"https:\/\/www.mobeye.com\/de\/uber-mobeye\" \/>\n<meta property=\"og:site_name\" content=\"Mobeye\" \/>\n<meta property=\"article:modified_time\" content=\"2024-01-04T20:43:07+00:00\" \/>\n<meta property=\"og:image\" content=\"https:\/\/www.mobeye.com\/files\/Mobeye-logo-600px.jpg\" \/>\n<meta name=\"twitter:card\" content=\"summary_large_image\" \/>\n<meta name=\"twitter:site\" content=\"@mobeye\" \/>\n<meta name=\"twitter:label1\" content=\"Gesch\u00e4tzte Lesezeit\" \/>\n\t<meta name=\"twitter:data1\" content=\"2\u00a0Minuten\" \/>\n<script type=\"application\/ld+json\" class=\"yoast-schema-graph\">{\"@context\":\"https:\/\/schema.org\",\"@graph\":[{\"@type\":\"WebPage\",\"@id\":\"https:\/\/www.mobeye.com\/de\/uber-mobeye\",\"url\":\"https:\/\/www.mobeye.com\/de\/uber-mobeye\",\"name\":\"\u00dcber Mobeye - Mobeye\",\"isPartOf\":{\"@id\":\"https:\/\/www.mobeye.com\/de#website\"},\"primaryImageOfPage\":{\"@id\":\"https:\/\/www.mobeye.com\/de\/uber-mobeye#primaryimage\"},\"image\":{\"@id\":\"https:\/\/www.mobeye.com\/de\/uber-mobeye#primaryimage\"},\"thumbnailUrl\":\"https:\/\/www.mobeye.com\/files\/Mobeye-logo-600px.jpg\",\"datePublished\":\"2020-05-09T19:36:40+00:00\",\"dateModified\":\"2024-01-04T20:43:07+00:00\",\"breadcrumb\":{\"@id\":\"https:\/\/www.mobeye.com\/de\/uber-mobeye#breadcrumb\"},\"inLanguage\":\"de\",\"potentialAction\":[{\"@type\":\"ReadAction\",\"target\":[\"https:\/\/www.mobeye.com\/de\/uber-mobeye\"]}]},{\"@type\":\"ImageObject\",\"inLanguage\":\"de\",\"@id\":\"https:\/\/www.mobeye.com\/de\/uber-mobeye#primaryimage\",\"url\":\"https:\/\/www.mobeye.com\/files\/Mobeye-logo-600px.jpg\",\"contentUrl\":\"https:\/\/www.mobeye.com\/files\/Mobeye-logo-600px.jpg\"},{\"@type\":\"BreadcrumbList\",\"@id\":\"https:\/\/www.mobeye.com\/de\/uber-mobeye#breadcrumb\",\"itemListElement\":[{\"@type\":\"ListItem\",\"position\":1,\"name\":\"Home\",\"item\":\"https:\/\/www.mobeye.com\/de\"},{\"@type\":\"ListItem\",\"position\":2,\"name\":\"\u00dcber Mobeye\"}]},{\"@type\":\"WebSite\",\"@id\":\"https:\/\/www.mobeye.com\/de#website\",\"url\":\"https:\/\/www.mobeye.com\/de\",\"name\":\"Mobeye\",\"description\":\"Mobeye alarm and monitoring products\",\"publisher\":{\"@id\":\"https:\/\/www.mobeye.com\/de#organization\"},\"potentialAction\":[{\"@type\":\"SearchAction\",\"target\":{\"@type\":\"EntryPoint\",\"urlTemplate\":\"https:\/\/www.mobeye.com\/de?s={search_term_string}\"},\"query-input\":{\"@type\":\"PropertyValueSpecification\",\"valueRequired\":true,\"valueName\":\"search_term_string\"}}],\"inLanguage\":\"de\"},{\"@type\":\"Organization\",\"@id\":\"https:\/\/www.mobeye.com\/de#organization\",\"name\":\"Mobeye\",\"url\":\"https:\/\/www.mobeye.com\/de\",\"logo\":{\"@type\":\"ImageObject\",\"inLanguage\":\"de\",\"@id\":\"https:\/\/www.mobeye.com\/de#\/schema\/logo\/image\/\",\"url\":\"https:\/\/www.mobeye.com\/files\/Mobeye-logo-600px.jpg\",\"contentUrl\":\"https:\/\/www.mobeye.com\/files\/Mobeye-logo-600px.jpg\",\"width\":675,\"height\":600,\"caption\":\"Mobeye\"},\"image\":{\"@id\":\"https:\/\/www.mobeye.com\/de#\/schema\/logo\/image\/\"},\"sameAs\":[\"https:\/\/x.com\/mobeye\",\"https:\/\/www.linkedin.com\/company\/mobeye\/\",\"https:\/\/nl.pinterest.com\/mobeye\/\",\"https:\/\/www.youtube.com\/user\/MobeyeBV\/\"]}]}<\/script>\n<!-- \/ Yoast SEO plugin. -->","yoast_head_json":{"title":"\u00dcber Mobeye - Mobeye","robots":{"index":"index","follow":"follow","max-snippet":"max-snippet:-1","max-image-preview":"max-image-preview:large","max-video-preview":"max-video-preview:-1"},"canonical":"https:\/\/www.mobeye.com\/de\/uber-mobeye","og_locale":"de_DE","og_type":"article","og_title":"\u00dcber Mobeye - Mobeye","og_description":"Innovation mit einem Auge f\u00fcr die Kunden Mobeye ist ein niederl\u00e4ndischer Hersteller von &#8222;GSM&#8220; Alarm- und Sicherheitsprodukten. Wir sind spezialisiert auf innovative Alarm- und Telemetrietechnologie mit Fokus auf extrem niedrigen Energieverbrauch. Seit 2008 entwickeln wir Produkte mit einem leidenschaftlichen Team. Wir hoffen, einen kleinen Beitrag zur Sicherheit f\u00fcr die Gesellschaft zu leisten. Unsere Produkte werden [&hellip;]","og_url":"https:\/\/www.mobeye.com\/de\/uber-mobeye","og_site_name":"Mobeye","article_modified_time":"2024-01-04T20:43:07+00:00","og_image":[{"url":"https:\/\/www.mobeye.com\/files\/Mobeye-logo-600px.jpg","type":"","width":"","height":""}],"twitter_card":"summary_large_image","twitter_site":"@mobeye","twitter_misc":{"Gesch\u00e4tzte Lesezeit":"2\u00a0Minuten"},"schema":{"@context":"https:\/\/schema.org","@graph":[{"@type":"WebPage","@id":"https:\/\/www.mobeye.com\/de\/uber-mobeye","url":"https:\/\/www.mobeye.com\/de\/uber-mobeye","name":"\u00dcber Mobeye - Mobeye","isPartOf":{"@id":"https:\/\/www.mobeye.com\/de#website"},"primaryImageOfPage":{"@id":"https:\/\/www.mobeye.com\/de\/uber-mobeye#primaryimage"},"image":{"@id":"https:\/\/www.mobeye.com\/de\/uber-mobeye#primaryimage"},"thumbnailUrl":"https:\/\/www.mobeye.com\/files\/Mobeye-logo-600px.jpg","datePublished":"2020-05-09T19:36:40+00:00","dateModified":"2024-01-04T20:43:07+00:00","breadcrumb":{"@id":"https:\/\/www.mobeye.com\/de\/uber-mobeye#breadcrumb"},"inLanguage":"de","potentialAction":[{"@type":"ReadAction","target":["https:\/\/www.mobeye.com\/de\/uber-mobeye"]}]},{"@type":"ImageObject","inLanguage":"de","@id":"https:\/\/www.mobeye.com\/de\/uber-mobeye#primaryimage","url":"https:\/\/www.mobeye.com\/files\/Mobeye-logo-600px.jpg","contentUrl":"https:\/\/www.mobeye.com\/files\/Mobeye-logo-600px.jpg"},{"@type":"BreadcrumbList","@id":"https:\/\/www.mobeye.com\/de\/uber-mobeye#breadcrumb","itemListElement":[{"@type":"ListItem","position":1,"name":"Home","item":"https:\/\/www.mobeye.com\/de"},{"@type":"ListItem","position":2,"name":"\u00dcber Mobeye"}]},{"@type":"WebSite","@id":"https:\/\/www.mobeye.com\/de#website","url":"https:\/\/www.mobeye.com\/de","name":"Mobeye","description":"Mobeye alarm and monitoring products","publisher":{"@id":"https:\/\/www.mobeye.com\/de#organization"},"potentialAction":[{"@type":"SearchAction","target":{"@type":"EntryPoint","urlTemplate":"https:\/\/www.mobeye.com\/de?s={search_term_string}"},"query-input":{"@type":"PropertyValueSpecification","valueRequired":true,"valueName":"search_term_string"}}],"inLanguage":"de"},{"@type":"Organization","@id":"https:\/\/www.mobeye.com\/de#organization","name":"Mobeye","url":"https:\/\/www.mobeye.com\/de","logo":{"@type":"ImageObject","inLanguage":"de","@id":"https:\/\/www.mobeye.com\/de#\/schema\/logo\/image\/","url":"https:\/\/www.mobeye.com\/files\/Mobeye-logo-600px.jpg","contentUrl":"https:\/\/www.mobeye.com\/files\/Mobeye-logo-600px.jpg","width":675,"height":600,"caption":"Mobeye"},"image":{"@id":"https:\/\/www.mobeye.com\/de#\/schema\/logo\/image\/"},"sameAs":["https:\/\/x.com\/mobeye","https:\/\/www.linkedin.com\/company\/mobeye\/","https:\/\/nl.pinterest.com\/mobeye\/","https:\/\/www.youtube.com\/user\/MobeyeBV\/"]}]}},"uagb_featured_image_src":{"full":false,"thumbnail":false,"medium":false,"medium_large":false,"large":false,"1536x1536":false,"2048x2048":false},"uagb_author_info":{"display_name":"Martine","author_link":"https:\/\/www.mobeye.com\/de\/author\/martine"},"uagb_comment_info":0,"uagb_excerpt":"Innovation mit einem Auge f\u00fcr die Kunden Mobeye ist ein niederl\u00e4ndischer Hersteller von &#8222;GSM&#8220; Alarm- und Sicherheitsprodukten. Wir sind spezialisiert auf innovative Alarm- und Telemetrietechnologie mit Fokus auf extrem niedrigen Energieverbrauch. Seit 2008 entwickeln wir Produkte mit einem leidenschaftlichen Team. Wir hoffen, einen kleinen Beitrag zur Sicherheit f\u00fcr die Gesellschaft zu leisten. Unsere Produkte werden&hellip;","_links":{"self":[{"href":"https:\/\/www.mobeye.com\/de\/wp-json\/wp\/v2\/pages\/4773"}],"collection":[{"href":"https:\/\/www.mobeye.com\/de\/wp-json\/wp\/v2\/pages"}],"about":[{"href":"https:\/\/www.mobeye.com\/de\/wp-json\/wp\/v2\/types\/page"}],"author":[{"embeddable":true,"href":"https:\/\/www.mobeye.com\/de\/wp-json\/wp\/v2\/users\/6"}],"replies":[{"embeddable":true,"href":"https:\/\/www.mobeye.com\/de\/wp-json\/wp\/v2\/comments?post=4773"}],"version-history":[{"count":7,"href":"https:\/\/www.mobeye.com\/de\/wp-json\/wp\/v2\/pages\/4773\/revisions"}],"predecessor-version":[{"id":11748,"href":"https:\/\/www.mobeye.com\/de\/wp-json\/wp\/v2\/pages\/4773\/revisions\/11748"}],"wp:attachment":[{"href":"https:\/\/www.mobeye.com\/de\/wp-json\/wp\/v2\/media?parent=4773"}],"curies":[{"name":"wp","href":"https:\/\/api.w.org\/{rel}","templated":true}]}}