{"id":5201,"date":"2020-05-17T20:33:47","date_gmt":"2020-05-17T20:33:47","guid":{"rendered":"https:\/\/www.mobeye.com\/?page_id=5201"},"modified":"2021-07-20T23:27:56","modified_gmt":"2021-07-20T21:27:56","slug":"verkauf","status":"publish","type":"page","link":"https:\/\/www.mobeye.com\/de\/verkauf","title":{"rendered":"Verkauf"},"content":{"rendered":"\n<h4 class=\"wp-block-heading\">Mobeye f\u00fcr Sie<\/h4>\n\n\n\n<p style=\"font-size:15px\">Interessieren Sie sich f\u00fcr eines der Mobeye  Produkte? Unsere Produkte werden von einer gro\u00dfen Gruppe von Anwendern  in vielen Bereichen verwendet. Es sind keine technischen Vorkenntnisse  erforderlich, h\u00f6chstens ein wenig Geduld, um das Produkt  kennenzulernen. Zu unseren Nutzern z\u00e4hlen sowohl kritische Verbraucher  als auch Fachleute. Mobeye Benutzer wissen, dass gute Informationen  unerl\u00e4sslich sind. Alle wollen Menschen, Natur, G\u00fcter und Eigentum  sch\u00fctzen.<\/p>\n\n\n\n<h4 class=\"wp-block-heading\">Suchen Sie eine Verkaufsstelle?<\/h4>\n\n\n\n<p style=\"font-size:15px\">Mobeye Produkte sind \u00fcber ein internationales \nNetzwerk von H\u00e4ndlern, Installateuren und (Internet-) Gesch\u00e4ften \nerh\u00e4ltlich. Wenn Sie von einer Verkaufsstelle in Ihrer N\u00e4he h\u00f6ren \nm\u00f6chten, f\u00fcllen Sie bitte das Kontaktformular aus. Bitte geben Sie die \nRegion an, in der Sie sich befinden.<\/p>\n\n\n\n<h4 class=\"wp-block-heading\">Wiederverk\u00e4ufer werden?<\/h4>\n\n\n\n<p style=\"font-size:15px\">Mobeye arbeitet mit einem loyalen und \nkompetenten Netzwerk von Wiederverk\u00e4ufern zusammen. Aufgrund des hohen \nKenntnisstands der Produkte und Anwendungen sind sie eine Erweiterung \nunseres eigenen Verkaufsteams. Gemeinsam k\u00f6nnen wir Installateure und \nEndbenutzer bei der optimalen Nutzung beraten. Wenn Sie unserem Netzwerk\n beitreten m\u00f6chten, kontaktieren Sie uns bitte telefonisch oder \u00fcber das\n Formular.<\/p>\n\n\n\n<div style=\"height:20px\" aria-hidden=\"true\" class=\"wp-block-spacer\"><\/div>\n\n\n\n<div style=\"height:20px\" aria-hidden=\"true\" class=\"wp-block-spacer\"><\/div>\n\n\n\n<div class=\"wp-block-columns is-layout-flex wp-container-core-columns-is-layout-1 wp-block-columns-is-layout-flex\">\n<div class=\"wp-block-column is-layout-flow wp-block-column-is-layout-flow\" style=\"flex-basis:33%\">\n<h3 class=\"wp-block-heading\"><strong>Contact<\/strong><\/h3>\n\n\n\n<p>Mobeye B.V.<br>Poeldonkweg 5<br>5216 JX \u2018s-Hertogenbosch<br>Niederlande<br>T. +31 73 78 50 858<\/p>\n<\/div>\n\n\n\n<div class=\"wp-block-column is-layout-flow wp-block-column-is-layout-flow\" style=\"flex-basis:67%\">\n<div class=\"wpcf7 no-js\" id=\"wpcf7-f5169-o1\" lang=\"de-DE\" dir=\"ltr\" data-wpcf7-id=\"5169\">\n<div class=\"screen-reader-response\"><p role=\"status\" aria-live=\"polite\" aria-atomic=\"true\"><\/p> <ul><\/ul><\/div>\n<form action=\"\/de\/wp-json\/wp\/v2\/pages\/5201#wpcf7-f5169-o1\" method=\"post\" class=\"wpcf7-form init\" aria-label=\"Kontaktformular\" novalidate=\"novalidate\" data-status=\"init\">\n<div style=\"display: none;\">\n<input type=\"hidden\" name=\"_wpcf7\" value=\"5169\" \/>\n<input type=\"hidden\" name=\"_wpcf7_version\" value=\"6.0.6\" \/>\n<input type=\"hidden\" name=\"_wpcf7_locale\" value=\"de_DE\" \/>\n<input type=\"hidden\" name=\"_wpcf7_unit_tag\" value=\"wpcf7-f5169-o1\" \/>\n<input type=\"hidden\" name=\"_wpcf7_container_post\" value=\"0\" \/>\n<input type=\"hidden\" name=\"_wpcf7_posted_data_hash\" value=\"\" \/>\n<\/div>\n<div class=\"contact-form__inner\">\n\t<div class=\"row\">\n\t\t<div class=\"col\">\n\t\t\t<p><span class=\"wpcf7-form-control-wrap\" data-name=\"your-name\"><input size=\"40\" maxlength=\"400\" class=\"wpcf7-form-control wpcf7-text wpcf7-validates-as-required form-control\" aria-required=\"true\" aria-invalid=\"false\" placeholder=\"Name*\" value=\"\" type=\"text\" name=\"your-name\" \/><\/span>\n\t\t\t<\/p>\n\t\t<\/div>\n\t\t<div class=\"col\">\n\t\t\t<p><span class=\"wpcf7-form-control-wrap\" data-name=\"your-company\"><input size=\"40\" maxlength=\"400\" class=\"wpcf7-form-control wpcf7-text form-control\" aria-invalid=\"false\" placeholder=\"Firmenname\" value=\"\" type=\"text\" name=\"your-company\" \/><\/span>\n\t\t\t<\/p>\n\t\t<\/div>\n\t<\/div>\n\t<div class=\"row mt-3\">\n\t\t<div class=\"col\">\n\t\t\t<p><span class=\"wpcf7-form-control-wrap\" data-name=\"your-phone\"><input size=\"40\" maxlength=\"400\" class=\"wpcf7-form-control wpcf7-tel wpcf7-validates-as-required wpcf7-text wpcf7-validates-as-tel form-control\" aria-required=\"true\" aria-invalid=\"false\" placeholder=\"Telefonnummer*\" value=\"\" type=\"tel\" name=\"your-phone\" \/><\/span>\n\t\t\t<\/p>\n\t\t<\/div>\n\t\t<div class=\"col\">\n\t\t\t<p><span class=\"wpcf7-form-control-wrap\" data-name=\"your-land\"><input size=\"40\" maxlength=\"400\" class=\"wpcf7-form-control wpcf7-text wpcf7-validates-as-required form-control\" aria-required=\"true\" aria-invalid=\"false\" placeholder=\"Land*\" value=\"\" type=\"text\" name=\"your-land\" \/><\/span>\n\t\t\t<\/p>\n\t\t<\/div>\n\t<\/div>\n\t<div class=\"row mt-3\">\n\t\t<div class=\"col\">\n\t\t\t<p><span class=\"wpcf7-form-control-wrap\" data-name=\"your-email\"><input size=\"40\" maxlength=\"400\" class=\"wpcf7-form-control wpcf7-email wpcf7-validates-as-required wpcf7-text wpcf7-validates-as-email form-control\" aria-required=\"true\" aria-invalid=\"false\" placeholder=\"E-Mail Adresse*\" value=\"\" type=\"email\" name=\"your-email\" \/><\/span>\n\t\t\t<\/p>\n\t\t<\/div>\n\t<\/div>\n\t<div class=\"row mt-3\">\n\t\t<div class=\"col\">\n\t\t\t<p><span class=\"wpcf7-form-control-wrap\" data-name=\"your-message\"><textarea cols=\"40\" rows=\"10\" maxlength=\"2000\" class=\"wpcf7-form-control wpcf7-textarea form-control\" aria-invalid=\"false\" placeholder=\"Frage oder Bemerkung\" name=\"your-message\"><\/textarea><\/span>\n\t\t\t<\/p>\n\t\t<\/div>\n\t<\/div>\n\t<div class=\"row mt-3\">\n\t\t<div class=\"col\">\n\t\t\t<p>Bitte senden Sie mir die Neuigkeiten (max. 2x pro Jahr)*<br \/>\n<span class=\"wpcf7-form-control-wrap\" data-name=\"updates\"><span class=\"wpcf7-form-control wpcf7-radio\"><span class=\"wpcf7-list-item first\"><span class=\"wpcf7-list-item-label\">ja<\/span><input type=\"radio\" name=\"updates\" value=\"ja\" \/><\/span><span class=\"wpcf7-list-item last\"><span class=\"wpcf7-list-item-label\">nein<\/span><input type=\"radio\" name=\"updates\" value=\"nein\" \/><\/span><\/span><\/span>\n\t\t\t<\/p>\n\t\t<\/div>\n\t<\/div>\n<\/div>\n<div class=\"d-flex mt-3\">\n\t<p><input class=\"wpcf7-form-control wpcf7-submit has-spinner btn btn-dark btn-md ml-auto mt-3\" type=\"submit\" value=\"Senden\" \/>\n\t<\/p>\n<\/div><div class=\"wpcf7-response-output\" aria-hidden=\"true\"><\/div>\n<\/form>\n<\/div>\n\n<\/div>\n<\/div>\n\n\n\n<p><\/p>\n","protected":false},"excerpt":{"rendered":"<p>Mobeye f\u00fcr Sie Interessieren Sie sich f\u00fcr eines der Mobeye Produkte? Unsere Produkte werden von einer gro\u00dfen Gruppe von Anwendern in vielen Bereichen verwendet. Es sind keine technischen Vorkenntnisse erforderlich, h\u00f6chstens ein wenig Geduld, um das Produkt kennenzulernen. Zu unseren Nutzern z\u00e4hlen sowohl kritische Verbraucher als auch Fachleute. Mobeye Benutzer wissen, dass gute Informationen unerl\u00e4sslich [&hellip;]<\/p>\n","protected":false},"author":6,"featured_media":5161,"parent":0,"menu_order":30,"comment_status":"closed","ping_status":"closed","template":"","meta":{"footnotes":""},"class_list":["post-5201","page","type-page","status-publish","has-post-thumbnail","hentry"],"yoast_head":"<!-- This site is optimized with the Yoast SEO plugin v25.6 - https:\/\/yoast.com\/wordpress\/plugins\/seo\/ -->\n<title>Verkauf - Mobeye<\/title>\n<meta name=\"robots\" content=\"index, follow, max-snippet:-1, max-image-preview:large, max-video-preview:-1\" \/>\n<link rel=\"canonical\" href=\"https:\/\/www.mobeye.com\/de\/verkauf\" \/>\n<meta property=\"og:locale\" content=\"de_DE\" \/>\n<meta property=\"og:type\" content=\"article\" \/>\n<meta property=\"og:title\" content=\"Verkauf - Mobeye\" \/>\n<meta property=\"og:description\" content=\"Mobeye f\u00fcr Sie Interessieren Sie sich f\u00fcr eines der Mobeye Produkte? Unsere Produkte werden von einer gro\u00dfen Gruppe von Anwendern in vielen Bereichen verwendet. Es sind keine technischen Vorkenntnisse erforderlich, h\u00f6chstens ein wenig Geduld, um das Produkt kennenzulernen. Zu unseren Nutzern z\u00e4hlen sowohl kritische Verbraucher als auch Fachleute. Mobeye Benutzer wissen, dass gute Informationen unerl\u00e4sslich [&hellip;]\" \/>\n<meta property=\"og:url\" content=\"https:\/\/www.mobeye.com\/de\/verkauf\" \/>\n<meta property=\"og:site_name\" content=\"Mobeye\" \/>\n<meta property=\"article:modified_time\" content=\"2021-07-20T21:27:56+00:00\" \/>\n<meta property=\"og:image\" content=\"https:\/\/www.mobeye.com\/files\/IHP-Sales.jpg\" \/>\n\t<meta property=\"og:image:width\" content=\"1440\" \/>\n\t<meta property=\"og:image:height\" content=\"200\" \/>\n\t<meta property=\"og:image:type\" content=\"image\/jpeg\" \/>\n<meta name=\"twitter:card\" content=\"summary_large_image\" \/>\n<meta name=\"twitter:site\" content=\"@mobeye\" \/>\n<meta name=\"twitter:label1\" content=\"Gesch\u00e4tzte Lesezeit\" \/>\n\t<meta name=\"twitter:data1\" content=\"1\u00a0Minute\" \/>\n<script type=\"application\/ld+json\" class=\"yoast-schema-graph\">{\"@context\":\"https:\/\/schema.org\",\"@graph\":[{\"@type\":\"WebPage\",\"@id\":\"https:\/\/www.mobeye.com\/de\/verkauf\",\"url\":\"https:\/\/www.mobeye.com\/de\/verkauf\",\"name\":\"Verkauf - Mobeye\",\"isPartOf\":{\"@id\":\"https:\/\/www.mobeye.com\/de#website\"},\"primaryImageOfPage\":{\"@id\":\"https:\/\/www.mobeye.com\/de\/verkauf#primaryimage\"},\"image\":{\"@id\":\"https:\/\/www.mobeye.com\/de\/verkauf#primaryimage\"},\"thumbnailUrl\":\"https:\/\/www.mobeye.com\/files\/IHP-Sales.jpg\",\"datePublished\":\"2020-05-17T20:33:47+00:00\",\"dateModified\":\"2021-07-20T21:27:56+00:00\",\"breadcrumb\":{\"@id\":\"https:\/\/www.mobeye.com\/de\/verkauf#breadcrumb\"},\"inLanguage\":\"de\",\"potentialAction\":[{\"@type\":\"ReadAction\",\"target\":[\"https:\/\/www.mobeye.com\/de\/verkauf\"]}]},{\"@type\":\"ImageObject\",\"inLanguage\":\"de\",\"@id\":\"https:\/\/www.mobeye.com\/de\/verkauf#primaryimage\",\"url\":\"https:\/\/www.mobeye.com\/files\/IHP-Sales.jpg\",\"contentUrl\":\"https:\/\/www.mobeye.com\/files\/IHP-Sales.jpg\",\"width\":1440,\"height\":200},{\"@type\":\"BreadcrumbList\",\"@id\":\"https:\/\/www.mobeye.com\/de\/verkauf#breadcrumb\",\"itemListElement\":[{\"@type\":\"ListItem\",\"position\":1,\"name\":\"Home\",\"item\":\"https:\/\/www.mobeye.com\/de\"},{\"@type\":\"ListItem\",\"position\":2,\"name\":\"Verkauf\"}]},{\"@type\":\"WebSite\",\"@id\":\"https:\/\/www.mobeye.com\/de#website\",\"url\":\"https:\/\/www.mobeye.com\/de\",\"name\":\"Mobeye\",\"description\":\"Mobeye alarm and monitoring products\",\"publisher\":{\"@id\":\"https:\/\/www.mobeye.com\/de#organization\"},\"potentialAction\":[{\"@type\":\"SearchAction\",\"target\":{\"@type\":\"EntryPoint\",\"urlTemplate\":\"https:\/\/www.mobeye.com\/de?s={search_term_string}\"},\"query-input\":{\"@type\":\"PropertyValueSpecification\",\"valueRequired\":true,\"valueName\":\"search_term_string\"}}],\"inLanguage\":\"de\"},{\"@type\":\"Organization\",\"@id\":\"https:\/\/www.mobeye.com\/de#organization\",\"name\":\"Mobeye\",\"url\":\"https:\/\/www.mobeye.com\/de\",\"logo\":{\"@type\":\"ImageObject\",\"inLanguage\":\"de\",\"@id\":\"https:\/\/www.mobeye.com\/de#\/schema\/logo\/image\/\",\"url\":\"https:\/\/www.mobeye.com\/files\/Mobeye-logo-600px.jpg\",\"contentUrl\":\"https:\/\/www.mobeye.com\/files\/Mobeye-logo-600px.jpg\",\"width\":675,\"height\":600,\"caption\":\"Mobeye\"},\"image\":{\"@id\":\"https:\/\/www.mobeye.com\/de#\/schema\/logo\/image\/\"},\"sameAs\":[\"https:\/\/x.com\/mobeye\",\"https:\/\/www.linkedin.com\/company\/mobeye\/\",\"https:\/\/nl.pinterest.com\/mobeye\/\",\"https:\/\/www.youtube.com\/user\/MobeyeBV\/\"]}]}<\/script>\n<!-- \/ Yoast SEO plugin. -->","yoast_head_json":{"title":"Verkauf - Mobeye","robots":{"index":"index","follow":"follow","max-snippet":"max-snippet:-1","max-image-preview":"max-image-preview:large","max-video-preview":"max-video-preview:-1"},"canonical":"https:\/\/www.mobeye.com\/de\/verkauf","og_locale":"de_DE","og_type":"article","og_title":"Verkauf - Mobeye","og_description":"Mobeye f\u00fcr Sie Interessieren Sie sich f\u00fcr eines der Mobeye Produkte? Unsere Produkte werden von einer gro\u00dfen Gruppe von Anwendern in vielen Bereichen verwendet. Es sind keine technischen Vorkenntnisse erforderlich, h\u00f6chstens ein wenig Geduld, um das Produkt kennenzulernen. Zu unseren Nutzern z\u00e4hlen sowohl kritische Verbraucher als auch Fachleute. Mobeye Benutzer wissen, dass gute Informationen unerl\u00e4sslich [&hellip;]","og_url":"https:\/\/www.mobeye.com\/de\/verkauf","og_site_name":"Mobeye","article_modified_time":"2021-07-20T21:27:56+00:00","og_image":[{"width":1440,"height":200,"url":"https:\/\/www.mobeye.com\/files\/IHP-Sales.jpg","type":"image\/jpeg"}],"twitter_card":"summary_large_image","twitter_site":"@mobeye","twitter_misc":{"Gesch\u00e4tzte Lesezeit":"1\u00a0Minute"},"schema":{"@context":"https:\/\/schema.org","@graph":[{"@type":"WebPage","@id":"https:\/\/www.mobeye.com\/de\/verkauf","url":"https:\/\/www.mobeye.com\/de\/verkauf","name":"Verkauf - Mobeye","isPartOf":{"@id":"https:\/\/www.mobeye.com\/de#website"},"primaryImageOfPage":{"@id":"https:\/\/www.mobeye.com\/de\/verkauf#primaryimage"},"image":{"@id":"https:\/\/www.mobeye.com\/de\/verkauf#primaryimage"},"thumbnailUrl":"https:\/\/www.mobeye.com\/files\/IHP-Sales.jpg","datePublished":"2020-05-17T20:33:47+00:00","dateModified":"2021-07-20T21:27:56+00:00","breadcrumb":{"@id":"https:\/\/www.mobeye.com\/de\/verkauf#breadcrumb"},"inLanguage":"de","potentialAction":[{"@type":"ReadAction","target":["https:\/\/www.mobeye.com\/de\/verkauf"]}]},{"@type":"ImageObject","inLanguage":"de","@id":"https:\/\/www.mobeye.com\/de\/verkauf#primaryimage","url":"https:\/\/www.mobeye.com\/files\/IHP-Sales.jpg","contentUrl":"https:\/\/www.mobeye.com\/files\/IHP-Sales.jpg","width":1440,"height":200},{"@type":"BreadcrumbList","@id":"https:\/\/www.mobeye.com\/de\/verkauf#breadcrumb","itemListElement":[{"@type":"ListItem","position":1,"name":"Home","item":"https:\/\/www.mobeye.com\/de"},{"@type":"ListItem","position":2,"name":"Verkauf"}]},{"@type":"WebSite","@id":"https:\/\/www.mobeye.com\/de#website","url":"https:\/\/www.mobeye.com\/de","name":"Mobeye","description":"Mobeye alarm and monitoring products","publisher":{"@id":"https:\/\/www.mobeye.com\/de#organization"},"potentialAction":[{"@type":"SearchAction","target":{"@type":"EntryPoint","urlTemplate":"https:\/\/www.mobeye.com\/de?s={search_term_string}"},"query-input":{"@type":"PropertyValueSpecification","valueRequired":true,"valueName":"search_term_string"}}],"inLanguage":"de"},{"@type":"Organization","@id":"https:\/\/www.mobeye.com\/de#organization","name":"Mobeye","url":"https:\/\/www.mobeye.com\/de","logo":{"@type":"ImageObject","inLanguage":"de","@id":"https:\/\/www.mobeye.com\/de#\/schema\/logo\/image\/","url":"https:\/\/www.mobeye.com\/files\/Mobeye-logo-600px.jpg","contentUrl":"https:\/\/www.mobeye.com\/files\/Mobeye-logo-600px.jpg","width":675,"height":600,"caption":"Mobeye"},"image":{"@id":"https:\/\/www.mobeye.com\/de#\/schema\/logo\/image\/"},"sameAs":["https:\/\/x.com\/mobeye","https:\/\/www.linkedin.com\/company\/mobeye\/","https:\/\/nl.pinterest.com\/mobeye\/","https:\/\/www.youtube.com\/user\/MobeyeBV\/"]}]}},"uagb_featured_image_src":{"full":["https:\/\/www.mobeye.com\/files\/IHP-Sales.jpg",1440,200,false],"thumbnail":["https:\/\/www.mobeye.com\/files\/IHP-Sales-150x150.jpg",150,150,true],"medium":["https:\/\/www.mobeye.com\/files\/IHP-Sales-300x42.jpg",300,42,true],"medium_large":["https:\/\/www.mobeye.com\/files\/IHP-Sales-768x107.jpg",768,107,true],"large":["https:\/\/www.mobeye.com\/files\/IHP-Sales-1024x142.jpg",1024,142,true],"1536x1536":["https:\/\/www.mobeye.com\/files\/IHP-Sales.jpg",1440,200,false],"2048x2048":["https:\/\/www.mobeye.com\/files\/IHP-Sales.jpg",1440,200,false]},"uagb_author_info":{"display_name":"Martine","author_link":"https:\/\/www.mobeye.com\/de\/author\/martine"},"uagb_comment_info":0,"uagb_excerpt":"Mobeye f\u00fcr Sie Interessieren Sie sich f\u00fcr eines der Mobeye Produkte? Unsere Produkte werden von einer gro\u00dfen Gruppe von Anwendern in vielen Bereichen verwendet. Es sind keine technischen Vorkenntnisse erforderlich, h\u00f6chstens ein wenig Geduld, um das Produkt kennenzulernen. Zu unseren Nutzern z\u00e4hlen sowohl kritische Verbraucher als auch Fachleute. Mobeye Benutzer wissen, dass gute Informationen unerl\u00e4sslich&hellip;","_links":{"self":[{"href":"https:\/\/www.mobeye.com\/de\/wp-json\/wp\/v2\/pages\/5201"}],"collection":[{"href":"https:\/\/www.mobeye.com\/de\/wp-json\/wp\/v2\/pages"}],"about":[{"href":"https:\/\/www.mobeye.com\/de\/wp-json\/wp\/v2\/types\/page"}],"author":[{"embeddable":true,"href":"https:\/\/www.mobeye.com\/de\/wp-json\/wp\/v2\/users\/6"}],"replies":[{"embeddable":true,"href":"https:\/\/www.mobeye.com\/de\/wp-json\/wp\/v2\/comments?post=5201"}],"version-history":[{"count":5,"href":"https:\/\/www.mobeye.com\/de\/wp-json\/wp\/v2\/pages\/5201\/revisions"}],"predecessor-version":[{"id":8231,"href":"https:\/\/www.mobeye.com\/de\/wp-json\/wp\/v2\/pages\/5201\/revisions\/8231"}],"wp:featuredmedia":[{"embeddable":true,"href":"https:\/\/www.mobeye.com\/de\/wp-json\/wp\/v2\/media\/5161"}],"wp:attachment":[{"href":"https:\/\/www.mobeye.com\/de\/wp-json\/wp\/v2\/media?parent=5201"}],"curies":[{"name":"wp","href":"https:\/\/api.w.org\/{rel}","templated":true}]}}