{"id":6058,"date":"2020-05-24T22:08:45","date_gmt":"2020-05-24T20:08:45","guid":{"rendered":"https:\/\/www.mobeye.com\/?page_id=6058"},"modified":"2020-05-28T21:07:51","modified_gmt":"2020-05-28T19:07:51","slug":"support-mck100","status":"publish","type":"page","link":"https:\/\/www.mobeye.com\/de\/faqs\/support-mck100","title":{"rendered":"Support-MCK100"},"content":{"rendered":"\n<h2 class=\"has-text-align-center wp-block-heading\"> Unterst\u00fctzung f\u00fcr Ihren Mobeye Call-Key<\/h2>\n\n\n\n<p class=\"has-text-align-center\"> <\/p>\n\n\n\n<p class=\"has-text-align-center\"> Auf dieser Seite finden Sie Hilfe zum Mobeye MCK100 (Call-Key).<br> Klicken Sie auf das <img decoding=\"async\" class=\"wp-image-4000\" style=\"width: 25px;\" src=\"https:\/\/www.mobeye.com\/files\/IconD-Datasheet.png\" alt=\"\"> Symbol, um Informationen zum Thema zu erhalten.<\/p>\n\n\n<div class=\"wp-bootstrap-blocks-container container mb-2\">\n\t\n\n<div class=\"wp-block-columns is-layout-flex wp-container-core-columns-is-layout-1 wp-block-columns-is-layout-flex\">\n<div class=\"wp-block-column is-layout-flow wp-block-column-is-layout-flow\">\n<div class=\"wp-block-rtgb-title mkb-title\"><div class=\"container\"><h2 class=\"mkb-title__title\">Wie zu<\/h2><\/div><\/div>\n\n\n\n<h5 class=\"wp-block-heading\">Die SIM-Karte<\/h5>\n\n\n\n<ul class=\"wp-block-list\"><li><a href=\"#sim\"><img decoding=\"async\" class=\"wp-image-4000\" style=\"width: 30px;\" src=\"https:\/\/www.mobeye.com\/files\/IconD-Datasheet.png\" alt=\"\"><\/a>Einlegen der SIM-Karte<\/li><li><a href=\"https:\/\/www.mobeye.com\/de\/sim-karten\"><img decoding=\"async\" class=\"wp-image-4000\" style=\"width: 30px;\" src=\"https:\/\/www.mobeye.com\/files\/IconD-Datasheet.png\" alt=\"\"><\/a>Wahl der SIM-Karte<\/li><\/ul>\n\n\n\n<div style=\"height:20px\" aria-hidden=\"true\" class=\"wp-block-spacer\"><\/div>\n\n\n\n<h5 class=\"wp-block-heading\">Ein Schloss anschlie\u00dfen<\/h5>\n\n\n\n<ul class=\"wp-block-list\"><li><a rel=\"noreferrer noopener\" aria-label=\"\ufffc (opent in een nieuwe tab)\" href=\"https:\/\/www.mobeye.com\/de\/tech-terminologie#ausgang\" target=\"_blank\"><img decoding=\"async\" class=\"wp-image-4000\" style=\"width: 30px;\" src=\"https:\/\/www.mobeye.com\/files\/IconD-Datasheet.png\" alt=\"\"><\/a>Was ist ein Relaisausgang?<\/li><li><a href=\"#locktype\"><img decoding=\"async\" class=\"wp-image-4000\" style=\"width: 030px;\" src=\"https:\/\/www.mobeye.com\/files\/IconD-Datasheet.png\" alt=\"\"><\/a>Welche Art von Schloss kann betrieben werden?<\/li><li><a href=\"#outputcontrol\"><img decoding=\"async\" class=\"wp-image-4000\" style=\"width: 30px;\" src=\"https:\/\/www.mobeye.com\/files\/IconD-Datasheet.png\" alt=\"\"><\/a>Steuerung der 2 Ausg\u00e4nge<\/li><\/ul>\n\n\n\n<div style=\"height:20px\" aria-hidden=\"true\" class=\"wp-block-spacer\"><\/div>\n\n\n\n<h5 class=\"wp-block-heading\">Die Eing\u00e4nge<\/h5>\n\n\n\n<ul class=\"wp-block-list\"><li><a href=\"#intruder\"><img decoding=\"async\" class=\"wp-image-4000\" style=\"width: 30px;\" src=\"https:\/\/www.mobeye.com\/files\/IconD-Datasheet.png\" alt=\"\"><\/a>Die Einbruchfunktion der Eing\u00e4nge <\/li><\/ul>\n\n\n\n<div style=\"height:20px\" aria-hidden=\"true\" class=\"wp-block-spacer\"><\/div>\n\n\n\n<h5 class=\"wp-block-heading\">Erkl\u00e4rung des Verhaltens der LED<\/h5>\n\n\n\n<ul class=\"wp-block-list\"><li><a href=\"#LED\"><img decoding=\"async\" class=\"wp-image-4000\" style=\"width: 30px;\" src=\"https:\/\/www.mobeye.com\/files\/IconD-Datasheet.png\" alt=\"\"><\/a>LED Verhalten<\/li><\/ul>\n\n\n\n<div style=\"height:20px\" aria-hidden=\"true\" class=\"wp-block-spacer\"><\/div>\n\n\n\n<h5 class=\"wp-block-heading\">Die Batterien<\/h5>\n\n\n\n<ul class=\"wp-block-list\"><li><a href=\"#whybatteries\"><img decoding=\"async\" class=\"wp-image-4000\" style=\"width: 30px;\" src=\"https:\/\/www.mobeye.com\/files\/IconD-Datasheet.png\" alt=\"\"><\/a>Ein Vorteil mit Batterien <\/li><li><a rel=\"noreferrer noopener\" aria-label=\"\ufffc (opent in een nieuwe tab)\" href=\"https:\/\/www.mobeye.com\/files\/How-to-WaehlenvonErsatzBatterien.pdf\" target=\"_blank\"><img decoding=\"async\" class=\"wp-image-4000\" style=\"width: 30px;\" src=\"https:\/\/www.mobeye.com\/files\/IconD-Datasheet.png\" alt=\"\"><\/a>Welche Batteriemarken?<\/li><li><a href=\"#battery-operated\"><img decoding=\"async\" class=\"wp-image-4000\" style=\"width: 30px;\" src=\"https:\/\/www.mobeye.com\/files\/IconD-Datasheet.png\" alt=\"\"><\/a>Batteriebetriebener Call-Key<\/li><\/ul>\n<\/div>\n\n\n\n<div class=\"wp-block-column is-layout-flow wp-block-column-is-layout-flow\">\n<div class=\"wp-block-rtgb-title mkb-title\"><div class=\"container\"><h2 class=\"mkb-title__title\">FAQ<\/h2><\/div><\/div>\n\n\n\n<h5 class=\"wp-block-heading\">Wo finde ich die Produktdokumentation?<\/h5>\n\n\n\n<ul class=\"wp-block-list\"><li><a href=\"https:\/\/www.mobeye.com\/de\/dokumentation\"><img decoding=\"async\" class=\"wp-image-4000\" style=\"width: 30px;\" src=\"https:\/\/www.mobeye.com\/files\/IconD-Datasheet.png\" alt=\"\"><\/a>Anleitungen<\/li><li><a href=\"#manual-old\"><img decoding=\"async\" class=\"wp-image-4000\" style=\"width: 30px;\" src=\"https:\/\/www.mobeye.com\/files\/IconD-Datasheet.png\" alt=\"\"><\/a>\u00c4ltere Anleitungen<\/li><li><a href=\"https:\/\/www.mobeye.com\/de\/dokumentation\"><img decoding=\"async\" class=\"wp-image-4000\" style=\"width: 30px;\" src=\"https:\/\/www.mobeye.com\/files\/IconD-Datasheet.png\" alt=\"\"><\/a>Datenbl\u00e4tter<\/li><li><a href=\"#CE\"><img decoding=\"async\" class=\"wp-image-4000\" style=\"width: 30px;\" src=\"https:\/\/www.mobeye.com\/files\/IconD-Datasheet.png\" alt=\"\"><\/a>CE Konformit\u00e4tserkl\u00e4rung<\/li><\/ul>\n\n\n\n<div style=\"height:20px\" aria-hidden=\"true\" class=\"wp-block-spacer\"><\/div>\n\n\n\n<h5 class=\"wp-block-heading\">Wo kann ich die Produkte kaufen?<\/h5>\n\n\n\n<ul class=\"wp-block-list\"><li><a href=\"https:\/\/www.mobeye.com\/de\/verkauf\"><img decoding=\"async\" class=\"wp-image-4000\" style=\"width: 30px;\" src=\"https:\/\/www.mobeye.com\/files\/IconD-Datasheet.png\" alt=\"\"><\/a>Verkaufsinformationen<\/li><\/ul>\n\n\n\n<div style=\"height:20px\" aria-hidden=\"true\" class=\"wp-block-spacer\"><\/div>\n\n\n\n<h5 class=\"wp-block-heading\">Wo finde ich Informationen zum Portal?<\/h5>\n\n\n\n<ul class=\"wp-block-list\"><li><a href=\"https:\/\/www.mobeye.com\/de\/mobeye-internet-portal\"><img decoding=\"async\" class=\"wp-image-4000\" style=\"width: 30px;\" src=\"https:\/\/www.mobeye.com\/files\/IconD-Datasheet.png\" alt=\"\"><\/a>Informationen und Intro-Video<\/li><li><a rel=\"noreferrer noopener\" aria-label=\"\ufffc (opent in een nieuwe tab)\" href=\"https:\/\/mymobeye.eu\/Pages\/Support.aspx\" target=\"_blank\"><img decoding=\"async\" class=\"wp-image-4000\" style=\"width: 30px;\" src=\"https:\/\/www.mobeye.com\/files\/IconD-Datasheet.png\" alt=\"\"><\/a>Registrierungs- und Benutzeranleitung<\/li><li><a href=\"https:\/\/www.mobeye.com\/de\/sim-portal\"><img decoding=\"async\" class=\"wp-image-4000\" style=\"width: 30px;\" src=\"https:\/\/www.mobeye.com\/files\/IconD-Datasheet.png\" alt=\"\"><\/a>Preisinformationen SIM-Karten<\/li><li><a href=\"https:\/\/www.mobeye.com\/de\/faq\/support-portal\"><img decoding=\"async\" class=\"wp-image-4000\" style=\"width: 30px;\" src=\"https:\/\/www.mobeye.com\/files\/IconD-Datasheet.png\" alt=\"\"><\/a>Mehr Unterst\u00fctzung f\u00fcr das Portal<\/li><\/ul>\n<\/div>\n<\/div>\n\n<\/div>\n\n\n\n<div class=\"wp-block-rtgb-title mkb-title\"><div class=\"container\"><h2 class=\"mkb-title__title\"> Fragen und Antworten <\/h2><\/div><\/div>\n\n\n\n<h3 class=\"wp-block-heading\" id=\"sim\">So legen Sie die SIM-Karte ein<\/h3>\n\n\n\n<p style=\"font-size:15px\">Die vier Schritte in Bildern:<\/p>\n\n\n\n<figure class=\"wp-block-image size-large\"><img loading=\"lazy\" decoding=\"async\" width=\"800\" height=\"163\" src=\"https:\/\/www.mobeye.com\/files\/IA-PlaceSim.jpg\" alt=\"\" class=\"wp-image-5709\" srcset=\"https:\/\/www.mobeye.com\/files\/IA-PlaceSim.jpg 800w, https:\/\/www.mobeye.com\/files\/IA-PlaceSim-300x61.jpg 300w, https:\/\/www.mobeye.com\/files\/IA-PlaceSim-768x156.jpg 768w\" sizes=\"(max-width: 800px) 100vw, 800px\" \/><\/figure>\n\n\n\n<hr class=\"wp-block-separator\"\/>\n\n\n\n<h3 class=\"wp-block-heading\" id=\"locktype\">Welche Art von Schloss kann betrieben werden?<\/h3>\n\n\n\n<p style=\"font-size:15px\">Aufgrund eines eingehenden Anrufs oder einer SMS von einer autorisierten Nummer schaltet der Mobeye Call-Key einen Relaisausgang, m\u00f6glicherweise nur w\u00e4hrend einer Impulszeit. Schlie\u00dfen Sie ein Ger\u00e4t an die Ausg\u00e4nge an, die \u00fcber das Relais geschaltet werden. Dies kann ein Schloss oder ein anderes Ger\u00e4t sein; der Motor eines Tors, eines elektronischen Schlagbaums oder einer Motorverriegelung. Normalerweise m\u00fcssen nur zwei Dr\u00e4hte in einen Ausgang vom Call-Key eingesteckt werden.<\/p>\n\n\n\n<hr class=\"wp-block-separator\"\/>\n\n\n\n<h3 class=\"wp-block-heading\" id=\"outputcontrol\">Steuerung der Ausg\u00e4nge<\/h3>\n\n\n\n<p style=\"font-size:15px\">Die beiden Ausg\u00e4nge k\u00f6nnen genau, nach einem Alarm oder nach einer Alarmwiederherstellung per Anruf, SMS gesteuert werden. Standardm\u00e4\u00dfig wechselt Ausgang 1 nach einem eingehenden Anruf von einer autorisierten Nummer. Es ist auch m\u00f6glich, Ausgang 2 umzuschalten. Sie k\u00f6nnen dies \u00fcber \u201eAktions-Reaktions-Regeln\u201c arrangieren. Der eingehende Anruf unterscheidet nicht zwischen den Ausg\u00e4ngen 1 und 2. Um einen der beiden Ausg\u00e4nge spezifisch zu steuern, senden Sie die Befehle per SMS. <br>Der Call-Key hat auch einen Timer; Dieser \u00f6ffnet und schlie\u00dft automatisch ein Tor \u00fcber einen w\u00f6chentlichen Zeitplan.<\/p>\n\n\n\n<hr class=\"wp-block-separator\"\/>\n\n\n\n<h3 class=\"wp-block-heading\" id=\"intruder\">Die Einbruchfunktion der Eing\u00e4nge<\/h3>\n\n\n\n<p style=\"font-size:15px\">Durch Anschlie\u00dfen eines T\u00fcrmagnetkontakts an die Eing\u00e4nge kann der Call-Key auch als Einbruchalarm fungieren. Der Call-Key sendet eine Einbruchmeldung, wenn die T\u00fcr ge\u00f6ffnet wird, ohne einen autorisierten Anruf erhalten zu haben.<\/p>\n\n\n\n<hr class=\"wp-block-separator\"\/>\n\n\n\n<div style=\"height:20px\" aria-hidden=\"true\" class=\"wp-block-spacer\"><\/div>\n\n\n\n<h3 class=\"wp-block-heading\" id=\"LED\">LED Verhalten (Innen, neben SIM-Kartenhalter)<\/h3>\n\n\n\n<ul class=\"wp-block-list\"><li><strong>LED blinkt 1 Sekunde an\/1 Sekunde aus<br><\/strong>Das GSM-Modul sucht nach einer Netzwerkverbindung. Wenn dies l\u00e4ngere Zeit so bleibt, stimmt etwas mit der SIM-Karte nicht oder es ist kein Netzwerk verf\u00fcgbar. Wenn sich die LED innerhalb von 1 Minute vollst\u00e4ndig ausschaltet, ohne eine Verbindung zum Netzwerk herzustellen, kann dies auf eine schwache Batterieleistung hinweisen.<\/li><li><strong>LED blinkt 1 Sekunde an, 3 Sekunden aus<br><\/strong>Das GSM-Modul verf\u00fcgt \u00fcber eine Netzwerkverbindung.<\/li><\/ul>\n\n\n\n<hr class=\"wp-block-separator\"\/>\n\n\n\n<h3 class=\"wp-block-heading\" id=\"whybatteries\">Ein Vorteil mit Batterien<\/h3>\n\n\n\n<p style=\"font-size:15px\">Der Mobeye Call-Key arbeitet mit externer Spannung. Das Einlegen von Batterien (4x CR123) ist optional, mit dem Vorteil, dass bei einem Ausfall der externen Stromversorgung eine Stromausfallmeldung erfolgt.<\/p>\n\n\n\n<hr class=\"wp-block-separator\"\/>\n\n\n\n<h3 class=\"wp-block-heading\" id=\"battery-operated\">Batteriebetriebener Call-Key?<\/h3>\n\n\n\n<p style=\"font-size:15px\">Der Standard Mobeye Call-Key wird mit externer Spannung betrieben. Es gibt ein &#8222;Special&#8220;, das batteriebetrieben funktioniert. Fragen Sie uns nach Informationen.<\/p>\n\n\n\n<hr class=\"wp-block-separator\"\/>\n\n\n\n<h3 class=\"wp-block-heading\" id=\"manual-old\">\u00c4ltere Anleitungen<\/h3>\n\n\n\n<p style=\"font-size:15px\">Die aktuellen Handb\u00fccher finden Sie auf der <a href=\"https:\/\/www.mobeye.com\/de\/dokumentation\">Dokumentationsseite<\/a>. Suchen Sie Handb\u00fccher f\u00fcr eine fr\u00fchere Version? <a href=\"https:\/\/www.mobeye.com\/de\/kontaktformular\">Fragen Sie uns<\/a>.<\/p>\n\n\n\n<hr class=\"wp-block-separator\"\/>\n\n\n\n<h3 class=\"wp-block-heading\" id=\"CE\">CE Konformit\u00e4tserkl\u00e4rung<\/h3>\n\n\n\n<p style=\"font-size:15px\">Die Konformit\u00e4tserkl\u00e4rung befindet sich am Ende der Produktanleitung. Die aktuellen Anleitungen finden Sie auf der <a href=\"https:\/\/www.mobeye.com\/de\/dokumentation\">Dokumentationsseite<\/a>.<\/p>\n","protected":false},"excerpt":{"rendered":"<p>Unterst\u00fctzung f\u00fcr Ihren Mobeye Call-Key Auf dieser Seite finden Sie Hilfe zum Mobeye MCK100 (Call-Key). Klicken Sie auf das Symbol, um Informationen zum Thema zu erhalten. So legen Sie die SIM-Karte ein Die vier Schritte in Bildern: Welche Art von Schloss kann betrieben werden? Aufgrund eines eingehenden Anrufs oder einer SMS von einer autorisierten Nummer [&hellip;]<\/p>\n","protected":false},"author":6,"featured_media":0,"parent":11150,"menu_order":0,"comment_status":"closed","ping_status":"closed","template":"","meta":{"footnotes":""},"class_list":["post-6058","page","type-page","status-publish","hentry"],"yoast_head":"<!-- This site is optimized with the Yoast SEO plugin v25.6 - https:\/\/yoast.com\/wordpress\/plugins\/seo\/ -->\n<title>Support-MCK100 - Mobeye<\/title>\n<meta name=\"robots\" content=\"index, follow, max-snippet:-1, max-image-preview:large, max-video-preview:-1\" \/>\n<link rel=\"canonical\" href=\"https:\/\/www.mobeye.com\/de\/faqs\/support-mck100\" \/>\n<meta property=\"og:locale\" content=\"de_DE\" \/>\n<meta property=\"og:type\" content=\"article\" \/>\n<meta property=\"og:title\" content=\"Support-MCK100 - Mobeye\" \/>\n<meta property=\"og:description\" content=\"Unterst\u00fctzung f\u00fcr Ihren Mobeye Call-Key Auf dieser Seite finden Sie Hilfe zum Mobeye MCK100 (Call-Key). Klicken Sie auf das Symbol, um Informationen zum Thema zu erhalten. So legen Sie die SIM-Karte ein Die vier Schritte in Bildern: Welche Art von Schloss kann betrieben werden? Aufgrund eines eingehenden Anrufs oder einer SMS von einer autorisierten Nummer [&hellip;]\" \/>\n<meta property=\"og:url\" content=\"https:\/\/www.mobeye.com\/de\/faqs\/support-mck100\" \/>\n<meta property=\"og:site_name\" content=\"Mobeye\" \/>\n<meta property=\"article:modified_time\" content=\"2020-05-28T19:07:51+00:00\" \/>\n<meta property=\"og:image\" content=\"https:\/\/www.mobeye.com\/files\/IconD-Datasheet.png\" \/>\n<meta name=\"twitter:card\" content=\"summary_large_image\" \/>\n<meta name=\"twitter:site\" content=\"@mobeye\" \/>\n<meta name=\"twitter:label1\" content=\"Gesch\u00e4tzte Lesezeit\" \/>\n\t<meta name=\"twitter:data1\" content=\"3\u00a0Minuten\" \/>\n<script type=\"application\/ld+json\" class=\"yoast-schema-graph\">{\"@context\":\"https:\/\/schema.org\",\"@graph\":[{\"@type\":\"WebPage\",\"@id\":\"https:\/\/www.mobeye.com\/de\/faqs\/support-mck100\",\"url\":\"https:\/\/www.mobeye.com\/de\/faqs\/support-mck100\",\"name\":\"Support-MCK100 - Mobeye\",\"isPartOf\":{\"@id\":\"https:\/\/www.mobeye.com\/de#website\"},\"primaryImageOfPage\":{\"@id\":\"https:\/\/www.mobeye.com\/de\/faqs\/support-mck100#primaryimage\"},\"image\":{\"@id\":\"https:\/\/www.mobeye.com\/de\/faqs\/support-mck100#primaryimage\"},\"thumbnailUrl\":\"https:\/\/www.mobeye.com\/files\/IconD-Datasheet.png\",\"datePublished\":\"2020-05-24T20:08:45+00:00\",\"dateModified\":\"2020-05-28T19:07:51+00:00\",\"breadcrumb\":{\"@id\":\"https:\/\/www.mobeye.com\/de\/faqs\/support-mck100#breadcrumb\"},\"inLanguage\":\"de\",\"potentialAction\":[{\"@type\":\"ReadAction\",\"target\":[\"https:\/\/www.mobeye.com\/de\/faqs\/support-mck100\"]}]},{\"@type\":\"ImageObject\",\"inLanguage\":\"de\",\"@id\":\"https:\/\/www.mobeye.com\/de\/faqs\/support-mck100#primaryimage\",\"url\":\"https:\/\/www.mobeye.com\/files\/IconD-Datasheet.png\",\"contentUrl\":\"https:\/\/www.mobeye.com\/files\/IconD-Datasheet.png\"},{\"@type\":\"BreadcrumbList\",\"@id\":\"https:\/\/www.mobeye.com\/de\/faqs\/support-mck100#breadcrumb\",\"itemListElement\":[{\"@type\":\"ListItem\",\"position\":1,\"name\":\"Home\",\"item\":\"https:\/\/www.mobeye.com\/de\"},{\"@type\":\"ListItem\",\"position\":2,\"name\":\"FAQs\",\"item\":\"https:\/\/www.mobeye.com\/de\/faqs\"},{\"@type\":\"ListItem\",\"position\":3,\"name\":\"Support-MCK100\"}]},{\"@type\":\"WebSite\",\"@id\":\"https:\/\/www.mobeye.com\/de#website\",\"url\":\"https:\/\/www.mobeye.com\/de\",\"name\":\"Mobeye\",\"description\":\"Mobeye alarm and monitoring products\",\"publisher\":{\"@id\":\"https:\/\/www.mobeye.com\/de#organization\"},\"potentialAction\":[{\"@type\":\"SearchAction\",\"target\":{\"@type\":\"EntryPoint\",\"urlTemplate\":\"https:\/\/www.mobeye.com\/de?s={search_term_string}\"},\"query-input\":{\"@type\":\"PropertyValueSpecification\",\"valueRequired\":true,\"valueName\":\"search_term_string\"}}],\"inLanguage\":\"de\"},{\"@type\":\"Organization\",\"@id\":\"https:\/\/www.mobeye.com\/de#organization\",\"name\":\"Mobeye\",\"url\":\"https:\/\/www.mobeye.com\/de\",\"logo\":{\"@type\":\"ImageObject\",\"inLanguage\":\"de\",\"@id\":\"https:\/\/www.mobeye.com\/de#\/schema\/logo\/image\/\",\"url\":\"https:\/\/www.mobeye.com\/files\/Mobeye-logo-600px.jpg\",\"contentUrl\":\"https:\/\/www.mobeye.com\/files\/Mobeye-logo-600px.jpg\",\"width\":675,\"height\":600,\"caption\":\"Mobeye\"},\"image\":{\"@id\":\"https:\/\/www.mobeye.com\/de#\/schema\/logo\/image\/\"},\"sameAs\":[\"https:\/\/x.com\/mobeye\",\"https:\/\/www.linkedin.com\/company\/mobeye\/\",\"https:\/\/nl.pinterest.com\/mobeye\/\",\"https:\/\/www.youtube.com\/user\/MobeyeBV\/\"]}]}<\/script>\n<!-- \/ Yoast SEO plugin. -->","yoast_head_json":{"title":"Support-MCK100 - Mobeye","robots":{"index":"index","follow":"follow","max-snippet":"max-snippet:-1","max-image-preview":"max-image-preview:large","max-video-preview":"max-video-preview:-1"},"canonical":"https:\/\/www.mobeye.com\/de\/faqs\/support-mck100","og_locale":"de_DE","og_type":"article","og_title":"Support-MCK100 - Mobeye","og_description":"Unterst\u00fctzung f\u00fcr Ihren Mobeye Call-Key Auf dieser Seite finden Sie Hilfe zum Mobeye MCK100 (Call-Key). Klicken Sie auf das Symbol, um Informationen zum Thema zu erhalten. So legen Sie die SIM-Karte ein Die vier Schritte in Bildern: Welche Art von Schloss kann betrieben werden? Aufgrund eines eingehenden Anrufs oder einer SMS von einer autorisierten Nummer [&hellip;]","og_url":"https:\/\/www.mobeye.com\/de\/faqs\/support-mck100","og_site_name":"Mobeye","article_modified_time":"2020-05-28T19:07:51+00:00","og_image":[{"url":"https:\/\/www.mobeye.com\/files\/IconD-Datasheet.png","type":"","width":"","height":""}],"twitter_card":"summary_large_image","twitter_site":"@mobeye","twitter_misc":{"Gesch\u00e4tzte Lesezeit":"3\u00a0Minuten"},"schema":{"@context":"https:\/\/schema.org","@graph":[{"@type":"WebPage","@id":"https:\/\/www.mobeye.com\/de\/faqs\/support-mck100","url":"https:\/\/www.mobeye.com\/de\/faqs\/support-mck100","name":"Support-MCK100 - Mobeye","isPartOf":{"@id":"https:\/\/www.mobeye.com\/de#website"},"primaryImageOfPage":{"@id":"https:\/\/www.mobeye.com\/de\/faqs\/support-mck100#primaryimage"},"image":{"@id":"https:\/\/www.mobeye.com\/de\/faqs\/support-mck100#primaryimage"},"thumbnailUrl":"https:\/\/www.mobeye.com\/files\/IconD-Datasheet.png","datePublished":"2020-05-24T20:08:45+00:00","dateModified":"2020-05-28T19:07:51+00:00","breadcrumb":{"@id":"https:\/\/www.mobeye.com\/de\/faqs\/support-mck100#breadcrumb"},"inLanguage":"de","potentialAction":[{"@type":"ReadAction","target":["https:\/\/www.mobeye.com\/de\/faqs\/support-mck100"]}]},{"@type":"ImageObject","inLanguage":"de","@id":"https:\/\/www.mobeye.com\/de\/faqs\/support-mck100#primaryimage","url":"https:\/\/www.mobeye.com\/files\/IconD-Datasheet.png","contentUrl":"https:\/\/www.mobeye.com\/files\/IconD-Datasheet.png"},{"@type":"BreadcrumbList","@id":"https:\/\/www.mobeye.com\/de\/faqs\/support-mck100#breadcrumb","itemListElement":[{"@type":"ListItem","position":1,"name":"Home","item":"https:\/\/www.mobeye.com\/de"},{"@type":"ListItem","position":2,"name":"FAQs","item":"https:\/\/www.mobeye.com\/de\/faqs"},{"@type":"ListItem","position":3,"name":"Support-MCK100"}]},{"@type":"WebSite","@id":"https:\/\/www.mobeye.com\/de#website","url":"https:\/\/www.mobeye.com\/de","name":"Mobeye","description":"Mobeye alarm and monitoring products","publisher":{"@id":"https:\/\/www.mobeye.com\/de#organization"},"potentialAction":[{"@type":"SearchAction","target":{"@type":"EntryPoint","urlTemplate":"https:\/\/www.mobeye.com\/de?s={search_term_string}"},"query-input":{"@type":"PropertyValueSpecification","valueRequired":true,"valueName":"search_term_string"}}],"inLanguage":"de"},{"@type":"Organization","@id":"https:\/\/www.mobeye.com\/de#organization","name":"Mobeye","url":"https:\/\/www.mobeye.com\/de","logo":{"@type":"ImageObject","inLanguage":"de","@id":"https:\/\/www.mobeye.com\/de#\/schema\/logo\/image\/","url":"https:\/\/www.mobeye.com\/files\/Mobeye-logo-600px.jpg","contentUrl":"https:\/\/www.mobeye.com\/files\/Mobeye-logo-600px.jpg","width":675,"height":600,"caption":"Mobeye"},"image":{"@id":"https:\/\/www.mobeye.com\/de#\/schema\/logo\/image\/"},"sameAs":["https:\/\/x.com\/mobeye","https:\/\/www.linkedin.com\/company\/mobeye\/","https:\/\/nl.pinterest.com\/mobeye\/","https:\/\/www.youtube.com\/user\/MobeyeBV\/"]}]}},"uagb_featured_image_src":{"full":false,"thumbnail":false,"medium":false,"medium_large":false,"large":false,"1536x1536":false,"2048x2048":false},"uagb_author_info":{"display_name":"Martine","author_link":"https:\/\/www.mobeye.com\/de\/author\/martine"},"uagb_comment_info":0,"uagb_excerpt":"Unterst\u00fctzung f\u00fcr Ihren Mobeye Call-Key Auf dieser Seite finden Sie Hilfe zum Mobeye MCK100 (Call-Key). Klicken Sie auf das Symbol, um Informationen zum Thema zu erhalten. So legen Sie die SIM-Karte ein Die vier Schritte in Bildern: Welche Art von Schloss kann betrieben werden? Aufgrund eines eingehenden Anrufs oder einer SMS von einer autorisierten Nummer&hellip;","_links":{"self":[{"href":"https:\/\/www.mobeye.com\/de\/wp-json\/wp\/v2\/pages\/6058"}],"collection":[{"href":"https:\/\/www.mobeye.com\/de\/wp-json\/wp\/v2\/pages"}],"about":[{"href":"https:\/\/www.mobeye.com\/de\/wp-json\/wp\/v2\/types\/page"}],"author":[{"embeddable":true,"href":"https:\/\/www.mobeye.com\/de\/wp-json\/wp\/v2\/users\/6"}],"replies":[{"embeddable":true,"href":"https:\/\/www.mobeye.com\/de\/wp-json\/wp\/v2\/comments?post=6058"}],"version-history":[{"count":13,"href":"https:\/\/www.mobeye.com\/de\/wp-json\/wp\/v2\/pages\/6058\/revisions"}],"predecessor-version":[{"id":6490,"href":"https:\/\/www.mobeye.com\/de\/wp-json\/wp\/v2\/pages\/6058\/revisions\/6490"}],"up":[{"embeddable":true,"href":"https:\/\/www.mobeye.com\/de\/wp-json\/wp\/v2\/pages\/11150"}],"wp:attachment":[{"href":"https:\/\/www.mobeye.com\/de\/wp-json\/wp\/v2\/media?parent=6058"}],"curies":[{"name":"wp","href":"https:\/\/api.w.org\/{rel}","templated":true}]}}