{"id":6065,"date":"2020-05-24T22:10:29","date_gmt":"2020-05-24T20:10:29","guid":{"rendered":"https:\/\/www.mobeye.com\/?page_id=6065"},"modified":"2020-05-28T20:50:42","modified_gmt":"2020-05-28T18:50:42","slug":"support-sim","status":"publish","type":"page","link":"https:\/\/www.mobeye.com\/de\/faqs\/support-sim","title":{"rendered":"Support-SIM"},"content":{"rendered":"\n<h2 class=\"has-text-align-center wp-block-heading\">Unterst\u00fctzung f\u00fcr die SIM-Karten<\/h2>\n\n\n\n<p class=\"has-text-align-center has-normal-font-size\">Allgemeine Informationen zu SIM-Karten finden Sie unter <a href=\"https:\/\/www.mobeye.com\/de\/sim-karten\">SIM-Karten<\/a>. <br>Eine Erl\u00e4uterung des LED-Verhaltens finden Sie auf der <a href=\"https:\/\/www.mobeye.com\/de\/faq\">Support-Seite<\/a> f\u00fcr Ihr Produkt. <\/p>\n\n\n\n<div style=\"height:20px\" aria-hidden=\"true\" class=\"wp-block-spacer\"><\/div>\n\n\n<div class=\"wp-bootstrap-blocks-container container mb-2\">\n\t\n\n<div class=\"wp-block-columns is-layout-flex wp-container-core-columns-is-layout-1 wp-block-columns-is-layout-flex\">\n<div class=\"wp-block-column is-layout-flow wp-block-column-is-layout-flow\">\n<div class=\"wp-block-rtgb-title mkb-title\"><div class=\"container\"><h2 class=\"mkb-title__title\">Mobeye SIM-Karten<\/h2><\/div><\/div>\n\n\n\n<h5 class=\"wp-block-heading\">Sie verwenden die Mobeye SIM-Karte<\/h5>\n\n\n\n<p style=\"font-size:15px\">Benutzer von Mobeye SIM-Karten haben praktisch keine Netzwerkprobleme. Die Multi-Provider SIM-Karte sucht und nutzt das Netzwerk, welches vor Ort am st\u00e4rksten ist.<\/p>\n\n\n\n<p style=\"font-size:15px\">Wenn Sie ein Problem haben, k\u00f6nnen Sie sich an Mobeye wenden. Mobeye hat Zugriff auf das Provider-Dashboard f\u00fcr umfassenden technischen Support.<\/p>\n\n\n\n<p style=\"font-size:15px\">Tipp: Legen Sie die Karte nicht in ein anderes Ger\u00e4t oder Telefon ein. Die Karte ist durch einen PIN-Code gesch\u00fctzt. Wenn die Karte gesperrt ist, kontaktieren Sie uns bitte f\u00fcr den PUK-Code.<\/p>\n<\/div>\n\n\n\n<div class=\"wp-block-column is-layout-flow wp-block-column-is-layout-flow\">\n<div class=\"wp-block-rtgb-title mkb-title\"><div class=\"container\"><h2 class=\"mkb-title__title\">Eigene SIM-Karten<\/h2><\/div><\/div>\n\n\n\n<h5 class=\"wp-block-heading\">Sie verwenden Ihre eigene SIM-Karte und haben Probleme<\/h5>\n\n\n\n<ul class=\"wp-block-list\"><li>Hat Ihr Anbieter eine schlechte Netzabdeckung vor Ort?<\/li><li>Ist die SIM-Karte gesperrt und wird die PUK ben\u00f6tigt?<\/li><li>Mit Prepaid: Ist das Guthaben aufgebraucht?<\/li><li>Mit Prepaid: Ist die SIM-Karte abgelaufen?<\/li><li>Mit einer M2M-Karte: Wird ein Anruf oder eine SMS blockiert?<\/li><li>Verbietet Ihr Provider die Verwendung der SIM-Karte in einem Ger\u00e4t?<\/li><\/ul>\n<\/div>\n<\/div>\n\n<\/div>\n","protected":false},"excerpt":{"rendered":"<p>Unterst\u00fctzung f\u00fcr die SIM-Karten Allgemeine Informationen zu SIM-Karten finden Sie unter SIM-Karten. Eine Erl\u00e4uterung des LED-Verhaltens finden Sie auf der Support-Seite f\u00fcr Ihr Produkt.<\/p>\n","protected":false},"author":6,"featured_media":0,"parent":11150,"menu_order":0,"comment_status":"closed","ping_status":"closed","template":"","meta":{"footnotes":""},"class_list":["post-6065","page","type-page","status-publish","hentry"],"yoast_head":"<!-- This site is optimized with the Yoast SEO plugin v25.6 - https:\/\/yoast.com\/wordpress\/plugins\/seo\/ -->\n<title>Support-SIM - Mobeye<\/title>\n<meta name=\"robots\" content=\"index, follow, max-snippet:-1, max-image-preview:large, max-video-preview:-1\" \/>\n<link rel=\"canonical\" href=\"https:\/\/www.mobeye.com\/de\/faqs\/support-sim\" \/>\n<meta property=\"og:locale\" content=\"de_DE\" \/>\n<meta property=\"og:type\" content=\"article\" \/>\n<meta property=\"og:title\" content=\"Support-SIM - Mobeye\" \/>\n<meta property=\"og:description\" content=\"Unterst\u00fctzung f\u00fcr die SIM-Karten Allgemeine Informationen zu SIM-Karten finden Sie unter SIM-Karten. Eine Erl\u00e4uterung des LED-Verhaltens finden Sie auf der Support-Seite f\u00fcr Ihr Produkt.\" \/>\n<meta property=\"og:url\" content=\"https:\/\/www.mobeye.com\/de\/faqs\/support-sim\" \/>\n<meta property=\"og:site_name\" content=\"Mobeye\" \/>\n<meta property=\"article:modified_time\" content=\"2020-05-28T18:50:42+00:00\" \/>\n<meta name=\"twitter:card\" content=\"summary_large_image\" \/>\n<meta name=\"twitter:site\" content=\"@mobeye\" \/>\n<meta name=\"twitter:label1\" content=\"Gesch\u00e4tzte Lesezeit\" \/>\n\t<meta name=\"twitter:data1\" content=\"1\u00a0Minute\" \/>\n<script type=\"application\/ld+json\" class=\"yoast-schema-graph\">{\"@context\":\"https:\/\/schema.org\",\"@graph\":[{\"@type\":\"WebPage\",\"@id\":\"https:\/\/www.mobeye.com\/de\/faqs\/support-sim\",\"url\":\"https:\/\/www.mobeye.com\/de\/faqs\/support-sim\",\"name\":\"Support-SIM - Mobeye\",\"isPartOf\":{\"@id\":\"https:\/\/www.mobeye.com\/de#website\"},\"datePublished\":\"2020-05-24T20:10:29+00:00\",\"dateModified\":\"2020-05-28T18:50:42+00:00\",\"breadcrumb\":{\"@id\":\"https:\/\/www.mobeye.com\/de\/faqs\/support-sim#breadcrumb\"},\"inLanguage\":\"de\",\"potentialAction\":[{\"@type\":\"ReadAction\",\"target\":[\"https:\/\/www.mobeye.com\/de\/faqs\/support-sim\"]}]},{\"@type\":\"BreadcrumbList\",\"@id\":\"https:\/\/www.mobeye.com\/de\/faqs\/support-sim#breadcrumb\",\"itemListElement\":[{\"@type\":\"ListItem\",\"position\":1,\"name\":\"Home\",\"item\":\"https:\/\/www.mobeye.com\/de\"},{\"@type\":\"ListItem\",\"position\":2,\"name\":\"FAQs\",\"item\":\"https:\/\/www.mobeye.com\/de\/faqs\"},{\"@type\":\"ListItem\",\"position\":3,\"name\":\"Support-SIM\"}]},{\"@type\":\"WebSite\",\"@id\":\"https:\/\/www.mobeye.com\/de#website\",\"url\":\"https:\/\/www.mobeye.com\/de\",\"name\":\"Mobeye\",\"description\":\"Mobeye alarm and monitoring products\",\"publisher\":{\"@id\":\"https:\/\/www.mobeye.com\/de#organization\"},\"potentialAction\":[{\"@type\":\"SearchAction\",\"target\":{\"@type\":\"EntryPoint\",\"urlTemplate\":\"https:\/\/www.mobeye.com\/de?s={search_term_string}\"},\"query-input\":{\"@type\":\"PropertyValueSpecification\",\"valueRequired\":true,\"valueName\":\"search_term_string\"}}],\"inLanguage\":\"de\"},{\"@type\":\"Organization\",\"@id\":\"https:\/\/www.mobeye.com\/de#organization\",\"name\":\"Mobeye\",\"url\":\"https:\/\/www.mobeye.com\/de\",\"logo\":{\"@type\":\"ImageObject\",\"inLanguage\":\"de\",\"@id\":\"https:\/\/www.mobeye.com\/de#\/schema\/logo\/image\/\",\"url\":\"https:\/\/www.mobeye.com\/files\/Mobeye-logo-600px.jpg\",\"contentUrl\":\"https:\/\/www.mobeye.com\/files\/Mobeye-logo-600px.jpg\",\"width\":675,\"height\":600,\"caption\":\"Mobeye\"},\"image\":{\"@id\":\"https:\/\/www.mobeye.com\/de#\/schema\/logo\/image\/\"},\"sameAs\":[\"https:\/\/x.com\/mobeye\",\"https:\/\/www.linkedin.com\/company\/mobeye\/\",\"https:\/\/nl.pinterest.com\/mobeye\/\",\"https:\/\/www.youtube.com\/user\/MobeyeBV\/\"]}]}<\/script>\n<!-- \/ Yoast SEO plugin. -->","yoast_head_json":{"title":"Support-SIM - Mobeye","robots":{"index":"index","follow":"follow","max-snippet":"max-snippet:-1","max-image-preview":"max-image-preview:large","max-video-preview":"max-video-preview:-1"},"canonical":"https:\/\/www.mobeye.com\/de\/faqs\/support-sim","og_locale":"de_DE","og_type":"article","og_title":"Support-SIM - Mobeye","og_description":"Unterst\u00fctzung f\u00fcr die SIM-Karten Allgemeine Informationen zu SIM-Karten finden Sie unter SIM-Karten. Eine Erl\u00e4uterung des LED-Verhaltens finden Sie auf der Support-Seite f\u00fcr Ihr Produkt.","og_url":"https:\/\/www.mobeye.com\/de\/faqs\/support-sim","og_site_name":"Mobeye","article_modified_time":"2020-05-28T18:50:42+00:00","twitter_card":"summary_large_image","twitter_site":"@mobeye","twitter_misc":{"Gesch\u00e4tzte Lesezeit":"1\u00a0Minute"},"schema":{"@context":"https:\/\/schema.org","@graph":[{"@type":"WebPage","@id":"https:\/\/www.mobeye.com\/de\/faqs\/support-sim","url":"https:\/\/www.mobeye.com\/de\/faqs\/support-sim","name":"Support-SIM - Mobeye","isPartOf":{"@id":"https:\/\/www.mobeye.com\/de#website"},"datePublished":"2020-05-24T20:10:29+00:00","dateModified":"2020-05-28T18:50:42+00:00","breadcrumb":{"@id":"https:\/\/www.mobeye.com\/de\/faqs\/support-sim#breadcrumb"},"inLanguage":"de","potentialAction":[{"@type":"ReadAction","target":["https:\/\/www.mobeye.com\/de\/faqs\/support-sim"]}]},{"@type":"BreadcrumbList","@id":"https:\/\/www.mobeye.com\/de\/faqs\/support-sim#breadcrumb","itemListElement":[{"@type":"ListItem","position":1,"name":"Home","item":"https:\/\/www.mobeye.com\/de"},{"@type":"ListItem","position":2,"name":"FAQs","item":"https:\/\/www.mobeye.com\/de\/faqs"},{"@type":"ListItem","position":3,"name":"Support-SIM"}]},{"@type":"WebSite","@id":"https:\/\/www.mobeye.com\/de#website","url":"https:\/\/www.mobeye.com\/de","name":"Mobeye","description":"Mobeye alarm and monitoring products","publisher":{"@id":"https:\/\/www.mobeye.com\/de#organization"},"potentialAction":[{"@type":"SearchAction","target":{"@type":"EntryPoint","urlTemplate":"https:\/\/www.mobeye.com\/de?s={search_term_string}"},"query-input":{"@type":"PropertyValueSpecification","valueRequired":true,"valueName":"search_term_string"}}],"inLanguage":"de"},{"@type":"Organization","@id":"https:\/\/www.mobeye.com\/de#organization","name":"Mobeye","url":"https:\/\/www.mobeye.com\/de","logo":{"@type":"ImageObject","inLanguage":"de","@id":"https:\/\/www.mobeye.com\/de#\/schema\/logo\/image\/","url":"https:\/\/www.mobeye.com\/files\/Mobeye-logo-600px.jpg","contentUrl":"https:\/\/www.mobeye.com\/files\/Mobeye-logo-600px.jpg","width":675,"height":600,"caption":"Mobeye"},"image":{"@id":"https:\/\/www.mobeye.com\/de#\/schema\/logo\/image\/"},"sameAs":["https:\/\/x.com\/mobeye","https:\/\/www.linkedin.com\/company\/mobeye\/","https:\/\/nl.pinterest.com\/mobeye\/","https:\/\/www.youtube.com\/user\/MobeyeBV\/"]}]}},"uagb_featured_image_src":{"full":false,"thumbnail":false,"medium":false,"medium_large":false,"large":false,"1536x1536":false,"2048x2048":false},"uagb_author_info":{"display_name":"Martine","author_link":"https:\/\/www.mobeye.com\/de\/author\/martine"},"uagb_comment_info":0,"uagb_excerpt":"Unterst\u00fctzung f\u00fcr die SIM-Karten Allgemeine Informationen zu SIM-Karten finden Sie unter SIM-Karten. Eine Erl\u00e4uterung des LED-Verhaltens finden Sie auf der Support-Seite f\u00fcr Ihr Produkt.","_links":{"self":[{"href":"https:\/\/www.mobeye.com\/de\/wp-json\/wp\/v2\/pages\/6065"}],"collection":[{"href":"https:\/\/www.mobeye.com\/de\/wp-json\/wp\/v2\/pages"}],"about":[{"href":"https:\/\/www.mobeye.com\/de\/wp-json\/wp\/v2\/types\/page"}],"author":[{"embeddable":true,"href":"https:\/\/www.mobeye.com\/de\/wp-json\/wp\/v2\/users\/6"}],"replies":[{"embeddable":true,"href":"https:\/\/www.mobeye.com\/de\/wp-json\/wp\/v2\/comments?post=6065"}],"version-history":[{"count":8,"href":"https:\/\/www.mobeye.com\/de\/wp-json\/wp\/v2\/pages\/6065\/revisions"}],"predecessor-version":[{"id":6477,"href":"https:\/\/www.mobeye.com\/de\/wp-json\/wp\/v2\/pages\/6065\/revisions\/6477"}],"up":[{"embeddable":true,"href":"https:\/\/www.mobeye.com\/de\/wp-json\/wp\/v2\/pages\/11150"}],"wp:attachment":[{"href":"https:\/\/www.mobeye.com\/de\/wp-json\/wp\/v2\/media?parent=6065"}],"curies":[{"name":"wp","href":"https:\/\/api.w.org\/{rel}","templated":true}]}}