{"id":6712,"date":"2020-06-11T02:01:34","date_gmt":"2020-06-11T00:01:34","guid":{"rendered":"https:\/\/www.mobeye.com\/?page_id=6712"},"modified":"2020-11-30T12:51:31","modified_gmt":"2020-11-30T10:51:31","slug":"themen","status":"publish","type":"page","link":"https:\/\/www.mobeye.com\/de\/themen","title":{"rendered":"Techno-themen"},"content":{"rendered":"\n<div class=\"wp-block-columns is-layout-flex wp-container-core-columns-is-layout-1 wp-block-columns-is-layout-flex\">\n<div class=\"wp-block-column is-layout-flow wp-block-column-is-layout-flow\">\n<div class=\"wp-block-media-text alignwide has-very-light-gray-background-color has-background\" style=\"grid-template-columns:30% auto\"><figure class=\"wp-block-media-text__media\"><img loading=\"lazy\" decoding=\"async\" width=\"150\" height=\"150\" src=\"https:\/\/www.mobeye.com\/files\/IPA-CM2100-IP.jpg\" alt=\"\" class=\"wp-image-4147\"\/><\/figure><div class=\"wp-block-media-text__content\">\n<p class=\"has-small-font-size\"><br><strong>Fern\u00fcberwachung. Gerade jetzt.<\/strong> <br>T\u00e4gliche Inspektionsrunden sind nicht mehr erforderlich. Und nicht w\u00fcnschenswert. Fast jeden Tag helfen wir unseren Kunden, Situationen mit Mobeye Produkten aus der Ferne zu \u00fcberwachen. <\/p>\n\n\n\n<p class=\"has-text-align-right\"><a href=\"https:\/\/www.mobeye.com\/de\/themen\/fernueberwachung\">Weiter lesen<\/a><\/p>\n<\/div><\/div>\n<\/div>\n\n\n\n<div class=\"wp-block-column is-layout-flow wp-block-column-is-layout-flow\">\n<div class=\"wp-block-media-text alignwide has-very-light-gray-background-color has-background\" style=\"grid-template-columns:33% auto\"><figure class=\"wp-block-media-text__media\"><img loading=\"lazy\" decoding=\"async\" width=\"150\" height=\"150\" src=\"https:\/\/www.mobeye.com\/files\/IPA-Sensors.png\" alt=\"\" class=\"wp-image-6748\"\/><\/figure><div class=\"wp-block-media-text__content\">\n<p class=\"has-small-font-size\"><br><strong>Messen mit Sensoren<\/strong><br>Sensoren sind unsere \u00e4u\u00dferen Sinne. Erfahren Sie mehr \u00fcber die verschiedenen Ausgangssignale und eine standardisierte Methode zum Lesen der Messwerte.<\/p>\n\n\n\n<p class=\"has-text-align-right\"><a href=\"https:\/\/www.mobeye.com\/de\/themen\/sensormessungen\">Weiter lesen<\/a><\/p>\n<\/div><\/div>\n<\/div>\n<\/div>\n\n\n\n<div class=\"wp-block-columns is-layout-flex wp-container-core-columns-is-layout-2 wp-block-columns-is-layout-flex\">\n<div class=\"wp-block-column is-layout-flow wp-block-column-is-layout-flow\">\n<div class=\"wp-block-media-text alignwide has-very-light-gray-background-color has-background\" style=\"grid-template-columns:32% auto\"><figure class=\"wp-block-media-text__media\"><img loading=\"lazy\" decoding=\"async\" width=\"150\" height=\"150\" src=\"https:\/\/www.mobeye.com\/files\/IPA-CML2255db.jpg\" alt=\"\" class=\"wp-image-6743\"\/><\/figure><div class=\"wp-block-media-text__content\">\n<p class=\"has-small-font-size\"><br><strong>Wo Daten Informationen werden<\/strong> <br>Eine einzelne Kennzahl zeigt einen Status an, ein Wertebereich kann ein Indikator f\u00fcr eine \u00c4nderung sein. Vorhersagen sind mit vielen Daten m\u00f6glich.  <\/p>\n\n\n\n<p class=\"has-text-align-right\"><a href=\"https:\/\/www.mobeye.com\/de\/themen\/datenanalyse\">Weiter lesen<\/a><\/p>\n<\/div><\/div>\n<\/div>\n\n\n\n<div class=\"wp-block-column is-layout-flow wp-block-column-is-layout-flow\"><\/div>\n<\/div>\n\n\n\n<p><\/p>\n","protected":false},"excerpt":{"rendered":"<p>Fern\u00fcberwachung. Gerade jetzt. T\u00e4gliche Inspektionsrunden sind nicht mehr erforderlich. Und nicht w\u00fcnschenswert. Fast jeden Tag helfen wir unseren Kunden, Situationen mit Mobeye Produkten aus der Ferne zu \u00fcberwachen. Weiter lesen Messen mit SensorenSensoren sind unsere \u00e4u\u00dferen Sinne. Erfahren Sie mehr \u00fcber die verschiedenen Ausgangssignale und eine standardisierte Methode zum Lesen der Messwerte. Weiter lesen Wo [&hellip;]<\/p>\n","protected":false},"author":6,"featured_media":3625,"parent":0,"menu_order":0,"comment_status":"closed","ping_status":"closed","template":"","meta":{"footnotes":""},"class_list":["post-6712","page","type-page","status-publish","has-post-thumbnail","hentry"],"yoast_head":"<!-- This site is optimized with the Yoast SEO plugin v25.6 - https:\/\/yoast.com\/wordpress\/plugins\/seo\/ -->\n<title>Techno-themen - Mobeye<\/title>\n<meta name=\"robots\" content=\"index, follow, max-snippet:-1, max-image-preview:large, max-video-preview:-1\" \/>\n<link rel=\"canonical\" href=\"https:\/\/www.mobeye.com\/de\/themen\" \/>\n<meta property=\"og:locale\" content=\"de_DE\" \/>\n<meta property=\"og:type\" content=\"article\" \/>\n<meta property=\"og:title\" content=\"Techno-themen - Mobeye\" \/>\n<meta property=\"og:description\" content=\"Fern\u00fcberwachung. Gerade jetzt. T\u00e4gliche Inspektionsrunden sind nicht mehr erforderlich. Und nicht w\u00fcnschenswert. Fast jeden Tag helfen wir unseren Kunden, Situationen mit Mobeye Produkten aus der Ferne zu \u00fcberwachen. Weiter lesen Messen mit SensorenSensoren sind unsere \u00e4u\u00dferen Sinne. Erfahren Sie mehr \u00fcber die verschiedenen Ausgangssignale und eine standardisierte Methode zum Lesen der Messwerte. Weiter lesen Wo [&hellip;]\" \/>\n<meta property=\"og:url\" content=\"https:\/\/www.mobeye.com\/de\/themen\" \/>\n<meta property=\"og:site_name\" content=\"Mobeye\" \/>\n<meta property=\"article:modified_time\" content=\"2020-11-30T10:51:31+00:00\" \/>\n<meta property=\"og:image\" content=\"https:\/\/www.mobeye.com\/files\/IHP-fieldsensor.jpg\" \/>\n\t<meta property=\"og:image:width\" content=\"1440\" \/>\n\t<meta property=\"og:image:height\" content=\"150\" \/>\n\t<meta property=\"og:image:type\" content=\"image\/jpeg\" \/>\n<meta name=\"twitter:card\" content=\"summary_large_image\" \/>\n<meta name=\"twitter:site\" content=\"@mobeye\" \/>\n<script type=\"application\/ld+json\" class=\"yoast-schema-graph\">{\"@context\":\"https:\/\/schema.org\",\"@graph\":[{\"@type\":\"WebPage\",\"@id\":\"https:\/\/www.mobeye.com\/de\/themen\",\"url\":\"https:\/\/www.mobeye.com\/de\/themen\",\"name\":\"Techno-themen - Mobeye\",\"isPartOf\":{\"@id\":\"https:\/\/www.mobeye.com\/de#website\"},\"primaryImageOfPage\":{\"@id\":\"https:\/\/www.mobeye.com\/de\/themen#primaryimage\"},\"image\":{\"@id\":\"https:\/\/www.mobeye.com\/de\/themen#primaryimage\"},\"thumbnailUrl\":\"https:\/\/www.mobeye.com\/files\/IHP-fieldsensor.jpg\",\"datePublished\":\"2020-06-11T00:01:34+00:00\",\"dateModified\":\"2020-11-30T10:51:31+00:00\",\"breadcrumb\":{\"@id\":\"https:\/\/www.mobeye.com\/de\/themen#breadcrumb\"},\"inLanguage\":\"de\",\"potentialAction\":[{\"@type\":\"ReadAction\",\"target\":[\"https:\/\/www.mobeye.com\/de\/themen\"]}]},{\"@type\":\"ImageObject\",\"inLanguage\":\"de\",\"@id\":\"https:\/\/www.mobeye.com\/de\/themen#primaryimage\",\"url\":\"https:\/\/www.mobeye.com\/files\/IHP-fieldsensor.jpg\",\"contentUrl\":\"https:\/\/www.mobeye.com\/files\/IHP-fieldsensor.jpg\",\"width\":1440,\"height\":150},{\"@type\":\"BreadcrumbList\",\"@id\":\"https:\/\/www.mobeye.com\/de\/themen#breadcrumb\",\"itemListElement\":[{\"@type\":\"ListItem\",\"position\":1,\"name\":\"Home\",\"item\":\"https:\/\/www.mobeye.com\/de\"},{\"@type\":\"ListItem\",\"position\":2,\"name\":\"Techno-themen\"}]},{\"@type\":\"WebSite\",\"@id\":\"https:\/\/www.mobeye.com\/de#website\",\"url\":\"https:\/\/www.mobeye.com\/de\",\"name\":\"Mobeye\",\"description\":\"Mobeye alarm and monitoring products\",\"publisher\":{\"@id\":\"https:\/\/www.mobeye.com\/de#organization\"},\"potentialAction\":[{\"@type\":\"SearchAction\",\"target\":{\"@type\":\"EntryPoint\",\"urlTemplate\":\"https:\/\/www.mobeye.com\/de?s={search_term_string}\"},\"query-input\":{\"@type\":\"PropertyValueSpecification\",\"valueRequired\":true,\"valueName\":\"search_term_string\"}}],\"inLanguage\":\"de\"},{\"@type\":\"Organization\",\"@id\":\"https:\/\/www.mobeye.com\/de#organization\",\"name\":\"Mobeye\",\"url\":\"https:\/\/www.mobeye.com\/de\",\"logo\":{\"@type\":\"ImageObject\",\"inLanguage\":\"de\",\"@id\":\"https:\/\/www.mobeye.com\/de#\/schema\/logo\/image\/\",\"url\":\"https:\/\/www.mobeye.com\/files\/Mobeye-logo-600px.jpg\",\"contentUrl\":\"https:\/\/www.mobeye.com\/files\/Mobeye-logo-600px.jpg\",\"width\":675,\"height\":600,\"caption\":\"Mobeye\"},\"image\":{\"@id\":\"https:\/\/www.mobeye.com\/de#\/schema\/logo\/image\/\"},\"sameAs\":[\"https:\/\/x.com\/mobeye\",\"https:\/\/www.linkedin.com\/company\/mobeye\/\",\"https:\/\/nl.pinterest.com\/mobeye\/\",\"https:\/\/www.youtube.com\/user\/MobeyeBV\/\"]}]}<\/script>\n<!-- \/ Yoast SEO plugin. -->","yoast_head_json":{"title":"Techno-themen - Mobeye","robots":{"index":"index","follow":"follow","max-snippet":"max-snippet:-1","max-image-preview":"max-image-preview:large","max-video-preview":"max-video-preview:-1"},"canonical":"https:\/\/www.mobeye.com\/de\/themen","og_locale":"de_DE","og_type":"article","og_title":"Techno-themen - Mobeye","og_description":"Fern\u00fcberwachung. Gerade jetzt. T\u00e4gliche Inspektionsrunden sind nicht mehr erforderlich. Und nicht w\u00fcnschenswert. Fast jeden Tag helfen wir unseren Kunden, Situationen mit Mobeye Produkten aus der Ferne zu \u00fcberwachen. Weiter lesen Messen mit SensorenSensoren sind unsere \u00e4u\u00dferen Sinne. Erfahren Sie mehr \u00fcber die verschiedenen Ausgangssignale und eine standardisierte Methode zum Lesen der Messwerte. Weiter lesen Wo [&hellip;]","og_url":"https:\/\/www.mobeye.com\/de\/themen","og_site_name":"Mobeye","article_modified_time":"2020-11-30T10:51:31+00:00","og_image":[{"width":1440,"height":150,"url":"https:\/\/www.mobeye.com\/files\/IHP-fieldsensor.jpg","type":"image\/jpeg"}],"twitter_card":"summary_large_image","twitter_site":"@mobeye","schema":{"@context":"https:\/\/schema.org","@graph":[{"@type":"WebPage","@id":"https:\/\/www.mobeye.com\/de\/themen","url":"https:\/\/www.mobeye.com\/de\/themen","name":"Techno-themen - Mobeye","isPartOf":{"@id":"https:\/\/www.mobeye.com\/de#website"},"primaryImageOfPage":{"@id":"https:\/\/www.mobeye.com\/de\/themen#primaryimage"},"image":{"@id":"https:\/\/www.mobeye.com\/de\/themen#primaryimage"},"thumbnailUrl":"https:\/\/www.mobeye.com\/files\/IHP-fieldsensor.jpg","datePublished":"2020-06-11T00:01:34+00:00","dateModified":"2020-11-30T10:51:31+00:00","breadcrumb":{"@id":"https:\/\/www.mobeye.com\/de\/themen#breadcrumb"},"inLanguage":"de","potentialAction":[{"@type":"ReadAction","target":["https:\/\/www.mobeye.com\/de\/themen"]}]},{"@type":"ImageObject","inLanguage":"de","@id":"https:\/\/www.mobeye.com\/de\/themen#primaryimage","url":"https:\/\/www.mobeye.com\/files\/IHP-fieldsensor.jpg","contentUrl":"https:\/\/www.mobeye.com\/files\/IHP-fieldsensor.jpg","width":1440,"height":150},{"@type":"BreadcrumbList","@id":"https:\/\/www.mobeye.com\/de\/themen#breadcrumb","itemListElement":[{"@type":"ListItem","position":1,"name":"Home","item":"https:\/\/www.mobeye.com\/de"},{"@type":"ListItem","position":2,"name":"Techno-themen"}]},{"@type":"WebSite","@id":"https:\/\/www.mobeye.com\/de#website","url":"https:\/\/www.mobeye.com\/de","name":"Mobeye","description":"Mobeye alarm and monitoring products","publisher":{"@id":"https:\/\/www.mobeye.com\/de#organization"},"potentialAction":[{"@type":"SearchAction","target":{"@type":"EntryPoint","urlTemplate":"https:\/\/www.mobeye.com\/de?s={search_term_string}"},"query-input":{"@type":"PropertyValueSpecification","valueRequired":true,"valueName":"search_term_string"}}],"inLanguage":"de"},{"@type":"Organization","@id":"https:\/\/www.mobeye.com\/de#organization","name":"Mobeye","url":"https:\/\/www.mobeye.com\/de","logo":{"@type":"ImageObject","inLanguage":"de","@id":"https:\/\/www.mobeye.com\/de#\/schema\/logo\/image\/","url":"https:\/\/www.mobeye.com\/files\/Mobeye-logo-600px.jpg","contentUrl":"https:\/\/www.mobeye.com\/files\/Mobeye-logo-600px.jpg","width":675,"height":600,"caption":"Mobeye"},"image":{"@id":"https:\/\/www.mobeye.com\/de#\/schema\/logo\/image\/"},"sameAs":["https:\/\/x.com\/mobeye","https:\/\/www.linkedin.com\/company\/mobeye\/","https:\/\/nl.pinterest.com\/mobeye\/","https:\/\/www.youtube.com\/user\/MobeyeBV\/"]}]}},"uagb_featured_image_src":{"full":["https:\/\/www.mobeye.com\/files\/IHP-fieldsensor.jpg",1440,150,false],"thumbnail":["https:\/\/www.mobeye.com\/files\/IHP-fieldsensor-150x150.jpg",150,150,true],"medium":["https:\/\/www.mobeye.com\/files\/IHP-fieldsensor-300x31.jpg",300,31,true],"medium_large":["https:\/\/www.mobeye.com\/files\/IHP-fieldsensor-768x80.jpg",768,80,true],"large":["https:\/\/www.mobeye.com\/files\/IHP-fieldsensor-1024x107.jpg",1024,107,true],"1536x1536":["https:\/\/www.mobeye.com\/files\/IHP-fieldsensor.jpg",1440,150,false],"2048x2048":["https:\/\/www.mobeye.com\/files\/IHP-fieldsensor.jpg",1440,150,false]},"uagb_author_info":{"display_name":"Martine","author_link":"https:\/\/www.mobeye.com\/de\/author\/martine"},"uagb_comment_info":0,"uagb_excerpt":"Fern\u00fcberwachung. Gerade jetzt. T\u00e4gliche Inspektionsrunden sind nicht mehr erforderlich. Und nicht w\u00fcnschenswert. Fast jeden Tag helfen wir unseren Kunden, Situationen mit Mobeye Produkten aus der Ferne zu \u00fcberwachen. Weiter lesen Messen mit SensorenSensoren sind unsere \u00e4u\u00dferen Sinne. Erfahren Sie mehr \u00fcber die verschiedenen Ausgangssignale und eine standardisierte Methode zum Lesen der Messwerte. Weiter lesen Wo&hellip;","_links":{"self":[{"href":"https:\/\/www.mobeye.com\/de\/wp-json\/wp\/v2\/pages\/6712"}],"collection":[{"href":"https:\/\/www.mobeye.com\/de\/wp-json\/wp\/v2\/pages"}],"about":[{"href":"https:\/\/www.mobeye.com\/de\/wp-json\/wp\/v2\/types\/page"}],"author":[{"embeddable":true,"href":"https:\/\/www.mobeye.com\/de\/wp-json\/wp\/v2\/users\/6"}],"replies":[{"embeddable":true,"href":"https:\/\/www.mobeye.com\/de\/wp-json\/wp\/v2\/comments?post=6712"}],"version-history":[{"count":12,"href":"https:\/\/www.mobeye.com\/de\/wp-json\/wp\/v2\/pages\/6712\/revisions"}],"predecessor-version":[{"id":7103,"href":"https:\/\/www.mobeye.com\/de\/wp-json\/wp\/v2\/pages\/6712\/revisions\/7103"}],"wp:featuredmedia":[{"embeddable":true,"href":"https:\/\/www.mobeye.com\/de\/wp-json\/wp\/v2\/media\/3625"}],"wp:attachment":[{"href":"https:\/\/www.mobeye.com\/de\/wp-json\/wp\/v2\/media?parent=6712"}],"curies":[{"name":"wp","href":"https:\/\/api.w.org\/{rel}","templated":true}]}}