{"id":6790,"date":"2020-06-11T02:06:24","date_gmt":"2020-06-11T00:06:24","guid":{"rendered":"https:\/\/www.mobeye.com\/?page_id=6790"},"modified":"2022-11-13T23:51:14","modified_gmt":"2022-11-13T21:51:14","slug":"fernueberwachung","status":"publish","type":"page","link":"https:\/\/www.mobeye.com\/de\/themen\/fernueberwachung","title":{"rendered":"Fern\u00fcberwachung. Gerade jetzt."},"content":{"rendered":"\n<div class=\"wp-block-rtgb-title mkb-title\"><div class=\"container\"><h2 class=\"mkb-title__title\">Fern\u00fcberwachung. Gerade jetzt.<\/h2><\/div><\/div>\n\n\n\n<p style=\"font-size:15px\">Intelligenter, gr\u00fcner und zukunftssicher. Fern\u00fcberwachung ist nachhaltig und liefert mehr Informationen.<\/p>\n\n\n\n<div class=\"wp-block-columns is-layout-flex wp-container-core-columns-is-layout-1 wp-block-columns-is-layout-flex\">\n<div class=\"wp-block-column is-layout-flow wp-block-column-is-layout-flow\" style=\"flex-basis:60%\">\n<div style=\"height:20px\" aria-hidden=\"true\" class=\"wp-block-spacer\"><\/div>\n\n\n\n<p style=\"font-size:15px\">Fast jeden Tag helfen wir unseren Kunden, mehr Installationen und Situationen mit Mobeye Produkten aus der Ferne zu \u00fcberwachen. Denn viele Inspektionen werden immer noch direkt vor Ort durchgef\u00fchrt.  Beispielsweise die t\u00e4gliche Runde zur \u00dcberpr\u00fcfung der Wasserpumpen zum Bef\u00fcllen von Brunnen, Fahrten entlang der Strommasten, um rote Fehlerlichter zu finden, die Kontrolle der Inhalte von AED-Schr\u00e4nken, die Pr\u00fcfung von Pegelst\u00e4nden in Abwassertanks oder die \u00dcberwachung von Pressmaschinen auf den F\u00fcllgrad.<\/p>\n<\/div>\n\n\n\n<div class=\"wp-block-column is-layout-flow wp-block-column-is-layout-flow\" style=\"flex-basis:40%\">\n<p class=\"has-text-align-center\"><img loading=\"lazy\" decoding=\"async\" width=\"150\" height=\"150\" class=\"wp-image-6743\" style=\"width: 150px;\" src=\"https:\/\/www.mobeye.com\/files\/IPA-CML2255db.jpg\" alt=\"\"><\/p>\n<\/div>\n<\/div>\n\n\n\n<div class=\"wp-block-columns is-layout-flex wp-container-core-columns-is-layout-2 wp-block-columns-is-layout-flex\">\n<div class=\"wp-block-column is-layout-flow wp-block-column-is-layout-flow\" style=\"flex-basis:60%\">\n<p style=\"font-size:15px\">Die Beispiele sind unersch\u00f6pflich. Der gemeinsame Nenner ist klar; in allen Beispielen ist eine Fern\u00fcberwachung m\u00f6glich. Mit einem einfachen und zuverl\u00e4ssigen Ger\u00e4t, das die Situation mit einfachen Sensoren \u00fcberwacht. Das gibt einen Einblick in den Status. Und benachrichtigt sofort, wenn sich die Situation \u00e4ndert. Durch die Fern\u00fcberwachung wird sichergestellt das Sie fr\u00fcher informiert werden, als w\u00e4hrend einer geplanten Inspektionsrunde. So k\u00f6nnen Sie immer sicher sein. Und Sie m\u00fcssen weniger Inspektionsrunden durchf\u00fchren.<\/p>\n\n\n\n<p style=\"font-size:15px\">Gut f\u00fcr die Gesundheit, gut f\u00fcr die Umwelt und gut f\u00fcr Ihre Agenda.<\/p>\n<\/div>\n\n\n\n<div class=\"wp-block-column is-layout-flow wp-block-column-is-layout-flow\" style=\"flex-basis:40%\">\n<p class=\"has-text-align-center\"><img loading=\"lazy\" decoding=\"async\" width=\"373\" height=\"433\" class=\"wp-image-3740\" style=\"width: 150px;height: 200px\" src=\"https:\/\/www.mobeye.com\/files\/IPA-phone-alarm.jpg\" alt=\"\" srcset=\"https:\/\/www.mobeye.com\/files\/IPA-phone-alarm.jpg 373w, https:\/\/www.mobeye.com\/files\/IPA-phone-alarm-258x300.jpg 258w\" sizes=\"(max-width: 373px) 100vw, 373px\" \/><\/p>\n<\/div>\n<\/div>\n\n\n\n<div class=\"wp-block-rtgb-call-2-action mkb-call2action\"><div class=\"mkb-call2action__inner container\"><div class=\"cta-content\"><p>M\u00f6chten Sie eine Installation oder Situation fern\u00fcberwachten? <\/p><p>Wenden Sie sich an Mobeye, um weitere Informationen zu erhalten. <\/p><\/div><div><a href=\"https:\/\/www.mobeye.com\/de\/kontaktformular\" class=\"mkb-button mkb-button--accent mkb-button--rounded text-uppercase\">KONTAKT MIT MOBEYE<\/a><\/div><\/div><\/div>\n","protected":false},"excerpt":{"rendered":"<p>Intelligenter, gr\u00fcner und zukunftssicher. Fern\u00fcberwachung ist nachhaltig und liefert mehr Informationen. Fast jeden Tag helfen wir unseren Kunden, mehr Installationen und Situationen mit Mobeye Produkten aus der Ferne zu \u00fcberwachen. Denn viele Inspektionen werden immer noch direkt vor Ort durchgef\u00fchrt. Beispielsweise die t\u00e4gliche Runde zur \u00dcberpr\u00fcfung der Wasserpumpen zum Bef\u00fcllen von Brunnen, Fahrten entlang der [&hellip;]<\/p>\n","protected":false},"author":6,"featured_media":0,"parent":6712,"menu_order":105,"comment_status":"closed","ping_status":"closed","template":"","meta":{"footnotes":""},"class_list":["post-6790","page","type-page","status-publish","hentry"],"yoast_head":"<!-- This site is optimized with the Yoast SEO plugin v25.6 - https:\/\/yoast.com\/wordpress\/plugins\/seo\/ -->\n<title>Fern\u00fcberwachung. Gerade jetzt. - Mobeye<\/title>\n<meta name=\"robots\" content=\"index, follow, max-snippet:-1, max-image-preview:large, max-video-preview:-1\" \/>\n<link rel=\"canonical\" href=\"https:\/\/www.mobeye.com\/de\/themen\/fernueberwachung\" \/>\n<meta property=\"og:locale\" content=\"de_DE\" \/>\n<meta property=\"og:type\" content=\"article\" \/>\n<meta property=\"og:title\" content=\"Fern\u00fcberwachung. Gerade jetzt. - Mobeye\" \/>\n<meta property=\"og:description\" content=\"Intelligenter, gr\u00fcner und zukunftssicher. Fern\u00fcberwachung ist nachhaltig und liefert mehr Informationen. Fast jeden Tag helfen wir unseren Kunden, mehr Installationen und Situationen mit Mobeye Produkten aus der Ferne zu \u00fcberwachen. Denn viele Inspektionen werden immer noch direkt vor Ort durchgef\u00fchrt. Beispielsweise die t\u00e4gliche Runde zur \u00dcberpr\u00fcfung der Wasserpumpen zum Bef\u00fcllen von Brunnen, Fahrten entlang der [&hellip;]\" \/>\n<meta property=\"og:url\" content=\"https:\/\/www.mobeye.com\/de\/themen\/fernueberwachung\" \/>\n<meta property=\"og:site_name\" content=\"Mobeye\" \/>\n<meta property=\"article:modified_time\" content=\"2022-11-13T21:51:14+00:00\" \/>\n<meta property=\"og:image\" content=\"https:\/\/www.mobeye.com\/files\/IPA-CML2255db.jpg\" \/>\n<meta name=\"twitter:card\" content=\"summary_large_image\" \/>\n<meta name=\"twitter:site\" content=\"@mobeye\" \/>\n<meta name=\"twitter:label1\" content=\"Gesch\u00e4tzte Lesezeit\" \/>\n\t<meta name=\"twitter:data1\" content=\"2\u00a0Minuten\" \/>\n<script type=\"application\/ld+json\" class=\"yoast-schema-graph\">{\"@context\":\"https:\/\/schema.org\",\"@graph\":[{\"@type\":\"WebPage\",\"@id\":\"https:\/\/www.mobeye.com\/de\/themen\/fernueberwachung\",\"url\":\"https:\/\/www.mobeye.com\/de\/themen\/fernueberwachung\",\"name\":\"Fern\u00fcberwachung. Gerade jetzt. - Mobeye\",\"isPartOf\":{\"@id\":\"https:\/\/www.mobeye.com\/de#website\"},\"primaryImageOfPage\":{\"@id\":\"https:\/\/www.mobeye.com\/de\/themen\/fernueberwachung#primaryimage\"},\"image\":{\"@id\":\"https:\/\/www.mobeye.com\/de\/themen\/fernueberwachung#primaryimage\"},\"thumbnailUrl\":\"https:\/\/www.mobeye.com\/files\/IPA-CML2255db.jpg\",\"datePublished\":\"2020-06-11T00:06:24+00:00\",\"dateModified\":\"2022-11-13T21:51:14+00:00\",\"breadcrumb\":{\"@id\":\"https:\/\/www.mobeye.com\/de\/themen\/fernueberwachung#breadcrumb\"},\"inLanguage\":\"de\",\"potentialAction\":[{\"@type\":\"ReadAction\",\"target\":[\"https:\/\/www.mobeye.com\/de\/themen\/fernueberwachung\"]}]},{\"@type\":\"ImageObject\",\"inLanguage\":\"de\",\"@id\":\"https:\/\/www.mobeye.com\/de\/themen\/fernueberwachung#primaryimage\",\"url\":\"https:\/\/www.mobeye.com\/files\/IPA-CML2255db.jpg\",\"contentUrl\":\"https:\/\/www.mobeye.com\/files\/IPA-CML2255db.jpg\"},{\"@type\":\"BreadcrumbList\",\"@id\":\"https:\/\/www.mobeye.com\/de\/themen\/fernueberwachung#breadcrumb\",\"itemListElement\":[{\"@type\":\"ListItem\",\"position\":1,\"name\":\"Home\",\"item\":\"https:\/\/www.mobeye.com\/de\"},{\"@type\":\"ListItem\",\"position\":2,\"name\":\"Techno-themen\",\"item\":\"https:\/\/www.mobeye.com\/de\/themen\"},{\"@type\":\"ListItem\",\"position\":3,\"name\":\"Fern\u00fcberwachung. Gerade jetzt.\"}]},{\"@type\":\"WebSite\",\"@id\":\"https:\/\/www.mobeye.com\/de#website\",\"url\":\"https:\/\/www.mobeye.com\/de\",\"name\":\"Mobeye\",\"description\":\"Mobeye alarm and monitoring products\",\"publisher\":{\"@id\":\"https:\/\/www.mobeye.com\/de#organization\"},\"potentialAction\":[{\"@type\":\"SearchAction\",\"target\":{\"@type\":\"EntryPoint\",\"urlTemplate\":\"https:\/\/www.mobeye.com\/de?s={search_term_string}\"},\"query-input\":{\"@type\":\"PropertyValueSpecification\",\"valueRequired\":true,\"valueName\":\"search_term_string\"}}],\"inLanguage\":\"de\"},{\"@type\":\"Organization\",\"@id\":\"https:\/\/www.mobeye.com\/de#organization\",\"name\":\"Mobeye\",\"url\":\"https:\/\/www.mobeye.com\/de\",\"logo\":{\"@type\":\"ImageObject\",\"inLanguage\":\"de\",\"@id\":\"https:\/\/www.mobeye.com\/de#\/schema\/logo\/image\/\",\"url\":\"https:\/\/www.mobeye.com\/files\/Mobeye-logo-600px.jpg\",\"contentUrl\":\"https:\/\/www.mobeye.com\/files\/Mobeye-logo-600px.jpg\",\"width\":675,\"height\":600,\"caption\":\"Mobeye\"},\"image\":{\"@id\":\"https:\/\/www.mobeye.com\/de#\/schema\/logo\/image\/\"},\"sameAs\":[\"https:\/\/x.com\/mobeye\",\"https:\/\/www.linkedin.com\/company\/mobeye\/\",\"https:\/\/nl.pinterest.com\/mobeye\/\",\"https:\/\/www.youtube.com\/user\/MobeyeBV\/\"]}]}<\/script>\n<!-- \/ Yoast SEO plugin. -->","yoast_head_json":{"title":"Fern\u00fcberwachung. Gerade jetzt. - Mobeye","robots":{"index":"index","follow":"follow","max-snippet":"max-snippet:-1","max-image-preview":"max-image-preview:large","max-video-preview":"max-video-preview:-1"},"canonical":"https:\/\/www.mobeye.com\/de\/themen\/fernueberwachung","og_locale":"de_DE","og_type":"article","og_title":"Fern\u00fcberwachung. Gerade jetzt. - Mobeye","og_description":"Intelligenter, gr\u00fcner und zukunftssicher. Fern\u00fcberwachung ist nachhaltig und liefert mehr Informationen. Fast jeden Tag helfen wir unseren Kunden, mehr Installationen und Situationen mit Mobeye Produkten aus der Ferne zu \u00fcberwachen. Denn viele Inspektionen werden immer noch direkt vor Ort durchgef\u00fchrt. Beispielsweise die t\u00e4gliche Runde zur \u00dcberpr\u00fcfung der Wasserpumpen zum Bef\u00fcllen von Brunnen, Fahrten entlang der [&hellip;]","og_url":"https:\/\/www.mobeye.com\/de\/themen\/fernueberwachung","og_site_name":"Mobeye","article_modified_time":"2022-11-13T21:51:14+00:00","og_image":[{"url":"https:\/\/www.mobeye.com\/files\/IPA-CML2255db.jpg","type":"","width":"","height":""}],"twitter_card":"summary_large_image","twitter_site":"@mobeye","twitter_misc":{"Gesch\u00e4tzte Lesezeit":"2\u00a0Minuten"},"schema":{"@context":"https:\/\/schema.org","@graph":[{"@type":"WebPage","@id":"https:\/\/www.mobeye.com\/de\/themen\/fernueberwachung","url":"https:\/\/www.mobeye.com\/de\/themen\/fernueberwachung","name":"Fern\u00fcberwachung. Gerade jetzt. - Mobeye","isPartOf":{"@id":"https:\/\/www.mobeye.com\/de#website"},"primaryImageOfPage":{"@id":"https:\/\/www.mobeye.com\/de\/themen\/fernueberwachung#primaryimage"},"image":{"@id":"https:\/\/www.mobeye.com\/de\/themen\/fernueberwachung#primaryimage"},"thumbnailUrl":"https:\/\/www.mobeye.com\/files\/IPA-CML2255db.jpg","datePublished":"2020-06-11T00:06:24+00:00","dateModified":"2022-11-13T21:51:14+00:00","breadcrumb":{"@id":"https:\/\/www.mobeye.com\/de\/themen\/fernueberwachung#breadcrumb"},"inLanguage":"de","potentialAction":[{"@type":"ReadAction","target":["https:\/\/www.mobeye.com\/de\/themen\/fernueberwachung"]}]},{"@type":"ImageObject","inLanguage":"de","@id":"https:\/\/www.mobeye.com\/de\/themen\/fernueberwachung#primaryimage","url":"https:\/\/www.mobeye.com\/files\/IPA-CML2255db.jpg","contentUrl":"https:\/\/www.mobeye.com\/files\/IPA-CML2255db.jpg"},{"@type":"BreadcrumbList","@id":"https:\/\/www.mobeye.com\/de\/themen\/fernueberwachung#breadcrumb","itemListElement":[{"@type":"ListItem","position":1,"name":"Home","item":"https:\/\/www.mobeye.com\/de"},{"@type":"ListItem","position":2,"name":"Techno-themen","item":"https:\/\/www.mobeye.com\/de\/themen"},{"@type":"ListItem","position":3,"name":"Fern\u00fcberwachung. Gerade jetzt."}]},{"@type":"WebSite","@id":"https:\/\/www.mobeye.com\/de#website","url":"https:\/\/www.mobeye.com\/de","name":"Mobeye","description":"Mobeye alarm and monitoring products","publisher":{"@id":"https:\/\/www.mobeye.com\/de#organization"},"potentialAction":[{"@type":"SearchAction","target":{"@type":"EntryPoint","urlTemplate":"https:\/\/www.mobeye.com\/de?s={search_term_string}"},"query-input":{"@type":"PropertyValueSpecification","valueRequired":true,"valueName":"search_term_string"}}],"inLanguage":"de"},{"@type":"Organization","@id":"https:\/\/www.mobeye.com\/de#organization","name":"Mobeye","url":"https:\/\/www.mobeye.com\/de","logo":{"@type":"ImageObject","inLanguage":"de","@id":"https:\/\/www.mobeye.com\/de#\/schema\/logo\/image\/","url":"https:\/\/www.mobeye.com\/files\/Mobeye-logo-600px.jpg","contentUrl":"https:\/\/www.mobeye.com\/files\/Mobeye-logo-600px.jpg","width":675,"height":600,"caption":"Mobeye"},"image":{"@id":"https:\/\/www.mobeye.com\/de#\/schema\/logo\/image\/"},"sameAs":["https:\/\/x.com\/mobeye","https:\/\/www.linkedin.com\/company\/mobeye\/","https:\/\/nl.pinterest.com\/mobeye\/","https:\/\/www.youtube.com\/user\/MobeyeBV\/"]}]}},"uagb_featured_image_src":{"full":false,"thumbnail":false,"medium":false,"medium_large":false,"large":false,"1536x1536":false,"2048x2048":false},"uagb_author_info":{"display_name":"Martine","author_link":"https:\/\/www.mobeye.com\/de\/author\/martine"},"uagb_comment_info":0,"uagb_excerpt":"Intelligenter, gr\u00fcner und zukunftssicher. Fern\u00fcberwachung ist nachhaltig und liefert mehr Informationen. Fast jeden Tag helfen wir unseren Kunden, mehr Installationen und Situationen mit Mobeye Produkten aus der Ferne zu \u00fcberwachen. Denn viele Inspektionen werden immer noch direkt vor Ort durchgef\u00fchrt. Beispielsweise die t\u00e4gliche Runde zur \u00dcberpr\u00fcfung der Wasserpumpen zum Bef\u00fcllen von Brunnen, Fahrten entlang der&hellip;","_links":{"self":[{"href":"https:\/\/www.mobeye.com\/de\/wp-json\/wp\/v2\/pages\/6790"}],"collection":[{"href":"https:\/\/www.mobeye.com\/de\/wp-json\/wp\/v2\/pages"}],"about":[{"href":"https:\/\/www.mobeye.com\/de\/wp-json\/wp\/v2\/types\/page"}],"author":[{"embeddable":true,"href":"https:\/\/www.mobeye.com\/de\/wp-json\/wp\/v2\/users\/6"}],"replies":[{"embeddable":true,"href":"https:\/\/www.mobeye.com\/de\/wp-json\/wp\/v2\/comments?post=6790"}],"version-history":[{"count":6,"href":"https:\/\/www.mobeye.com\/de\/wp-json\/wp\/v2\/pages\/6790\/revisions"}],"predecessor-version":[{"id":10277,"href":"https:\/\/www.mobeye.com\/de\/wp-json\/wp\/v2\/pages\/6790\/revisions\/10277"}],"up":[{"embeddable":true,"href":"https:\/\/www.mobeye.com\/de\/wp-json\/wp\/v2\/pages\/6712"}],"wp:attachment":[{"href":"https:\/\/www.mobeye.com\/de\/wp-json\/wp\/v2\/media?parent=6790"}],"curies":[{"name":"wp","href":"https:\/\/api.w.org\/{rel}","templated":true}]}}