{"id":6793,"date":"2020-06-11T02:10:54","date_gmt":"2020-06-11T00:10:54","guid":{"rendered":"https:\/\/www.mobeye.com\/?page_id=6793"},"modified":"2023-08-16T10:25:33","modified_gmt":"2023-08-16T08:25:33","slug":"sensormessungen","status":"publish","type":"page","link":"https:\/\/www.mobeye.com\/de\/themen\/sensormessungen","title":{"rendered":"Sensormessungen"},"content":{"rendered":"\n<p style=\"font-size:15px\">Sensoren sind die k\u00fcnstlichen Sinne, die uns \nbeim Wahrnehmen helfen. Intelligente Sensoren gehen etwas weiter als die\n Schnur am Briefkasten, die uns sagt, ob der Postbote vorbeigekommen \nist. Die Vorhersage eines Tsunamis, die Messung der Strahlungswerte oder\n die Signalisierung einer defekten unterirdischen Rohrleitung erfordert \nInnovation und eine hohe Qualit\u00e4t der Sensoren.<\/p>\n\n\n\n<p style=\"font-size:15px\">Sensoren sind elektronisch oder mechanisch  ausgelegt. Die Analyse von Messwerten bietet eine F\u00fclle von  Informationen, auf die wir in <a href=\"https:\/\/www.mobeye.com\/de\/themen\/datenanalyse\">unserem Artikel<\/a> zur Datenanalyse  verweisen.<\/p>\n\n\n\n<div class=\"wp-block-columns is-layout-flex wp-container-core-columns-is-layout-1 wp-block-columns-is-layout-flex\">\n<div class=\"wp-block-column is-layout-flow wp-block-column-is-layout-flow\">\n<p><strong>Industrielle Standardsensoren<\/strong><\/p>\n\n\n\n<p style=\"font-size:15px\">Obwohl Sensoren in vielen Formen und Gr\u00f6\u00dfen \nerh\u00e4ltlich sind, gibt es \u00c4hnlichkeiten. Die meisten Sensoren haben ein \n\u00e4hnliches Ausgangssignal oder eine standardisierte Methode zum Lesen der\n Messwerte. Bei Mobeye nennen wir diese die <em>Standard-Industriesensoren<\/em>. <\/p>\n<\/div>\n\n\n\n<div class=\"wp-block-column is-layout-flow wp-block-column-is-layout-flow\">\n<p><strong>Generischer Leser<\/strong><\/p>\n\n\n\n<p style=\"font-size:15px\">Standardisierte Ausgangssignale machen \nSensoren f\u00fcr \u201eSystemintegratoren\u201c weit verbreitet und verwendbar. Dies \nbedeutet auch, dass ein \u201eAusleseger\u00e4t\u201c etwas allgemein gehalten sein \nkann und viele Arten von Sensoren lesen kann. Und genau auf diese Ger\u00e4te\n hat sich Mobeye spezialisiert.<\/p>\n<\/div>\n<\/div>\n\n\n\n<hr class=\"wp-block-separator has-css-opacity\"\/>\n\n\n\n<h3 class=\"wp-block-heading\">Die h\u00e4ufigsten Ausgangssignale<\/h3>\n\n\n\n<h4 class=\"wp-block-heading\">Potentialfreie Sensoren<\/h4>\n\n\n\n<p style=\"font-size:15px\">Ein potentialfreier Sensor kann am besten als \nKontakt beschrieben werden, der \u201e\u00d6ffnen\u201c oder \u201eSchlie\u00dfen\u201c schalten kann.\n Diese Gruppe umfasst Schalter, Magnetkontakte und Relaiskontakte. <\/p>\n\n\n\n<p style=\"font-size:15px\">Ein Beispiel f\u00fcr einen potentialfreien Sensor \nist ein Magnetkontakt, bei dem der feste Teil am T\u00fcrrahmen und der \nmagnetische Teil an einer T\u00fcr angebracht sind. Wenn die T\u00fcr geschlossen \nist, sind die beiden Teile nahe beieinander und der Kontakt ist \ngeschlossen. Wenn sich die T\u00fcr \u00f6ffnet, trennen sich die beiden Teile und\n die Schleife \u00f6ffnet sich. Das feste Teil (am T\u00fcrrahmen) hat Innen ein \nMetallteil, das vom Magneten angezogen wird und somit als Schalter \nfungiert. <\/p>\n\n\n\n<p style=\"font-size:15px\">Ein Relais ist ein spezieller Schaltertyp, der\n mit Spannung schaltet. Das Magnetfeld wandelt den Schalter um. Wenn die\n Eingangsspannung pro Relais unterschiedlich sein kann, ist das \nAusgangssignal immer potentialfrei. <\/p>\n\n\n\n<h4 class=\"wp-block-heading\">Analoge Sensoren<\/h4>\n\n\n\n<p style=\"font-size:15px\">Diese Gruppe umfasst Sensoren mit einem \n\u201eSpannungs\u201c-Ausgang. Sensoren haben oft einen Bereich zwischen 0 V und 1\n V, 0 V und 5 V, 0 und 10 V oder 4 bis 20 mA. <\/p>\n\n\n\n<p style=\"font-size:15px\">Wir nehmen als Beispiel einen bestimmten \nDrucksensor. Dieser hat laut Datenblatt eine Ausgangsspannung zwischen \n0,5 VDC und 4,5 VDC. Es kann ein Druck zwischen 0 Bar und 1 Bar \nangezeigt werden. Ein Messwert von 0,5 V entspricht 0 Bar, ein \nAusgangssignal von 4,5 V bedeutet einen Druck von 1 Bar. Zwischen diesen\n Punkten gilt eine gerade Linie, wobei jeder gemessene Startwert seinen \neigenen Druckwert darstellt. Das Messger\u00e4t zeigt daher den Druck an, \nindem es die Spannung misst und neu berechnet. Durch Interpretation der \nWerte und beispielsweise Vergleich mit einer Alarmgrenze wird das \nMessger\u00e4t zum Manometer. Der Sensor h\u00e4tte auch einen anderen Wert messen\n k\u00f6nnen, beispielsweise Ammoniak, und die Messungen mit derselben Logik \ndurchf\u00fchren k\u00f6nnen. <\/p>\n\n\n\n<p style=\"font-size:15px\">Analoge Sensoren ben\u00f6tigen Strom. Je nach \nSituation und Sensortyp ist dieser kontinuierlich oder nur periodisch. \nMobeye hat sich darauf konzentriert, Sensoren auch bei extrem geringem \nEnergieverbrauch zu erkennen und zu lesen. Dadurch ist der gesamte \nMessaufbau f\u00fcr batteriebetriebene oder solarbetriebene Module geeignet. <\/p>\n\n\n\n<h4 class=\"wp-block-heading\">Widerstandsmessung<\/h4>\n\n\n\n<p style=\"font-size:15px\">Viele Temperatursensoren arbeiten aufgrund der\n \u00c4nderung des elektrischen Widerstands eines Metalls oder Halbleiters \naufgrund der Temperatur. Die gemessene Temperatur wird aus der \nWiderstands\u00e4nderung abgeleitet. Beispiele sind PT100- und \nPT1000-Sensoren.<\/p>\n\n\n\n<h4 class=\"wp-block-heading\">Impulsgeber<\/h4>\n\n\n\n<p style=\"font-size:15px\">Ein Impulsgeber kann \u00fcber einen Impulsz\u00e4hler \nausgelesen werden. Beispielsweise bestehen Durchflussmesser \nnormalerweise aus einem (Wasser-) Rad. Wenn Wasser durch ein Rohr \nflie\u00dft, dreht sich das Rad und gibt regelm\u00e4\u00dfig einen Impuls ab und \nschlie\u00dft einen Magnetkontakt. Wenn das Wasser schneller flie\u00dft, dreht \nsich das Rad schneller. Zum Beispiel repr\u00e4sentiert jede Umdrehung 10 \nLiter Wasser.<\/p>\n\n\n\n<p style=\"font-size:15px\"><strong>Was kann Mobeye f\u00fcr Sie tun?<\/strong><br>Mobeye  ist Hersteller von Mess-, Protokollierungs-, Steuerungs- und  Berichterstellungstechnologien. Es gibt mehrere Mobeye Produkte, die von  vorherein einen Sensor dabei haben. Die meisten Mobeye Produkte k\u00f6nnen  potenziell freie Sensoren lesen. Zum Lesen von analogen Sensoren und  Impulsgeneratoren bietet Mobeye die \u201eanalogen Produkte\u201c wie Mobeye SISTM  und Mobeye CML4055 an. Diese lesen analoge Sensoren aus, wandeln die  Werte in eine aussagekr\u00e4ftige Einheit um und protokollieren sie  zus\u00e4tzlich zur \u00dcberwachung der Alarmgrenzen in Diagramm-\/Tabellenform.  Einzigartig ist, dass Mobeye Produkte und die Sensoren auch mit  Batteriestrom betrieben werden, wenn keine externe Spannung verf\u00fcgbar  ist.<\/p>\n","protected":false},"excerpt":{"rendered":"<p>Sensoren sind die k\u00fcnstlichen Sinne, die uns beim Wahrnehmen helfen. Intelligente Sensoren gehen etwas weiter als die Schnur am Briefkasten, die uns sagt, ob der Postbote vorbeigekommen ist. Die Vorhersage eines Tsunamis, die Messung der Strahlungswerte oder die Signalisierung einer defekten unterirdischen Rohrleitung erfordert Innovation und eine hohe Qualit\u00e4t der Sensoren. Sensoren sind elektronisch oder [&hellip;]<\/p>\n","protected":false},"author":6,"featured_media":0,"parent":6712,"menu_order":108,"comment_status":"closed","ping_status":"closed","template":"","meta":{"footnotes":""},"class_list":["post-6793","page","type-page","status-publish","hentry"],"yoast_head":"<!-- This site is optimized with the Yoast SEO plugin v25.6 - https:\/\/yoast.com\/wordpress\/plugins\/seo\/ -->\n<title>Sensormessungen - Mobeye<\/title>\n<meta name=\"robots\" content=\"index, follow, max-snippet:-1, max-image-preview:large, max-video-preview:-1\" \/>\n<link rel=\"canonical\" href=\"https:\/\/www.mobeye.com\/de\/themen\/sensormessungen\" \/>\n<meta property=\"og:locale\" content=\"de_DE\" \/>\n<meta property=\"og:type\" content=\"article\" \/>\n<meta property=\"og:title\" content=\"Sensormessungen - Mobeye\" \/>\n<meta property=\"og:description\" content=\"Sensoren sind die k\u00fcnstlichen Sinne, die uns beim Wahrnehmen helfen. Intelligente Sensoren gehen etwas weiter als die Schnur am Briefkasten, die uns sagt, ob der Postbote vorbeigekommen ist. Die Vorhersage eines Tsunamis, die Messung der Strahlungswerte oder die Signalisierung einer defekten unterirdischen Rohrleitung erfordert Innovation und eine hohe Qualit\u00e4t der Sensoren. Sensoren sind elektronisch oder [&hellip;]\" \/>\n<meta property=\"og:url\" content=\"https:\/\/www.mobeye.com\/de\/themen\/sensormessungen\" \/>\n<meta property=\"og:site_name\" content=\"Mobeye\" \/>\n<meta property=\"article:modified_time\" content=\"2023-08-16T08:25:33+00:00\" \/>\n<meta name=\"twitter:card\" content=\"summary_large_image\" \/>\n<meta name=\"twitter:site\" content=\"@mobeye\" \/>\n<meta name=\"twitter:label1\" content=\"Gesch\u00e4tzte Lesezeit\" \/>\n\t<meta name=\"twitter:data1\" content=\"4\u00a0Minuten\" \/>\n<script type=\"application\/ld+json\" class=\"yoast-schema-graph\">{\"@context\":\"https:\/\/schema.org\",\"@graph\":[{\"@type\":\"WebPage\",\"@id\":\"https:\/\/www.mobeye.com\/de\/themen\/sensormessungen\",\"url\":\"https:\/\/www.mobeye.com\/de\/themen\/sensormessungen\",\"name\":\"Sensormessungen - Mobeye\",\"isPartOf\":{\"@id\":\"https:\/\/www.mobeye.com\/de#website\"},\"datePublished\":\"2020-06-11T00:10:54+00:00\",\"dateModified\":\"2023-08-16T08:25:33+00:00\",\"breadcrumb\":{\"@id\":\"https:\/\/www.mobeye.com\/de\/themen\/sensormessungen#breadcrumb\"},\"inLanguage\":\"de\",\"potentialAction\":[{\"@type\":\"ReadAction\",\"target\":[\"https:\/\/www.mobeye.com\/de\/themen\/sensormessungen\"]}]},{\"@type\":\"BreadcrumbList\",\"@id\":\"https:\/\/www.mobeye.com\/de\/themen\/sensormessungen#breadcrumb\",\"itemListElement\":[{\"@type\":\"ListItem\",\"position\":1,\"name\":\"Home\",\"item\":\"https:\/\/www.mobeye.com\/de\"},{\"@type\":\"ListItem\",\"position\":2,\"name\":\"Techno-themen\",\"item\":\"https:\/\/www.mobeye.com\/de\/themen\"},{\"@type\":\"ListItem\",\"position\":3,\"name\":\"Sensormessungen\"}]},{\"@type\":\"WebSite\",\"@id\":\"https:\/\/www.mobeye.com\/de#website\",\"url\":\"https:\/\/www.mobeye.com\/de\",\"name\":\"Mobeye\",\"description\":\"Mobeye alarm and monitoring products\",\"publisher\":{\"@id\":\"https:\/\/www.mobeye.com\/de#organization\"},\"potentialAction\":[{\"@type\":\"SearchAction\",\"target\":{\"@type\":\"EntryPoint\",\"urlTemplate\":\"https:\/\/www.mobeye.com\/de?s={search_term_string}\"},\"query-input\":{\"@type\":\"PropertyValueSpecification\",\"valueRequired\":true,\"valueName\":\"search_term_string\"}}],\"inLanguage\":\"de\"},{\"@type\":\"Organization\",\"@id\":\"https:\/\/www.mobeye.com\/de#organization\",\"name\":\"Mobeye\",\"url\":\"https:\/\/www.mobeye.com\/de\",\"logo\":{\"@type\":\"ImageObject\",\"inLanguage\":\"de\",\"@id\":\"https:\/\/www.mobeye.com\/de#\/schema\/logo\/image\/\",\"url\":\"https:\/\/www.mobeye.com\/files\/Mobeye-logo-600px.jpg\",\"contentUrl\":\"https:\/\/www.mobeye.com\/files\/Mobeye-logo-600px.jpg\",\"width\":675,\"height\":600,\"caption\":\"Mobeye\"},\"image\":{\"@id\":\"https:\/\/www.mobeye.com\/de#\/schema\/logo\/image\/\"},\"sameAs\":[\"https:\/\/x.com\/mobeye\",\"https:\/\/www.linkedin.com\/company\/mobeye\/\",\"https:\/\/nl.pinterest.com\/mobeye\/\",\"https:\/\/www.youtube.com\/user\/MobeyeBV\/\"]}]}<\/script>\n<!-- \/ Yoast SEO plugin. -->","yoast_head_json":{"title":"Sensormessungen - Mobeye","robots":{"index":"index","follow":"follow","max-snippet":"max-snippet:-1","max-image-preview":"max-image-preview:large","max-video-preview":"max-video-preview:-1"},"canonical":"https:\/\/www.mobeye.com\/de\/themen\/sensormessungen","og_locale":"de_DE","og_type":"article","og_title":"Sensormessungen - Mobeye","og_description":"Sensoren sind die k\u00fcnstlichen Sinne, die uns beim Wahrnehmen helfen. Intelligente Sensoren gehen etwas weiter als die Schnur am Briefkasten, die uns sagt, ob der Postbote vorbeigekommen ist. Die Vorhersage eines Tsunamis, die Messung der Strahlungswerte oder die Signalisierung einer defekten unterirdischen Rohrleitung erfordert Innovation und eine hohe Qualit\u00e4t der Sensoren. Sensoren sind elektronisch oder [&hellip;]","og_url":"https:\/\/www.mobeye.com\/de\/themen\/sensormessungen","og_site_name":"Mobeye","article_modified_time":"2023-08-16T08:25:33+00:00","twitter_card":"summary_large_image","twitter_site":"@mobeye","twitter_misc":{"Gesch\u00e4tzte Lesezeit":"4\u00a0Minuten"},"schema":{"@context":"https:\/\/schema.org","@graph":[{"@type":"WebPage","@id":"https:\/\/www.mobeye.com\/de\/themen\/sensormessungen","url":"https:\/\/www.mobeye.com\/de\/themen\/sensormessungen","name":"Sensormessungen - Mobeye","isPartOf":{"@id":"https:\/\/www.mobeye.com\/de#website"},"datePublished":"2020-06-11T00:10:54+00:00","dateModified":"2023-08-16T08:25:33+00:00","breadcrumb":{"@id":"https:\/\/www.mobeye.com\/de\/themen\/sensormessungen#breadcrumb"},"inLanguage":"de","potentialAction":[{"@type":"ReadAction","target":["https:\/\/www.mobeye.com\/de\/themen\/sensormessungen"]}]},{"@type":"BreadcrumbList","@id":"https:\/\/www.mobeye.com\/de\/themen\/sensormessungen#breadcrumb","itemListElement":[{"@type":"ListItem","position":1,"name":"Home","item":"https:\/\/www.mobeye.com\/de"},{"@type":"ListItem","position":2,"name":"Techno-themen","item":"https:\/\/www.mobeye.com\/de\/themen"},{"@type":"ListItem","position":3,"name":"Sensormessungen"}]},{"@type":"WebSite","@id":"https:\/\/www.mobeye.com\/de#website","url":"https:\/\/www.mobeye.com\/de","name":"Mobeye","description":"Mobeye alarm and monitoring products","publisher":{"@id":"https:\/\/www.mobeye.com\/de#organization"},"potentialAction":[{"@type":"SearchAction","target":{"@type":"EntryPoint","urlTemplate":"https:\/\/www.mobeye.com\/de?s={search_term_string}"},"query-input":{"@type":"PropertyValueSpecification","valueRequired":true,"valueName":"search_term_string"}}],"inLanguage":"de"},{"@type":"Organization","@id":"https:\/\/www.mobeye.com\/de#organization","name":"Mobeye","url":"https:\/\/www.mobeye.com\/de","logo":{"@type":"ImageObject","inLanguage":"de","@id":"https:\/\/www.mobeye.com\/de#\/schema\/logo\/image\/","url":"https:\/\/www.mobeye.com\/files\/Mobeye-logo-600px.jpg","contentUrl":"https:\/\/www.mobeye.com\/files\/Mobeye-logo-600px.jpg","width":675,"height":600,"caption":"Mobeye"},"image":{"@id":"https:\/\/www.mobeye.com\/de#\/schema\/logo\/image\/"},"sameAs":["https:\/\/x.com\/mobeye","https:\/\/www.linkedin.com\/company\/mobeye\/","https:\/\/nl.pinterest.com\/mobeye\/","https:\/\/www.youtube.com\/user\/MobeyeBV\/"]}]}},"uagb_featured_image_src":{"full":false,"thumbnail":false,"medium":false,"medium_large":false,"large":false,"1536x1536":false,"2048x2048":false},"uagb_author_info":{"display_name":"Martine","author_link":"https:\/\/www.mobeye.com\/de\/author\/martine"},"uagb_comment_info":0,"uagb_excerpt":"Sensoren sind die k\u00fcnstlichen Sinne, die uns beim Wahrnehmen helfen. Intelligente Sensoren gehen etwas weiter als die Schnur am Briefkasten, die uns sagt, ob der Postbote vorbeigekommen ist. Die Vorhersage eines Tsunamis, die Messung der Strahlungswerte oder die Signalisierung einer defekten unterirdischen Rohrleitung erfordert Innovation und eine hohe Qualit\u00e4t der Sensoren. Sensoren sind elektronisch oder&hellip;","_links":{"self":[{"href":"https:\/\/www.mobeye.com\/de\/wp-json\/wp\/v2\/pages\/6793"}],"collection":[{"href":"https:\/\/www.mobeye.com\/de\/wp-json\/wp\/v2\/pages"}],"about":[{"href":"https:\/\/www.mobeye.com\/de\/wp-json\/wp\/v2\/types\/page"}],"author":[{"embeddable":true,"href":"https:\/\/www.mobeye.com\/de\/wp-json\/wp\/v2\/users\/6"}],"replies":[{"embeddable":true,"href":"https:\/\/www.mobeye.com\/de\/wp-json\/wp\/v2\/comments?post=6793"}],"version-history":[{"count":3,"href":"https:\/\/www.mobeye.com\/de\/wp-json\/wp\/v2\/pages\/6793\/revisions"}],"predecessor-version":[{"id":11564,"href":"https:\/\/www.mobeye.com\/de\/wp-json\/wp\/v2\/pages\/6793\/revisions\/11564"}],"up":[{"embeddable":true,"href":"https:\/\/www.mobeye.com\/de\/wp-json\/wp\/v2\/pages\/6712"}],"wp:attachment":[{"href":"https:\/\/www.mobeye.com\/de\/wp-json\/wp\/v2\/media?parent=6793"}],"curies":[{"name":"wp","href":"https:\/\/api.w.org\/{rel}","templated":true}]}}