{"id":6795,"date":"2020-06-11T02:15:00","date_gmt":"2020-06-11T00:15:00","guid":{"rendered":"https:\/\/www.mobeye.com\/?page_id=6795"},"modified":"2020-06-11T02:16:17","modified_gmt":"2020-06-11T00:16:17","slug":"datenanalyse","status":"publish","type":"page","link":"https:\/\/www.mobeye.com\/de\/themen\/datenanalyse","title":{"rendered":"Datenanalyse"},"content":{"rendered":"\n<h2 class=\"wp-block-heading\">Wo Daten Information werden<\/h2>\n\n\n\n<div class=\"wp-block-columns is-layout-flex wp-container-core-columns-is-layout-1 wp-block-columns-is-layout-flex\">\n<div class=\"wp-block-column is-layout-flow wp-block-column-is-layout-flow\">\n<p style=\"font-size:15px\">Ein einzelner Messwert zeigt einen Status an, eine Reihe von Werten kann  ein Indikator f\u00fcr eine \u00c4nderung sein. Mit der Verf\u00fcgbarkeit vieler  Daten sind Vorhersagen \u00fcber zuk\u00fcnftige Situationen m\u00f6glich. Von einem  Frosch wird gesagt, dass das Tier seinen Untergang im w\u00e4rmenden Wasser  nicht sp\u00fcrt. Wenn die Wassertemperatur in einem einfachen Diagramm  dargestellt wird, ist pl\u00f6tzlich klar was passiert und hat man einen  guten Pr\u00e4diktor f\u00fcr den Trend. <\/p>\n<\/div>\n\n\n\n<div class=\"wp-block-column is-layout-flow wp-block-column-is-layout-flow\">\n<p style=\"font-size:15px\">Das Messen von Werten liefert interessante Einblicke. Viele Mobeye  Anwendungen konzentrieren sich auf die \u00dcberwachung bestimmter Werte.  Dies kann eine bestimmte Temperatur, einen Alarmstatus eines  Einbruchsystems, den Wasserstand, den Druck in einem Rohr usw.  betreffen. Neben der Meldung im Falle eines Problems liefern die Werte  auch andere Informationen, wie die \u00c4nderung eines Zustands. Muster und  Abweichungen helfen bei der Analyse eines Systems.<\/p>\n<\/div>\n<\/div>\n\n\n\n<p><strong>Die Anzeige eines Alarm<\/strong>s<\/p>\n\n\n\n<p style=\"font-size:15px\">Mobeye Produkte werden h\u00e4ufig in Situationen \neingesetzt, in denen die \u00dcberwachung von Alarmgrenzen mit der \nDatenanalyse und der Vorhersage des Wertefortschritts einhergeht.<br>Ein\n Wassermelder in einer \u00f6ffentlichen Toilette kann in erster Linie dazu \ndienen, den L\u00f6sungstank aufzuf\u00fcllen und den R\u00fcckgewinnungstank \nrechtzeitig zu entleeren. Wenn sich herausstellt, dass ein Tank immer \nschneller entleert wird und die vermehrte Nutzung nicht logisch ist, \nkann dies auf ein Leck hinweisen. Ein Feueralarm, der anscheinend falsch\n ausgel\u00f6st wurde, kann m\u00f6glicherweise auch von einem heimlichen Raucher \nim Raum ausgel\u00f6st worden sein.<\/p>\n\n\n\n<p><strong>Trendanalysen<\/strong><\/p>\n\n\n\n<p style=\"font-size:15px\">Wenn das Messger\u00e4t alarmiert, zus\u00e4tzlich \nMesswerte protokolliert und diese in Form eines Diagramms oder einer \nTabelle transparent macht, ergeben sich aus der Datenanalyse weitere \nInformationen. Neben Analysen geben Trendanalysen einen \u00dcberblick \u00fcber \nden Status und werden sogar zu einem Pr\u00e4diktor f\u00fcr die Zukunft. Eine \nschnell ansteigende Temperatur in einem K\u00fchlschrank kann auf einen \nDefekt, eine offene T\u00fcr oder einen Stromausfall hinweisen. Wenn die \nTemperatur jedoch langsam ansteigt, kann dies auf das Ende der \nLebensdauer des K\u00fchlschranks hinweisen. Die in der Mitte eines Berges \nmit eingelagertem Milchpulver gemessene Temperatur kann eine Explosion \nverhindern. Es besteht die Gefahr, dass sich das Pulver erw\u00e4rmt. Ein \nTrenddiagramm mit Alarmgrenzen ist hierf\u00fcr ein guter Pr\u00e4diktor.<\/p>\n\n\n\n<p><strong>Aktion durch Einsicht<\/strong><\/p>\n\n\n\n<div class=\"wp-block-media-text alignwide has-media-on-the-right\"><figure class=\"wp-block-media-text__media\"><img loading=\"lazy\" decoding=\"async\" width=\"700\" height=\"412\" src=\"https:\/\/www.mobeye.com\/files\/IB-vlt-d.png\" alt=\"\" class=\"wp-image-2315\" srcset=\"https:\/\/www.mobeye.com\/files\/IB-vlt-d.png 700w, https:\/\/www.mobeye.com\/files\/IB-vlt-d-300x177.png 300w\" sizes=\"(max-width: 700px) 100vw, 700px\" \/><\/figure><div class=\"wp-block-media-text__content\">\n<p style=\"font-size:15px\"> Messungen einer Batteriespannung zeigen die \u00c4nderung der Spannung an.  Eine zu niedrige Spannung kann zu einem defekten Akku f\u00fchren. Dies wird  verhindert, indem der Akku automatisch ausgeschaltet wird. Die  Spannungs\u00e4nderung gibt einen Hinweis auf den Zustand der Batterie. Zu  schnelles Entleeren f\u00fchrt zu einem unzuverl\u00e4ssigen Effekt und erfordert  eine Reparatur oder einen Austausch. In bestimmten Situationen, z. B.  bei elektrischen Beh\u00e4ltern, bietet die Analyse der Spannungsentwicklung  einen Einblick in die Verwendung. Ein Vermieter, der sieht, dass die  Batterie zu schnell entladen ist, kann den Mieter auf das Verhalten  hinweisen. <\/p>\n<\/div><\/div>\n\n\n\n<p><strong>Planen Sie die Wartung<\/strong><\/p>\n\n\n\n<p style=\"font-size:15px\">Die \u00dcberwachung des Drucks in Vakuumr\u00f6hren \nbietet Einblick in die Luftdichtheit der Rohrwand. Durch zunehmenden \nDruck im Trenddiagramm kann die Wartung genau geplant werden. Dies gibt \nauch sofort die M\u00f6glichkeit, die Arbeit effizient auszuf\u00fchren. Durch die\n Betrachtung nicht nur der Alarmgrenzen, sondern auch des Trends, kann \neine Wartung vorgezogen und beispielsweise mit einer dringenden Wartung \nbenachbarter Anlagen kombiniert werden.<\/p>\n\n\n\n<div class=\"wp-block-rtgb-call-2-action mkb-call2action\"><div class=\"mkb-call2action__inner container\"><div class=\"cta-content\"><p>M\u00f6chten Sie den Status eines Systems anhand einer Datenanalyse analysieren?<\/p><p>Wir freuen uns, mit Ihnen zusammen zu denken und L\u00f6sungen zu finden.<\/p><\/div><div><a href=\"https:\/\/www.mobeye.com\/de\/kontaktformular\" class=\"mkb-button mkb-button--accent mkb-button--rounded text-uppercase\">Kontakt mit Mobeye<\/a><\/div><\/div><\/div>\n","protected":false},"excerpt":{"rendered":"<p>Wo Daten Information werden Ein einzelner Messwert zeigt einen Status an, eine Reihe von Werten kann ein Indikator f\u00fcr eine \u00c4nderung sein. Mit der Verf\u00fcgbarkeit vieler Daten sind Vorhersagen \u00fcber zuk\u00fcnftige Situationen m\u00f6glich. Von einem Frosch wird gesagt, dass das Tier seinen Untergang im w\u00e4rmenden Wasser nicht sp\u00fcrt. Wenn die Wassertemperatur in einem einfachen Diagramm [&hellip;]<\/p>\n","protected":false},"author":6,"featured_media":0,"parent":6712,"menu_order":110,"comment_status":"closed","ping_status":"closed","template":"","meta":{"footnotes":""},"class_list":["post-6795","page","type-page","status-publish","hentry"],"yoast_head":"<!-- This site is optimized with the Yoast SEO plugin v25.6 - https:\/\/yoast.com\/wordpress\/plugins\/seo\/ -->\n<title>Datenanalyse - Mobeye<\/title>\n<meta name=\"robots\" content=\"index, follow, max-snippet:-1, max-image-preview:large, max-video-preview:-1\" \/>\n<link rel=\"canonical\" href=\"https:\/\/www.mobeye.com\/de\/themen\/datenanalyse\" \/>\n<meta property=\"og:locale\" content=\"de_DE\" \/>\n<meta property=\"og:type\" content=\"article\" \/>\n<meta property=\"og:title\" content=\"Datenanalyse - Mobeye\" \/>\n<meta property=\"og:description\" content=\"Wo Daten Information werden Ein einzelner Messwert zeigt einen Status an, eine Reihe von Werten kann ein Indikator f\u00fcr eine \u00c4nderung sein. Mit der Verf\u00fcgbarkeit vieler Daten sind Vorhersagen \u00fcber zuk\u00fcnftige Situationen m\u00f6glich. Von einem Frosch wird gesagt, dass das Tier seinen Untergang im w\u00e4rmenden Wasser nicht sp\u00fcrt. Wenn die Wassertemperatur in einem einfachen Diagramm [&hellip;]\" \/>\n<meta property=\"og:url\" content=\"https:\/\/www.mobeye.com\/de\/themen\/datenanalyse\" \/>\n<meta property=\"og:site_name\" content=\"Mobeye\" \/>\n<meta property=\"article:modified_time\" content=\"2020-06-11T00:16:17+00:00\" \/>\n<meta property=\"og:image\" content=\"https:\/\/www.mobeye.com\/files\/IB-vlt-d.png\" \/>\n<meta name=\"twitter:card\" content=\"summary_large_image\" \/>\n<meta name=\"twitter:site\" content=\"@mobeye\" \/>\n<meta name=\"twitter:label1\" content=\"Gesch\u00e4tzte Lesezeit\" \/>\n\t<meta name=\"twitter:data1\" content=\"3\u00a0Minuten\" \/>\n<script type=\"application\/ld+json\" class=\"yoast-schema-graph\">{\"@context\":\"https:\/\/schema.org\",\"@graph\":[{\"@type\":\"WebPage\",\"@id\":\"https:\/\/www.mobeye.com\/de\/themen\/datenanalyse\",\"url\":\"https:\/\/www.mobeye.com\/de\/themen\/datenanalyse\",\"name\":\"Datenanalyse - Mobeye\",\"isPartOf\":{\"@id\":\"https:\/\/www.mobeye.com\/de#website\"},\"primaryImageOfPage\":{\"@id\":\"https:\/\/www.mobeye.com\/de\/themen\/datenanalyse#primaryimage\"},\"image\":{\"@id\":\"https:\/\/www.mobeye.com\/de\/themen\/datenanalyse#primaryimage\"},\"thumbnailUrl\":\"https:\/\/www.mobeye.com\/files\/IB-vlt-d.png\",\"datePublished\":\"2020-06-11T00:15:00+00:00\",\"dateModified\":\"2020-06-11T00:16:17+00:00\",\"breadcrumb\":{\"@id\":\"https:\/\/www.mobeye.com\/de\/themen\/datenanalyse#breadcrumb\"},\"inLanguage\":\"de\",\"potentialAction\":[{\"@type\":\"ReadAction\",\"target\":[\"https:\/\/www.mobeye.com\/de\/themen\/datenanalyse\"]}]},{\"@type\":\"ImageObject\",\"inLanguage\":\"de\",\"@id\":\"https:\/\/www.mobeye.com\/de\/themen\/datenanalyse#primaryimage\",\"url\":\"https:\/\/www.mobeye.com\/files\/IB-vlt-d.png\",\"contentUrl\":\"https:\/\/www.mobeye.com\/files\/IB-vlt-d.png\"},{\"@type\":\"BreadcrumbList\",\"@id\":\"https:\/\/www.mobeye.com\/de\/themen\/datenanalyse#breadcrumb\",\"itemListElement\":[{\"@type\":\"ListItem\",\"position\":1,\"name\":\"Home\",\"item\":\"https:\/\/www.mobeye.com\/de\"},{\"@type\":\"ListItem\",\"position\":2,\"name\":\"Techno-themen\",\"item\":\"https:\/\/www.mobeye.com\/de\/themen\"},{\"@type\":\"ListItem\",\"position\":3,\"name\":\"Datenanalyse\"}]},{\"@type\":\"WebSite\",\"@id\":\"https:\/\/www.mobeye.com\/de#website\",\"url\":\"https:\/\/www.mobeye.com\/de\",\"name\":\"Mobeye\",\"description\":\"Mobeye alarm and monitoring products\",\"publisher\":{\"@id\":\"https:\/\/www.mobeye.com\/de#organization\"},\"potentialAction\":[{\"@type\":\"SearchAction\",\"target\":{\"@type\":\"EntryPoint\",\"urlTemplate\":\"https:\/\/www.mobeye.com\/de?s={search_term_string}\"},\"query-input\":{\"@type\":\"PropertyValueSpecification\",\"valueRequired\":true,\"valueName\":\"search_term_string\"}}],\"inLanguage\":\"de\"},{\"@type\":\"Organization\",\"@id\":\"https:\/\/www.mobeye.com\/de#organization\",\"name\":\"Mobeye\",\"url\":\"https:\/\/www.mobeye.com\/de\",\"logo\":{\"@type\":\"ImageObject\",\"inLanguage\":\"de\",\"@id\":\"https:\/\/www.mobeye.com\/de#\/schema\/logo\/image\/\",\"url\":\"https:\/\/www.mobeye.com\/files\/Mobeye-logo-600px.jpg\",\"contentUrl\":\"https:\/\/www.mobeye.com\/files\/Mobeye-logo-600px.jpg\",\"width\":675,\"height\":600,\"caption\":\"Mobeye\"},\"image\":{\"@id\":\"https:\/\/www.mobeye.com\/de#\/schema\/logo\/image\/\"},\"sameAs\":[\"https:\/\/x.com\/mobeye\",\"https:\/\/www.linkedin.com\/company\/mobeye\/\",\"https:\/\/nl.pinterest.com\/mobeye\/\",\"https:\/\/www.youtube.com\/user\/MobeyeBV\/\"]}]}<\/script>\n<!-- \/ Yoast SEO plugin. -->","yoast_head_json":{"title":"Datenanalyse - Mobeye","robots":{"index":"index","follow":"follow","max-snippet":"max-snippet:-1","max-image-preview":"max-image-preview:large","max-video-preview":"max-video-preview:-1"},"canonical":"https:\/\/www.mobeye.com\/de\/themen\/datenanalyse","og_locale":"de_DE","og_type":"article","og_title":"Datenanalyse - Mobeye","og_description":"Wo Daten Information werden Ein einzelner Messwert zeigt einen Status an, eine Reihe von Werten kann ein Indikator f\u00fcr eine \u00c4nderung sein. Mit der Verf\u00fcgbarkeit vieler Daten sind Vorhersagen \u00fcber zuk\u00fcnftige Situationen m\u00f6glich. Von einem Frosch wird gesagt, dass das Tier seinen Untergang im w\u00e4rmenden Wasser nicht sp\u00fcrt. Wenn die Wassertemperatur in einem einfachen Diagramm [&hellip;]","og_url":"https:\/\/www.mobeye.com\/de\/themen\/datenanalyse","og_site_name":"Mobeye","article_modified_time":"2020-06-11T00:16:17+00:00","og_image":[{"url":"https:\/\/www.mobeye.com\/files\/IB-vlt-d.png","type":"","width":"","height":""}],"twitter_card":"summary_large_image","twitter_site":"@mobeye","twitter_misc":{"Gesch\u00e4tzte Lesezeit":"3\u00a0Minuten"},"schema":{"@context":"https:\/\/schema.org","@graph":[{"@type":"WebPage","@id":"https:\/\/www.mobeye.com\/de\/themen\/datenanalyse","url":"https:\/\/www.mobeye.com\/de\/themen\/datenanalyse","name":"Datenanalyse - Mobeye","isPartOf":{"@id":"https:\/\/www.mobeye.com\/de#website"},"primaryImageOfPage":{"@id":"https:\/\/www.mobeye.com\/de\/themen\/datenanalyse#primaryimage"},"image":{"@id":"https:\/\/www.mobeye.com\/de\/themen\/datenanalyse#primaryimage"},"thumbnailUrl":"https:\/\/www.mobeye.com\/files\/IB-vlt-d.png","datePublished":"2020-06-11T00:15:00+00:00","dateModified":"2020-06-11T00:16:17+00:00","breadcrumb":{"@id":"https:\/\/www.mobeye.com\/de\/themen\/datenanalyse#breadcrumb"},"inLanguage":"de","potentialAction":[{"@type":"ReadAction","target":["https:\/\/www.mobeye.com\/de\/themen\/datenanalyse"]}]},{"@type":"ImageObject","inLanguage":"de","@id":"https:\/\/www.mobeye.com\/de\/themen\/datenanalyse#primaryimage","url":"https:\/\/www.mobeye.com\/files\/IB-vlt-d.png","contentUrl":"https:\/\/www.mobeye.com\/files\/IB-vlt-d.png"},{"@type":"BreadcrumbList","@id":"https:\/\/www.mobeye.com\/de\/themen\/datenanalyse#breadcrumb","itemListElement":[{"@type":"ListItem","position":1,"name":"Home","item":"https:\/\/www.mobeye.com\/de"},{"@type":"ListItem","position":2,"name":"Techno-themen","item":"https:\/\/www.mobeye.com\/de\/themen"},{"@type":"ListItem","position":3,"name":"Datenanalyse"}]},{"@type":"WebSite","@id":"https:\/\/www.mobeye.com\/de#website","url":"https:\/\/www.mobeye.com\/de","name":"Mobeye","description":"Mobeye alarm and monitoring products","publisher":{"@id":"https:\/\/www.mobeye.com\/de#organization"},"potentialAction":[{"@type":"SearchAction","target":{"@type":"EntryPoint","urlTemplate":"https:\/\/www.mobeye.com\/de?s={search_term_string}"},"query-input":{"@type":"PropertyValueSpecification","valueRequired":true,"valueName":"search_term_string"}}],"inLanguage":"de"},{"@type":"Organization","@id":"https:\/\/www.mobeye.com\/de#organization","name":"Mobeye","url":"https:\/\/www.mobeye.com\/de","logo":{"@type":"ImageObject","inLanguage":"de","@id":"https:\/\/www.mobeye.com\/de#\/schema\/logo\/image\/","url":"https:\/\/www.mobeye.com\/files\/Mobeye-logo-600px.jpg","contentUrl":"https:\/\/www.mobeye.com\/files\/Mobeye-logo-600px.jpg","width":675,"height":600,"caption":"Mobeye"},"image":{"@id":"https:\/\/www.mobeye.com\/de#\/schema\/logo\/image\/"},"sameAs":["https:\/\/x.com\/mobeye","https:\/\/www.linkedin.com\/company\/mobeye\/","https:\/\/nl.pinterest.com\/mobeye\/","https:\/\/www.youtube.com\/user\/MobeyeBV\/"]}]}},"uagb_featured_image_src":{"full":false,"thumbnail":false,"medium":false,"medium_large":false,"large":false,"1536x1536":false,"2048x2048":false},"uagb_author_info":{"display_name":"Martine","author_link":"https:\/\/www.mobeye.com\/de\/author\/martine"},"uagb_comment_info":0,"uagb_excerpt":"Wo Daten Information werden Ein einzelner Messwert zeigt einen Status an, eine Reihe von Werten kann ein Indikator f\u00fcr eine \u00c4nderung sein. Mit der Verf\u00fcgbarkeit vieler Daten sind Vorhersagen \u00fcber zuk\u00fcnftige Situationen m\u00f6glich. Von einem Frosch wird gesagt, dass das Tier seinen Untergang im w\u00e4rmenden Wasser nicht sp\u00fcrt. Wenn die Wassertemperatur in einem einfachen Diagramm&hellip;","_links":{"self":[{"href":"https:\/\/www.mobeye.com\/de\/wp-json\/wp\/v2\/pages\/6795"}],"collection":[{"href":"https:\/\/www.mobeye.com\/de\/wp-json\/wp\/v2\/pages"}],"about":[{"href":"https:\/\/www.mobeye.com\/de\/wp-json\/wp\/v2\/types\/page"}],"author":[{"embeddable":true,"href":"https:\/\/www.mobeye.com\/de\/wp-json\/wp\/v2\/users\/6"}],"replies":[{"embeddable":true,"href":"https:\/\/www.mobeye.com\/de\/wp-json\/wp\/v2\/comments?post=6795"}],"version-history":[{"count":2,"href":"https:\/\/www.mobeye.com\/de\/wp-json\/wp\/v2\/pages\/6795\/revisions"}],"predecessor-version":[{"id":6798,"href":"https:\/\/www.mobeye.com\/de\/wp-json\/wp\/v2\/pages\/6795\/revisions\/6798"}],"up":[{"embeddable":true,"href":"https:\/\/www.mobeye.com\/de\/wp-json\/wp\/v2\/pages\/6712"}],"wp:attachment":[{"href":"https:\/\/www.mobeye.com\/de\/wp-json\/wp\/v2\/media?parent=6795"}],"curies":[{"name":"wp","href":"https:\/\/api.w.org\/{rel}","templated":true}]}}