{"id":6623,"date":"2020-06-04T16:45:17","date_gmt":"2020-06-04T14:45:17","guid":{"rendered":"https:\/\/www.mobeye.com\/?page_id=6623"},"modified":"2023-09-18T23:46:00","modified_gmt":"2023-09-18T21:46:00","slug":"documentation-francais","status":"publish","type":"page","link":"https:\/\/www.mobeye.com\/en\/documentation-francais","title":{"rendered":"Documentation en fran\u00e7ais"},"content":{"rendered":"\n<h2 class=\"wp-block-heading\">Manuels en fran\u00e7ais<\/h2>\n\n\n\n<p style=\"font-size:15px\">Pour nos clients fran\u00e7ais, nous avons traduit une partie de la documentation en fran\u00e7ais. Le Mobeye Internet Portal peut \u00e9galement \u00eatre r\u00e9gl\u00e9 sur la langue fran\u00e7aise.<\/p>\n\n\n\n<div style=\"height:50px\" aria-hidden=\"true\" class=\"wp-block-spacer\"><\/div>\n\n\n\n<figure class=\"wp-block-table is-style-regular small\"><table class=\"has-fixed-layout\"><tbody><tr><td><\/td><td class=\"has-text-align-center\" data-align=\"center\"><\/td><td class=\"has-text-align-center\" data-align=\"center\"><\/td><td class=\"has-text-align-center\" data-align=\"center\"><\/td><\/tr><tr><td><\/td><td class=\"has-text-align-center\" data-align=\"center\"><strong>Datasheet (English)<\/strong><\/td><td class=\"has-text-align-center\" data-align=\"center\"><strong>Manuel (fran\u00e7ais)<\/strong><\/td><td class=\"has-text-align-center\" data-align=\"center\"><strong>Product page (English)<\/strong> <\/td><\/tr><tr><td>\u2022 CM4000 &#8211; Mobeye CM-Guard<\/td><td class=\"has-text-align-center\" data-align=\"center\"><a href=\"https:\/\/www.mobeye.com\/files\/DS-Mobeye-CM4000-EN.pdf\" target=\"_blank\" rel=\"noreferrer noopener\"><img decoding=\"async\" class=\"wp-image-4000\" style=\"width: 30px;\" src=\"https:\/\/www.mobeye.com\/files\/IconD-Datasheet.png\" alt=\"\"><\/a><\/td><td class=\"has-text-align-center\" data-align=\"center\"><a href=\"https:\/\/www.mobeye.com\/files\/UM-Mobeye-CM4000-FR-Actual.pdf\" target=\"_blank\" rel=\"noreferrer noopener\"><img loading=\"lazy\" decoding=\"async\" width=\"30\" height=\"21\" class=\"wp-image-3991\" style=\"width: 30px;\" src=\"https:\/\/www.mobeye.com\/files\/IconD-Manual.png\" alt=\"\"><\/a><\/td><td class=\"has-text-align-center\" data-align=\"center\"><a href=\"https:\/\/www.mobeye.com\/en\/products\/cm4000-mobeye-cm-guard\"><img loading=\"lazy\" decoding=\"async\" width=\"30\" height=\"19\" class=\"wp-image-4021\" style=\"width: 30px;\" src=\"https:\/\/www.mobeye.com\/files\/IconD-ComputerC.png\" alt=\"\"><\/a><\/td><\/tr><tr><td>\u2022 CM4100 &#8211; Mobeye PowerGuard<\/td><td class=\"has-text-align-center\" data-align=\"center\"><a href=\"https:\/\/www.mobeye.com\/files\/DS-Mobeye-CM4100-EN.pdf\" target=\"_blank\" rel=\"noreferrer noopener\"><img decoding=\"async\" class=\"wp-image-4000\" style=\"width: 30px;\" src=\"https:\/\/www.mobeye.com\/files\/IconD-Datasheet.png\" alt=\"\"><\/a><\/td><td class=\"has-text-align-center\" data-align=\"center\"><a href=\"https:\/\/www.mobeye.com\/files\/UM-Mobeye-CM4100-FR-Actual.pdf\" target=\"_blank\" rel=\"noreferrer noopener\"><img loading=\"lazy\" decoding=\"async\" width=\"30\" height=\"21\" class=\"wp-image-3991\" style=\"width: 30px;\" src=\"https:\/\/www.mobeye.com\/files\/IconD-Manual.png\" alt=\"\"><\/a><\/td><td class=\"has-text-align-center\" data-align=\"center\"><a href=\"https:\/\/www.mobeye.com\/en\/products\/cm4100-mobeye-powerguard\"><img loading=\"lazy\" decoding=\"async\" width=\"30\" height=\"19\" class=\"wp-image-4021\" style=\"width: 30px;\" src=\"https:\/\/www.mobeye.com\/files\/IconD-ComputerC.png\" alt=\"\"><\/a><\/td><\/tr><tr><td>\u2022 CM4200 &#8211; Mobeye ThermoGuard<\/td><td class=\"has-text-align-center\" data-align=\"center\"><a href=\"https:\/\/www.mobeye.com\/files\/DS-Mobeye-CM4200-EN.pdf\" target=\"_blank\" rel=\"noreferrer noopener\"><img decoding=\"async\" class=\"wp-image-4001\" style=\"width: 30px;\" src=\"https:\/\/www.mobeye.com\/files\/IconD-Datasheet.png\" alt=\"\"><\/a><\/td><td class=\"has-text-align-center\" data-align=\"center\"><a href=\"https:\/\/www.mobeye.com\/files\/UM-Mobeye-CM4200-FR-Actual.pdf\" target=\"_blank\" rel=\"noreferrer noopener\"><img loading=\"lazy\" decoding=\"async\" width=\"30\" height=\"21\" class=\"wp-image-3991\" style=\"width: 30px;\" src=\"https:\/\/www.mobeye.com\/files\/IconD-Manual.png\" alt=\"\"><\/a><\/td><td class=\"has-text-align-center\" data-align=\"center\"><a href=\"https:\/\/www.mobeye.com\/en\/products\/cm4200-mobeye-thermoguard\"><img loading=\"lazy\" decoding=\"async\" width=\"30\" height=\"19\" class=\"wp-image-4022\" style=\"width: 30px;\" src=\"https:\/\/www.mobeye.com\/files\/IconD-ComputerC.png\" alt=\"\"><\/a><\/td><\/tr><tr><td>\u2022 CM4300 &#8211; Mobeye WaterGuard<\/td><td class=\"has-text-align-center\" data-align=\"center\"><a href=\"https:\/\/www.mobeye.com\/files\/DS-Mobeye-CM4300-EN.pdf\" target=\"_blank\" rel=\"noreferrer noopener\"><img decoding=\"async\" class=\"wp-image-4000\" style=\"width: 30px;\" src=\"https:\/\/www.mobeye.com\/files\/IconD-Datasheet.png\" alt=\"\"><\/a><\/td><td class=\"has-text-align-center\" data-align=\"center\"><a href=\"https:\/\/www.mobeye.com\/files\/UM-Mobeye-CM4300-FR-Actual.pdf\" target=\"_blank\" rel=\"noreferrer noopener\"><img loading=\"lazy\" decoding=\"async\" width=\"30\" height=\"21\" class=\"wp-image-3991\" style=\"width: 30px;\" src=\"https:\/\/www.mobeye.com\/files\/IconD-Manual.png\" alt=\"\"><\/a><\/td><td class=\"has-text-align-center\" data-align=\"center\"><a href=\"https:\/\/www.mobeye.com\/en\/products\/cm4300-mobeye-waterguard\"><img loading=\"lazy\" decoding=\"async\" width=\"30\" height=\"19\" class=\"wp-image-4021\" style=\"width: 30px;\" src=\"https:\/\/www.mobeye.com\/files\/IconD-ComputerC.png\" alt=\"\"><\/a><\/td><\/tr><tr><td>\u2022 CM4410 &#8211; Mobeye Communicateur d&#8217;alarme incendie<\/td><td class=\"has-text-align-center\" data-align=\"center\"><a href=\"https:\/\/www.mobeye.com\/files\/DS-Mobeye-CM4400-EN.pdf\" target=\"_blank\" rel=\"noreferrer noopener\"><img decoding=\"async\" class=\"wp-image-4000\" style=\"width: 30px;\" src=\"https:\/\/www.mobeye.com\/files\/IconD-Datasheet.png\" alt=\"\"><\/a><\/td><td class=\"has-text-align-center\" data-align=\"center\"><a href=\"https:\/\/www.mobeye.com\/files\/UM-Mobeye-CM4410-FR-Actual.pdf\" target=\"_blank\" rel=\"noreferrer noopener\"><img loading=\"lazy\" decoding=\"async\" width=\"30\" height=\"21\" class=\"wp-image-3991\" style=\"width: 30px;\" src=\"https:\/\/www.mobeye.com\/files\/IconD-Manual.png\" alt=\"\"><\/a><\/td><td class=\"has-text-align-center\" data-align=\"center\"><a href=\"https:\/\/www.mobeye.com\/en\/products\/cm4410-fire-communication-module\"><img loading=\"lazy\" decoding=\"async\" width=\"30\" height=\"19\" class=\"wp-image-4021\" style=\"width: 30px;\" src=\"https:\/\/www.mobeye.com\/files\/IconD-ComputerC.png\" alt=\"\"><\/a><\/td><\/tr><tr><td>\u2022 CM4500 &#8211; Mobeye Panic Button<\/td><td class=\"has-text-align-center\" data-align=\"center\"><a href=\"https:\/\/www.mobeye.com\/files\/DS-Mobeye-CM4500-EN.pdf\" target=\"_blank\" rel=\"noreferrer noopener\"><img decoding=\"async\" class=\"wp-image-4000\" style=\"width: 30px;\" src=\"https:\/\/www.mobeye.com\/files\/IconD-Datasheet.png\" alt=\"\"><\/a><\/td><td class=\"has-text-align-center\" data-align=\"center\"><a href=\"https:\/\/www.mobeye.com\/files\/UM-Mobeye-CM4500-FR-Actual.pdf\" target=\"_blank\" rel=\"noreferrer noopener\"><img loading=\"lazy\" decoding=\"async\" width=\"30\" height=\"21\" class=\"wp-image-3991\" style=\"width: 30px;\" src=\"https:\/\/www.mobeye.com\/files\/IconD-Manual.png\" alt=\"\"><\/a><\/td><td class=\"has-text-align-center\" data-align=\"center\"><a href=\"https:\/\/www.mobeye.com\/en\/products\/cm4500-mobeye-panic-button\"><img loading=\"lazy\" decoding=\"async\" width=\"30\" height=\"19\" class=\"wp-image-4021\" style=\"width: 30px;\" src=\"https:\/\/www.mobeye.com\/files\/IconD-ComputerC.png\" alt=\"\"><\/a><\/td><\/tr><\/tbody><\/table><\/figure>\n\n\n\n<div style=\"height:50px\" aria-hidden=\"true\" class=\"wp-block-spacer\"><\/div>\n\n\n\n<h2 class=\"wp-block-heading\">Versions plus anciennes<\/h2>\n\n\n\n<figure class=\"wp-block-table is-style-regular small\"><table class=\"has-fixed-layout\"><tbody><tr><td><\/td><td class=\"has-text-align-center\" data-align=\"center\"><\/td><td class=\"has-text-align-center\" data-align=\"center\"><\/td><td class=\"has-text-align-center\" data-align=\"center\"><\/td><\/tr><tr><td><\/td><td class=\"has-text-align-center\" data-align=\"center\"><strong>Datasheet (English)<\/strong><\/td><td class=\"has-text-align-center\" data-align=\"center\"><strong>Manuel (fran\u00e7ais)<\/strong><\/td><td class=\"has-text-align-center\" data-align=\"center\"><strong>Product page (English)<\/strong> <\/td><\/tr><tr><td>\u2022  CM2000 &#8211; Mobeye CM-Guard<\/td><td class=\"has-text-align-center\" data-align=\"center\"><a href=\"https:\/\/www.mobeye.com\/files\/DS-Mobeye-CM2000-EN.pdf\" target=\"_blank\" rel=\"noreferrer noopener\" aria-label=\"\ufffc (opent in een nieuwe tab)\"><img decoding=\"async\" class=\"wp-image-4000\" style=\"width: 30px;\" src=\"https:\/\/www.mobeye.com\/files\/IconD-Datasheet.png\" alt=\"\"><\/a><\/td><td class=\"has-text-align-center\" data-align=\"center\"><a href=\"https:\/\/www.mobeye.com\/files\/UM-Mobeye-CM2000-FR-Actual.pdf\" target=\"_blank\" rel=\"noreferrer noopener\" aria-label=\"\ufffc (opent in een nieuwe tab)\"><img loading=\"lazy\" decoding=\"async\" width=\"30\" height=\"21\" class=\"wp-image-3991\" style=\"width: 30px;\" src=\"https:\/\/www.mobeye.com\/files\/IconD-Manual.png\" alt=\"\"><\/a><\/td><td class=\"has-text-align-center\" data-align=\"center\"><a href=\"https:\/\/www.mobeye.com\/en\/products\/cm2000-mobeye-cm-guard\"><img loading=\"lazy\" decoding=\"async\" width=\"30\" height=\"19\" class=\"wp-image-4021\" style=\"width: 30px;\" src=\"https:\/\/www.mobeye.com\/files\/IconD-ComputerC.png\" alt=\"\"><\/a><\/td><\/tr><tr><td>\u2022  CM2100 &#8211; Mobeye PowerGuard<\/td><td class=\"has-text-align-center\" data-align=\"center\"><a href=\"https:\/\/www.mobeye.com\/files\/DS-Mobeye-CM2100-EN.pdf\" target=\"_blank\" rel=\"noreferrer noopener\" aria-label=\"\ufffc (opent in een nieuwe tab)\"><img decoding=\"async\" class=\"wp-image-4000\" style=\"width: 30px;\" src=\"https:\/\/www.mobeye.com\/files\/IconD-Datasheet.png\" alt=\"\"><\/a><\/td><td class=\"has-text-align-center\" data-align=\"center\"><a href=\"https:\/\/www.mobeye.com\/files\/UM-Mobeye-CM2100-FR-Actual.pdf\" target=\"_blank\" rel=\"noreferrer noopener\" aria-label=\"\ufffc (opent in een nieuwe tab)\"><img loading=\"lazy\" decoding=\"async\" width=\"30\" height=\"21\" class=\"wp-image-3991\" style=\"width: 30px;\" src=\"https:\/\/www.mobeye.com\/files\/IconD-Manual.png\" alt=\"\"><\/a><\/td><td class=\"has-text-align-center\" data-align=\"center\"><a href=\"https:\/\/www.mobeye.com\/en\/products\/cm2100-mobeye-powerguard\"><img loading=\"lazy\" decoding=\"async\" width=\"30\" height=\"19\" class=\"wp-image-4021\" style=\"width: 30px;\" src=\"https:\/\/www.mobeye.com\/files\/IconD-ComputerC.png\" alt=\"\"><\/a><\/td><\/tr><tr><td>\u2022 CM2200 &#8211; Mobeye ThermoGuard<\/td><td class=\"has-text-align-center\" data-align=\"center\"><a href=\"https:\/\/www.mobeye.com\/files\/DS-Mobeye-CM2200-EN.pdf\" target=\"_blank\" rel=\"noreferrer noopener\" aria-label=\"\ufffc (opent in een nieuwe tab)\"><img decoding=\"async\" class=\"wp-image-4001\" style=\"width: 30px;\" src=\"https:\/\/www.mobeye.com\/files\/IconD-Datasheet.png\" alt=\"\"><\/a><\/td><td class=\"has-text-align-center\" data-align=\"center\"><a href=\"https:\/\/www.mobeye.com\/files\/UM-Mobeye-CM2200-FR-Actual.pdf\" target=\"_blank\" rel=\"noreferrer noopener\" aria-label=\"\ufffc (opent in een nieuwe tab)\"><img loading=\"lazy\" decoding=\"async\" width=\"30\" height=\"21\" class=\"wp-image-3991\" style=\"width: 30px;\" src=\"https:\/\/www.mobeye.com\/files\/IconD-Manual.png\" alt=\"\"><\/a><\/td><td class=\"has-text-align-center\" data-align=\"center\"><a href=\"https:\/\/www.mobeye.com\/en\/products\/cm2200-mobeye-thermoguard\"><img loading=\"lazy\" decoding=\"async\" width=\"30\" height=\"19\" class=\"wp-image-4022\" style=\"width: 30px;\" src=\"https:\/\/www.mobeye.com\/files\/IconD-ComputerC.png\" alt=\"\"><\/a><\/td><\/tr><tr><td>\u2022  CM2500 &#8211; Mobeye Panic Button<\/td><td class=\"has-text-align-center\" data-align=\"center\"><a href=\"https:\/\/www.mobeye.com\/files\/DS-Mobeye-CM2500-EN.pdf\" target=\"_blank\" rel=\"noreferrer noopener\" aria-label=\"\ufffc (opent in een nieuwe tab)\"><img decoding=\"async\" class=\"wp-image-4000\" style=\"width: 30px;\" src=\"https:\/\/www.mobeye.com\/files\/IconD-Datasheet.png\" alt=\"\"><\/a><\/td><td class=\"has-text-align-center\" data-align=\"center\"><a href=\"https:\/\/www.mobeye.com\/files\/UM-Mobeye-CM2500-FR-Actual.pdf\" target=\"_blank\" rel=\"noreferrer noopener\" aria-label=\"\ufffc (opent in een nieuwe tab)\"><img loading=\"lazy\" decoding=\"async\" width=\"30\" height=\"21\" class=\"wp-image-3991\" style=\"width: 30px;\" src=\"https:\/\/www.mobeye.com\/files\/IconD-Manual.png\" alt=\"\"><\/a><\/td><td class=\"has-text-align-center\" data-align=\"center\"><a href=\"https:\/\/www.mobeye.com\/en\/products\/cm2500-mobeye-panic-button\"><img loading=\"lazy\" decoding=\"async\" width=\"30\" height=\"19\" class=\"wp-image-4021\" style=\"width: 30px;\" src=\"https:\/\/www.mobeye.com\/files\/IconD-ComputerC.png\" alt=\"\"><\/a><\/td><\/tr><\/tbody><\/table><\/figure>\n\n\n\n<div style=\"height:50px\" aria-hidden=\"true\" class=\"wp-block-spacer\"><\/div>\n\n\n\n<p>Do you need another manual? Go back to the <a href=\"https:\/\/www.mobeye.com\/en\/documentation\">English section<\/a>, or <a href=\"https:\/\/www.mobeye.com\/en\/contactform\">contact us<\/a> to check the availability in other languages.<\/p>\n","protected":false},"excerpt":{"rendered":"<p>Manuels en fran\u00e7ais Pour nos clients fran\u00e7ais, nous avons traduit une partie de la documentation en fran\u00e7ais. Le Mobeye Internet Portal peut \u00e9galement \u00eatre r\u00e9gl\u00e9 sur la langue fran\u00e7aise. Datasheet (English) Manuel (fran\u00e7ais) Product page (English) \u2022 CM4000 &#8211; Mobeye CM-Guard \u2022 CM4100 &#8211; Mobeye PowerGuard \u2022 CM4200 &#8211; Mobeye ThermoGuard \u2022 CM4300 &#8211; Mobeye [&hellip;]<\/p>\n","protected":false},"author":6,"featured_media":3612,"parent":0,"menu_order":4,"comment_status":"closed","ping_status":"closed","template":"","meta":{"footnotes":""},"class_list":["post-6623","page","type-page","status-publish","has-post-thumbnail","hentry"],"yoast_head":"<!-- This site is optimized with the Yoast SEO plugin v25.6 - https:\/\/yoast.com\/wordpress\/plugins\/seo\/ -->\n<title>Documentation en fran\u00e7ais - Mobeye<\/title>\n<meta name=\"robots\" content=\"index, follow, max-snippet:-1, max-image-preview:large, max-video-preview:-1\" \/>\n<link rel=\"canonical\" href=\"https:\/\/www.mobeye.com\/en\/documentation-francais\" \/>\n<meta property=\"og:locale\" content=\"en_US\" \/>\n<meta property=\"og:type\" content=\"article\" \/>\n<meta property=\"og:title\" content=\"Documentation en fran\u00e7ais - Mobeye\" \/>\n<meta property=\"og:description\" content=\"Manuels en fran\u00e7ais Pour nos clients fran\u00e7ais, nous avons traduit une partie de la documentation en fran\u00e7ais. Le Mobeye Internet Portal peut \u00e9galement \u00eatre r\u00e9gl\u00e9 sur la langue fran\u00e7aise. Datasheet (English) Manuel (fran\u00e7ais) Product page (English) \u2022 CM4000 &#8211; Mobeye CM-Guard \u2022 CM4100 &#8211; Mobeye PowerGuard \u2022 CM4200 &#8211; Mobeye ThermoGuard \u2022 CM4300 &#8211; Mobeye [&hellip;]\" \/>\n<meta property=\"og:url\" content=\"https:\/\/www.mobeye.com\/en\/documentation-francais\" \/>\n<meta property=\"og:site_name\" content=\"Mobeye\" \/>\n<meta property=\"article:modified_time\" content=\"2023-09-18T21:46:00+00:00\" \/>\n<meta property=\"og:image\" content=\"https:\/\/www.mobeye.com\/files\/IHP-Documentation.jpg\" \/>\n\t<meta property=\"og:image:width\" content=\"1440\" \/>\n\t<meta property=\"og:image:height\" content=\"150\" \/>\n\t<meta property=\"og:image:type\" content=\"image\/jpeg\" \/>\n<meta name=\"twitter:card\" content=\"summary_large_image\" \/>\n<meta name=\"twitter:site\" content=\"@mobeye\" \/>\n<meta name=\"twitter:label1\" content=\"Est. reading time\" \/>\n\t<meta name=\"twitter:data1\" content=\"7 minutes\" \/>\n<script type=\"application\/ld+json\" class=\"yoast-schema-graph\">{\"@context\":\"https:\/\/schema.org\",\"@graph\":[{\"@type\":\"WebPage\",\"@id\":\"https:\/\/www.mobeye.com\/en\/documentation-francais\",\"url\":\"https:\/\/www.mobeye.com\/en\/documentation-francais\",\"name\":\"Documentation en fran\u00e7ais - Mobeye\",\"isPartOf\":{\"@id\":\"https:\/\/www.mobeye.com\/en#website\"},\"primaryImageOfPage\":{\"@id\":\"https:\/\/www.mobeye.com\/en\/documentation-francais#primaryimage\"},\"image\":{\"@id\":\"https:\/\/www.mobeye.com\/en\/documentation-francais#primaryimage\"},\"thumbnailUrl\":\"https:\/\/www.mobeye.com\/files\/IHP-Documentation.jpg\",\"datePublished\":\"2020-06-04T14:45:17+00:00\",\"dateModified\":\"2023-09-18T21:46:00+00:00\",\"breadcrumb\":{\"@id\":\"https:\/\/www.mobeye.com\/en\/documentation-francais#breadcrumb\"},\"inLanguage\":\"en-US\",\"potentialAction\":[{\"@type\":\"ReadAction\",\"target\":[\"https:\/\/www.mobeye.com\/en\/documentation-francais\"]}]},{\"@type\":\"ImageObject\",\"inLanguage\":\"en-US\",\"@id\":\"https:\/\/www.mobeye.com\/en\/documentation-francais#primaryimage\",\"url\":\"https:\/\/www.mobeye.com\/files\/IHP-Documentation.jpg\",\"contentUrl\":\"https:\/\/www.mobeye.com\/files\/IHP-Documentation.jpg\",\"width\":1440,\"height\":150},{\"@type\":\"BreadcrumbList\",\"@id\":\"https:\/\/www.mobeye.com\/en\/documentation-francais#breadcrumb\",\"itemListElement\":[{\"@type\":\"ListItem\",\"position\":1,\"name\":\"Home\",\"item\":\"https:\/\/www.mobeye.com\/en\"},{\"@type\":\"ListItem\",\"position\":2,\"name\":\"Documentation en fran\u00e7ais\"}]},{\"@type\":\"WebSite\",\"@id\":\"https:\/\/www.mobeye.com\/en#website\",\"url\":\"https:\/\/www.mobeye.com\/en\",\"name\":\"Mobeye\",\"description\":\"Mobeye alarm and monitoring products\",\"publisher\":{\"@id\":\"https:\/\/www.mobeye.com\/en#organization\"},\"potentialAction\":[{\"@type\":\"SearchAction\",\"target\":{\"@type\":\"EntryPoint\",\"urlTemplate\":\"https:\/\/www.mobeye.com\/en?s={search_term_string}\"},\"query-input\":{\"@type\":\"PropertyValueSpecification\",\"valueRequired\":true,\"valueName\":\"search_term_string\"}}],\"inLanguage\":\"en-US\"},{\"@type\":\"Organization\",\"@id\":\"https:\/\/www.mobeye.com\/en#organization\",\"name\":\"Mobeye\",\"url\":\"https:\/\/www.mobeye.com\/en\",\"logo\":{\"@type\":\"ImageObject\",\"inLanguage\":\"en-US\",\"@id\":\"https:\/\/www.mobeye.com\/en#\/schema\/logo\/image\/\",\"url\":\"https:\/\/www.mobeye.com\/files\/Mobeye-logo-600px.jpg\",\"contentUrl\":\"https:\/\/www.mobeye.com\/files\/Mobeye-logo-600px.jpg\",\"width\":675,\"height\":600,\"caption\":\"Mobeye\"},\"image\":{\"@id\":\"https:\/\/www.mobeye.com\/en#\/schema\/logo\/image\/\"},\"sameAs\":[\"https:\/\/x.com\/mobeye\",\"https:\/\/www.linkedin.com\/company\/mobeye\/\",\"https:\/\/nl.pinterest.com\/mobeye\/\",\"https:\/\/www.youtube.com\/user\/MobeyeBV\/\"]}]}<\/script>\n<!-- \/ Yoast SEO plugin. -->","yoast_head_json":{"title":"Documentation en fran\u00e7ais - Mobeye","robots":{"index":"index","follow":"follow","max-snippet":"max-snippet:-1","max-image-preview":"max-image-preview:large","max-video-preview":"max-video-preview:-1"},"canonical":"https:\/\/www.mobeye.com\/en\/documentation-francais","og_locale":"en_US","og_type":"article","og_title":"Documentation en fran\u00e7ais - Mobeye","og_description":"Manuels en fran\u00e7ais Pour nos clients fran\u00e7ais, nous avons traduit une partie de la documentation en fran\u00e7ais. Le Mobeye Internet Portal peut \u00e9galement \u00eatre r\u00e9gl\u00e9 sur la langue fran\u00e7aise. Datasheet (English) Manuel (fran\u00e7ais) Product page (English) \u2022 CM4000 &#8211; Mobeye CM-Guard \u2022 CM4100 &#8211; Mobeye PowerGuard \u2022 CM4200 &#8211; Mobeye ThermoGuard \u2022 CM4300 &#8211; Mobeye [&hellip;]","og_url":"https:\/\/www.mobeye.com\/en\/documentation-francais","og_site_name":"Mobeye","article_modified_time":"2023-09-18T21:46:00+00:00","og_image":[{"width":1440,"height":150,"url":"https:\/\/www.mobeye.com\/files\/IHP-Documentation.jpg","type":"image\/jpeg"}],"twitter_card":"summary_large_image","twitter_site":"@mobeye","twitter_misc":{"Est. reading time":"7 minutes"},"schema":{"@context":"https:\/\/schema.org","@graph":[{"@type":"WebPage","@id":"https:\/\/www.mobeye.com\/en\/documentation-francais","url":"https:\/\/www.mobeye.com\/en\/documentation-francais","name":"Documentation en fran\u00e7ais - Mobeye","isPartOf":{"@id":"https:\/\/www.mobeye.com\/en#website"},"primaryImageOfPage":{"@id":"https:\/\/www.mobeye.com\/en\/documentation-francais#primaryimage"},"image":{"@id":"https:\/\/www.mobeye.com\/en\/documentation-francais#primaryimage"},"thumbnailUrl":"https:\/\/www.mobeye.com\/files\/IHP-Documentation.jpg","datePublished":"2020-06-04T14:45:17+00:00","dateModified":"2023-09-18T21:46:00+00:00","breadcrumb":{"@id":"https:\/\/www.mobeye.com\/en\/documentation-francais#breadcrumb"},"inLanguage":"en-US","potentialAction":[{"@type":"ReadAction","target":["https:\/\/www.mobeye.com\/en\/documentation-francais"]}]},{"@type":"ImageObject","inLanguage":"en-US","@id":"https:\/\/www.mobeye.com\/en\/documentation-francais#primaryimage","url":"https:\/\/www.mobeye.com\/files\/IHP-Documentation.jpg","contentUrl":"https:\/\/www.mobeye.com\/files\/IHP-Documentation.jpg","width":1440,"height":150},{"@type":"BreadcrumbList","@id":"https:\/\/www.mobeye.com\/en\/documentation-francais#breadcrumb","itemListElement":[{"@type":"ListItem","position":1,"name":"Home","item":"https:\/\/www.mobeye.com\/en"},{"@type":"ListItem","position":2,"name":"Documentation en fran\u00e7ais"}]},{"@type":"WebSite","@id":"https:\/\/www.mobeye.com\/en#website","url":"https:\/\/www.mobeye.com\/en","name":"Mobeye","description":"Mobeye alarm and monitoring products","publisher":{"@id":"https:\/\/www.mobeye.com\/en#organization"},"potentialAction":[{"@type":"SearchAction","target":{"@type":"EntryPoint","urlTemplate":"https:\/\/www.mobeye.com\/en?s={search_term_string}"},"query-input":{"@type":"PropertyValueSpecification","valueRequired":true,"valueName":"search_term_string"}}],"inLanguage":"en-US"},{"@type":"Organization","@id":"https:\/\/www.mobeye.com\/en#organization","name":"Mobeye","url":"https:\/\/www.mobeye.com\/en","logo":{"@type":"ImageObject","inLanguage":"en-US","@id":"https:\/\/www.mobeye.com\/en#\/schema\/logo\/image\/","url":"https:\/\/www.mobeye.com\/files\/Mobeye-logo-600px.jpg","contentUrl":"https:\/\/www.mobeye.com\/files\/Mobeye-logo-600px.jpg","width":675,"height":600,"caption":"Mobeye"},"image":{"@id":"https:\/\/www.mobeye.com\/en#\/schema\/logo\/image\/"},"sameAs":["https:\/\/x.com\/mobeye","https:\/\/www.linkedin.com\/company\/mobeye\/","https:\/\/nl.pinterest.com\/mobeye\/","https:\/\/www.youtube.com\/user\/MobeyeBV\/"]}]}},"uagb_featured_image_src":{"full":["https:\/\/www.mobeye.com\/files\/IHP-Documentation.jpg",1440,150,false],"thumbnail":["https:\/\/www.mobeye.com\/files\/IHP-Documentation-150x150.jpg",150,150,true],"medium":["https:\/\/www.mobeye.com\/files\/IHP-Documentation-300x31.jpg",300,31,true],"medium_large":["https:\/\/www.mobeye.com\/files\/IHP-Documentation-768x80.jpg",768,80,true],"large":["https:\/\/www.mobeye.com\/files\/IHP-Documentation-1024x107.jpg",1024,107,true],"1536x1536":["https:\/\/www.mobeye.com\/files\/IHP-Documentation.jpg",1440,150,false],"2048x2048":["https:\/\/www.mobeye.com\/files\/IHP-Documentation.jpg",1440,150,false]},"uagb_author_info":{"display_name":"Martine","author_link":"https:\/\/www.mobeye.com\/en\/author\/martine"},"uagb_comment_info":0,"uagb_excerpt":"Manuels en fran\u00e7ais Pour nos clients fran\u00e7ais, nous avons traduit une partie de la documentation en fran\u00e7ais. Le Mobeye Internet Portal peut \u00e9galement \u00eatre r\u00e9gl\u00e9 sur la langue fran\u00e7aise. Datasheet (English) Manuel (fran\u00e7ais) Product page (English) \u2022 CM4000 &#8211; Mobeye CM-Guard \u2022 CM4100 &#8211; Mobeye PowerGuard \u2022 CM4200 &#8211; Mobeye ThermoGuard \u2022 CM4300 &#8211; Mobeye&hellip;","_links":{"self":[{"href":"https:\/\/www.mobeye.com\/en\/wp-json\/wp\/v2\/pages\/6623"}],"collection":[{"href":"https:\/\/www.mobeye.com\/en\/wp-json\/wp\/v2\/pages"}],"about":[{"href":"https:\/\/www.mobeye.com\/en\/wp-json\/wp\/v2\/types\/page"}],"author":[{"embeddable":true,"href":"https:\/\/www.mobeye.com\/en\/wp-json\/wp\/v2\/users\/6"}],"replies":[{"embeddable":true,"href":"https:\/\/www.mobeye.com\/en\/wp-json\/wp\/v2\/comments?post=6623"}],"version-history":[{"count":12,"href":"https:\/\/www.mobeye.com\/en\/wp-json\/wp\/v2\/pages\/6623\/revisions"}],"predecessor-version":[{"id":11616,"href":"https:\/\/www.mobeye.com\/en\/wp-json\/wp\/v2\/pages\/6623\/revisions\/11616"}],"wp:featuredmedia":[{"embeddable":true,"href":"https:\/\/www.mobeye.com\/en\/wp-json\/wp\/v2\/media\/3612"}],"wp:attachment":[{"href":"https:\/\/www.mobeye.com\/en\/wp-json\/wp\/v2\/media?parent=6623"}],"curies":[{"name":"wp","href":"https:\/\/api.w.org\/{rel}","templated":true}]}}